{"id":17192,"date":"2024-08-09T16:29:17","date_gmt":"2024-08-09T14:29:17","guid":{"rendered":"https:\/\/superstore.ee\/?post_type=product&#038;p=17192"},"modified":"2025-03-13T00:10:27","modified_gmt":"2025-03-12T22:10:27","slug":"victorias-secret-midnight-heatwave-kehasprei-250ml","status":"publish","type":"product","link":"https:\/\/superstore.ee\/index.php\/toode\/victorias-secret-midnight-heatwave-kehasprei-250ml\/","title":{"rendered":"Victoria\u2019s Secret Midnight Heatwave Kehasprei (250ml)"},"content":{"rendered":"","protected":false},"excerpt":{"rendered":"<p>\ud83c\uddea\ud83c\uddea Victoria\u2019s Secret <span style=\"font-weight: 400;\">Midnight Heatwave<\/span> Kehasprei (250ml)<\/p>\n<p><strong><em>Electric Mango <\/em><\/strong>\u2013 L\u00f5hnastiil: h\u00f5rk lilleline. Noodid: mahlane ananass, soolane triivpuu.<\/p>\n<p><strong><em>Wild Neroli <\/em><\/strong>\u2013 L\u00f5hnastiil: h\u00f5rk lilleline. Noodid: v\u00e4rske laim, rannajasmiin.<\/p>\n<p><strong><em>Neon Tropic<\/em><\/strong> <span class=\"sc-1916wqc-0 jKKLdk prism-typography\" data-testid=\"SelectedChoiceLabel\">\u2013 L\u00f5hnastiil: puuviljane h\u00f5rk. Noodid: mahlane arbuus, Tahiti gardeenia.<\/span><\/p>\n<p><strong><em>Sizzling Vanilla<\/em><\/strong> \u2013 L\u00f5hnastiil: puuviljane h\u00f5rk. Noodid: suhkrustatud mango, kookospiim, magus muskus.<\/p>\n<p><em>Kombineerige sobiva kehakreemiga.<\/em><\/p>\n<p>\ud83c\uddf7\ud83c\uddfa Victoria\u2019s Secret <span style=\"font-weight: 400;\">Midnight Heatwave<\/span> \u0421\u043f\u0440\u0435\u0439 \u0434\u043b\u044f \u0442\u0435\u043b\u0430 (250ml)<\/p>\n<p><em><strong>Electric Mango<\/strong><\/em> \u2013 \u0421\u0442\u0438\u043b\u044c \u0430\u0440\u043e\u043c\u0430\u0442\u0430: \u043f\u0438\u043a\u0430\u043d\u0442\u043d\u044b\u0439 \u0446\u0432\u0435\u0442\u043e\u0447\u043d\u044b\u0439. \u041d\u043e\u0442\u044b: \u0441\u043e\u0447\u043d\u044b\u0439 \u0430\u043d\u0430\u043d\u0430\u0441, \u0441\u043e\u043b\u0435\u043d\u0430\u044f \u0434\u0440\u0435\u0432\u0435\u0441\u0438\u043d\u0430.<\/p>\n<p><strong><em>Wild Neroli<\/em><\/strong> \u2013 \u0421\u0442\u0438\u043b\u044c \u0430\u0440\u043e\u043c\u0430\u0442\u0430: \u043f\u0438\u043a\u0430\u043d\u0442\u043d\u044b\u0439 \u0446\u0432\u0435\u0442\u043e\u0447\u043d\u044b\u0439. \u041d\u043e\u0442\u044b: \u0441\u0432\u0435\u0436\u0438\u0439 \u043b\u0430\u0439\u043c, \u043f\u0440\u0438\u0431\u0440\u0435\u0436\u043d\u044b\u0439 \u0436\u0430\u0441\u043c\u0438\u043d.<\/p>\n<p><strong><em>Neon Tropic<\/em><\/strong> \u2013 \u0421\u0442\u0438\u043b\u044c \u0430\u0440\u043e\u043c\u0430\u0442\u0430: \u0442\u0435\u043f\u043b\u044b\u0439 \u0433\u0443\u0440\u043c\u0430\u043d\u0441\u043a\u0438\u0439. \u041d\u043e\u0442\u044b: \u0441\u043e\u0447\u043d\u044b\u0439 \u0430\u0440\u0431\u0443\u0437, \u0433\u0430\u0440\u0434\u0435\u043d\u0438\u044f \u0442\u0430\u0438\u0442\u044f\u043d\u0441\u043a\u0430\u044f.<\/p>\n<p><strong><em>Sizzling Vanilla<\/em><\/strong> \u2013 \u0421\u0442\u0438\u043b\u044c \u0430\u0440\u043e\u043c\u0430\u0442\u0430: \u0442\u0435\u043f\u043b\u044b\u0439 \u0433\u0443\u0440\u043c\u0430\u043d\u0441\u043a\u0438\u0439. \u041d\u043e\u0442\u044b: \u0437\u0430\u0441\u0430\u0445\u0430\u0440\u0435\u043d\u043d\u043e\u0435 \u043c\u0430\u043d\u0433\u043e, \u043a\u043e\u043a\u043e\u0441\u043e\u0432\u043e\u0435 \u043c\u043e\u043b\u043e\u043a\u043e, \u0441\u043b\u0430\u0434\u043a\u0438\u0439 \u043c\u0443\u0441\u043a\u0443\u0441.<\/p>\n<p><em>\u0421\u043e\u0447\u0435\u0442\u0430\u0439\u0442\u0435 \u0441\u043f\u0440\u0435\u0439 \u0441 \u0441\u043e\u043e\u0442\u0432\u0435\u0442\u0441\u0442\u0432\u0443\u044e\u0449\u0438\u043c \u043b\u043e\u0441\u044c\u043e\u043d\u043e\u043c \u0434\u043b\u044f \u0442\u0435\u043b\u0430.<\/em><\/p>\n<p>\ud83c\uddfa\ud83c\uddf8 Victoria\u2019s Secret <span style=\"font-weight: 400;\">Midnight Heatwave<\/span> Fragrance Mist (250ml)<\/p>\n<p><em><strong>Electric Mango<\/strong><\/em> \u2013 Fragrance Style: Zesty Floral. Notes: juicy pineapple, salty driftwood.<\/p>\n<p><strong><em>Wild Neroli<\/em><\/strong> \u2013 Fragrance Style: Zesty Floral. Notes: fresh lime, coastal jasmine.<\/p>\n<p><em><strong>Neon Tropic<\/strong><\/em> \u2013 Fragrance Style: Warm Gourmand. Notes: juicy watermelon, tiare flower.<\/p>\n<p><strong><em>Sizzling Vanilla<\/em><\/strong> \u2013 Fragrance Style: Warm Gourmand. Notes: sugared mango, coconut milk, sweet musk.<\/p>\n<div class=\"woocommerce-product-details__short-description\"><em>Pair it with matching Body Lotion.<\/em><\/div>\n","protected":false},"featured_media":17199,"template":"","meta":{"jetpack_publicize_message":"","jetpack_publicize_feature_enabled":true,"jetpack_social_post_already_shared":false,"jetpack_social_options":{"image_generator_settings":{"template":"highway","default_image_id":0,"font":"","enabled":false},"version":2}},"product_brand":[],"product_cat":[910,927,341],"product_tag":[],"class_list":{"0":"post-17192","1":"product","2":"type-product","3":"status-publish","4":"has-post-thumbnail","6":"product_cat-kehaspreid","7":"product_cat-victorias-secret-body-mists","8":"product_cat-victorias-secret","9":"pa_lohn-electric-mango","10":"pa_lohn-neon-tropic","11":"pa_lohn-sizzling-vanilla","12":"pa_lohn-wild-neroli","14":"first","15":"outofstock","16":"sale","17":"shipping-taxable","18":"product-type-variable"},"jetpack_publicize_connections":[],"jetpack_sharing_enabled":true,"jetpack_likes_enabled":true,"_links":{"self":[{"href":"https:\/\/superstore.ee\/index.php\/wp-json\/wp\/v2\/product\/17192","targetHints":{"allow":["GET"]}}],"collection":[{"href":"https:\/\/superstore.ee\/index.php\/wp-json\/wp\/v2\/product"}],"about":[{"href":"https:\/\/superstore.ee\/index.php\/wp-json\/wp\/v2\/types\/product"}],"wp:featuredmedia":[{"embeddable":true,"href":"https:\/\/superstore.ee\/index.php\/wp-json\/wp\/v2\/media\/17199"}],"wp:attachment":[{"href":"https:\/\/superstore.ee\/index.php\/wp-json\/wp\/v2\/media?parent=17192"}],"wp:term":[{"taxonomy":"product_brand","embeddable":true,"href":"https:\/\/superstore.ee\/index.php\/wp-json\/wp\/v2\/product_brand?post=17192"},{"taxonomy":"product_cat","embeddable":true,"href":"https:\/\/superstore.ee\/index.php\/wp-json\/wp\/v2\/product_cat?post=17192"},{"taxonomy":"product_tag","embeddable":true,"href":"https:\/\/superstore.ee\/index.php\/wp-json\/wp\/v2\/product_tag?post=17192"}],"curies":[{"name":"wp","href":"https:\/\/api.w.org\/{rel}","templated":true}]}}