{"id":17210,"date":"2024-08-09T19:30:47","date_gmt":"2024-08-09T17:30:47","guid":{"rendered":"https:\/\/superstore.ee\/?post_type=product&#038;p=17210"},"modified":"2025-04-16T20:51:38","modified_gmt":"2025-04-16T17:51:38","slug":"helendavad-silmamaskid-kiko-milano-holiday-premiere-golden-eye-patches","status":"publish","type":"product","link":"https:\/\/superstore.ee\/index.php\/toode\/helendavad-silmamaskid-kiko-milano-holiday-premiere-golden-eye-patches\/","title":{"rendered":"Helendavad silmamaskid KIKO Milano Holiday Premi\u00e8re Golden Eye Patches"},"content":{"rendered":"","protected":false},"excerpt":{"rendered":"<p>\ud83c\uddea\ud83c\uddea Helendavad silmamaskid KIKO Milano Holiday Premi\u00e8re Golden Eye Patches<\/p>\n<p>\u2728 Eelised ja aktiivsed koostisosad:<\/p>\n<ul>\n<li>Rohelise tee lehe ekstrakt (Camellia Sinensis): Tuntud antioks\u00fcdantsete ja v\u00e4rskendavate omaduste poolest, aitab v\u00e4hendada v\u00e4simuse m\u00e4rke.<\/li>\n<li>C-vitamiin (askorbiinhape): Helendab nahka ja annab sellele loomuliku s\u00e4ra.<\/li>\n<li>H\u00fcdrogeeltekstuur: Sobitub nahaga ideaalselt, niisutab ja v\u00e4rskendab koheselt.<\/li>\n<li>Kerge ja mugav kasutada: Ei j\u00e4ta rasvast tunnet ning imendub kiiresti.<\/li>\n<\/ul>\n<p>Tulemus: V\u00e4rske, s\u00e4rav ja niisutatud silma\u00fcmbruse nahk.\u00a0Ideaalne lahendus kiireks taastumiseks ja v\u00e4rske ilme saavutamiseks.<\/p>\n<p>\ud83c\uddf7\ud83c\uddfa <span style=\"font-weight: 400;\">\u041e\u0441\u0432\u0435\u0442\u043b\u044f\u044e\u0449\u0438\u0435 \u043f\u0430\u0442\u0447\u0438 \u0434\u043b\u044f \u0433\u043b\u0430\u0437 <\/span><span style=\"font-weight: 400;\">KIKO Milano<\/span><\/p>\n<p>\u2728 \u041f\u0440\u0435\u0438\u043c\u0443\u0449\u0435\u0441\u0442\u0432\u0430 \u0438 \u0430\u043a\u0442\u0438\u0432\u043d\u044b\u0435 \u0438\u043d\u0433\u0440\u0435\u0434\u0438\u0435\u043d\u0442\u044b:<\/p>\n<ul>\n<li>\u042d\u043a\u0441\u0442\u0440\u0430\u043a\u0442 \u0447\u0430\u0439\u043d\u044b\u0445 \u043b\u0438\u0441\u0442\u044c\u0435\u0432 (Camellia Sinensis): \u041e\u0431\u043b\u0430\u0434\u0430\u0435\u0442 \u0430\u043d\u0442\u0438\u043e\u043a\u0441\u0438\u0434\u0430\u043d\u0442\u043d\u044b\u043c\u0438 \u0438 \u043e\u0441\u0432\u0435\u0436\u0430\u044e\u0449\u0438\u043c\u0438 \u0441\u0432\u043e\u0439\u0441\u0442\u0432\u0430\u043c\u0438, \u0431\u043e\u0440\u0435\u0442\u0441\u044f \u0441 \u043f\u0440\u0438\u0437\u043d\u0430\u043a\u0430\u043c\u0438 \u0443\u0441\u0442\u0430\u043b\u043e\u0441\u0442\u0438.<\/li>\n<li>\u0410\u0441\u043a\u043e\u0440\u0431\u0438\u043d\u043e\u0432\u0430\u044f \u043a\u0438\u0441\u043b\u043e\u0442\u0430 (\u0432\u0438\u0442\u0430\u043c\u0438\u043d C): \u041e\u0441\u0432\u0435\u0442\u043b\u044f\u0435\u0442 \u043a\u043e\u0436\u0443, \u043f\u0440\u0438\u0434\u0430\u0432\u0430\u044f \u0435\u0439 \u0435\u0441\u0442\u0435\u0441\u0442\u0432\u0435\u043d\u043d\u043e\u0435 \u0441\u0438\u044f\u043d\u0438\u0435.<\/li>\n<li>\u0413\u0438\u0434\u0440\u043e\u0433\u0435\u043b\u0435\u0432\u0430\u044f \u0442\u0435\u043a\u0441\u0442\u0443\u0440\u0430: \u041f\u043b\u043e\u0442\u043d\u043e \u043f\u0440\u0438\u043b\u0435\u0433\u0430\u0435\u0442 \u043a \u043a\u043e\u0436\u0435, \u043c\u0433\u043d\u043e\u0432\u0435\u043d\u043d\u043e \u0443\u0432\u043b\u0430\u0436\u043d\u044f\u0435\u0442 \u0438 \u043e\u0441\u0432\u0435\u0436\u0430\u0435\u0442.<\/li>\n<li>\u041b\u0435\u0433\u043a\u043e\u0441\u0442\u044c \u0438 \u043a\u043e\u043c\u0444\u043e\u0440\u0442: \u041d\u0435 \u043e\u0441\u0442\u0430\u0432\u043b\u044f\u044e\u0442 \u0436\u0438\u0440\u043d\u043e\u0433\u043e \u0431\u043b\u0435\u0441\u043a\u0430 \u0438 \u0431\u044b\u0441\u0442\u0440\u043e \u0432\u043f\u0438\u0442\u044b\u0432\u0430\u044e\u0442\u0441\u044f.<\/li>\n<\/ul>\n<p>\u0420\u0435\u0437\u0443\u043b\u044c\u0442\u0430\u0442: \u0421\u0432\u0435\u0436\u0430\u044f, \u0441\u0438\u044f\u044e\u0449\u0430\u044f \u0438 \u0443\u0432\u043b\u0430\u0436\u043d\u0451\u043d\u043d\u0430\u044f \u043a\u043e\u0436\u0430 \u0432\u043e\u043a\u0440\u0443\u0433 \u0433\u043b\u0430\u0437.\u00a0\u0418\u0434\u0435\u0430\u043b\u044c\u043d\u044b\u0439 \u043f\u0440\u043e\u0434\u0443\u043a\u0442 \u0434\u043b\u044f \u043c\u0433\u043d\u043e\u0432\u0435\u043d\u043d\u043e\u0433\u043e \u0432\u043e\u0441\u0441\u0442\u0430\u043d\u043e\u0432\u043b\u0435\u043d\u0438\u044f \u0438 \u043a\u0440\u0430\u0441\u043e\u0442\u044b.<\/p>\n<p>\ud83c\uddfa\ud83c\uddf8 KIKO Milano Holiday Premi\u00e8re Golden Eye Patches<\/p>\n<p>Brightening single-use eye masks:<\/p>\n<ul>\n<li>they have a formula enriched with tea leaf extract;<\/li>\n<li>the hydrogel texture adheres perfectly to the eye area for an instant feeling of well-being;<\/li>\n<li>fresh and light, they give the skin a radiant appearance without feeling greasy;<\/li>\n<li>the pack contains 32 (16 pairs) practical single-use masks.<\/li>\n<\/ul>\n","protected":false},"featured_media":17676,"template":"","meta":{"jetpack_publicize_message":"","jetpack_publicize_feature_enabled":true,"jetpack_social_post_already_shared":false,"jetpack_social_options":{"image_generator_settings":{"template":"highway","default_image_id":0,"font":"","enabled":false},"version":2}},"product_brand":[],"product_cat":[340,966,912,964],"product_tag":[],"class_list":{"0":"post-17210","1":"product","2":"type-product","3":"status-publish","4":"has-post-thumbnail","6":"product_cat-kiko-milano","7":"product_cat-masks","8":"product_cat-nahahooldus","9":"product_cat-face-care","11":"first","12":"outofstock","13":"sale","14":"shipping-taxable","15":"purchasable","16":"product-type-simple"},"jetpack_publicize_connections":[],"jetpack_sharing_enabled":true,"jetpack_likes_enabled":true,"_links":{"self":[{"href":"https:\/\/superstore.ee\/index.php\/wp-json\/wp\/v2\/product\/17210","targetHints":{"allow":["GET"]}}],"collection":[{"href":"https:\/\/superstore.ee\/index.php\/wp-json\/wp\/v2\/product"}],"about":[{"href":"https:\/\/superstore.ee\/index.php\/wp-json\/wp\/v2\/types\/product"}],"wp:featuredmedia":[{"embeddable":true,"href":"https:\/\/superstore.ee\/index.php\/wp-json\/wp\/v2\/media\/17676"}],"wp:attachment":[{"href":"https:\/\/superstore.ee\/index.php\/wp-json\/wp\/v2\/media?parent=17210"}],"wp:term":[{"taxonomy":"product_brand","embeddable":true,"href":"https:\/\/superstore.ee\/index.php\/wp-json\/wp\/v2\/product_brand?post=17210"},{"taxonomy":"product_cat","embeddable":true,"href":"https:\/\/superstore.ee\/index.php\/wp-json\/wp\/v2\/product_cat?post=17210"},{"taxonomy":"product_tag","embeddable":true,"href":"https:\/\/superstore.ee\/index.php\/wp-json\/wp\/v2\/product_tag?post=17210"}],"curies":[{"name":"wp","href":"https:\/\/api.w.org\/{rel}","templated":true}]}}