{"id":17504,"date":"2024-08-16T11:50:00","date_gmt":"2024-08-16T09:50:00","guid":{"rendered":"https:\/\/superstore.ee\/?post_type=product&#038;p=17504"},"modified":"2025-12-25T16:32:27","modified_gmt":"2025-12-25T14:32:27","slug":"victorias-secret-candied-kehasprei-250ml-2","status":"publish","type":"product","link":"https:\/\/superstore.ee\/index.php\/toode\/victorias-secret-candied-kehasprei-250ml-2\/","title":{"rendered":"Victoria\u2019s Secret Love Spell Candied Fragrance Mist"},"content":{"rendered":"","protected":false},"excerpt":{"rendered":"<p><span style=\"font-weight: 400;\">Victoria\u2019s Secret Kehasprei<\/span> (250ml)<\/p>\n<ul>\n<li><em><strong>Love Spell Candied<\/strong><\/em> \u2013 T\u00fc\u00fcp: Puuviljane, lilleline. Noodid: virsiku n\u00e4tsumull, kristalliseerunud maikelluke, karamelliseeritud kirss.<\/li>\n<\/ul>\n<p><em>Kauakestva l\u00f5hnaelamuse saamiseks \u00fchendage sobiva l\u00f5hnakreemiga.<\/em><\/p>\n<details>\n<summary>Details<\/summary>\n<div translate=\"no\">Victoria\u2019s Secret Candied Fragrance Mist (250ml)Love Spell Candied \u2013 Type: Fruity Floral. Notes: peach gum drop, crystallized muguet, candied cherry<\/p>\n<p>Pair with matching Fragrance Lotion for a long-lasting fragrance experience.<\/p>\n<\/div>\n<p>Victoria\u2019s Secret \u0421\u043f\u0440\u0435\u0439 \u0434\u043b\u044f \u0442\u0435\u043b\u0430<\/p>\n<p>Love Spell Candied \u2013 \u0422\u0438\u043f: \u0444\u0440\u0443\u043a\u0442\u043e\u0432\u043e-\u0446\u0432\u0435\u0442\u043e\u0447\u043d\u044b\u0439. \u041d\u043e\u0442\u044b: \u043f\u0435\u0440\u0441\u0438\u043a\u043e\u0432\u0430\u044f \u0436\u0432\u0430\u0447\u043a\u0430, \u043a\u0440\u0438\u0441\u0442\u0430\u043b\u043b\u0438\u0437\u043e\u0432\u0430\u043d\u043d\u044b\u0439 \u043b\u0430\u043d\u0434\u044b\u0448, \u0437\u0430\u0441\u0430\u0445\u0430\u0440\u0435\u043d\u043d\u0430\u044f \u0432\u0438\u0448\u043d\u044f.<\/p>\n<\/details>\n","protected":false},"featured_media":17509,"template":"","meta":{"jetpack_publicize_message":"","jetpack_publicize_feature_enabled":true,"jetpack_social_post_already_shared":false,"jetpack_social_options":{"image_generator_settings":{"template":"highway","default_image_id":0,"font":"","enabled":false},"version":2}},"product_brand":[],"product_cat":[927,910,341],"product_tag":[],"class_list":{"0":"post-17504","1":"product","2":"type-product","3":"status-publish","4":"has-post-thumbnail","6":"product_cat-victorias-secret-body-mists","7":"product_cat-kehaspreid","8":"product_cat-victorias-secret","9":"pa_lohn-bare-vanilla-candied","10":"pa_lohn-love-spell-candied","11":"pa_lohn-pure-seduction-candied-2","12":"pa_lohn-velvet-petals-candied","14":"first","15":"outofstock","16":"sale","17":"shipping-taxable","18":"purchasable","19":"product-type-simple"},"jetpack_publicize_connections":[],"jetpack_sharing_enabled":true,"jetpack_likes_enabled":true,"_links":{"self":[{"href":"https:\/\/superstore.ee\/index.php\/wp-json\/wp\/v2\/product\/17504","targetHints":{"allow":["GET"]}}],"collection":[{"href":"https:\/\/superstore.ee\/index.php\/wp-json\/wp\/v2\/product"}],"about":[{"href":"https:\/\/superstore.ee\/index.php\/wp-json\/wp\/v2\/types\/product"}],"wp:featuredmedia":[{"embeddable":true,"href":"https:\/\/superstore.ee\/index.php\/wp-json\/wp\/v2\/media\/17509"}],"wp:attachment":[{"href":"https:\/\/superstore.ee\/index.php\/wp-json\/wp\/v2\/media?parent=17504"}],"wp:term":[{"taxonomy":"product_brand","embeddable":true,"href":"https:\/\/superstore.ee\/index.php\/wp-json\/wp\/v2\/product_brand?post=17504"},{"taxonomy":"product_cat","embeddable":true,"href":"https:\/\/superstore.ee\/index.php\/wp-json\/wp\/v2\/product_cat?post=17504"},{"taxonomy":"product_tag","embeddable":true,"href":"https:\/\/superstore.ee\/index.php\/wp-json\/wp\/v2\/product_tag?post=17504"}],"curies":[{"name":"wp","href":"https:\/\/api.w.org\/{rel}","templated":true}]}}