{"id":17514,"date":"2024-08-16T13:58:47","date_gmt":"2024-08-16T11:58:47","guid":{"rendered":"https:\/\/superstore.ee\/?post_type=product&#038;p=17514"},"modified":"2025-03-13T00:09:35","modified_gmt":"2025-03-12T22:09:35","slug":"victorias-secret-love-spell-candied-komplekt-kehasprei-kehalosjoon-2","status":"publish","type":"product","link":"https:\/\/superstore.ee\/index.php\/toode\/victorias-secret-love-spell-candied-komplekt-kehasprei-kehalosjoon-2\/","title":{"rendered":"Victoria\u2019s Secret Love Spell komplekt (Kehasprei + Kehalosjoon + Du\u0161igeel)"},"content":{"rendered":"","protected":false},"excerpt":{"rendered":"<p>\ud83c\uddea\ud83c\uddea Victoria\u2019s Secret <span style=\"font-weight: 400;\">Love Spell<\/span> komplekt (Kehasprei 250ml + Parf\u00fcmeeritud Kehalosjoon 236ml + Du\u0161igeel)<\/p>\n<ul>\n<li><em><strong>Love Spell Candied<\/strong><\/em> \u2013 T\u00fc\u00fcp: Puuviljane, lilleline. Noodid: virsiku n\u00e4tsumull, kristalliseerunud maikelluke, karamelliseeritud kirss.<\/li>\n<\/ul>\n<p>\ud83c\uddf7\ud83c\uddfa Victoria\u2019s Secret <span style=\"font-weight: 400;\">Love Spell<\/span> \u043a\u043e\u043c\u043f\u043b\u0435\u043a\u0442 (\u0421\u043f\u0440\u0435\u0439 \u0434\u043b\u044f \u0442\u0435\u043b\u0430 250ml + \u041f\u0430\u0440\u0444\u044e\u043c\u0438\u0440\u043e\u0432\u0430\u043d\u043d\u044b\u0439 \u043b\u043e\u0441\u044c\u043e\u043d 236ml + \u041f\u0430\u0440\u0444\u044e\u043c\u0438\u0440\u043e\u0432\u0430\u043d\u043d\u044b\u0439 \u0433\u0435\u043b\u044c \u0434\u043b\u044f \u0434\u0443\u0448\u0430)<\/p>\n<ul>\n<li><em><strong>Love Spell Candied<\/strong><\/em> \u2013 \u0422\u0438\u043f: \u0444\u0440\u0443\u043a\u0442\u043e\u0432\u043e-\u0446\u0432\u0435\u0442\u043e\u0447\u043d\u044b\u0439. \u041d\u043e\u0442\u044b: \u043f\u0435\u0440\u0441\u0438\u043a\u043e\u0432\u0430\u044f \u0436\u0432\u0430\u0447\u043a\u0430, \u043a\u0440\u0438\u0441\u0442\u0430\u043b\u043b\u0438\u0437\u043e\u0432\u0430\u043d\u043d\u044b\u0439 \u043b\u0430\u043d\u0434\u044b\u0448, \u0437\u0430\u0441\u0430\u0445\u0430\u0440\u0435\u043d\u043d\u0430\u044f \u0432\u0438\u0448\u043d\u044f.<\/li>\n<\/ul>\n<p>\ud83c\uddfa\ud83c\uddf8 Victoria\u2019s Secret <span style=\"font-weight: 400;\">Love Spell<\/span> Set (Fragrance Mist 250ml + Fragrance Lotion 236ml + Body Wash)<\/p>\n<ul>\n<li><em><strong>Love Spell Candied<\/strong><\/em> \u2013 Type: Fruity Floral. Notes: peach gum drop, crystallized muguet, candied cherry<\/li>\n<\/ul>\n","protected":false},"featured_media":17517,"template":"","meta":{"jetpack_publicize_message":"","jetpack_publicize_feature_enabled":true,"jetpack_social_post_already_shared":false,"jetpack_social_options":{"image_generator_settings":{"template":"highway","default_image_id":0,"font":"","enabled":false},"version":2}},"product_brand":[],"product_cat":[930,926,927,910,342,912,341],"product_tag":[],"class_list":{"0":"post-17514","1":"product","2":"type-product","3":"status-publish","4":"has-post-thumbnail","6":"product_cat-victorias-secret-body-washes","7":"product_cat-victorias-secret-body-lotions","8":"product_cat-victorias-secret-body-mists","9":"product_cat-kehaspreid","10":"product_cat-komplektid-victorias-secret","11":"product_cat-nahahooldus","12":"product_cat-victorias-secret","13":"pa_lohn-bare-vanilla-candied","14":"pa_lohn-love-spell-candied","15":"pa_lohn-pure-seduction-candied-2","16":"pa_lohn-velvet-petals-candied","18":"first","19":"outofstock","20":"sale","21":"shipping-taxable","22":"purchasable","23":"product-type-simple"},"jetpack_publicize_connections":[],"jetpack_sharing_enabled":true,"jetpack_likes_enabled":true,"_links":{"self":[{"href":"https:\/\/superstore.ee\/index.php\/wp-json\/wp\/v2\/product\/17514","targetHints":{"allow":["GET"]}}],"collection":[{"href":"https:\/\/superstore.ee\/index.php\/wp-json\/wp\/v2\/product"}],"about":[{"href":"https:\/\/superstore.ee\/index.php\/wp-json\/wp\/v2\/types\/product"}],"wp:featuredmedia":[{"embeddable":true,"href":"https:\/\/superstore.ee\/index.php\/wp-json\/wp\/v2\/media\/17517"}],"wp:attachment":[{"href":"https:\/\/superstore.ee\/index.php\/wp-json\/wp\/v2\/media?parent=17514"}],"wp:term":[{"taxonomy":"product_brand","embeddable":true,"href":"https:\/\/superstore.ee\/index.php\/wp-json\/wp\/v2\/product_brand?post=17514"},{"taxonomy":"product_cat","embeddable":true,"href":"https:\/\/superstore.ee\/index.php\/wp-json\/wp\/v2\/product_cat?post=17514"},{"taxonomy":"product_tag","embeddable":true,"href":"https:\/\/superstore.ee\/index.php\/wp-json\/wp\/v2\/product_tag?post=17514"}],"curies":[{"name":"wp","href":"https:\/\/api.w.org\/{rel}","templated":true}]}}