{"id":17667,"date":"2024-08-19T19:37:58","date_gmt":"2024-08-19T17:37:58","guid":{"rendered":"https:\/\/superstore.ee\/?post_type=product&#038;p=17667"},"modified":"2025-02-12T18:58:51","modified_gmt":"2025-02-12T16:58:51","slug":"lauvarvipalett-kiko-milano-soft-nude-eyeshadow-palette-2","status":"publish","type":"product","link":"https:\/\/superstore.ee\/index.php\/toode\/lauvarvipalett-kiko-milano-soft-nude-eyeshadow-palette-2\/","title":{"rendered":"Lauv\u00e4rvipalett KIKO Milano Soft Nude Eyeshadow Palette (01)"},"content":{"rendered":"","protected":false},"excerpt":{"rendered":"<div class=\"ProductDetails__Name visible-md\">\n<div role=\"heading\" data-size=\"medium\">\n<div class=\"woocommerce-product-details__short-description\">\n<p>\ud83c\uddea\ud83c\uddea Lauv\u00e4rvi palett KIKO Milano (01 Garden Rose)<\/p>\n<p>Palett sisaldab 10 erinevat tooni pressitud puuderlauv\u00e4rvi j\u00e4rgmiste viimistlustega: p\u00e4rlmutter, matt ja satiin. Kreemjas tekstuur tagab kohese katvuse ja seguneb kergesti, j\u00e4ttes silmalaud katsudes sametiseks. Kaasas kahepoolne aplikaator ja peegel.<\/p>\n<\/div>\n<div class=\"woocommerce-product-details__short-description\">\n<p>\ud83c\uddf7\ud83c\uddfa \u041f\u0430\u043b\u0435\u0442\u043a\u0430 \u0442\u0435\u043d\u0435\u0439 \u0434\u043b\u044f \u0432\u0435\u043a KIKO Milano (01 Garden Rose)<\/p>\n<p>\u041f\u0430\u043b\u0438\u0442\u0440\u0430 \u0441\u043e\u0434\u0435\u0440\u0436\u0438\u0442 10 \u043e\u0442\u0442\u0435\u043d\u043a\u043e\u0432 \u043f\u0440\u0435\u0441\u0441\u043e\u0432\u0430\u043d\u043d\u044b\u0445 \u043f\u0443\u0434\u0440\u043e\u0432\u044b\u0445 \u0442\u0435\u043d\u0435\u0439 \u0441\u043e \u0441\u043b\u0435\u0434\u0443\u044e\u0449\u0438\u043c\u0438 \u043f\u043e\u043a\u0440\u044b\u0442\u0438\u044f\u043c\u0438: \u043f\u0435\u0440\u043b\u0430\u043c\u0443\u0442\u0440\u043e\u0432\u044b\u0439, \u043c\u0430\u0442\u043e\u0432\u044b\u0439 \u0438 \u0441\u0430\u0442\u0438\u043d\u043e\u0432\u044b\u0439. \u041a\u0440\u0435\u043c\u043e\u0432\u0430\u044f \u0442\u0435\u043a\u0441\u0442\u0443\u0440\u0430 \u043b\u0435\u0433\u043a\u043e \u0440\u0430\u0441\u0442\u0443\u0448\u0435\u0432\u044b\u0432\u0430\u0435\u0442\u0441\u044f, \u0434\u0435\u043b\u0430\u044f \u0432\u0435\u043a\u0438 \u0431\u0430\u0440\u0445\u0430\u0442\u0438\u0441\u0442\u044b\u043c\u0438. \u0414\u0432\u0443\u0441\u0442\u043e\u0440\u043e\u043d\u043d\u0438\u0439 \u0430\u043f\u043f\u043b\u0438\u043a\u0430\u0442\u043e\u0440 \u0438 \u0437\u0435\u0440\u043a\u0430\u043b\u043e \u0432 \u043a\u043e\u043c\u043f\u043b\u0435\u043a\u0442\u0435.<\/p>\n<p>\ud83c\uddfa\ud83c\uddf8 KIKO Milano Soft Nude Eyeshadow Palette (01 Garden Rose). 10 different shades of pressed powder eyeshadow with the following finishes: pearl, matte and satin. The creamy texture blends easily, leaving the eyelids velvety to the touch. Double-ended applicator and mirror included.<\/p>\n<\/div>\n<\/div>\n<\/div>\n","protected":false},"featured_media":17653,"template":"","meta":{"jetpack_publicize_message":"","jetpack_publicize_feature_enabled":true,"jetpack_social_post_already_shared":false,"jetpack_social_options":{"image_generator_settings":{"template":"highway","default_image_id":0,"font":"","enabled":false},"version":2}},"product_brand":[],"product_cat":[340,631],"product_tag":[],"class_list":{"0":"post-17667","1":"product","2":"type-product","3":"status-publish","4":"has-post-thumbnail","6":"product_cat-kiko-milano","7":"product_cat-sale","9":"first","10":"outofstock","11":"sale","12":"shipping-taxable","13":"purchasable","14":"product-type-simple"},"jetpack_publicize_connections":[],"jetpack_sharing_enabled":true,"jetpack_likes_enabled":true,"_links":{"self":[{"href":"https:\/\/superstore.ee\/index.php\/wp-json\/wp\/v2\/product\/17667","targetHints":{"allow":["GET"]}}],"collection":[{"href":"https:\/\/superstore.ee\/index.php\/wp-json\/wp\/v2\/product"}],"about":[{"href":"https:\/\/superstore.ee\/index.php\/wp-json\/wp\/v2\/types\/product"}],"wp:featuredmedia":[{"embeddable":true,"href":"https:\/\/superstore.ee\/index.php\/wp-json\/wp\/v2\/media\/17653"}],"wp:attachment":[{"href":"https:\/\/superstore.ee\/index.php\/wp-json\/wp\/v2\/media?parent=17667"}],"wp:term":[{"taxonomy":"product_brand","embeddable":true,"href":"https:\/\/superstore.ee\/index.php\/wp-json\/wp\/v2\/product_brand?post=17667"},{"taxonomy":"product_cat","embeddable":true,"href":"https:\/\/superstore.ee\/index.php\/wp-json\/wp\/v2\/product_cat?post=17667"},{"taxonomy":"product_tag","embeddable":true,"href":"https:\/\/superstore.ee\/index.php\/wp-json\/wp\/v2\/product_tag?post=17667"}],"curies":[{"name":"wp","href":"https:\/\/api.w.org\/{rel}","templated":true}]}}