{"id":17959,"date":"2024-09-01T15:58:01","date_gmt":"2024-09-01T12:58:01","guid":{"rendered":"https:\/\/superstore.ee\/?post_type=product&#038;p=17959"},"modified":"2026-02-01T17:46:46","modified_gmt":"2026-02-01T15:46:46","slug":"niisked-salvratikud-meigi-eemaldamiseks-kiko-milano-new-pure-clean-wipes","status":"publish","type":"product","link":"https:\/\/superstore.ee\/index.php\/toode\/niisked-salvratikud-meigi-eemaldamiseks-kiko-milano-new-pure-clean-wipes\/","title":{"rendered":"Niisked salvr\u00e4tikud meigi eemaldamiseks KIKO Milano New Pure Clean Wipes"},"content":{"rendered":"","protected":false},"excerpt":{"rendered":"<div class=\"ProductDetails__Name visible-md\">\n<div role=\"heading\" data-size=\"medium\">\n<div class=\"woocommerce-product-details__short-description\">\n<p>\ud83c\uddea\ud83c\uddea Niisked salvr\u00e4tikud meigi eemaldamiseks KIKO Milano<\/p>\n<p>Pakend, mis sisaldab 10\/25 \u00fchekordsest meigieemaldussalvr\u00e4tikud n\u00e4ole, silmadele ja huultele<\/p>\n<ul>\n<li>uuendatud valem on rikastatud h\u00fcaluroonhappe, keskkonnas\u00f5braliku Itaalia granaat\u00f5una ekstrakti, avokaado\u00f5li ja aaloe ekstraktiga;<\/li>\n<li>pakuvad kohest niisutust k\u00f5ikidele nahat\u00fc\u00fcpidele, sh tundlikule;<\/li>\n<li>l\u00f5hnastatud magnoolia, virsiku ja sandlipuu nootidega.<\/li>\n<\/ul>\n<\/div>\n<div class=\"woocommerce-product-details__short-description\">\n<p>\ud83c\uddf7\ud83c\uddfa \u0412\u043b\u0430\u0436\u043d\u044b\u0435 \u0441\u0430\u043b\u0444\u0435\u0442\u043a\u0438 KIKO Milano \u0434\u043b\u044f \u0441\u043d\u044f\u0442\u0438\u044f \u043c\u0430\u043a\u0438\u044f\u0436\u0430<\/p>\n<p>\u0423\u043f\u0430\u043a\u043e\u0432\u043a\u0430 \u0438\u0437 10\/25 \u043e\u0434\u043d\u043e\u0440\u0430\u0437\u043e\u0432\u044b\u0445 \u0441\u0430\u043b\u0444\u0435\u0442\u043e\u043a \u0434\u043b\u044f \u0441\u043d\u044f\u0442\u0438\u044f \u043c\u0430\u043a\u0438\u044f\u0436\u0430 \u0441 \u043b\u0438\u0446\u0430, \u0433\u043b\u0430\u0437 \u0438 \u0433\u0443\u0431<\/p>\n<ul>\n<li>\u043e\u0431\u043d\u043e\u0432\u043b\u0435\u043d\u043d\u0430\u044f \u0444\u043e\u0440\u043c\u0443\u043b\u0430 \u043e\u0431\u043e\u0433\u0430\u0449\u0435\u043d\u0430 \u0433\u0438\u0430\u043b\u0443\u0440\u043e\u043d\u043e\u0432\u043e\u0439 \u043a\u0438\u0441\u043b\u043e\u0442\u043e\u0439, \u044d\u043a\u043e\u043b\u043e\u0433\u0438\u0447\u0435\u0441\u043a\u0438 \u0447\u0438\u0441\u0442\u044b\u043c \u0438\u0442\u0430\u043b\u044c\u044f\u043d\u0441\u043a\u0438\u043c \u044d\u043a\u0441\u0442\u0440\u0430\u043a\u0442\u043e\u043c \u0433\u0440\u0430\u043d\u0430\u0442\u0430, \u043c\u0430\u0441\u043b\u043e\u043c \u0430\u0432\u043e\u043a\u0430\u0434\u043e \u0438 \u044d\u043a\u0441\u0442\u0440\u0430\u043a\u0442\u043e\u043c \u0430\u043b\u043e\u044d;<\/li>\n<li>\u0441\u0430\u043b\u0444\u0435\u0442\u043a\u0438 \u043c\u0433\u043d\u043e\u0432\u0435\u043d\u043d\u043e \u0443\u0432\u043b\u0430\u0436\u043d\u044f\u044e\u0442 \u0432\u0441\u0435 \u0442\u0438\u043f\u044b \u043a\u043e\u0436\u0438, \u0434\u0430\u0436\u0435 \u0441\u0430\u043c\u0443\u044e \u0447\u0443\u0432\u0441\u0442\u0432\u0438\u0442\u0435\u043b\u044c\u043d\u0443\u044e;<\/li>\n<li>\u0430\u0440\u043e\u043c\u0430\u0442\u0438\u0437\u0438\u0440\u043e\u0432\u0430\u043d\u044b \u043d\u043e\u0442\u0430\u043c\u0438 \u043c\u0430\u0433\u043d\u043e\u043b\u0438\u0438, \u043f\u0435\u0440\u0441\u0438\u043a\u0430 \u0438 \u0441\u0430\u043d\u0434\u0430\u043b\u043e\u0432\u043e\u0433\u043e \u0434\u0435\u0440\u0435\u0432\u0430.<\/li>\n<\/ul>\n<p>\ud83c\uddfa\ud83c\uddf8 KIKO Milano New Pure Clean Wipes<\/p>\n<p>Pack of 10\/25 single-use make-up remover wipes for the face, eyes and lips<\/p>\n<ul>\n<li>updated formula is enriched with hyaluronic acid, sustainably sourced Italian pomegranate extract, avocado oil and aloe extract;<\/li>\n<li>they offer instant hydration to all skin types, including sensitive;<\/li>\n<li>scented with notes of magnolia, peach and sandalwood.<\/li>\n<\/ul>\n<\/div>\n<\/div>\n<\/div>\n","protected":false},"featured_media":17973,"template":"","meta":{"jetpack_publicize_message":"","jetpack_publicize_feature_enabled":true,"jetpack_social_post_already_shared":false,"jetpack_social_options":{"image_generator_settings":{"template":"highway","default_image_id":0,"font":"","enabled":false},"version":2}},"product_brand":[],"product_cat":[340,912,964,965],"product_tag":[],"class_list":{"0":"post-17959","1":"product","2":"type-product","3":"status-publish","4":"has-post-thumbnail","6":"product_cat-kiko-milano","7":"product_cat-nahahooldus","8":"product_cat-face-care","9":"product_cat-face-cleansers","10":"pa_suurus-10tk","11":"pa_suurus-25tk","13":"first","14":"outofstock","15":"shipping-taxable","16":"product-type-variable"},"jetpack_publicize_connections":[],"jetpack_sharing_enabled":true,"jetpack_likes_enabled":true,"_links":{"self":[{"href":"https:\/\/superstore.ee\/index.php\/wp-json\/wp\/v2\/product\/17959","targetHints":{"allow":["GET"]}}],"collection":[{"href":"https:\/\/superstore.ee\/index.php\/wp-json\/wp\/v2\/product"}],"about":[{"href":"https:\/\/superstore.ee\/index.php\/wp-json\/wp\/v2\/types\/product"}],"wp:featuredmedia":[{"embeddable":true,"href":"https:\/\/superstore.ee\/index.php\/wp-json\/wp\/v2\/media\/17973"}],"wp:attachment":[{"href":"https:\/\/superstore.ee\/index.php\/wp-json\/wp\/v2\/media?parent=17959"}],"wp:term":[{"taxonomy":"product_brand","embeddable":true,"href":"https:\/\/superstore.ee\/index.php\/wp-json\/wp\/v2\/product_brand?post=17959"},{"taxonomy":"product_cat","embeddable":true,"href":"https:\/\/superstore.ee\/index.php\/wp-json\/wp\/v2\/product_cat?post=17959"},{"taxonomy":"product_tag","embeddable":true,"href":"https:\/\/superstore.ee\/index.php\/wp-json\/wp\/v2\/product_tag?post=17959"}],"curies":[{"name":"wp","href":"https:\/\/api.w.org\/{rel}","templated":true}]}}