{"id":17974,"date":"2024-09-01T17:01:20","date_gmt":"2024-09-01T14:01:20","guid":{"rendered":"https:\/\/superstore.ee\/?post_type=product&#038;p=17974"},"modified":"2026-03-06T12:08:11","modified_gmt":"2026-03-06T10:08:11","slug":"meigieemaldaja-kiko-milano-new-pure-clean-eyeslips","status":"publish","type":"product","link":"https:\/\/superstore.ee\/index.php\/toode\/meigieemaldaja-kiko-milano-new-pure-clean-eyeslips\/","title":{"rendered":"Meigieemaldaja KIKO Milano New Pure Clean Eyes&#038;Lips"},"content":{"rendered":"","protected":false},"excerpt":{"rendered":"<div class=\"ProductDetails__Name visible-md\">\n<div role=\"heading\" data-size=\"medium\">\n<div class=\"woocommerce-product-details__short-description\">\n<p>\ud83c\uddea\ud83c\uddea KIKO Milano Meigieemaldaja (50ml\/125ml)<\/p>\n<ul>\n<li>eemaldab isegi veekindla meigi;<\/li>\n<li>saavad kasutada l\u00e4\u00e4tsede kandjad;<\/li>\n<li>uuendatud valem on rikastatud h\u00fcaluroonhappe, keskkonnas\u00f5braliku Itaalia granaat\u00f5una ekstrakti, magusa mandli, jojoba ja kameelia\u00f5li ning aaloe ekstraktiga;<\/li>\n<li>v\u00e4rske, kerge ja l\u00f5hnastatud magnoolia, virsiku ja sandlipuu nootidega;<\/li>\n<li>sobib k\u00f5ikidele nahat\u00fc\u00fcpidele, sh tundlikule;<\/li>\n<\/ul>\n<\/div>\n<div class=\"woocommerce-product-details__short-description\">\n<p>\ud83c\uddf7\ud83c\uddfa KIKO Milano \u0421\u0440\u0435\u0434\u0441\u0442\u0432\u043e \u0434\u043b\u044f \u0441\u043d\u044f\u0442\u0438\u044f \u043c\u0430\u043a\u0438\u044f\u0436\u0430 (50\u043c\u043b\/125\u043c\u043b)<\/p>\n<ul>\n<li>\u0443\u0434\u0430\u043b\u044f\u0435\u0442 \u0434\u0430\u0436\u0435 \u0432\u043e\u0434\u043e\u0441\u0442\u043e\u0439\u043a\u0438\u0439 \u043c\u0430\u043a\u0438\u044f\u0436;<\/li>\n<li>\u043c\u043e\u0436\u043d\u043e \u0438\u0441\u043f\u043e\u043b\u044c\u0437\u043e\u0432\u0430\u0442\u044c \u0442\u0435\u043c, \u043a\u0442\u043e \u043d\u043e\u0441\u0438\u0442 \u043a\u043e\u043d\u0442\u0430\u043a\u0442\u043d\u044b\u0435 \u043b\u0438\u043d\u0437\u044b;<\/li>\n<li>\u043e\u0431\u043d\u043e\u0432\u043b\u0435\u043d\u043d\u0430\u044f \u0444\u043e\u0440\u043c\u0443\u043b\u0430 \u043e\u0431\u043e\u0433\u0430\u0449\u0435\u043d\u0430 \u0433\u0438\u0430\u043b\u0443\u0440\u043e\u043d\u043e\u0432\u043e\u0439 \u043a\u0438\u0441\u043b\u043e\u0442\u043e\u0439, \u044d\u043a\u043e\u043b\u043e\u0433\u0438\u0447\u0435\u0441\u043a\u0438 \u0447\u0438\u0441\u0442\u044b\u043c \u0438\u0442\u0430\u043b\u044c\u044f\u043d\u0441\u043a\u0438\u043c \u044d\u043a\u0441\u0442\u0440\u0430\u043a\u0442\u043e\u043c \u0433\u0440\u0430\u043d\u0430\u0442\u0430, \u043c\u0430\u0441\u043b\u0430\u043c\u0438 \u0441\u043b\u0430\u0434\u043a\u043e\u0433\u043e \u043c\u0438\u043d\u0434\u0430\u043b\u044f, \u0436\u043e\u0436\u043e\u0431\u0430 \u0438 \u043a\u0430\u043c\u0435\u043b\u0438\u0438, \u0430 \u0442\u0430\u043a\u0436\u0435 \u044d\u043a\u0441\u0442\u0440\u0430\u043a\u0442\u043e\u043c \u0430\u043b\u043e\u044d;<\/li>\n<li>\u0441\u0432\u0435\u0436\u0435\u0435, \u043b\u0435\u0433\u043a\u043e\u0435 \u0438 \u0430\u0440\u043e\u043c\u0430\u0442\u0438\u0437\u0438\u0440\u043e\u0432\u0430\u043d\u043d\u043e\u0435 \u043d\u043e\u0442\u0430\u043c\u0438 \u043c\u0430\u0433\u043d\u043e\u043b\u0438\u0438, \u043f\u0435\u0440\u0441\u0438\u043a\u0430 \u0438 \u0441\u0430\u043d\u0434\u0430\u043b\u043e\u0432\u043e\u0433\u043e \u0434\u0435\u0440\u0435\u0432\u0430;<\/li>\n<li>\u043f\u043e\u0434\u0445\u043e\u0434\u0438\u0442 \u0434\u043b\u044f \u0432\u0441\u0435\u0445 \u0442\u0438\u043f\u043e\u0432 \u043a\u043e\u0436\u0438, \u0434\u0430\u0436\u0435 \u0434\u043b\u044f \u0441\u0430\u043c\u043e\u0439 \u0447\u0443\u0432\u0441\u0442\u0432\u0438\u0442\u0435\u043b\u044c\u043d\u043e\u0439.<\/li>\n<\/ul>\n<p>\ud83c\uddfa\ud83c\uddf8 New Pure Clean Eyes &amp; Lips KIKO Milano Two-phase make-up remover for the eyes and lips (50ml\/125ml)<\/p>\n<\/div>\n<ul>\n<li>removes even waterproof make-up;<\/li>\n<li>can be used by those who wear contact lenses;<\/li>\n<li>updated formula enriched with hyaluronic acid, sustainably sourced Italian pomegranate extract, sweet almond, jojoba and camellia oils, and aloe extract;<\/li>\n<li>fresh, lightweight and scented with notes of magnolia, peach and sandalwood;<\/li>\n<li>suitable for all skin types, including sensitive.<\/li>\n<\/ul>\n<div class=\"woocommerce-product-details__short-description\"><\/div>\n<\/div>\n<\/div>\n","protected":false},"featured_media":17978,"template":"","meta":{"jetpack_publicize_message":"","jetpack_publicize_feature_enabled":true,"jetpack_social_post_already_shared":false,"jetpack_social_options":{"image_generator_settings":{"template":"highway","default_image_id":0,"font":"","enabled":false},"version":2}},"product_brand":[],"product_cat":[340,912,964,965],"product_tag":[],"class_list":{"0":"post-17974","1":"product","2":"type-product","3":"status-publish","4":"has-post-thumbnail","6":"product_cat-kiko-milano","7":"product_cat-nahahooldus","8":"product_cat-face-care","9":"product_cat-face-cleansers","10":"pa_suurus-125ml","11":"pa_suurus-50ml","13":"first","14":"instock","15":"shipping-taxable","16":"purchasable","17":"product-type-variable"},"jetpack_publicize_connections":[],"jetpack_sharing_enabled":true,"jetpack_likes_enabled":true,"_links":{"self":[{"href":"https:\/\/superstore.ee\/index.php\/wp-json\/wp\/v2\/product\/17974","targetHints":{"allow":["GET"]}}],"collection":[{"href":"https:\/\/superstore.ee\/index.php\/wp-json\/wp\/v2\/product"}],"about":[{"href":"https:\/\/superstore.ee\/index.php\/wp-json\/wp\/v2\/types\/product"}],"wp:featuredmedia":[{"embeddable":true,"href":"https:\/\/superstore.ee\/index.php\/wp-json\/wp\/v2\/media\/17978"}],"wp:attachment":[{"href":"https:\/\/superstore.ee\/index.php\/wp-json\/wp\/v2\/media?parent=17974"}],"wp:term":[{"taxonomy":"product_brand","embeddable":true,"href":"https:\/\/superstore.ee\/index.php\/wp-json\/wp\/v2\/product_brand?post=17974"},{"taxonomy":"product_cat","embeddable":true,"href":"https:\/\/superstore.ee\/index.php\/wp-json\/wp\/v2\/product_cat?post=17974"},{"taxonomy":"product_tag","embeddable":true,"href":"https:\/\/superstore.ee\/index.php\/wp-json\/wp\/v2\/product_tag?post=17974"}],"curies":[{"name":"wp","href":"https:\/\/api.w.org\/{rel}","templated":true}]}}