{"id":17988,"date":"2024-09-01T19:29:33","date_gmt":"2024-09-01T16:29:33","guid":{"rendered":"https:\/\/superstore.ee\/?post_type=product&#038;p=17988"},"modified":"2026-02-01T15:59:31","modified_gmt":"2026-02-01T13:59:31","slug":"kauapusiv-10h-vedel-lauvarv-metallilise-efektiga-kiko-milano-metal-liquid-eyeshadow","status":"publish","type":"product","link":"https:\/\/superstore.ee\/index.php\/toode\/kauapusiv-10h-vedel-lauvarv-metallilise-efektiga-kiko-milano-metal-liquid-eyeshadow\/","title":{"rendered":"Kauap\u00fcsiv 10h vedel lauv\u00e4rvmetall-efektiga KIKO Milano Metal Liquid Eyeshadow"},"content":{"rendered":"","protected":false},"excerpt":{"rendered":"<p>\ud83c\uddea\ud83c\uddea KIKO Milano kauap\u00fcsiv vedel lauv\u00e4rv metall-efektiga<\/p>\n<ul>\n<li>Tundub kergelt silmalaugudel, kuivab kiiresti ja on kergesti segatav<\/li>\n<li>Vegan valem on rikastatud \u017een\u0161enni ekstraktiga, mis toniseerib nahka<\/li>\n<li>Peegeldavad p\u00e4rlid loovad v\u00e4ga intensiivse mitmem\u00f5\u00f5tmelise efekti<\/li>\n<li>Sellel on p\u00fcsivus, mis kestab kuni 10 tundi<\/li>\n<\/ul>\n<p>\ud83c\uddf7\ud83c\uddfa \u041c\u0435\u0442\u0430\u043b\u043b\u0438\u0447\u0435\u0441\u043a\u0438\u0435 \u0436\u0438\u0434\u043a\u0438\u0435 \u0442\u0435\u043d\u0438 \u0434\u043b\u044f \u0432\u0435\u043a KIKO Milano<\/p>\n<ul>\n<li>\u041e\u0449\u0443\u0449\u0430\u0435\u0442\u0441\u044f \u043b\u0435\u0433\u043a\u043e \u043d\u0430 \u0432\u0435\u043a\u0430\u0445, \u0431\u044b\u0441\u0442\u0440\u043e \u0432\u044b\u0441\u044b\u0445\u0430\u0435\u0442 \u0438 \u043b\u0435\u0433\u043a\u043e \u0440\u0430\u0441\u0442\u0443\u0448\u0435\u0432\u044b\u0432\u0430\u0435\u0442\u0441\u044f<\/li>\n<li>\u0412\u0435\u0433\u0430\u043d\u0441\u043a\u0430\u044f \u0444\u043e\u0440\u043c\u0443\u043b\u0430 \u043e\u0431\u043e\u0433\u0430\u0449\u0435\u043d\u0430 \u044d\u043a\u0441\u0442\u0440\u0430\u043a\u0442\u043e\u043c \u0436\u0435\u043d\u044c\u0448\u0435\u043d\u044f, \u043e\u0431\u043b\u0430\u0434\u0430\u044e\u0449\u0438\u043c \u0442\u043e\u043d\u0438\u0437\u0438\u0440\u0443\u044e\u0449\u0438\u043c\u0438 \u0441\u0432\u043e\u0439\u0441\u0442\u0432\u0430\u043c\u0438<\/li>\n<li>\u0421\u0432\u0435\u0442\u043e\u043e\u0442\u0440\u0430\u0436\u0430\u044e\u0449\u0438\u0439 \u0436\u0435\u043c\u0447\u0443\u0433 \u0441\u043e\u0437\u0434\u0430\u0435\u0442 \u043e\u0447\u0435\u043d\u044c \u0438\u043d\u0442\u0435\u043d\u0441\u0438\u0432\u043d\u044b\u0439 \u043c\u043d\u043e\u0433\u043e\u043c\u0435\u0440\u043d\u044b\u0439 \u044d\u0444\u0444\u0435\u043a\u0442<\/li>\n<li>\u0418\u043c\u0435\u0435\u0442 \u0444\u0438\u043a\u0441\u0430\u0446\u0438\u044e \u0434\u043e 10 \u0447\u0430\u0441\u043e\u0432<\/li>\n<\/ul>\n<p>\ud83c\uddfa\ud83c\uddf8 KIKO Milano Energy Shake Ginseng Metal Liquid Eyeshadow<\/p>\n<ul>\n<li>Feels light on the eyelids, dries quickly and is easy to blend<\/li>\n<li>Vegan formula is enriched with ginseng extract with energising properties<\/li>\n<li>Reflective pearls create a very intense multi-dimensional effect<\/li>\n<li>Has a hold that lasts up to 10 hours<\/li>\n<\/ul>\n","protected":false},"featured_media":17999,"template":"","meta":{"jetpack_publicize_message":"","jetpack_publicize_feature_enabled":true,"jetpack_social_post_already_shared":false,"jetpack_social_options":{"image_generator_settings":{"template":"highway","default_image_id":0,"font":"","enabled":false},"version":2}},"product_brand":[],"product_cat":[340,631],"product_tag":[],"class_list":{"0":"post-17988","1":"product","2":"type-product","3":"status-publish","4":"has-post-thumbnail","6":"product_cat-kiko-milano","7":"product_cat-sale","8":"pa_varv-01-eyes-in-gold","9":"pa_varv-03-brown-experience","11":"first","12":"outofstock","13":"sale","14":"shipping-taxable","15":"product-type-variable"},"jetpack_publicize_connections":[],"jetpack_sharing_enabled":true,"jetpack_likes_enabled":true,"_links":{"self":[{"href":"https:\/\/superstore.ee\/index.php\/wp-json\/wp\/v2\/product\/17988","targetHints":{"allow":["GET"]}}],"collection":[{"href":"https:\/\/superstore.ee\/index.php\/wp-json\/wp\/v2\/product"}],"about":[{"href":"https:\/\/superstore.ee\/index.php\/wp-json\/wp\/v2\/types\/product"}],"wp:featuredmedia":[{"embeddable":true,"href":"https:\/\/superstore.ee\/index.php\/wp-json\/wp\/v2\/media\/17999"}],"wp:attachment":[{"href":"https:\/\/superstore.ee\/index.php\/wp-json\/wp\/v2\/media?parent=17988"}],"wp:term":[{"taxonomy":"product_brand","embeddable":true,"href":"https:\/\/superstore.ee\/index.php\/wp-json\/wp\/v2\/product_brand?post=17988"},{"taxonomy":"product_cat","embeddable":true,"href":"https:\/\/superstore.ee\/index.php\/wp-json\/wp\/v2\/product_cat?post=17988"},{"taxonomy":"product_tag","embeddable":true,"href":"https:\/\/superstore.ee\/index.php\/wp-json\/wp\/v2\/product_tag?post=17988"}],"curies":[{"name":"wp","href":"https:\/\/api.w.org\/{rel}","templated":true}]}}