{"id":18108,"date":"2024-09-03T17:16:17","date_gmt":"2024-09-03T14:16:17","guid":{"rendered":"https:\/\/superstore.ee\/?post_type=product&#038;p=18108"},"modified":"2026-04-05T11:44:28","modified_gmt":"2026-04-05T08:44:28","slug":"mitsellaarne-geel-meigi-eemaldamiseks-kiko-milano-new-pure-clean-micellar-gel-150ml","status":"publish","type":"product","link":"https:\/\/superstore.ee\/index.php\/toode\/mitsellaarne-geel-meigi-eemaldamiseks-kiko-milano-new-pure-clean-micellar-gel-150ml\/","title":{"rendered":"Mitsellaarne geel meigi eemaldamiseks KIKO Milano New Pure Clean Micellar Gel (150ml)"},"content":{"rendered":"","protected":false},"excerpt":{"rendered":"<div class=\"ProductDetails__Name visible-md\">\n<div role=\"heading\" data-size=\"medium\">\n<div class=\"woocommerce-product-details__short-description\">\n<p>\ud83c\uddea\ud83c\uddea Mitsellaargeel KIKO Milano (150ml)<\/p>\n<p>Mitsellaar meigieemaldusgeel n\u00e4o, silmakontuuri ja huulte puhastamiseks<\/p>\n<ul>\n<li>kerge, mugav ja lihtsalt loputatav, seda saab kasutada ka du\u0161i all;<\/li>\n<li>eemaldab t\u00f5husalt meigi ning mustuse;<\/li>\n<li>uuendatud valem on rikastatud h\u00fcaluroonhappe, keskkonnas\u00f5braliku Itaalia granaat\u00f5una ekstrakti ja pojengiekstraktiga;<\/li>\n<li>l\u00f5hnastatud magnoolia, virsiku ja sandlipuu nootidega.<\/li>\n<\/ul>\n<\/div>\n<div class=\"woocommerce-product-details__short-description\">\n<p>\ud83c\uddf7\ud83c\uddfa \u041c\u0438\u0446\u0435\u043b\u043b\u044f\u0440\u043d\u044b\u0439 \u0433\u0435\u043b\u044c KIKO Milano \u0434\u043b\u044f \u0441\u043d\u044f\u0442\u0438\u044f \u043c\u0430\u043a\u0438\u044f\u0436\u0430, \u043e\u0447\u0438\u0449\u0435\u043d\u0438\u044f \u043b\u0438\u0446\u0430, \u043a\u043e\u043d\u0442\u0443\u0440\u0430 \u0433\u043b\u0430\u0437 \u0438 \u0433\u0443\u0431 (150\u043c\u043b)<\/p>\n<ul>\n<li>\u043b\u0435\u0433\u043a\u0438\u0439, \u0443\u0434\u043e\u0431\u043d\u044b\u0439 \u0438 \u0431\u0435\u0437 \u0442\u0440\u0443\u0434\u0430 \u0441\u043c\u044b\u0432\u0430\u0435\u043c\u044b\u0439, \u0435\u0433\u043e \u043c\u043e\u0436\u043d\u043e \u0438\u0441\u043f\u043e\u043b\u044c\u0437\u043e\u0432\u0430\u0442\u044c \u0432 \u0434\u0443\u0448\u0435;<\/li>\n<li>\u043c\u0438\u0446\u0435\u043b\u043b\u044f\u0440\u043d\u0430\u044f \u0442\u0435\u0445\u043d\u043e\u043b\u043e\u0433\u0438\u044f \u0433\u0435\u043b\u044f \u044d\u0444\u0444\u0435\u043a\u0442\u0438\u0432\u043d\u043e \u0443\u0434\u0430\u043b\u044f\u0435\u0442 \u043c\u0430\u043a\u0438\u044f\u0436 \u0438 \u0437\u0430\u0433\u0440\u044f\u0437\u043d\u0435\u043d\u0438\u044f;<\/li>\n<li>\u043e\u0431\u043d\u043e\u0432\u043b\u0435\u043d\u043d\u0430\u044f \u0444\u043e\u0440\u043c\u0443\u043b\u0430 \u043e\u0431\u043e\u0433\u0430\u0449\u0435\u043d\u0430 \u0433\u0438\u0430\u043b\u0443\u0440\u043e\u043d\u043e\u0432\u043e\u0439 \u043a\u0438\u0441\u043b\u043e\u0442\u043e\u0439, \u044d\u043a\u043e\u043b\u043e\u0433\u0438\u0447\u0435\u0441\u043a\u0438 \u0447\u0438\u0441\u0442\u044b\u043c \u0438\u0442\u0430\u043b\u044c\u044f\u043d\u0441\u043a\u0438\u043c \u044d\u043a\u0441\u0442\u0440\u0430\u043a\u0442\u043e\u043c \u0433\u0440\u0430\u043d\u0430\u0442\u0430 \u0438 \u044d\u043a\u0441\u0442\u0440\u0430\u043a\u0442\u043e\u043c \u043f\u0438\u043e\u043d\u0430;<\/li>\n<li>\u0430\u0440\u043e\u043c\u0430\u0442\u0438\u0437\u0438\u0440\u043e\u0432\u0430\u043d \u043d\u043e\u0442\u0430\u043c\u0438 \u043c\u0430\u0433\u043d\u043e\u043b\u0438\u0438, \u043f\u0435\u0440\u0441\u0438\u043a\u0430 \u0438 \u0441\u0430\u043d\u0434\u0430\u043b\u043e\u0432\u043e\u0433\u043e \u0434\u0435\u0440\u0435\u0432\u0430.<\/li>\n<\/ul>\n<p>\ud83c\uddfa\ud83c\uddf8 KIKO Milano New Pure Clean Micellar Gel (150ml)<\/p>\n<\/div>\n<p>Micellar gel make-up remover for the face, eyes and lips<\/p>\n<ul>\n<li>lightweight, comfortable and easy to rinse, it can also be used in the shower;<\/li>\n<li>its micellar technology efficiently captures and removes make-up and impurities;<\/li>\n<li>updated formula is enriched with hyaluronic acid, sustainably sourced Italian pomegranate extract and peony extract;<\/li>\n<li>scented with notes of magnolia, peach and sandalwood.<\/li>\n<\/ul>\n<\/div>\n<\/div>\n","protected":false},"featured_media":18111,"template":"","meta":{"jetpack_publicize_message":"","jetpack_publicize_feature_enabled":true,"jetpack_social_post_already_shared":false,"jetpack_social_options":{"image_generator_settings":{"template":"highway","default_image_id":0,"font":"","enabled":false},"version":2}},"product_brand":[],"product_cat":[340,912,964,965],"product_tag":[],"class_list":{"0":"post-18108","1":"product","2":"type-product","3":"status-publish","4":"has-post-thumbnail","6":"product_cat-kiko-milano","7":"product_cat-nahahooldus","8":"product_cat-face-care","9":"product_cat-face-cleansers","10":"pa_suurus-200ml","11":"pa_suurus-50ml","13":"first","14":"instock","15":"shipping-taxable","16":"purchasable","17":"product-type-simple"},"jetpack_publicize_connections":[],"jetpack_sharing_enabled":true,"jetpack_likes_enabled":true,"_links":{"self":[{"href":"https:\/\/superstore.ee\/index.php\/wp-json\/wp\/v2\/product\/18108","targetHints":{"allow":["GET"]}}],"collection":[{"href":"https:\/\/superstore.ee\/index.php\/wp-json\/wp\/v2\/product"}],"about":[{"href":"https:\/\/superstore.ee\/index.php\/wp-json\/wp\/v2\/types\/product"}],"wp:featuredmedia":[{"embeddable":true,"href":"https:\/\/superstore.ee\/index.php\/wp-json\/wp\/v2\/media\/18111"}],"wp:attachment":[{"href":"https:\/\/superstore.ee\/index.php\/wp-json\/wp\/v2\/media?parent=18108"}],"wp:term":[{"taxonomy":"product_brand","embeddable":true,"href":"https:\/\/superstore.ee\/index.php\/wp-json\/wp\/v2\/product_brand?post=18108"},{"taxonomy":"product_cat","embeddable":true,"href":"https:\/\/superstore.ee\/index.php\/wp-json\/wp\/v2\/product_cat?post=18108"},{"taxonomy":"product_tag","embeddable":true,"href":"https:\/\/superstore.ee\/index.php\/wp-json\/wp\/v2\/product_tag?post=18108"}],"curies":[{"name":"wp","href":"https:\/\/api.w.org\/{rel}","templated":true}]}}