{"id":18122,"date":"2024-09-03T18:09:41","date_gmt":"2024-09-03T15:09:41","guid":{"rendered":"https:\/\/superstore.ee\/?post_type=product&#038;p=18122"},"modified":"2025-12-29T21:13:40","modified_gmt":"2025-12-29T19:13:40","slug":"kahefaasiline-mitsellaarvesi-meigi-eemaldamiseks-kiko-milano-new-pure-clean-micellar-biphase-water-200ml","status":"publish","type":"product","link":"https:\/\/superstore.ee\/index.php\/toode\/kahefaasiline-mitsellaarvesi-meigi-eemaldamiseks-kiko-milano-new-pure-clean-micellar-biphase-water-200ml\/","title":{"rendered":"Kahefaasiline mitsellaarvesi meigi eemaldamiseks KIKO Milano New Pure Clean Micellar Biphase Water (200ml)"},"content":{"rendered":"","protected":false},"excerpt":{"rendered":"<div class=\"ProductDetails__Name visible-md\">\n<div role=\"heading\" data-size=\"medium\">\n<div class=\"woocommerce-product-details__short-description\">\n<p>\ud83c\uddea\ud83c\uddea Mitsellaarvesi KIKO Milano (200ml)<\/p>\n<p>Kahefaasiline puhastav mitsellaarvesi n\u00e4ole, silmadele ja huultele<\/p>\n<ul>\n<li>kerge ja mugav, j\u00e4tab naha pehmeks ja niisutatuks;<\/li>\n<li>selle mitsellaartehnoloogia eemaldab meigi t\u00f5husalt;<\/li>\n<li>uuendatud valem on rikastatud h\u00fcaluroonhappe, keskkonnas\u00f5braliku Itaalia granaat\u00f5una ekstrakti, aaloe ekstrakti ning mandli-, kameelia- ja jojoba\u00f5liga;<\/li>\n<li>eemaldab isegi veekindla meigi;<\/li>\n<li>lihtne kasutada, ei vaja loputamist.<\/li>\n<\/ul>\n<\/div>\n<div class=\"woocommerce-product-details__short-description\">\n<p>\ud83c\uddf7\ud83c\uddfa \u0414\u0432\u0443\u0445\u0444\u0430\u0437\u043d\u0430\u044f \u043c\u0438\u0446\u0435\u043b\u043b\u044f\u0440\u043d\u0430\u044f \u0432\u043e\u0434\u0430 KIKO Milano (200\u043c\u043b) \u0434\u043b\u044f \u0441\u043d\u044f\u0442\u0438\u044f \u043c\u0430\u043a\u0438\u044f\u0436\u0430, \u043e\u0447\u0438\u0449\u0435\u043d\u0438\u044f \u043b\u0438\u0446\u0430, \u043a\u043e\u043d\u0442\u0443\u0440\u0430 \u0433\u043b\u0430\u0437 \u0438 \u0433\u0443\u0431<\/p>\n<ul>\n<li>\u043b\u0435\u0433\u043a\u0430\u044f \u0438 \u043f\u0440\u0438\u044f\u0442\u043d\u0430\u044f \u043d\u0430 \u043a\u043e\u0436\u0435, \u043e\u0441\u0442\u0430\u0432\u043b\u044f\u0435\u0442 \u0435\u0435 \u043c\u044f\u0433\u043a\u043e\u0439 \u0438 \u0443\u0432\u043b\u0430\u0436\u043d\u0435\u043d\u043d\u043e\u0439;<\/li>\n<li>\u0435\u0435 \u043c\u0438\u0446\u0435\u043b\u043b\u044f\u0440\u043d\u0430\u044f \u0442\u0435\u0445\u043d\u043e\u043b\u043e\u0433\u0438\u044f \u044d\u0444\u0444\u0435\u043a\u0442\u0438\u0432\u043d\u043e \u0443\u0434\u0430\u043b\u044f\u0435\u0442 \u043c\u0430\u043a\u0438\u044f\u0436;<\/li>\n<li>\u043e\u0431\u043d\u043e\u0432\u043b\u0435\u043d\u043d\u0430\u044f \u0444\u043e\u0440\u043c\u0443\u043b\u0430 \u043e\u0431\u043e\u0433\u0430\u0449\u0435\u043d\u0430 \u0433\u0438\u0430\u043b\u0443\u0440\u043e\u043d\u043e\u0432\u043e\u0439 \u043a\u0438\u0441\u043b\u043e\u0442\u043e\u0439, \u044d\u043a\u043e\u043b\u043e\u0433\u0438\u0447\u0435\u0441\u043a\u0438 \u0447\u0438\u0441\u0442\u044b\u043c \u0438\u0442\u0430\u043b\u044c\u044f\u043d\u0441\u043a\u0438\u043c \u044d\u043a\u0441\u0442\u0440\u0430\u043a\u0442\u043e\u043c \u0433\u0440\u0430\u043d\u0430\u0442\u0430, \u044d\u043a\u0441\u0442\u0440\u0430\u043a\u0442\u043e\u043c \u0430\u043b\u043e\u044d \u0438 \u043c\u0430\u0441\u043b\u0430\u043c\u0438 \u043c\u0438\u043d\u0434\u0430\u043b\u044f, \u043a\u0430\u043c\u0435\u043b\u0438\u0438 \u0438 \u0436\u043e\u0436\u043e\u0431\u0430;<\/li>\n<li>\u0443\u0434\u0430\u043b\u044f\u0435\u0442 \u0434\u0430\u0436\u0435 \u0432\u043e\u0434\u043e\u0441\u0442\u043e\u0439\u043a\u0438\u0439 \u043c\u0430\u043a\u0438\u044f\u0436;<\/li>\n<li>\u043f\u0440\u043e\u0441\u0442\u0430 \u0432 \u0438\u0441\u043f\u043e\u043b\u044c\u0437\u043e\u0432\u0430\u043d\u0438\u0438, \u043d\u0435 \u0442\u0440\u0435\u0431\u0443\u0435\u0442 \u0441\u043c\u044b\u0432\u0430\u043d\u0438\u044f.<\/li>\n<\/ul>\n<p>\ud83c\uddfa\ud83c\uddf8 KIKO Milano New Pure Clean Micellar Biphase Water (200ml)<\/p>\n<\/div>\n<p>Cleansing bi-phase micellar water for the face, eyes and lips<\/p>\n<div class=\"woocommerce-product-details__short-description\">\n<ul>\n<li>lightweight and comfortable, it leaves skin soft and hydrated;<\/li>\n<li>its micellar technology efficiently captures and removes make-up;<\/li>\n<li>updated formula is enriched with hyaluronic acid, sustainably sourced Italian pomegranate extract, aloe extract and almond, camellia and jojoba oils;<\/li>\n<li>removes even heavy duty and waterproof products;<\/li>\n<li>easy to use, it doesn\u2019t need rinsing off.<\/li>\n<\/ul>\n<\/div>\n<\/div>\n<\/div>\n","protected":false},"featured_media":18123,"template":"","meta":{"jetpack_publicize_message":"","jetpack_publicize_feature_enabled":true,"jetpack_social_post_already_shared":false,"jetpack_social_options":{"image_generator_settings":{"template":"highway","default_image_id":0,"font":"","enabled":false},"version":2}},"product_brand":[],"product_cat":[340,912,964,965],"product_tag":[],"class_list":{"0":"post-18122","1":"product","2":"type-product","3":"status-publish","4":"has-post-thumbnail","6":"product_cat-kiko-milano","7":"product_cat-nahahooldus","8":"product_cat-face-care","9":"product_cat-face-cleansers","11":"first","12":"outofstock","13":"shipping-taxable","14":"purchasable","15":"product-type-simple"},"jetpack_publicize_connections":[],"jetpack_sharing_enabled":true,"jetpack_likes_enabled":true,"_links":{"self":[{"href":"https:\/\/superstore.ee\/index.php\/wp-json\/wp\/v2\/product\/18122","targetHints":{"allow":["GET"]}}],"collection":[{"href":"https:\/\/superstore.ee\/index.php\/wp-json\/wp\/v2\/product"}],"about":[{"href":"https:\/\/superstore.ee\/index.php\/wp-json\/wp\/v2\/types\/product"}],"wp:featuredmedia":[{"embeddable":true,"href":"https:\/\/superstore.ee\/index.php\/wp-json\/wp\/v2\/media\/18123"}],"wp:attachment":[{"href":"https:\/\/superstore.ee\/index.php\/wp-json\/wp\/v2\/media?parent=18122"}],"wp:term":[{"taxonomy":"product_brand","embeddable":true,"href":"https:\/\/superstore.ee\/index.php\/wp-json\/wp\/v2\/product_brand?post=18122"},{"taxonomy":"product_cat","embeddable":true,"href":"https:\/\/superstore.ee\/index.php\/wp-json\/wp\/v2\/product_cat?post=18122"},{"taxonomy":"product_tag","embeddable":true,"href":"https:\/\/superstore.ee\/index.php\/wp-json\/wp\/v2\/product_tag?post=18122"}],"curies":[{"name":"wp","href":"https:\/\/api.w.org\/{rel}","templated":true}]}}