{"id":18128,"date":"2024-09-03T19:13:48","date_gmt":"2024-09-03T16:13:48","guid":{"rendered":"https:\/\/superstore.ee\/?post_type=product&#038;p=18128"},"modified":"2026-04-05T16:16:02","modified_gmt":"2026-04-05T13:16:02","slug":"naokoorija-kiko-milano-new-pure-clean-scrub-75ml","status":"publish","type":"product","link":"https:\/\/superstore.ee\/index.php\/toode\/naokoorija-kiko-milano-new-pure-clean-scrub-75ml\/","title":{"rendered":"N\u00e4okoorija KIKO Milano New Pure Clean Scrub (75ml)"},"content":{"rendered":"","protected":false},"excerpt":{"rendered":"<div class=\"ProductDetails__Name visible-md\">\n<div role=\"heading\" data-size=\"medium\">\n<div class=\"woocommerce-product-details__short-description\">\n<p>\ud83c\uddea\ud83c\uddea Kooriv ja siluv n\u00e4okoorija KIKO Milano (75ml)<\/p>\n<ul>\n<li>puhastab ja koorib nahka, j\u00e4ttes selle pehmeks, siledaks ja s\u00e4ravaks;<\/li>\n<li>sobib k\u00f5ikidele nahat\u00fc\u00fcpidele, sh tundlikule;<\/li>\n<li>uuendatud valem on rikastatud h\u00fcaluroonhappe, keskkonnas\u00f5braliku Itaalia granaat\u00f5una ekstrakti, riisipulbri ja pimsskivi osakestega;<\/li>\n<li>l\u00f5hnastatud magnoolia, virsiku ja sandlipuu nootidega.<\/li>\n<\/ul>\n<\/div>\n<div class=\"woocommerce-product-details__short-description\">\n<p>\ud83c\uddf7\ud83c\uddfa \u041e\u0442\u0448\u0435\u043b\u0443\u0448\u0438\u0432\u0430\u044e\u0449\u0438\u0439 \u0438 \u0440\u0430\u0437\u0433\u043b\u0430\u0436\u0438\u0432\u0430\u044e\u0449\u0438\u0439 \u0441\u043a\u0440\u0430\u0431 \u0434\u043b\u044f \u043b\u0438\u0446\u0430 KIKO Milano (75\u043c\u043b)<\/p>\n<ul>\n<li>\u043e\u0447\u0438\u0449\u0430\u0435\u0442 \u0438 \u043d\u0435\u0436\u043d\u043e \u043e\u0442\u0448\u0435\u043b\u0443\u0448\u0438\u0432\u0430\u0435\u0442 \u043a\u043e\u0436\u0443, \u0434\u0435\u043b\u0430\u044f \u0435\u0435 \u043c\u044f\u0433\u043a\u043e\u0439, \u0433\u043b\u0430\u0434\u043a\u043e\u0439 \u0438 \u0441\u0438\u044f\u044e\u0449\u0435\u0439;<\/li>\n<li>\u043f\u043e\u0434\u0445\u043e\u0434\u0438\u0442 \u0434\u043b\u044f \u0432\u0441\u0435\u0445 \u0442\u0438\u043f\u043e\u0432 \u043a\u043e\u0436\u0438, \u0434\u0430\u0436\u0435 \u0434\u043b\u044f \u0441\u0430\u043c\u043e\u0439 \u0447\u0443\u0432\u0441\u0442\u0432\u0438\u0442\u0435\u043b\u044c\u043d\u043e\u0439;<\/li>\n<li>\u043e\u0431\u043d\u043e\u0432\u043b\u0435\u043d\u043d\u0430\u044f \u0444\u043e\u0440\u043c\u0443\u043b\u0430 \u043e\u0431\u043e\u0433\u0430\u0449\u0435\u043d\u0430 \u0433\u0438\u0430\u043b\u0443\u0440\u043e\u043d\u043e\u0432\u043e\u0439 \u043a\u0438\u0441\u043b\u043e\u0442\u043e\u0439, \u044d\u043a\u043e\u043b\u043e\u0433\u0438\u0447\u0435\u0441\u043a\u0438 \u0447\u0438\u0441\u0442\u044b\u043c \u0438\u0442\u0430\u043b\u044c\u044f\u043d\u0441\u043a\u0438\u043c \u044d\u043a\u0441\u0442\u0440\u0430\u043a\u0442\u043e\u043c \u0433\u0440\u0430\u043d\u0430\u0442\u0430, \u0440\u0438\u0441\u043e\u0432\u043e\u0439 \u043f\u0443\u0434\u0440\u043e\u0439 \u0438 \u0447\u0430\u0441\u0442\u0438\u0446\u0430\u043c\u0438 \u043f\u0435\u043c\u0437\u044b;<\/li>\n<li>\u0430\u0440\u043e\u043c\u0430\u0442\u0438\u0437\u0438\u0440\u043e\u0432\u0430\u043d \u043d\u043e\u0442\u0430\u043c\u0438 \u043c\u0430\u0433\u043d\u043e\u043b\u0438\u0438, \u043f\u0435\u0440\u0441\u0438\u043a\u0430 \u0438 \u0441\u0430\u043d\u0434\u0430\u043b\u043e\u0432\u043e\u0433\u043e \u0434\u0435\u0440\u0435\u0432\u0430.<\/li>\n<\/ul>\n<p>\ud83c\uddfa\ud83c\uddf8 Exfoliating and smoothing face scrub KIKO Milano New Pure Clean Scrub (75ml)<\/p>\n<\/div>\n<ul>\n<li>cleanses and gently exfoliates the skin, leaving it soft with a smooth and radiant appearance;<\/li>\n<li>suitable for all skin types, including sensitive;<\/li>\n<li>updated formula enriched with hyaluronic acid, sustainably sourced Italian pomegranate extract, rice powder and pumice stone particles;<\/li>\n<li>scented with notes of magnolia, peach and sandalwood.<\/li>\n<\/ul>\n<div class=\"woocommerce-product-details__short-description\"><\/div>\n<\/div>\n<\/div>\n","protected":false},"featured_media":18131,"template":"","meta":{"jetpack_publicize_message":"","jetpack_publicize_feature_enabled":true,"jetpack_social_post_already_shared":false,"jetpack_social_options":{"image_generator_settings":{"template":"highway","default_image_id":0,"font":"","enabled":false},"version":2}},"product_brand":[],"product_cat":[340,631,966,964,965],"product_tag":[],"class_list":{"0":"post-18128","1":"product","2":"type-product","3":"status-publish","4":"has-post-thumbnail","6":"product_cat-kiko-milano","7":"product_cat-sale","8":"product_cat-masks","9":"product_cat-face-care","10":"product_cat-face-cleansers","11":"pa_suurus-200ml","12":"pa_suurus-50ml","14":"first","15":"instock","16":"sale","17":"shipping-taxable","18":"purchasable","19":"product-type-simple"},"jetpack_publicize_connections":[],"jetpack_sharing_enabled":true,"jetpack_likes_enabled":true,"_links":{"self":[{"href":"https:\/\/superstore.ee\/index.php\/wp-json\/wp\/v2\/product\/18128","targetHints":{"allow":["GET"]}}],"collection":[{"href":"https:\/\/superstore.ee\/index.php\/wp-json\/wp\/v2\/product"}],"about":[{"href":"https:\/\/superstore.ee\/index.php\/wp-json\/wp\/v2\/types\/product"}],"wp:featuredmedia":[{"embeddable":true,"href":"https:\/\/superstore.ee\/index.php\/wp-json\/wp\/v2\/media\/18131"}],"wp:attachment":[{"href":"https:\/\/superstore.ee\/index.php\/wp-json\/wp\/v2\/media?parent=18128"}],"wp:term":[{"taxonomy":"product_brand","embeddable":true,"href":"https:\/\/superstore.ee\/index.php\/wp-json\/wp\/v2\/product_brand?post=18128"},{"taxonomy":"product_cat","embeddable":true,"href":"https:\/\/superstore.ee\/index.php\/wp-json\/wp\/v2\/product_cat?post=18128"},{"taxonomy":"product_tag","embeddable":true,"href":"https:\/\/superstore.ee\/index.php\/wp-json\/wp\/v2\/product_tag?post=18128"}],"curies":[{"name":"wp","href":"https:\/\/api.w.org\/{rel}","templated":true}]}}