{"id":18132,"date":"2024-09-03T19:32:30","date_gmt":"2024-09-03T16:32:30","guid":{"rendered":"https:\/\/superstore.ee\/?post_type=product&#038;p=18132"},"modified":"2026-02-01T17:44:02","modified_gmt":"2026-02-01T15:44:02","slug":"naovaht-kiko-milano-new-pure-clean-foam-150ml","status":"publish","type":"product","link":"https:\/\/superstore.ee\/index.php\/toode\/naovaht-kiko-milano-new-pure-clean-foam-150ml\/","title":{"rendered":"N\u00e4ovaht KIKO Milano New Pure Clean Foam (150ml)"},"content":{"rendered":"","protected":false},"excerpt":{"rendered":"<div class=\"ProductDetails__Name visible-md\">\n<div role=\"heading\" data-size=\"medium\">\n<div class=\"woocommerce-product-details__short-description\">\n<p>\ud83c\uddea\ud83c\uddea Puhastav n\u00e4ovaht KIKO Milano (150ml)<\/p>\n<ul>\n<li>v\u00e4rske ja kerge, nahal uskumatult mugav;<\/li>\n<li>uendatud valem on rikastatud h\u00fcaluroonhappe, keskkonnas\u00f5braliku Itaalia granaat\u00f5una ekstrakti ja vesiroosi ekstraktiga;<\/li>\n<li>l\u00f5hnastatud magnoolia, virsiku ja sandlipuu nootidega;<\/li>\n<li>sobib k\u00f5ikidele nahat\u00fc\u00fcpidele, sh tundlikule;<\/li>\n<li>saab kasutada igap\u00e4evaselt.<\/li>\n<\/ul>\n<\/div>\n<div class=\"woocommerce-product-details__short-description\">\n<p>\ud83c\uddf7\ud83c\uddfa \u041e\u0447\u0438\u0449\u0430\u044e\u0449\u0430\u044f \u043f\u0435\u043d\u043a\u0430 \u0434\u043b\u044f \u043b\u0438\u0446\u0430 KIKO Milano (150\u043c\u043b)<\/p>\n<ul>\n<li>\u0441\u0432\u0435\u0436\u0430\u044f \u0438 \u043b\u0435\u0433\u043a\u0430\u044f, \u043e\u043d\u0430 \u043d\u0435\u0432\u0435\u0440\u043e\u044f\u0442\u043d\u043e \u043a\u043e\u043c\u0444\u043e\u0440\u0442\u043d\u0430 \u043d\u0430 \u043a\u043e\u0436\u0435;<\/li>\n<li>\u043e\u0431\u043d\u043e\u0432\u043b\u0435\u043d\u043d\u0430\u044f \u0444\u043e\u0440\u043c\u0443\u043b\u0430 \u043e\u0431\u043e\u0433\u0430\u0449\u0435\u043d\u0430 \u0433\u0438\u0430\u043b\u0443\u0440\u043e\u043d\u043e\u0432\u043e\u0439 \u043a\u0438\u0441\u043b\u043e\u0442\u043e\u0439, \u044d\u043a\u043e\u043b\u043e\u0433\u0438\u0447\u0435\u0441\u043a\u0438 \u0447\u0438\u0441\u0442\u044b\u043c \u0438\u0442\u0430\u043b\u044c\u044f\u043d\u0441\u043a\u0438\u043c \u044d\u043a\u0441\u0442\u0440\u0430\u043a\u0442\u043e\u043c \u0433\u0440\u0430\u043d\u0430\u0442\u0430 \u0438 \u044d\u043a\u0441\u0442\u0440\u0430\u043a\u0442\u043e\u043c \u0432\u043e\u0434\u044f\u043d\u043e\u0439 \u043b\u0438\u043b\u0438\u0438;<\/li>\n<li>\u0430\u0440\u043e\u043c\u0430\u0442\u0438\u0437\u0438\u0440\u043e\u0432\u0430\u043d\u0430 \u043d\u043e\u0442\u0430\u043c\u0438 \u043c\u0430\u0433\u043d\u043e\u043b\u0438\u0438, \u043f\u0435\u0440\u0441\u0438\u043a\u0430 \u0438 \u0441\u0430\u043d\u0434\u0430\u043b\u043e\u0432\u043e\u0433\u043e \u0434\u0435\u0440\u0435\u0432\u0430;<\/li>\n<li>\u043f\u043e\u0434\u0445\u043e\u0434\u0438\u0442 \u0434\u043b\u044f \u0432\u0441\u0435\u0445 \u0442\u0438\u043f\u043e\u0432 \u043a\u043e\u0436\u0438, \u0434\u0430\u0436\u0435 \u0434\u043b\u044f \u0441\u0430\u043c\u043e\u0439 \u0447\u0443\u0432\u0441\u0442\u0432\u0438\u0442\u0435\u043b\u044c\u043d\u043e\u0439;<\/li>\n<li>\u043c\u043e\u0436\u043d\u043e \u0438\u0441\u043f\u043e\u043b\u044c\u0437\u043e\u0432\u0430\u0442\u044c \u0435\u0436\u0435\u0434\u043d\u0435\u0432\u043d\u043e.<\/li>\n<\/ul>\n<p>\ud83c\uddfa\ud83c\uddf8 KIKO Milano New Pure Clean Foam (150ml)<\/p>\n<\/div>\n<p>Cleansing and purifying face foam<\/p>\n<div class=\"woocommerce-product-details__short-description\">\n<ul>\n<li>fresh and lightweight, it is incredibly comfortable on the skin;<\/li>\n<li>updated formula is enriched with hyaluronic acid, sustainably sourced Italian pomegranate extract and water lily extract;<\/li>\n<li>scented with notes of magnolia, peach and sandalwood;<\/li>\n<li>suitable for all skin types, including sensitive;<\/li>\n<li>can be used daily.<\/li>\n<\/ul>\n<\/div>\n<\/div>\n<\/div>\n","protected":false},"featured_media":18133,"template":"","meta":{"jetpack_publicize_message":"","jetpack_publicize_feature_enabled":true,"jetpack_social_post_already_shared":false,"jetpack_social_options":{"image_generator_settings":{"template":"highway","default_image_id":0,"font":"","enabled":false},"version":2}},"product_brand":[],"product_cat":[340,912,964,965],"product_tag":[],"class_list":{"0":"post-18132","1":"product","2":"type-product","3":"status-publish","4":"has-post-thumbnail","6":"product_cat-kiko-milano","7":"product_cat-nahahooldus","8":"product_cat-face-care","9":"product_cat-face-cleansers","11":"first","12":"instock","13":"shipping-taxable","14":"purchasable","15":"product-type-simple"},"jetpack_publicize_connections":[],"jetpack_sharing_enabled":true,"jetpack_likes_enabled":true,"_links":{"self":[{"href":"https:\/\/superstore.ee\/index.php\/wp-json\/wp\/v2\/product\/18132","targetHints":{"allow":["GET"]}}],"collection":[{"href":"https:\/\/superstore.ee\/index.php\/wp-json\/wp\/v2\/product"}],"about":[{"href":"https:\/\/superstore.ee\/index.php\/wp-json\/wp\/v2\/types\/product"}],"wp:featuredmedia":[{"embeddable":true,"href":"https:\/\/superstore.ee\/index.php\/wp-json\/wp\/v2\/media\/18133"}],"wp:attachment":[{"href":"https:\/\/superstore.ee\/index.php\/wp-json\/wp\/v2\/media?parent=18132"}],"wp:term":[{"taxonomy":"product_brand","embeddable":true,"href":"https:\/\/superstore.ee\/index.php\/wp-json\/wp\/v2\/product_brand?post=18132"},{"taxonomy":"product_cat","embeddable":true,"href":"https:\/\/superstore.ee\/index.php\/wp-json\/wp\/v2\/product_cat?post=18132"},{"taxonomy":"product_tag","embeddable":true,"href":"https:\/\/superstore.ee\/index.php\/wp-json\/wp\/v2\/product_tag?post=18132"}],"curies":[{"name":"wp","href":"https:\/\/api.w.org\/{rel}","templated":true}]}}