{"id":18139,"date":"2024-09-03T20:23:07","date_gmt":"2024-09-03T17:23:07","guid":{"rendered":"https:\/\/superstore.ee\/?post_type=product&#038;p=18139"},"modified":"2025-04-21T10:51:21","modified_gmt":"2025-04-21T07:51:21","slug":"ripsmetekoolutaja-kiko-milano-eyelash-curler","status":"publish","type":"product","link":"https:\/\/superstore.ee\/index.php\/toode\/ripsmetekoolutaja-kiko-milano-eyelash-curler\/","title":{"rendered":"Ripsmetekoolutaja KIKO Milano Eyelash Curler"},"content":{"rendered":"","protected":false},"excerpt":{"rendered":"<div class=\"ProductDetails__Name visible-md\">\n<div role=\"heading\" data-size=\"medium\">\n<div class=\"woocommerce-product-details__short-description\">\n<p>\ud83c\uddea\ud83c\uddea Ripsmetekoolutaja KIKO Milano.<\/p>\n<p>Professionaalne terasest ripsmekoolutaja, mis sobib ideaalselt igat t\u00fc\u00fcpi silmadele v\u00f5i ripsmetele. Pakendis on varupadi.<\/p>\n<\/div>\n<div class=\"woocommerce-product-details__short-description\">\n<p>\ud83c\uddf7\ud83c\uddfa \u0429\u0438\u043f\u0446\u044b \u0434\u043b\u044f \u0437\u0430\u0432\u0438\u0432\u043a\u0438 \u0440\u0435\u0441\u043d\u0438\u0446 KIKO Milano.<\/p>\n<p>\u041f\u0440\u043e\u0444\u0435\u0441\u0441\u0438\u043e\u043d\u0430\u043b\u044c\u043d\u044b\u0435 \u0441\u0442\u0430\u043b\u044c\u043d\u044b\u0435 \u0449\u0438\u043f\u0446\u044b \u0434\u043b\u044f \u0437\u0430\u0432\u0438\u0432\u043a\u0438 \u0440\u0435\u0441\u043d\u0438\u0446, \u0438\u0434\u0435\u0430\u043b\u044c\u043d\u043e \u043f\u043e\u0434\u0445\u043e\u0434\u044f\u0449\u0438\u0435 \u0434\u043b\u044f \u043b\u044e\u0431\u043e\u0433\u043e \u0442\u0438\u043f\u0430 \u0433\u043b\u0430\u0437 \u0438\u043b\u0438 \u0440\u0435\u0441\u043d\u0438\u0446. \u0412 \u043a\u043e\u043c\u043f\u043b\u0435\u043a\u0442 \u0432\u0445\u043e\u0434\u0438\u0442 \u0437\u0430\u043f\u0430\u0441\u043d\u0430\u044f \u043f\u043e\u0434\u0443\u0448\u0435\u0447\u043a\u0430.<\/p>\n<p>\ud83c\uddfa\ud83c\uddf8 KIKO Milano Eyelash Curler. Professional steel eyelash curler designed to perfectly fit any type of eyes or eyelashes. A spare cushion is included in the package.<\/p>\n<\/div>\n<\/div>\n<\/div>\n","protected":false},"featured_media":18140,"template":"","meta":{"jetpack_publicize_message":"","jetpack_publicize_feature_enabled":true,"jetpack_social_post_already_shared":false,"jetpack_social_options":{"image_generator_settings":{"template":"highway","default_image_id":0,"font":"","enabled":false},"version":2}},"product_brand":[],"product_cat":[972,340,983,982],"product_tag":[],"class_list":{"0":"post-18139","1":"product","2":"type-product","3":"status-publish","4":"has-post-thumbnail","6":"product_cat-accessories","7":"product_cat-kiko-milano","8":"product_cat-mascara","9":"product_cat-eyes","11":"first","12":"outofstock","13":"shipping-taxable","14":"purchasable","15":"product-type-simple"},"jetpack_publicize_connections":[],"jetpack_sharing_enabled":true,"jetpack_likes_enabled":true,"_links":{"self":[{"href":"https:\/\/superstore.ee\/index.php\/wp-json\/wp\/v2\/product\/18139","targetHints":{"allow":["GET"]}}],"collection":[{"href":"https:\/\/superstore.ee\/index.php\/wp-json\/wp\/v2\/product"}],"about":[{"href":"https:\/\/superstore.ee\/index.php\/wp-json\/wp\/v2\/types\/product"}],"wp:featuredmedia":[{"embeddable":true,"href":"https:\/\/superstore.ee\/index.php\/wp-json\/wp\/v2\/media\/18140"}],"wp:attachment":[{"href":"https:\/\/superstore.ee\/index.php\/wp-json\/wp\/v2\/media?parent=18139"}],"wp:term":[{"taxonomy":"product_brand","embeddable":true,"href":"https:\/\/superstore.ee\/index.php\/wp-json\/wp\/v2\/product_brand?post=18139"},{"taxonomy":"product_cat","embeddable":true,"href":"https:\/\/superstore.ee\/index.php\/wp-json\/wp\/v2\/product_cat?post=18139"},{"taxonomy":"product_tag","embeddable":true,"href":"https:\/\/superstore.ee\/index.php\/wp-json\/wp\/v2\/product_tag?post=18139"}],"curies":[{"name":"wp","href":"https:\/\/api.w.org\/{rel}","templated":true}]}}