{"id":18309,"date":"2024-09-10T18:22:04","date_gmt":"2024-09-10T15:22:04","guid":{"rendered":"https:\/\/superstore.ee\/?post_type=product&#038;p=18309"},"modified":"2025-04-12T16:16:30","modified_gmt":"2025-04-12T13:16:30","slug":"kiko-milano-new-luxurious-lashes-maxi-volume-brush-mascara","status":"publish","type":"product","link":"https:\/\/superstore.ee\/index.php\/toode\/kiko-milano-new-luxurious-lashes-maxi-volume-brush-mascara\/","title":{"rendered":"Ripsmetu\u0161\u0161 KIKO Milano New Luxurious Lashes Maxi Volume Brush Mascara"},"content":{"rendered":"","protected":false},"excerpt":{"rendered":"<p>\ud83c\uddea\ud83c\uddea Ripsmeid kujundav ripsmetu\u0161\u0161 KIKO Milano. Maxi aplikaator katab iga ripsme, suurendades neid vol\u00fc\u00fcmi.\u00a0Sisaldab jojoba\u00f5li ja taimevaha ripsmete kaitsmiseks.<\/p>\n<p>\ud83c\uddf7\ud83c\uddfa \u0422\u0443\u0448\u044c \u0434\u043b\u044f \u0440\u0435\u0441\u043d\u0438\u0446 KIKO Milano, \u043f\u0440\u0435\u043e\u0431\u0440\u0430\u0436\u0430\u044e\u0449\u0430\u044f \u0440\u0435\u0441\u043d\u0438\u0446\u044b. \u041c\u0430\u043a\u0441\u0438-\u0430\u043f\u043f\u043b\u0438\u043a\u0430\u0442\u043e\u0440 \u043f\u043e\u043a\u0440\u044b\u0432\u0430\u0435\u0442 \u043a\u0430\u0436\u0434\u0443\u044e \u0440\u0435\u0441\u043d\u0438\u0447\u043a\u0443, \u043f\u0440\u0438\u0434\u0430\u0432\u0430\u044f \u043e\u0431\u044a\u0435\u043c \u0438 \u0447\u0435\u0442\u043a\u043e\u0441\u0442\u044c \u0440\u0435\u0441\u043d\u0438\u0446 \u043e\u0442 \u043e\u0441\u043d\u043e\u0432\u0430\u043d\u0438\u044f. \u0421\u043e\u0434\u0435\u0440\u0436\u0438\u0442 \u043c\u0430\u0441\u043b\u043e \u0436\u043e\u0436\u043e\u0431\u0430 \u0438 \u0440\u0430\u0441\u0442\u0438\u0442\u0435\u043b\u044c\u043d\u044b\u0439 \u0432\u043e\u0441\u043a, \u0447\u0442\u043e \u0437\u0430\u0449\u0438\u0449\u0430\u0435\u0442 \u0440\u0435\u0441\u043d\u0438\u0446\u044b.<\/p>\n<p>\ud83c\uddfa\ud83c\uddf8 KIKO Milano New Luxurious Lashes Maxi Volume Brush Mascara. Lash-reshaping mascara. The maxi applicator coats each individual lash, enhancing them with volume and definition from the base. Contains jojoba oil &amp; plant wax to protect lashes.<\/p>\n","protected":false},"featured_media":9729,"template":"","meta":{"jetpack_publicize_message":"","jetpack_publicize_feature_enabled":true,"jetpack_social_post_already_shared":false,"jetpack_social_options":{"image_generator_settings":{"template":"highway","default_image_id":0,"font":"","enabled":false},"version":2}},"product_brand":[],"product_cat":[973,340,983,982],"product_tag":[],"class_list":{"0":"post-18309","1":"product","2":"type-product","3":"status-publish","4":"has-post-thumbnail","6":"product_cat-makeup","7":"product_cat-kiko-milano","8":"product_cat-mascara","9":"product_cat-eyes","11":"first","12":"outofstock","13":"shipping-taxable","14":"purchasable","15":"product-type-simple"},"jetpack_publicize_connections":[],"jetpack_sharing_enabled":true,"jetpack_likes_enabled":true,"_links":{"self":[{"href":"https:\/\/superstore.ee\/index.php\/wp-json\/wp\/v2\/product\/18309","targetHints":{"allow":["GET"]}}],"collection":[{"href":"https:\/\/superstore.ee\/index.php\/wp-json\/wp\/v2\/product"}],"about":[{"href":"https:\/\/superstore.ee\/index.php\/wp-json\/wp\/v2\/types\/product"}],"wp:featuredmedia":[{"embeddable":true,"href":"https:\/\/superstore.ee\/index.php\/wp-json\/wp\/v2\/media\/9729"}],"wp:attachment":[{"href":"https:\/\/superstore.ee\/index.php\/wp-json\/wp\/v2\/media?parent=18309"}],"wp:term":[{"taxonomy":"product_brand","embeddable":true,"href":"https:\/\/superstore.ee\/index.php\/wp-json\/wp\/v2\/product_brand?post=18309"},{"taxonomy":"product_cat","embeddable":true,"href":"https:\/\/superstore.ee\/index.php\/wp-json\/wp\/v2\/product_cat?post=18309"},{"taxonomy":"product_tag","embeddable":true,"href":"https:\/\/superstore.ee\/index.php\/wp-json\/wp\/v2\/product_tag?post=18309"}],"curies":[{"name":"wp","href":"https:\/\/api.w.org\/{rel}","templated":true}]}}