{"id":18385,"date":"2024-09-15T17:42:09","date_gmt":"2024-09-15T14:42:09","guid":{"rendered":"https:\/\/superstore.ee\/?post_type=product&#038;p=18385"},"modified":"2024-09-15T17:47:48","modified_gmt":"2024-09-15T14:47:48","slug":"kauapusiv-36h-ja-voluumi-andev-ripsmetuss-kiko-milano-blue-me-long-lasting-mascara-free","status":"publish","type":"product","link":"https:\/\/superstore.ee\/index.php\/toode\/kauapusiv-36h-ja-voluumi-andev-ripsmetuss-kiko-milano-blue-me-long-lasting-mascara-free\/","title":{"rendered":"Kauap\u00fcsiv 36h ja vol\u00fc\u00fcmi andev ripsmetu\u0161\u0161 KIKO Milano Blue Me Long-lasting Mascara"},"content":{"rendered":"","protected":false},"excerpt":{"rendered":"<div class=\"ProductDetails__Sub hidden-md\">\n<p>\ud83c\uddea\ud83c\uddea Kauap\u00fcsiv 36h ja vol\u00fc\u00fcmi andev ripsmetu\u0161\u0161 KIKO Milano<\/p>\n<ul>\n<li>Loob vol\u00fc\u00fcmi efekti, mis kestab kuni 36 tundi<\/li>\n<li>Vegan valem koosneb 99% looduslikest koostisosadest<\/li>\n<li>Intensiivne must tekstuur on rikastatud orgaanilise sheav\u00f5i ja s\u00e4\u00e4stvalt toodetud mikrovetikatega<\/li>\n<\/ul>\n<p>\ud83c\uddf7\ud83c\uddfa \u0421\u0442\u043e\u0439\u043a\u0430\u044f \u0442\u0443\u0448\u044c \u0434\u043b\u044f \u0440\u0435\u0441\u043d\u0438\u0446 \u0441 \u044d\u0444\u0444\u0435\u043a\u0442\u043e\u043c \u043e\u0431\u044a\u0435\u043c\u0430 KIKO Milano<\/p>\n<ul>\n<li>\u0421\u043e\u0437\u0434\u0430\u0435\u0442 \u043e\u0431\u044a\u0435\u043c\u043d\u044b\u0439 \u044d\u0444\u0444\u0435\u043a\u0442, \u043a\u043e\u0442\u043e\u0440\u044b\u0439 \u0434\u043b\u0438\u0442\u0441\u044f \u0434\u043e 36 \u0447\u0430\u0441\u043e\u0432<\/li>\n<li>\u0412\u0435\u0433\u0430\u043d\u0441\u043a\u0430\u044f \u0444\u043e\u0440\u043c\u0443\u043b\u0430 \u043d\u0430 99% \u0441\u043e\u0441\u0442\u043e\u0438\u0442 \u0438\u0437 \u043d\u0430\u0442\u0443\u0440\u0430\u043b\u044c\u043d\u044b\u0445 \u0438\u043d\u0433\u0440\u0435\u0434\u0438\u0435\u043d\u0442\u043e\u0432<\/li>\n<li>\u0418\u043d\u0442\u0435\u043d\u0441\u0438\u0432\u043d\u0430\u044f \u0447\u0435\u0440\u043d\u0430\u044f \u0442\u0435\u043a\u0441\u0442\u0443\u0440\u0430 \u043e\u0431\u043e\u0433\u0430\u0449\u0435\u043d\u0430 \u043e\u0440\u0433\u0430\u043d\u0438\u0447\u0435\u0441\u043a\u0438\u043c \u043c\u0430\u0441\u043b\u043e\u043c \u0448\u0438 \u0438 \u043c\u0438\u043a\u0440\u043e\u0432\u043e\u0434\u043e\u0440\u043e\u0441\u043b\u044f\u043c\u0438, \u043f\u043e\u043b\u0443\u0447\u0435\u043d\u043d\u044b\u043c\u0438 \u044d\u043a\u043e\u043b\u043e\u0433\u0438\u0447\u0435\u0441\u043a\u0438 \u0447\u0438\u0441\u0442\u044b\u043c \u0441\u043f\u043e\u0441\u043e\u0431\u043e\u043c<\/li>\n<\/ul>\n<p>\ud83c\uddfa\ud83c\uddf8 KIKO Milano Blue Me 36h Lasting &amp; Volume Effect Mascara<\/p>\n<ul>\n<li>Creates a volume enhancing effect that lasts up to 36 hours<\/li>\n<li>The vegan formula consists of 99% natural ingredients<\/li>\n<li>The intense black texture is enriched with organic shea butter and sustainably produced micro-algae<\/li>\n<\/ul>\n<\/div>\n","protected":false},"featured_media":14156,"template":"","meta":{"jetpack_publicize_message":"","jetpack_publicize_feature_enabled":true,"jetpack_social_post_already_shared":false,"jetpack_social_options":{"image_generator_settings":{"template":"highway","default_image_id":0,"font":"","enabled":false},"version":2}},"product_brand":[],"product_cat":[340,631],"product_tag":[],"class_list":{"0":"post-18385","1":"product","2":"type-product","3":"status-publish","4":"has-post-thumbnail","6":"product_cat-kiko-milano","7":"product_cat-sale","8":"pa_varv-01-blonde","9":"pa_varv-02-chestnut","11":"first","12":"outofstock","13":"sale","14":"shipping-taxable","15":"purchasable","16":"product-type-simple"},"jetpack_publicize_connections":[],"jetpack_sharing_enabled":true,"jetpack_likes_enabled":true,"_links":{"self":[{"href":"https:\/\/superstore.ee\/index.php\/wp-json\/wp\/v2\/product\/18385","targetHints":{"allow":["GET"]}}],"collection":[{"href":"https:\/\/superstore.ee\/index.php\/wp-json\/wp\/v2\/product"}],"about":[{"href":"https:\/\/superstore.ee\/index.php\/wp-json\/wp\/v2\/types\/product"}],"wp:featuredmedia":[{"embeddable":true,"href":"https:\/\/superstore.ee\/index.php\/wp-json\/wp\/v2\/media\/14156"}],"wp:attachment":[{"href":"https:\/\/superstore.ee\/index.php\/wp-json\/wp\/v2\/media?parent=18385"}],"wp:term":[{"taxonomy":"product_brand","embeddable":true,"href":"https:\/\/superstore.ee\/index.php\/wp-json\/wp\/v2\/product_brand?post=18385"},{"taxonomy":"product_cat","embeddable":true,"href":"https:\/\/superstore.ee\/index.php\/wp-json\/wp\/v2\/product_cat?post=18385"},{"taxonomy":"product_tag","embeddable":true,"href":"https:\/\/superstore.ee\/index.php\/wp-json\/wp\/v2\/product_tag?post=18385"}],"curies":[{"name":"wp","href":"https:\/\/api.w.org\/{rel}","templated":true}]}}