{"id":18400,"date":"2024-09-15T23:47:40","date_gmt":"2024-09-15T20:47:40","guid":{"rendered":"https:\/\/superstore.ee\/?post_type=product&#038;p=18400"},"modified":"2026-02-01T13:57:52","modified_gmt":"2026-02-01T11:57:52","slug":"nao-seerum-kiko-milano-smart-glow-charge-and-detox-drops","status":"publish","type":"product","link":"https:\/\/superstore.ee\/index.php\/toode\/nao-seerum-kiko-milano-smart-glow-charge-and-detox-drops\/","title":{"rendered":"N\u00e4oseerum KIKO Milano Smart Glow, Charge and Detox Drops"},"content":{"rendered":"","protected":false},"excerpt":{"rendered":"<div class=\"ProductDetails__Name visible-md\">\n<div role=\"heading\" data-size=\"medium\">\n<div class=\"woocommerce-product-details__short-description\">\n<p>\ud83c\uddea\ud83c\uddea KIKO Milano Seerumid naha s\u00e4ra, energiak\u00fcllastamiseks ja detoksifitseerimiseks<\/p>\n<p><strong>Glow <\/strong>Drops <strong>Blueberry<\/strong>. Naha s\u00e4ra. Mustikaseemne \u00f5li<\/p>\n<ul>\n<li>Niisutab ja kirgastab nahka;<\/li>\n<li>\u00dchtlustab jumet ja annab v\u00e4sinud nahale s\u00e4ra;<\/li>\n<li>On mugava vedela koostisega, mis imendub koheselt ja on meeldiva puuviljal\u00f5hnaga.<\/li>\n<\/ul>\n<p><strong>Charge <\/strong>Drops <strong>Gi<\/strong><strong>nger<\/strong>. Naha energiak\u00fcllastus. Ingveri vesi<\/p>\n<ul>\n<li>Niisutab nahka ja taastab selle toonuse;<\/li>\n<li>V\u00f5itleb v\u00e4simuse m\u00e4rkidega jumel;<\/li>\n<li>Annab nahatoonile elastsust, omades kiiresti imenduvat tekstuur ja \u00fclimalt puuviljal\u00f5hna.<\/li>\n<\/ul>\n<p><strong>Detox <\/strong>Drops <strong>K<\/strong><strong>iwi and \u0421ucumber<\/strong>. Naha detoksikatsioon. Kiivi ja kurgi ekstrakt<\/p>\n<ul>\n<li>Koheselt detoksifitseerib jumet, ideaalne j\u00e4relpeohoolduseks;<\/li>\n<li>Aitab nahal kaitsta end v\u00e4lism\u00f5jude eest;<\/li>\n<li>Omab siidist vedelat koostist, mis imendub kergesti nahka ja on \u00fclimalt puuviljal\u00f5hnaga.<\/li>\n<\/ul>\n<p>\ud83c\uddf7\ud83c\uddfa KIKO Milano \u0441\u044b\u0432\u043e\u0440\u043e\u0442\u043a\u0438 \u0434\u043b\u044f \u0441\u0438\u044f\u043d\u0438\u044f, \u044d\u043d\u0435\u0440\u0433\u043e\u043d\u0430\u0441\u044b\u0449\u0435\u043d\u0438\u044f \u0438 \u0434\u0435\u0442\u043e\u043a\u0441\u0430 \u043a\u043e\u0436\u0438<\/p>\n<p><strong>Glow <\/strong>Drops <strong>Blueberry<\/strong>. \u0421\u0438\u044f\u043d\u0438\u0435 \u043a\u043e\u0436\u0438. \u041c\u0430\u0441\u043b\u043e \u0441\u0435\u043c\u044f\u043d \u0447\u0435\u0440\u043d\u0438\u043a\u0438<\/p>\n<ul>\n<li>\u0423\u0432\u043b\u0430\u0436\u043d\u044f\u0435\u0442 \u0438 \u043e\u0441\u0432\u0435\u0442\u043b\u044f\u0435\u0442 \u043a\u043e\u0436\u0443;<\/li>\n<li>\u0412\u044b\u0440\u0430\u0432\u043d\u0438\u0432\u0430\u0435\u0442 \u0442\u043e\u043d \u043b\u0438\u0446\u0430, \u043f\u0440\u0438\u0434\u0430\u0432\u0430\u044f \u0441\u0438\u044f\u043d\u0438\u0435 \u0443\u0442\u043e\u043c\u043b\u0435\u043d\u043d\u043e\u0439 \u043a\u043e\u0436\u0435;<\/li>\n<li>\u0418\u043c\u0435\u0435\u0442 \u0443\u0434\u043e\u0431\u043d\u0443\u044e \u0436\u0438\u0434\u043a\u0443\u044e \u0444\u043e\u0440\u043c\u0443\u043b\u0443, \u043a\u043e\u0442\u043e\u0440\u0430\u044f \u043c\u0433\u043d\u043e\u0432\u0435\u043d\u043d\u043e \u0432\u043f\u0438\u0442\u044b\u0432\u0430\u0435\u0442\u0441\u044f \u0438 \u043e\u0431\u043b\u0430\u0434\u0430\u0435\u0442 \u043f\u0440\u0435\u043a\u0440\u0430\u0441\u043d\u044b\u043c \u0444\u0440\u0443\u043a\u0442\u043e\u0432\u044b\u043c \u0430\u0440\u043e\u043c\u0430\u0442\u043e\u043c.<\/li>\n<\/ul>\n<p><strong>Charge <\/strong>Drops <strong>Gi<\/strong><strong>nger<\/strong>. \u042d\u043d\u0435\u0440\u0433\u043e\u043d\u0430\u0441\u044b\u0449\u0435\u043d\u0438\u0435\u00a0\u043a\u043e\u0436\u0438. \u0418\u043c\u0431\u0438\u0440\u043d\u0430\u044f \u0432\u043e\u0434\u0430<\/p>\n<ul>\n<li>\u0423\u0432\u043b\u0430\u0436\u043d\u044f\u0435\u0442 \u043a\u043e\u0436\u0443 \u0438 \u0432\u043e\u0441\u0441\u0442\u0430\u043d\u0430\u0432\u043b\u0438\u0432\u0430\u0435\u0442 \u0435\u0451 \u0442\u043e\u043d;<\/li>\n<li>\u0411\u043e\u0440\u0435\u0442\u0441\u044f \u0441 \u043f\u0440\u0438\u0437\u043d\u0430\u043a\u0430\u043c\u0438 \u0443\u0441\u0442\u0430\u043b\u043e\u0441\u0442\u0438 \u043d\u0430 \u043b\u0438\u0446\u0435;<\/li>\n<li>\u041f\u0440\u0438\u0434\u0430\u0435\u0442 \u043a\u043e\u0436\u0435 \u044d\u043b\u0430\u0441\u0442\u0438\u0447\u043d\u043e\u0441\u0442\u0438, \u043e\u0431\u043b\u0430\u0434\u0430\u0435\u0442 \u0431\u044b\u0441\u0442\u0440\u043e \u0432\u043f\u0438\u0442\u044b\u0432\u0430\u044e\u0449\u0435\u0439\u0441\u044f \u0442\u0435\u043a\u0441\u0442\u0443\u0440\u043e\u0439 \u0438 \u0444\u0440\u0443\u043a\u0442\u043e\u0432\u044b\u043c \u0430\u0440\u043e\u043c\u0430\u0442\u043e\u043c.<\/li>\n<\/ul>\n<p><strong>Detox<\/strong> Drops <strong>K<\/strong><strong>iwi and \u0421ucumber<\/strong>. \u0414\u0435\u0442\u043e\u043a\u0441\u0438\u043a\u0430\u0446\u0438\u044f \u043a\u043e\u0436\u0438. \u042d\u043a\u0441\u0442\u0440\u0430\u043a\u0442 \u043a\u0438\u0432\u0438 \u0438 \u043e\u0433\u0443\u0440\u0446\u0430<\/p>\n<ul>\n<li>\u041c\u0433\u043d\u043e\u0432\u0435\u043d\u043d\u043e \u043e\u0447\u0438\u0449\u0430\u0435\u0442 \u043a\u043e\u0436\u0443 \u043e\u0442 \u0442\u043e\u043a\u0441\u0438\u043d\u043e\u0432, \u0438\u0434\u0435\u0430\u043b\u044c\u043d\u043e \u043f\u043e\u0434\u0445\u043e\u0434\u0438\u0442 \u0434\u043b\u044f \u0443\u0445\u043e\u0434\u0430 \u043f\u043e\u0441\u043b\u0435 \u0432\u0435\u0447\u0435\u0440\u0438\u043d\u043a\u0438;<\/li>\n<li>\u041f\u043e\u043c\u043e\u0433\u0430\u0435\u0442 \u043a\u043e\u0436\u0435 \u0437\u0430\u0449\u0438\u0442\u0438\u0442\u044c\u0441\u044f \u043e\u0442 \u0432\u043d\u0435\u0448\u043d\u0435\u0433\u043e \u043d\u0430\u043f\u0440\u044f\u0436\u0435\u043d\u0438\u044f;<\/li>\n<li>\u0418\u043c\u0435\u0435\u0442 \u0436\u0438\u0434\u043a\u0443\u044e \u0444\u043e\u0440\u043c\u0443\u043b\u0443, \u043a\u043e\u0442\u043e\u0440\u0430\u044f \u043b\u0435\u0433\u043a\u043e \u0432\u043f\u0438\u0442\u044b\u0432\u0430\u0435\u0442\u0441\u044f \u0432 \u043a\u043e\u0436\u0443 \u0438 \u043e\u0431\u043b\u0430\u0434\u0430\u0435\u0442 \u0444\u0440\u0443\u043a\u0442\u043e\u0432\u044b\u043c \u0430\u0440\u043e\u043c\u0430\u0442\u043e\u043c.<\/li>\n<\/ul>\n<\/div>\n<div class=\"woocommerce-product-details__short-description\">\n<p>\ud83c\uddfa\ud83c\uddf8 KIKO Milano Smart Glow, Charge and Detox Drops<\/p>\n<p><strong>Glow <\/strong>Drops <strong>Blueberry <\/strong>seed oil. Illuminating booster serum<\/p>\n<ul>\n<li>Moisturizes and illuminates the skin;<\/li>\n<li>Evens out the complexion and adding life to dull skin;<\/li>\n<li>Has a comfortable liquid formula that absorbs immediately and a deliciously fruity fragrance.<\/li>\n<\/ul>\n<p><strong>Charge <\/strong>Drops <strong>Gi<\/strong><strong>nger <\/strong>water. Energising booster serum<\/p>\n<ul>\n<li>Moisturizes the skin and re-energises the skin tone;<\/li>\n<li>Combats signs of fatigue on the complexion;<\/li>\n<li>Gives an elasticising effect on the skin\u2019s tone, has a fast-absorbing texture and a super fruity fragrance.<\/li>\n<\/ul>\n<p><strong>Detox <\/strong>Drops <strong>K<\/strong><strong>iwi and \u0421ucumber <\/strong>extract.<strong> Detoxifying<\/strong> booster serum<\/p>\n<ul>\n<li>Instantly detoxifies your complexion, perfect for a post-party treatment;<\/li>\n<li>Helps the skin to protect itself against external stresses;<\/li>\n<li>Has a silky liquid formula that absorbs easily into the skin, with a super fruity fragrance.<\/li>\n<\/ul>\n<\/div>\n<\/div>\n<\/div>\n","protected":false},"featured_media":18511,"template":"","meta":{"jetpack_publicize_message":"","jetpack_publicize_feature_enabled":true,"jetpack_social_post_already_shared":false,"jetpack_social_options":{"image_generator_settings":{"template":"highway","default_image_id":0,"font":"","enabled":false},"version":2}},"product_brand":[],"product_cat":[340,967,964],"product_tag":[],"class_list":{"0":"post-18400","1":"product","2":"type-product","3":"status-publish","4":"has-post-thumbnail","6":"product_cat-kiko-milano","7":"product_cat-creams-and-serums","8":"product_cat-face-care","9":"pa_varv-blueberry","10":"pa_varv-ginger","11":"pa_varv-kiwi-and-cucumber","13":"first","14":"outofstock","15":"shipping-taxable","16":"product-type-variable"},"jetpack_publicize_connections":[],"jetpack_sharing_enabled":true,"jetpack_likes_enabled":true,"_links":{"self":[{"href":"https:\/\/superstore.ee\/index.php\/wp-json\/wp\/v2\/product\/18400","targetHints":{"allow":["GET"]}}],"collection":[{"href":"https:\/\/superstore.ee\/index.php\/wp-json\/wp\/v2\/product"}],"about":[{"href":"https:\/\/superstore.ee\/index.php\/wp-json\/wp\/v2\/types\/product"}],"wp:featuredmedia":[{"embeddable":true,"href":"https:\/\/superstore.ee\/index.php\/wp-json\/wp\/v2\/media\/18511"}],"wp:attachment":[{"href":"https:\/\/superstore.ee\/index.php\/wp-json\/wp\/v2\/media?parent=18400"}],"wp:term":[{"taxonomy":"product_brand","embeddable":true,"href":"https:\/\/superstore.ee\/index.php\/wp-json\/wp\/v2\/product_brand?post=18400"},{"taxonomy":"product_cat","embeddable":true,"href":"https:\/\/superstore.ee\/index.php\/wp-json\/wp\/v2\/product_cat?post=18400"},{"taxonomy":"product_tag","embeddable":true,"href":"https:\/\/superstore.ee\/index.php\/wp-json\/wp\/v2\/product_tag?post=18400"}],"curies":[{"name":"wp","href":"https:\/\/api.w.org\/{rel}","templated":true}]}}