{"id":18426,"date":"2024-09-17T19:04:11","date_gmt":"2024-09-17T16:04:11","guid":{"rendered":"https:\/\/superstore.ee\/?post_type=product&#038;p=18426"},"modified":"2025-12-28T14:04:47","modified_gmt":"2025-12-28T12:04:47","slug":"kulmude-palett-kiko-milano-eyebrow-expert-palette","status":"publish","type":"product","link":"https:\/\/superstore.ee\/index.php\/toode\/kulmude-palett-kiko-milano-eyebrow-expert-palette\/","title":{"rendered":"Kulmude palett KIKO Milano Eyebrow Expert Palette"},"content":{"rendered":"","protected":false},"excerpt":{"rendered":"<div class=\"ProductDetails__Name visible-md\">\n<div role=\"heading\" data-size=\"medium\">\n<div class=\"woocommerce-product-details__short-description\">\ud83c\uddea\ud83c\uddea Kulmude palett KIKO Milano<\/p>\n<p>Komplekt sobib ideaalselt igaks elujuhtumiks t\u00e4iuslike kulmude jaoks ja sisaldab k\u00f5iki tooteid, mis on vajalikud kulmude kujundamiseks, t\u00e4itmiseks ja m\u00e4\u00e4ratlemiseks.<\/p>\n<p>Kulmupalett sisaldab:<\/p>\n<ul>\n<li><strong>1 kulmude seadistus- ja vormimisvaha<\/strong>\n<p>Vaha m\u00e4\u00e4ratleb, kammib l\u00e4bi ja s\u00e4tib kulmud. Kreemjas ja kleepuv tekstuur tagab mugava pealekandmise ning v\u00f5imaldab kulmukaarel olla t\u00e4iuslikult struktureeritud ja vormitud, nii et see p\u00fcsib kaua m\u00e4\u00e4ratletuna.<\/li>\n<li><strong>2 tooni puudrit<\/strong> (hele ja tume v\u00e4rv)\n<p>Puudrid, mida kasutatakse eraldi v\u00f5i koos, t\u00e4idavad ja m\u00e4\u00e4ravad t\u00e4iuslikult kulmukaare kuju. Liin on segatav ja kokkupandav ning loob \u00f5rna viimistluse; peale vaha pealekandmist suureneb katvus ja intensiivistub v\u00e4rvus, kleepub ideaalselt intensiivsust kaotamata<\/li>\n<li><strong>3 professionaalset tarvikut<\/strong> (pintsetid, pintsliga aplikaator ja nurga all oleva otsaga aplikaator)<\/li>\n<li>peegel<\/li>\n<\/ul>\n<p>Olenevalt jume- ja juuksev\u00e4rvist saab valida 3 tooni vahel: palett 01 blondidele, palett 02 heledatele br\u00fcnettidele ja palett 03 tumedatele br\u00fcnettidele.<\/p>\n<p>\ud83c\uddf7\ud83c\uddfa \u041f\u0430\u043b\u0438\u0442\u0440\u0430 \u0434\u043b\u044f \u0431\u0440\u043e\u0432\u0435\u0439 KIKO Milano<\/p>\n<p>\u041d\u0430\u0431\u043e\u0440 \u0438\u0434\u0435\u0430\u043b\u044c\u043d\u043e \u043f\u043e\u0434\u0445\u043e\u0434\u0438\u0442 \u0434\u043b\u044f \u0441\u043e\u0437\u0434\u0430\u043d\u0438\u044f \u043c\u0430\u043a\u0438\u044f\u0436\u0430 \u0431\u0440\u043e\u0432\u0435\u0439 \u0438 \u0441\u043e\u0434\u0435\u0440\u0436\u0438\u0442 \u0432\u0441\u0435 \u043f\u0440\u043e\u0434\u0443\u043a\u0442\u044b, \u043d\u0435\u043e\u0431\u0445\u043e\u0434\u0438\u043c\u044b\u0435 \u0434\u043b\u044f \u043f\u0440\u0438\u0434\u0430\u043d\u0438\u044f \u0444\u043e\u0440\u043c\u044b, \u0437\u0430\u043f\u043e\u043b\u043d\u0435\u043d\u0438\u044f \u0438 \u0447\u0435\u0442\u043a\u043e\u0441\u0442\u0438 \u0431\u0440\u043e\u0432\u044f\u043c.<\/p>\n<p>\u041f\u0430\u043b\u0438\u0442\u0440\u0430 \u0441\u043e\u0441\u0442\u043e\u0438\u0442 \u0438\u0437:<\/p>\n<ul>\n<li><strong>1 \u0432\u043e\u0441\u043a \u0434\u043b\u044f \u0431\u0440\u043e\u0432\u0435\u0439<\/strong>\n<p>\u0412\u043e\u0441\u043a \u043f\u043e\u0434\u0447\u0435\u0440\u043a\u0438\u0432\u0430\u0435\u0442, \u043f\u0440\u043e\u0447\u0435\u0441\u044b\u0432\u0430\u0435\u0442 \u0438 \u0444\u0438\u043a\u0441\u0438\u0440\u0443\u0435\u0442 \u0431\u0440\u043e\u0432\u0438. \u041a\u0440\u0435\u043c\u043e\u0432\u0430\u044f \u0438 \u043b\u0438\u043f\u043a\u0430\u044f \u0442\u0435\u043a\u0441\u0442\u0443\u0440\u0430 \u043e\u0431\u0435\u0441\u043f\u0435\u0447\u0438\u0432\u0430\u0435\u0442 \u043a\u043e\u043c\u0444\u043e\u0440\u0442\u043d\u043e\u0435 \u043d\u0430\u043d\u0435\u0441\u0435\u043d\u0438\u0435 \u0438 \u043f\u043e\u0437\u0432\u043e\u043b\u044f\u0435\u0442 \u0438\u0434\u0435\u0430\u043b\u044c\u043d\u043e \u0441\u0442\u0440\u0443\u043a\u0442\u0443\u0440\u0438\u0440\u043e\u0432\u0430\u0442\u044c \u0438 \u043f\u0440\u0438\u0434\u0430\u0442\u044c \u0444\u043e\u0440\u043c\u0443 \u0431\u0440\u043e\u0432\u043d\u043e\u0439 \u0434\u0443\u0433\u0435, \u0441\u043e\u0445\u0440\u0430\u043d\u044f\u044f \u0435\u0435 \u0447\u0435\u0442\u043a\u043e\u0441\u0442\u044c \u0432 \u0442\u0435\u0447\u0435\u043d\u0438\u0435 \u0434\u043b\u0438\u0442\u0435\u043b\u044c\u043d\u043e\u0433\u043e \u0432\u0440\u0435\u043c\u0435\u043d\u0438.<\/li>\n<li><strong>2 \u043f\u0443\u0434\u0440\u0435\u043d\u043d\u044b\u0445 \u0442\u043e\u043d\u0430<\/strong> (\u0441\u0432\u0435\u0442\u043b\u044b\u0439 \u0438 \u0442\u0435\u043c\u043d\u044b\u0439 \u0442\u043e\u043d)\n<p>\u041f\u0443\u0434\u0440\u044b, \u0438\u0441\u043f\u043e\u043b\u044c\u0437\u0443\u0435\u043c\u044b\u0435 \u043f\u043e \u043e\u0442\u0434\u0435\u043b\u044c\u043d\u043e\u0441\u0442\u0438 \u0438\u043b\u0438 \u0432\u043c\u0435\u0441\u0442\u0435, \u0437\u0430\u043f\u043e\u043b\u043d\u044f\u044e\u0442 \u0438 \u0438\u0434\u0435\u0430\u043b\u044c\u043d\u043e \u043e\u043f\u0440\u0435\u0434\u0435\u043b\u044f\u044e\u0442 \u0444\u043e\u0440\u043c\u0443 \u0431\u0440\u043e\u0432\u0438. \u041b\u0438\u043d\u0438\u044f \u043b\u0435\u0433\u043a\u043e \u0440\u0430\u0441\u0442\u0443\u0448\u0435\u0432\u044b\u0432\u0430\u0435\u0442\u0441\u044f \u0438 \u043d\u0430\u0440\u0430\u0449\u0438\u0432\u0430\u0435\u0442\u0441\u044f, \u0441\u043e\u0437\u0434\u0430\u0432\u0430\u044f \u043d\u0435\u0436\u043d\u044b\u0439 \u0444\u0438\u043d\u0438\u0448; \u043f\u043e\u0441\u043b\u0435 \u043d\u0430\u043d\u0435\u0441\u0435\u043d\u0438\u044f \u0432\u043e\u0441\u043a\u0430 \u043f\u043e\u043a\u0440\u044b\u0442\u0438\u0435 \u0443\u0432\u0435\u043b\u0438\u0447\u0438\u0432\u0430\u0435\u0442\u0441\u044f, \u0430 \u0446\u0432\u0435\u0442 \u0441\u0442\u0430\u043d\u043e\u0432\u0438\u0442\u0441\u044f \u0438\u043d\u0442\u0435\u043d\u0441\u0438\u0432\u043d\u0435\u0435 \u0438 \u043f\u0440\u0435\u043a\u0440\u0430\u0441\u043d\u043e \u0434\u0435\u0440\u0436\u0438\u0442\u0441\u044f.<\/li>\n<li><strong>3 \u043f\u0440\u043e\u0444\u0435\u0441\u0441\u0438\u043e\u043d\u0430\u043b\u044c\u043d\u044b\u0445 \u0430\u043a\u0441\u0435\u0441\u0441\u0443\u0430\u0440\u0430<\/strong> (\u043f\u0438\u043d\u0446\u0435\u0442, \u0430\u043f\u043f\u043b\u0438\u043a\u0430\u0442\u043e\u0440 \u0441 \u043a\u0438\u0441\u0442\u043e\u0447\u043a\u043e\u0439 \u0438 \u0430\u043f\u043f\u043b\u0438\u043a\u0430\u0442\u043e\u0440 \u0441 \u0443\u0433\u043b\u043e\u0432\u044b\u043c \u043d\u0430\u043a\u043e\u043d\u0435\u0447\u043d\u0438\u043a\u043e\u043c)<\/li>\n<li>\u0437\u0435\u0440\u043a\u0430\u043b\u043e<\/li>\n<\/ul>\n<p>\u0412 \u0437\u0430\u0432\u0438\u0441\u0438\u043c\u043e\u0441\u0442\u0438 \u043e\u0442 \u0446\u0432\u0435\u0442\u0430 \u0432\u0430\u0448\u0435\u0433\u043e \u043b\u0438\u0446\u0430 \u0438 \u0446\u0432\u0435\u0442\u0430 \u0432\u043e\u043b\u043e\u0441 \u0432\u044b \u043c\u043e\u0436\u0435\u0442\u0435 \u0432\u044b\u0431\u0440\u0430\u0442\u044c \u043e\u0434\u0438\u043d \u0438\u0437 3 \u043e\u0442\u0442\u0435\u043d\u043a\u043e\u0432: \u043f\u0430\u043b\u0438\u0442\u0440\u0430 01 \u0434\u043b\u044f \u0431\u043b\u043e\u043d\u0434\u0438\u043d\u043e\u043a, \u043f\u0430\u043b\u0438\u0442\u0440\u0430 02 \u0434\u043b\u044f \u0441\u0432\u0435\u0442\u043b\u044b\u0445 \u0431\u0440\u044e\u043d\u0435\u0442\u043e\u043a \u0438 \u043f\u0430\u043b\u0438\u0442\u0440\u0430 03 \u0434\u043b\u044f \u0442\u0435\u043c\u043d\u044b\u0445 \u0431\u0440\u044e\u043d\u0435\u0442\u043e\u043a.\n<\/p><\/div>\n<div class=\"woocommerce-product-details__short-description\">\ud83c\uddfa\ud83c\uddf8 KIKO Milano Eyebrow Expert Palette<\/p>\n<p>This kit, ideal for perfect eyebrows on every occasion, contains all the products necessary to shape, fill and define your brows<\/p>\n<p>Eyebrow Expert Palette consists of:<\/p>\n<ul>\n<li><strong>1 eyebrow setting and shaping wax<\/strong>\n<p>The wax defines, combs through and sets the eyebrows. The new creamy and adherent texture ensures comfortable application and allows the brow arch to be perfectly structured and shaped, so it stays defined for a long time.<\/li>\n<li><strong>2 shades of powder<\/strong> (light and dark colour)\n<p>The powders, used alone or together, fill and perfectly define the shape of the eyebrow arch. The line is blendable and buildable and creates a delicate finish; after the wax is applied, the coverage increases and the colour intensifies, adhering perfectly without losing intensity.<\/li>\n<li><strong>3 professional accessories<\/strong> (tweezers, applicator with brush and applicator with angled tip)<\/li>\n<\/ul>\n<p>Depending on complexion and hair colour, you can choose from 3 shades: palette 01 for blondes, palette 02 for light brunettes and palette 03 for dark brunettes.<\/p><\/div>\n<\/div>\n<\/div>\n","protected":false},"featured_media":18446,"template":"","meta":{"jetpack_publicize_message":"","jetpack_publicize_feature_enabled":true,"jetpack_social_post_already_shared":false,"jetpack_social_options":{"image_generator_settings":{"template":"highway","default_image_id":0,"font":"","enabled":false},"version":2}},"product_brand":[],"product_cat":[973,340,981],"product_tag":[],"class_list":{"0":"post-18426","1":"product","2":"type-product","3":"status-publish","4":"has-post-thumbnail","6":"product_cat-makeup","7":"product_cat-kiko-milano","8":"product_cat-brows","9":"pa_varv-01-blonde","10":"pa_varv-02-brown","11":"pa_varv-03-brunette","13":"first","14":"outofstock","15":"shipping-taxable","16":"product-type-variable"},"jetpack_publicize_connections":[],"jetpack_sharing_enabled":true,"jetpack_likes_enabled":true,"_links":{"self":[{"href":"https:\/\/superstore.ee\/index.php\/wp-json\/wp\/v2\/product\/18426","targetHints":{"allow":["GET"]}}],"collection":[{"href":"https:\/\/superstore.ee\/index.php\/wp-json\/wp\/v2\/product"}],"about":[{"href":"https:\/\/superstore.ee\/index.php\/wp-json\/wp\/v2\/types\/product"}],"wp:featuredmedia":[{"embeddable":true,"href":"https:\/\/superstore.ee\/index.php\/wp-json\/wp\/v2\/media\/18446"}],"wp:attachment":[{"href":"https:\/\/superstore.ee\/index.php\/wp-json\/wp\/v2\/media?parent=18426"}],"wp:term":[{"taxonomy":"product_brand","embeddable":true,"href":"https:\/\/superstore.ee\/index.php\/wp-json\/wp\/v2\/product_brand?post=18426"},{"taxonomy":"product_cat","embeddable":true,"href":"https:\/\/superstore.ee\/index.php\/wp-json\/wp\/v2\/product_cat?post=18426"},{"taxonomy":"product_tag","embeddable":true,"href":"https:\/\/superstore.ee\/index.php\/wp-json\/wp\/v2\/product_tag?post=18426"}],"curies":[{"name":"wp","href":"https:\/\/api.w.org\/{rel}","templated":true}]}}