{"id":18590,"date":"2024-09-28T12:07:41","date_gmt":"2024-09-28T09:07:41","guid":{"rendered":"https:\/\/superstore.ee\/?post_type=product&#038;p=18590"},"modified":"2025-04-12T16:14:11","modified_gmt":"2025-04-12T13:14:11","slug":"kiko-milano-unlimited-double-touch-lipstick-109","status":"publish","type":"product","link":"https:\/\/superstore.ee\/index.php\/toode\/kiko-milano-unlimited-double-touch-lipstick-109\/","title":{"rendered":"KIKO Milano Unlimited Double Touch Lipstick 109"},"content":{"rendered":"<p>\ud83c\uddea\ud83c\uddea KIKO Milano kauap\u00fcsiv kaheastmeline vedel huulepulk, mis p\u00fcsib kuni 12 tundi.<\/p>\n<p>Annab huultele maksimaalse mugavuse ja \u00fchtlase v\u00e4rvi. Plekikindel, v\u00e4ga kiire kuivamisajaga.<\/p>\n<p>Kanna v\u00e4rvip\u00f5hi puhastatud, niisutatud huultele. Oodake minut, et vedel huulepulk t\u00e4ielikult kuivaks.<\/p>\n<p>Eriti l\u00e4ikiva tulemuse saavutamiseks kanna huulel\u00e4ige v\u00e4rvip\u00f5hja peale.<\/p>\n<p>\ud83c\uddf7\ud83c\uddfa KIKO Milano \u0441\u0442\u043e\u0439\u043a\u0430\u044f \u0434\u0432\u0443\u0445-\u044d\u0442\u0430\u043f\u043d\u0430\u044f \u0436\u0438\u0434\u043a\u0430\u044f \u043f\u043e\u043c\u0430\u0434\u0430 \u0441 \u044f\u0440\u043a\u0438\u043c \u0444\u0438\u043d\u0438\u0448\u0435\u043c. \u0421\u0442\u043e\u0439\u043a\u043e\u0441\u0442\u044c \u0434\u043e 12 \u0447\u0430\u0441\u043e\u0432.<\/p>\n<p>\u041e\u0431\u0435\u0441\u043f\u0435\u0447\u0438\u0432\u0430\u0435\u0442 \u043c\u0430\u043a\u0441\u0438\u043c\u0430\u043b\u044c\u043d\u044b\u0439 \u043a\u043e\u043c\u0444\u043e\u0440\u0442 \u043d\u0430 \u0433\u0443\u0431\u0430\u0445 \u0438 \u0440\u043e\u0432\u043d\u044b\u0439 \u0446\u0432\u0435\u0442. \u0423\u0434\u043e\u0431\u043d\u044b\u0439 \u0430\u043f\u043f\u043b\u0438\u043a\u0430\u0442\u043e\u0440 \u0434\u043b\u044f \u0440\u0430\u0432\u043d\u043e\u043c\u0435\u0440\u043d\u043e\u0433\u043e \u0438 \u043f\u043b\u0430\u0432\u043d\u043e\u0433\u043e \u043d\u0430\u043d\u0435\u0441\u0435\u043d\u0438\u044f. \u041d\u0435 \u0440\u0430\u0437\u043c\u0430\u0437\u044b\u0432\u0430\u0435\u0442\u0441\u044f, \u043e\u0447\u0435\u043d\u044c \u0431\u044b\u0441\u0442\u0440\u043e \u0441\u043e\u0445\u043d\u0435\u0442<br \/>\n\u041d\u0430\u043d\u0435\u0441\u0438\u0442\u0435 \u0446\u0432\u0435\u0442\u043d\u0443\u044e \u043e\u0441\u043d\u043e\u0432\u0443 \u043d\u0430 \u043e\u0447\u0438\u0449\u0435\u043d\u043d\u044b\u0435, \u0443\u0432\u043b\u0430\u0436\u043d\u0435\u043d\u043d\u044b\u0435 \u0433\u0443\u0431\u044b. \u041f\u043e\u0434\u043e\u0436\u0434\u0438\u0442\u0435 \u043c\u0438\u043d\u0443\u0442\u0443, \u0447\u0442\u043e\u0431\u044b \u0436\u0438\u0434\u043a\u0430\u044f \u043f\u043e\u043c\u0430\u0434\u0430 \u043f\u043e\u043b\u043d\u043e\u0441\u0442\u044c\u044e \u0432\u044b\u0441\u043e\u0445\u043b\u0430.<\/p>\n<p>\u041d\u0430\u043d\u0435\u0441\u0438\u0442\u0435 \u0431\u043b\u0435\u0441\u043a \u0434\u043b\u044f \u0433\u0443\u0431 \u043f\u043e\u0432\u0435\u0440\u0445 \u0446\u0432\u0435\u0442\u043d\u043e\u0439 \u043e\u0441\u043d\u043e\u0432\u044b \u0434\u043b\u044f \u0434\u043e\u043f\u043e\u043b\u043d\u0438\u0442\u0435\u043b\u044c\u043d\u043e\u0433\u043e \u0441\u0438\u044f\u043d\u0438\u044f.<\/p>\n<p>\ud83c\uddfa\ud83c\uddf8 KIKO Milano Unlimited Double Touch. Liquid lipstick with a bright finish in a two-step application. Lasts up to 12 hours. No-transfer base colour.<\/p>\n<p style=\"padding-left: 40px;\">Apply the colour base to cleansed, moisturized lips. Wait a minute to allow the liquid lipstick to dry completely.<br \/>\nApply the lip gloss on top of the colour base for an extra-shiny resul<\/p>\n","protected":false},"excerpt":{"rendered":"<p>\ud83c\uddea\ud83c\uddea KIKO Milano kauap\u00fcsiv kaheastmeline vedel huulepulk, mis p\u00fcsib kuni 12 tundi.<\/p>\n<p>Annab huultele maksimaalse mugavuse ja \u00fchtlase v\u00e4rvi. Plekikindel, v\u00e4ga kiire kuivamisajaga.<\/p>\n<p>Kanna v\u00e4rvip\u00f5hi puhastatud, niisutatud huultele. Oodake minut, et vedel huulepulk t\u00e4ielikult kuivaks.<\/p>\n<p>Eriti l\u00e4ikiva tulemuse saavutamiseks kanna huulel\u00e4ige v\u00e4rvip\u00f5hja peale.<\/p>\n<p>\ud83c\uddf7\ud83c\uddfa KIKO Milano \u0441\u0442\u043e\u0439\u043a\u0430\u044f \u0434\u0432\u0443\u0445-\u044d\u0442\u0430\u043f\u043d\u0430\u044f \u0436\u0438\u0434\u043a\u0430\u044f \u043f\u043e\u043c\u0430\u0434\u0430 \u0441 \u044f\u0440\u043a\u0438\u043c \u0444\u0438\u043d\u0438\u0448\u0435\u043c. \u0421\u0442\u043e\u0439\u043a\u043e\u0441\u0442\u044c \u0434\u043e 12 \u0447\u0430\u0441\u043e\u0432.<\/p>\n<p>\u041e\u0431\u0435\u0441\u043f\u0435\u0447\u0438\u0432\u0430\u0435\u0442 \u043c\u0430\u043a\u0441\u0438\u043c\u0430\u043b\u044c\u043d\u044b\u0439 \u043a\u043e\u043c\u0444\u043e\u0440\u0442 \u043d\u0430 \u0433\u0443\u0431\u0430\u0445 \u0438 \u0440\u043e\u0432\u043d\u044b\u0439 \u0446\u0432\u0435\u0442. \u0423\u0434\u043e\u0431\u043d\u044b\u0439 \u0430\u043f\u043f\u043b\u0438\u043a\u0430\u0442\u043e\u0440 \u0434\u043b\u044f \u0440\u0430\u0432\u043d\u043e\u043c\u0435\u0440\u043d\u043e\u0433\u043e \u0438 \u043f\u043b\u0430\u0432\u043d\u043e\u0433\u043e \u043d\u0430\u043d\u0435\u0441\u0435\u043d\u0438\u044f. \u041d\u0435 \u0440\u0430\u0437\u043c\u0430\u0437\u044b\u0432\u0430\u0435\u0442\u0441\u044f, \u043e\u0447\u0435\u043d\u044c \u0431\u044b\u0441\u0442\u0440\u043e \u0441\u043e\u0445\u043d\u0435\u0442<\/p>\n<p>\u041d\u0430\u043d\u0435\u0441\u0438\u0442\u0435 \u0446\u0432\u0435\u0442\u043d\u0443\u044e \u043e\u0441\u043d\u043e\u0432\u0443 \u043d\u0430 \u043e\u0447\u0438\u0449\u0435\u043d\u043d\u044b\u0435, \u0443\u0432\u043b\u0430\u0436\u043d\u0435\u043d\u043d\u044b\u0435 \u0433\u0443\u0431\u044b. \u041f\u043e\u0434\u043e\u0436\u0434\u0438\u0442\u0435 \u043c\u0438\u043d\u0443\u0442\u0443, \u0447\u0442\u043e\u0431\u044b \u0436\u0438\u0434\u043a\u0430\u044f \u043f\u043e\u043c\u0430\u0434\u0430 \u043f\u043e\u043b\u043d\u043e\u0441\u0442\u044c\u044e \u0432\u044b\u0441\u043e\u0445\u043b\u0430.<\/p>\n<p>\u041d\u0430\u043d\u0435\u0441\u0438\u0442\u0435 \u0431\u043b\u0435\u0441\u043a \u0434\u043b\u044f \u0433\u0443\u0431 \u043f\u043e\u0432\u0435\u0440\u0445 \u0446\u0432\u0435\u0442\u043d\u043e\u0439 \u043e\u0441\u043d\u043e\u0432\u044b \u0434\u043b\u044f \u0434\u043e\u043f\u043e\u043b\u043d\u0438\u0442\u0435\u043b\u044c\u043d\u043e\u0433\u043e \u0441\u0438\u044f\u043d\u0438\u044f.<\/p>\n<p>\ud83c\uddfa\ud83c\uddf8 KIKO Milano Unlimited Double Touch. Liquid lipstick with a bright finish in a two-step application. Lasts up to 12 hours. No-transfer base colour.<\/p>\n<p>Apply the colour base to cleansed, moisturized lips. Wait a minute to allow the liquid lipstick to dry completely.<\/p>\n<p>Apply the lip gloss on top of the colour base for an extra-shiny result<\/p>\n","protected":false},"featured_media":18588,"template":"","meta":{"jetpack_publicize_message":"","jetpack_publicize_feature_enabled":true,"jetpack_social_post_already_shared":false,"jetpack_social_options":{"image_generator_settings":{"template":"highway","default_image_id":0,"font":"","enabled":false},"version":2}},"product_brand":[],"product_cat":[988,987,986,973,340],"product_tag":[],"class_list":{"0":"post-18590","1":"product","2":"type-product","3":"status-publish","4":"has-post-thumbnail","6":"product_cat-lip-gloss","7":"product_cat-lipstick","8":"product_cat-kiko-lips","9":"product_cat-makeup","10":"product_cat-kiko-milano","12":"first","13":"outofstock","14":"sale","15":"shipping-taxable","16":"purchasable","17":"product-type-simple"},"jetpack_publicize_connections":[],"jetpack_sharing_enabled":true,"jetpack_likes_enabled":true,"_links":{"self":[{"href":"https:\/\/superstore.ee\/index.php\/wp-json\/wp\/v2\/product\/18590","targetHints":{"allow":["GET"]}}],"collection":[{"href":"https:\/\/superstore.ee\/index.php\/wp-json\/wp\/v2\/product"}],"about":[{"href":"https:\/\/superstore.ee\/index.php\/wp-json\/wp\/v2\/types\/product"}],"wp:featuredmedia":[{"embeddable":true,"href":"https:\/\/superstore.ee\/index.php\/wp-json\/wp\/v2\/media\/18588"}],"wp:attachment":[{"href":"https:\/\/superstore.ee\/index.php\/wp-json\/wp\/v2\/media?parent=18590"}],"wp:term":[{"taxonomy":"product_brand","embeddable":true,"href":"https:\/\/superstore.ee\/index.php\/wp-json\/wp\/v2\/product_brand?post=18590"},{"taxonomy":"product_cat","embeddable":true,"href":"https:\/\/superstore.ee\/index.php\/wp-json\/wp\/v2\/product_cat?post=18590"},{"taxonomy":"product_tag","embeddable":true,"href":"https:\/\/superstore.ee\/index.php\/wp-json\/wp\/v2\/product_tag?post=18590"}],"curies":[{"name":"wp","href":"https:\/\/api.w.org\/{rel}","templated":true}]}}