{"id":18686,"date":"2024-10-06T00:02:34","date_gmt":"2024-10-05T21:02:34","guid":{"rendered":"https:\/\/superstore.ee\/?post_type=product&#038;p=18686"},"modified":"2026-02-23T14:43:41","modified_gmt":"2026-02-23T12:43:41","slug":"kehasprei-victorias-secret-sol-body-mist-250ml","status":"publish","type":"product","link":"https:\/\/superstore.ee\/index.php\/toode\/kehasprei-victorias-secret-sol-body-mist-250ml\/","title":{"rendered":"Kehasprei Victoria\u2019s Secret Sol Body Mist (250ml)"},"content":{"rendered":"","protected":false},"excerpt":{"rendered":"<p><span style=\"font-weight: 400;\">\ud83c\uddea\ud83c\uddea Kehasprei Victoria\u2019s Secret Sol Body Mist (250ml)\u00a0<\/span><\/p>\n<ul>\n<li><span style=\"font-weight: 400;\"><em><strong>Pure Seduction <\/strong><\/em>\u2014 T\u00fc\u00fcp: puuviljane lilleline \u2022 <\/span><span style=\"font-weight: 400;\">Noodid: apelsini mimoos, s\u00e4rav ananass<\/span><\/li>\n<li><em><strong>Bare Vanilla<\/strong><\/em> \u2014 T\u00fc\u00fcp: soe puuviljane \u2022 Noodid: pomelo, vanilje<\/li>\n<li><span style=\"font-weight: 400;\"><em><strong>Love Spell<\/strong><\/em> \u2014 T\u00fc\u00fcp: lilleline puuviljane \u2022 Noodid: sidruni\u00f5ied, s\u00e4delev neroli<\/span><\/li>\n<li><span style=\"font-weight: 400;\"><em><strong>Velvet Petals <\/strong><\/em>\u2014\u00a0T\u00fc\u00fcp: lilleline h\u00f5rk \u2022 Noodid: mahlane bergamott, valge pojeng<\/span><\/li>\n<\/ul>\n<p><em>Kombineerige sobiva kehakreemiga.<\/em><\/p>\n<p><span style=\"font-weight: 400;\">\ud83c\uddf7\ud83c\uddfa Victoria\u2019s Secret Sol \u0421\u043f\u0440\u0435\u0439 \u0434\u043b\u044f \u0442\u0435\u043b\u0430 (250ml)<\/span><\/p>\n<ul>\n<li><span style=\"font-weight: 400;\"><em><strong>Pure Seduction <\/strong><\/em>\u2014 \u0422\u0438\u043f: \u0444\u0440\u0443\u043a\u0442\u043e\u0432\u044b\u0439 \u0446\u0432\u0435\u0442\u043e\u0447\u043d\u044b\u0439 \u2022 \u041d\u043e\u0442\u044b: \u0430\u043f\u0435\u043b\u044c\u0441\u0438\u043d\u043e\u0432\u0430\u044f \u043c\u0438\u043c\u043e\u0437\u0430, \u0430\u043d\u0430\u043d\u0430\u0441<br \/>\n<\/span><\/li>\n<li><em><strong>Bare Vanilla<\/strong><\/em> \u2014 \u0422\u0438\u043f: \u0442\u0435\u043f\u043b\u044b\u0439 \u0444\u0440\u0443\u043a\u0442\u043e\u0432\u044b\u0439 \u2022 \u041d\u043e\u0442\u044b: \u043f\u043e\u043c\u0435\u043b\u043e, \u0432\u0430\u043d\u0438\u043b\u044c<\/li>\n<li><span style=\"font-weight: 400;\"><em><strong>Love Spell<\/strong><\/em> \u2014 \u0422\u0438\u043f: \u0446\u0432\u0435\u0442\u043e\u0447\u043d\u044b\u0439 \u0444\u0440\u0443\u043a\u0442\u043e\u0432\u044b\u0439 \u2022 \u041d\u043e\u0442\u044b: \u043b\u0438\u043c\u043e\u043d\u043d\u044b\u0439 \u0446\u0432\u0435\u0442\u043e\u043a, \u043d\u0435\u0440\u043e\u043b\u0438<\/span><\/li>\n<li><span style=\"font-weight: 400;\"><em><strong>Velvet Petals<\/strong><\/em> \u2014 \u0422\u0438\u043f: \u0446\u0432\u0435\u0442\u043e\u0447\u043d\u044b\u0439 \u0433\u0443\u0440\u043c\u0430\u043d\u0441\u043a\u0438\u0439 \u2022 \u041d\u043e\u0442\u044b: \u0441\u043e\u0447\u043d\u044b\u0439 \u0431\u0435\u0440\u0433\u0430\u043c\u043e\u0442, \u0431\u0435\u043b\u044b\u0439 \u043f\u0438\u043e\u043d<\/span><\/li>\n<\/ul>\n<p><em>\u0421\u043e\u0447\u0435\u0442\u0430\u0439\u0442\u0435 \u0441\u043f\u0440\u0435\u0439 \u0441 \u0441\u043e\u043e\u0442\u0432\u0435\u0442\u0441\u0442\u0432\u0443\u044e\u0449\u0438\u043c \u043b\u043e\u0441\u044c\u043e\u043d\u043e\u043c \u0434\u043b\u044f \u0442\u0435\u043b\u0430.<\/em><\/p>\n<p><span style=\"font-weight: 400;\">\ud83c\uddfa\ud83c\uddf8 Victoria\u2019s Secret Sol Body Mist (250ml)<\/span><\/p>\n<ul>\n<li><span style=\"font-weight: 400;\"><em><strong>Pure Seduction <\/strong><\/em>\u2014 Type: Fruity Floral \u2022 Notes: orange mimosa, dewy pineapple<\/span><\/li>\n<li><em><strong>Bare Vanilla<\/strong><\/em> \u2014 Type: Warm Fruity \u2022 Notes: sunshine pomelo, vanilla zest<\/li>\n<li><span style=\"font-weight: 400;\"><em><strong>Love Spell<\/strong><\/em> \u2014 Type: Floral Fruity \u2022 Notes: lemon blossom, sparkling neroli<\/span><\/li>\n<li><span style=\"font-weight: 400;\"><em><strong>Velvet Petals<\/strong><\/em> \u2014 Type: Floral Gourmand \u2022 Notes: juicy bergamot, white peony<\/span><\/li>\n<\/ul>\n<p><em>Pair it with matching Body Lotion.<\/em><\/p>\n","protected":false},"featured_media":19719,"template":"","meta":{"jetpack_publicize_message":"","jetpack_publicize_feature_enabled":true,"jetpack_social_post_already_shared":false,"jetpack_social_options":{"image_generator_settings":{"template":"highway","default_image_id":0,"font":"","enabled":false},"version":2}},"product_brand":[],"product_cat":[927,910,341],"product_tag":[],"class_list":{"0":"post-18686","1":"product","2":"type-product","3":"status-publish","4":"has-post-thumbnail","6":"product_cat-victorias-secret-body-mists","7":"product_cat-kehaspreid","8":"product_cat-victorias-secret","9":"pa_lohn-aqua-kiss","10":"pa_lohn-bare-vanilla","11":"pa_lohn-love-spell","12":"pa_lohn-pure-seduction","13":"pa_lohn-velvet-petals","15":"first","16":"outofstock","17":"sale","18":"shipping-taxable","19":"product-type-variable"},"jetpack_publicize_connections":[],"jetpack_sharing_enabled":true,"jetpack_likes_enabled":true,"_links":{"self":[{"href":"https:\/\/superstore.ee\/index.php\/wp-json\/wp\/v2\/product\/18686","targetHints":{"allow":["GET"]}}],"collection":[{"href":"https:\/\/superstore.ee\/index.php\/wp-json\/wp\/v2\/product"}],"about":[{"href":"https:\/\/superstore.ee\/index.php\/wp-json\/wp\/v2\/types\/product"}],"wp:featuredmedia":[{"embeddable":true,"href":"https:\/\/superstore.ee\/index.php\/wp-json\/wp\/v2\/media\/19719"}],"wp:attachment":[{"href":"https:\/\/superstore.ee\/index.php\/wp-json\/wp\/v2\/media?parent=18686"}],"wp:term":[{"taxonomy":"product_brand","embeddable":true,"href":"https:\/\/superstore.ee\/index.php\/wp-json\/wp\/v2\/product_brand?post=18686"},{"taxonomy":"product_cat","embeddable":true,"href":"https:\/\/superstore.ee\/index.php\/wp-json\/wp\/v2\/product_cat?post=18686"},{"taxonomy":"product_tag","embeddable":true,"href":"https:\/\/superstore.ee\/index.php\/wp-json\/wp\/v2\/product_tag?post=18686"}],"curies":[{"name":"wp","href":"https:\/\/api.w.org\/{rel}","templated":true}]}}