{"id":18733,"date":"2024-10-06T00:42:42","date_gmt":"2024-10-05T21:42:42","guid":{"rendered":"https:\/\/superstore.ee\/?post_type=product&#038;p=18733"},"modified":"2025-03-13T00:03:46","modified_gmt":"2025-03-12T22:03:46","slug":"victorias-secret-aqua-kiss-komplekt-kehasprei-kehalosjoon","status":"publish","type":"product","link":"https:\/\/superstore.ee\/index.php\/toode\/victorias-secret-aqua-kiss-komplekt-kehasprei-kehalosjoon\/","title":{"rendered":"Victoria\u2019s Secret Aqua Kiss Komplekt (Kehasprei + Kehalosjoon)"},"content":{"rendered":"","protected":false},"excerpt":{"rendered":"<p><span style=\"font-weight: 400;\">\ud83c\uddea\ud83c\uddea Victoria\u2019s Secret <strong><em>Aqua Kiss<\/em><\/strong>\u00a0komplekt (Kehasprei 250ml + Parf\u00fcmeeritud Kehalosjoon 236ml)<\/span><\/p>\n<p>T\u00fc\u00fcp: V\u00e4rske \u2022\u00a0Jahe vesi. Ergas karikakar. Uju vastuvoolu.<\/p>\n<p><span style=\"font-weight: 400;\">\ud83c\uddf7\ud83c\uddfa Victoria\u2019s Secret <strong><em>Aqua Kiss<\/em><\/strong><em><strong>\u00a0<\/strong><\/em><\/span>\u043a\u043e\u043c\u043f\u043b\u0435\u043a\u0442 (\u0421\u043f\u0440\u0435\u0439 \u0434\u043b\u044f \u0442\u0435\u043b\u0430 250ml + \u041f\u0430\u0440\u0444\u044e\u043c\u0438\u0440\u043e\u0432\u0430\u043d\u043d\u044b\u0439 \u043b\u043e\u0441\u044c\u043e\u043d 236ml)<\/p>\n<p>\u0422\u0438\u043f: \u0421\u0432\u0435\u0436\u0438\u0439 \u2022 \u041f\u0440\u043e\u0445\u043b\u0430\u0434\u043d\u0430\u044f \u0432\u043e\u0434\u0430. \u042f\u0440\u043a\u0430\u044f \u0440\u043e\u043c\u0430\u0448\u043a\u0430. \u0412\u0441\u043f\u043b\u0435\u0441\u043a.<\/p>\n<p><span style=\"font-weight: 400;\">\ud83c\uddfa\ud83c\uddf8 Victoria\u2019s Secret <strong><em>Aqua Kiss <\/em><\/strong>set\u00a0(Fragrance Mist 250ml + Fragrance Lotion 236ml)<\/span><\/p>\n<p>Type: Fresh \u2022 Cool waters. Bright daisy. Make a splash.<\/p>\n","protected":false},"featured_media":18744,"template":"","meta":{"jetpack_publicize_message":"","jetpack_publicize_feature_enabled":true,"jetpack_social_post_already_shared":false,"jetpack_social_options":{"image_generator_settings":{"template":"highway","default_image_id":0,"font":"","enabled":false},"version":2}},"product_brand":[],"product_cat":[926,927,910,342,912,341],"product_tag":[],"class_list":{"0":"post-18733","1":"product","2":"type-product","3":"status-publish","4":"has-post-thumbnail","6":"product_cat-victorias-secret-body-lotions","7":"product_cat-victorias-secret-body-mists","8":"product_cat-kehaspreid","9":"product_cat-komplektid-victorias-secret","10":"product_cat-nahahooldus","11":"product_cat-victorias-secret","12":"pa_lohn-gift-box","13":"pa_lohn-komplekt","15":"first","16":"outofstock","17":"shipping-taxable","18":"product-type-variable"},"jetpack_publicize_connections":[],"jetpack_sharing_enabled":true,"jetpack_likes_enabled":true,"_links":{"self":[{"href":"https:\/\/superstore.ee\/index.php\/wp-json\/wp\/v2\/product\/18733","targetHints":{"allow":["GET"]}}],"collection":[{"href":"https:\/\/superstore.ee\/index.php\/wp-json\/wp\/v2\/product"}],"about":[{"href":"https:\/\/superstore.ee\/index.php\/wp-json\/wp\/v2\/types\/product"}],"wp:featuredmedia":[{"embeddable":true,"href":"https:\/\/superstore.ee\/index.php\/wp-json\/wp\/v2\/media\/18744"}],"wp:attachment":[{"href":"https:\/\/superstore.ee\/index.php\/wp-json\/wp\/v2\/media?parent=18733"}],"wp:term":[{"taxonomy":"product_brand","embeddable":true,"href":"https:\/\/superstore.ee\/index.php\/wp-json\/wp\/v2\/product_brand?post=18733"},{"taxonomy":"product_cat","embeddable":true,"href":"https:\/\/superstore.ee\/index.php\/wp-json\/wp\/v2\/product_cat?post=18733"},{"taxonomy":"product_tag","embeddable":true,"href":"https:\/\/superstore.ee\/index.php\/wp-json\/wp\/v2\/product_tag?post=18733"}],"curies":[{"name":"wp","href":"https:\/\/api.w.org\/{rel}","templated":true}]}}