{"id":1892,"date":"2022-02-25T20:00:18","date_gmt":"2022-02-25T18:00:18","guid":{"rendered":"https:\/\/superstore.ee\/?post_type=product&#038;p=1892"},"modified":"2022-05-30T16:55:55","modified_gmt":"2022-05-30T14:55:55","slug":"calvin-klein-high-rise-teksapuksid","status":"publish","type":"product","link":"https:\/\/superstore.ee\/index.php\/toode\/calvin-klein-high-rise-teksapuksid\/","title":{"rendered":"Calvin Klein High Rise teksap\u00fcksid"},"content":{"rendered":"","protected":false},"excerpt":{"rendered":"<p><span style=\"font-weight:400\">\ud83c\uddea\ud83c\uddeaUued Calvin Klein naiste teksap\u00fcksid (High Rise Super Skinny Ankle)<\/span><\/p>\n<p><span style=\"font-weight:400\">Suurused: 26, 27, 29<\/span><\/p>\n<p>26: v\u00f6\u00f6 63cm, puusa 80cm, sises\u00e4\u00e4re pikkus 69cm<\/p>\n<p>27: v\u00f6\u00f6 66cm, puusa 84cm, sises\u00e4\u00e4re pikkus 69.5cm<\/p>\n<p>29: v\u00f6\u00f6 72cm, puusa 88cm, sises\u00e4\u00e4re pikkus 69.5cm<\/p>\n<p>Materjal on pehme ja venib h\u00e4sti \ud83d\ude42<\/p>\n<p><span style=\"font-weight:400\">Materjal: 90% puuvill 7% elastomultiester 3% elastaan<\/span><br \/>\n<span style=\"font-weight:400\">\ud83c\uddf7\ud83c\uddfa Calvin Klein \u0436\u0435\u043d\u0441\u043a\u0438\u0435 \u0434\u0436\u0438\u043d\u0441\u044b \u0441 \u0437\u0430\u0432\u044b\u0448\u0435\u043d\u043d\u043e\u0439 \u0442\u0430\u043b\u0438\u0435\u0439<\/span><\/p>\n<p><span style=\"font-weight:400\">\u0420\u0430\u0437\u043c\u0435\u0440\u044b: 26, 27, 28, 29<\/span><\/p>\n<p><span style=\"font-weight:400\">\u041c\u0430\u0442\u0435\u0440\u0438\u0430\u043b: 90% \u0445\u043b\u043e\u043f\u043e\u043a, 7% \u044d\u043b\u0430\u0441\u0442\u043e\u043c\u0443\u043b\u044c\u0442\u0438\u044d\u0441\u0442\u0435\u0440, 3% \u044d\u043b\u0430\u0441\u0442\u0430\u043d<\/span><br \/>\n<span style=\"font-weight:400\">\ud83c\uddfa\ud83c\uddf8 Calvin Klein High Rise Super Skinny Ankle Jeans<\/span><\/p>\n<p><span style=\"font-weight:400\">Sizes: 26, 27, 28, 29<\/span><\/p>\n<p><span style=\"font-weight:400\">Material: 90% cotton 7% elastomultiester 3% elastane<\/span><\/p>\n","protected":false},"featured_media":3386,"template":"","meta":{"jetpack_publicize_message":"","jetpack_publicize_feature_enabled":true,"jetpack_social_post_already_shared":false,"jetpack_social_options":{"image_generator_settings":{"template":"highway","default_image_id":0,"font":"","enabled":false},"version":2}},"product_brand":[],"product_cat":[15],"product_tag":[],"class_list":{"0":"post-1892","1":"product","2":"type-product","3":"status-publish","4":"has-post-thumbnail","6":"product_cat-maaramata","7":"pa_suurus-113","8":"pa_suurus-63","9":"pa_suurus-64","10":"pa_suurus-114","12":"first","13":"outofstock","14":"sale","15":"shipping-taxable","16":"product-type-variable"},"jetpack_publicize_connections":[],"jetpack_sharing_enabled":true,"jetpack_likes_enabled":true,"_links":{"self":[{"href":"https:\/\/superstore.ee\/index.php\/wp-json\/wp\/v2\/product\/1892","targetHints":{"allow":["GET"]}}],"collection":[{"href":"https:\/\/superstore.ee\/index.php\/wp-json\/wp\/v2\/product"}],"about":[{"href":"https:\/\/superstore.ee\/index.php\/wp-json\/wp\/v2\/types\/product"}],"wp:featuredmedia":[{"embeddable":true,"href":"https:\/\/superstore.ee\/index.php\/wp-json\/wp\/v2\/media\/3386"}],"wp:attachment":[{"href":"https:\/\/superstore.ee\/index.php\/wp-json\/wp\/v2\/media?parent=1892"}],"wp:term":[{"taxonomy":"product_brand","embeddable":true,"href":"https:\/\/superstore.ee\/index.php\/wp-json\/wp\/v2\/product_brand?post=1892"},{"taxonomy":"product_cat","embeddable":true,"href":"https:\/\/superstore.ee\/index.php\/wp-json\/wp\/v2\/product_cat?post=1892"},{"taxonomy":"product_tag","embeddable":true,"href":"https:\/\/superstore.ee\/index.php\/wp-json\/wp\/v2\/product_tag?post=1892"}],"curies":[{"name":"wp","href":"https:\/\/api.w.org\/{rel}","templated":true}]}}