{"id":1899,"date":"2022-02-25T20:02:35","date_gmt":"2022-02-25T18:02:35","guid":{"rendered":"https:\/\/superstore.ee\/?post_type=product&#038;p=1899"},"modified":"2022-05-30T16:51:53","modified_gmt":"2022-05-30T14:51:53","slug":"calvin-klein-mid-rise-teksapuksid","status":"publish","type":"product","link":"https:\/\/superstore.ee\/index.php\/toode\/calvin-klein-mid-rise-teksapuksid\/","title":{"rendered":"Calvin Klein Mid Rise teksap\u00fcksid"},"content":{"rendered":"","protected":false},"excerpt":{"rendered":"<p><span style=\"font-weight: 400;\">\ud83c\uddea\ud83c\uddeaCalvin Klein Mid Rise Skinny teksad<\/span><\/p>\n<p><span style=\"font-weight: 400;\">Suurus: 16a \/ 170cm (sobivad 25 tavalisele suurusele ja pikkusele 170cm+)<\/span><\/p>\n<p><span style=\"font-weight: 400;\">M\u00f5\u00f5tmed: sises\u00e4\u00e4re pikkus 78cm, puusa \u00fcmberm\u00f5\u00f5t 76cm<\/span><\/p>\n<p><span style=\"font-weight: 400;\">Materjal: 98% puuvill 2% elastaan<\/span><\/p>\n<p>&nbsp;<\/p>\n<p><span style=\"font-weight: 400;\">\ud83c\uddf7\ud83c\uddfa Calvin Klein \u0436\u0435\u043d\u0441\u043a\u0438\u0435 \u0434\u0436\u0438\u043d\u0441\u044b Mid Rise Skinny<\/span><\/p>\n<p><span style=\"font-weight: 400;\">\u0420\u0430\u0437\u043c\u0435\u0440: 16\u043b\u0435\u0442 \/ 170cm (\u043f\u043e\u0434\u043e\u0439\u0434\u0443\u0442 \u043d\u0430 \u043e\u0431\u044b\u0447\u043d\u044b\u0439 25 \u0440\u0430\u0437\u043c\u0435\u0440 \u0438 \u0440\u043e\u0441\u0442 170\u0441\u043c+)<\/span><\/p>\n<p><span style=\"font-weight: 400;\">\u0420\u0430\u0437\u043c\u0435\u0440\u044b: \u0432\u043d\u0443\u0442\u0440\u0435\u043d\u043d\u044f\u044f \u0434\u043b\u0438\u043d\u0430 \u0448\u0442\u0430\u0442\u043e\u0432 78 \u0441\u043c, \u043e\u0431\u0445\u0432\u0430\u0442 \u0431\u0435\u0434\u0435\u0440 76 \u0441\u043c<\/span><\/p>\n<p><span style=\"font-weight: 400;\">\u041c\u0430\u0442\u0435\u0440\u0438\u0430\u043b: 98% \u0445\u043b\u043e\u043f\u043e\u043a, 2% \u044d\u043b\u0430\u0441\u0442\u0430\u043d<\/span><\/p>\n<p>&nbsp;<\/p>\n<p><span style=\"font-weight: 400;\">\ud83c\uddfa\ud83c\uddf8 Calvin Klein Mid Rise Skinny Ankle Jeans<\/span><\/p>\n<p><span style=\"font-weight: 400;\">Size: 16y \/ 170cm (fits 25 size)<\/span><\/p>\n<p><span style=\"font-weight: 400;\">\u200b\u200bDimensions: inner leg length 78cm, hip 76cm<\/span><\/p>\n<p><span style=\"font-weight: 400;\">Material: 98% cotton 2% elastane<\/span><\/p>\n","protected":false},"featured_media":2213,"template":"","meta":{"jetpack_publicize_message":"","jetpack_publicize_feature_enabled":true,"jetpack_social_post_already_shared":false,"jetpack_social_options":{"image_generator_settings":{"template":"highway","default_image_id":0,"font":"","enabled":false},"version":2}},"product_brand":[],"product_cat":[15],"product_tag":[],"class_list":{"0":"post-1899","1":"product","2":"type-product","3":"status-publish","4":"has-post-thumbnail","6":"product_cat-maaramata","8":"first","9":"outofstock","10":"sale","11":"shipping-taxable","12":"purchasable","13":"product-type-simple"},"jetpack_publicize_connections":[],"jetpack_sharing_enabled":true,"jetpack_likes_enabled":true,"_links":{"self":[{"href":"https:\/\/superstore.ee\/index.php\/wp-json\/wp\/v2\/product\/1899","targetHints":{"allow":["GET"]}}],"collection":[{"href":"https:\/\/superstore.ee\/index.php\/wp-json\/wp\/v2\/product"}],"about":[{"href":"https:\/\/superstore.ee\/index.php\/wp-json\/wp\/v2\/types\/product"}],"wp:featuredmedia":[{"embeddable":true,"href":"https:\/\/superstore.ee\/index.php\/wp-json\/wp\/v2\/media\/2213"}],"wp:attachment":[{"href":"https:\/\/superstore.ee\/index.php\/wp-json\/wp\/v2\/media?parent=1899"}],"wp:term":[{"taxonomy":"product_brand","embeddable":true,"href":"https:\/\/superstore.ee\/index.php\/wp-json\/wp\/v2\/product_brand?post=1899"},{"taxonomy":"product_cat","embeddable":true,"href":"https:\/\/superstore.ee\/index.php\/wp-json\/wp\/v2\/product_cat?post=1899"},{"taxonomy":"product_tag","embeddable":true,"href":"https:\/\/superstore.ee\/index.php\/wp-json\/wp\/v2\/product_tag?post=1899"}],"curies":[{"name":"wp","href":"https:\/\/api.w.org\/{rel}","templated":true}]}}