{"id":19145,"date":"2024-10-08T00:33:28","date_gmt":"2024-10-07T21:33:28","guid":{"rendered":"https:\/\/superstore.ee\/?post_type=product&#038;p=19145"},"modified":"2025-08-22T19:02:15","modified_gmt":"2025-08-22T16:02:15","slug":"kauapusiv-vedel-huulepulk-kiko-milano-unlimited-double-touch-limited-edition-16h","status":"publish","type":"product","link":"https:\/\/superstore.ee\/index.php\/toode\/kauapusiv-vedel-huulepulk-kiko-milano-unlimited-double-touch-limited-edition-16h\/","title":{"rendered":"Kauap\u00fcsiv vedel huulepulk KIKO Milano Unlimited Double Touch &#8211; Limited Edition (16h)"},"content":{"rendered":"","protected":false},"excerpt":{"rendered":"<div class=\"ProductDetails__Sub hidden-md\">\n<p>\ud83c\uddea\ud83c\uddea Kauap\u00fcsiv kaheastmeline vedel huulepulk KIKO Milano<\/p>\n<ul>\n<li>s\u00e4ilitab intensiivset v\u00e4rvi kuni 16 tundi ja on erakordse peeglitaolise s\u00e4raga;<\/li>\n<li>vastupidavaks loodud rikkalik ja mugav alusv\u00e4rv on rikastatud spetsiaalse kilet moodustavate pol\u00fcmeeride seguga, mis libiseb sujuvalt huultel;<\/li>\n<li>kreemjas, pehme ja rahustav huulel\u00e4ige libiseb huultele l\u00e4bipaistva s\u00e4ra ja vastupandamatult l\u00e4ikiva viimistluse.<\/li>\n<\/ul>\n<p>\ud83c\uddf7\ud83c\uddfa \u0421\u0442\u043e\u0439\u043a\u0430\u044f \u0434\u0432\u0443\u0445\u044d\u0442\u0430\u043f\u043d\u0430\u044f \u0436\u0438\u0434\u043a\u0430\u044f \u043f\u043e\u043c\u0430\u0434\u0430 KIKO Milano<\/p>\n<ul>\n<li>\u0441\u043e\u0445\u0440\u0430\u043d\u044f\u0435\u0442 \u043d\u0430\u0441\u044b\u0449\u0435\u043d\u043d\u044b\u0439 \u0446\u0432\u0435\u0442 \u0434\u043e 16 \u0447\u0430\u0441\u043e\u0432 \u0438 \u043e\u0431\u043b\u0430\u0434\u0430\u0435\u0442 \u0438\u0441\u043a\u043b\u044e\u0447\u0438\u0442\u0435\u043b\u044c\u043d\u044b\u043c \u0437\u0435\u0440\u043a\u0430\u043b\u044c\u043d\u044b\u043c \u0431\u043b\u0435\u0441\u043a\u043e\u043c;<\/li>\n<li>\u0441\u043e\u0437\u0434\u0430\u043d\u043d\u0430\u044f \u0434\u043b\u044f \u0441\u0442\u043e\u0439\u043a\u043e\u0441\u0442\u0438, \u043d\u0430\u0441\u044b\u0449\u0435\u043d\u043d\u0430\u044f \u0438 \u043a\u043e\u043c\u0444\u043e\u0440\u0442\u043d\u0430\u044f \u0431\u0430\u0437\u043e\u0432\u0430\u044f \u043e\u0441\u043d\u043e\u0432\u0430 \u043e\u0431\u043e\u0433\u0430\u0449\u0435\u043d\u0430 \u0441\u043f\u0435\u0446\u0438\u0430\u043b\u044c\u043d\u043e\u0439 \u0441\u043c\u0435\u0441\u044c\u044e \u043f\u043b\u0435\u043d\u043a\u043e\u043e\u0431\u0440\u0430\u0437\u0443\u044e\u0449\u0438\u0445 \u043f\u043e\u043b\u0438\u043c\u0435\u0440\u043e\u0432 \u0438 \u0431\u0435\u0437\u0443\u043f\u0440\u0435\u0447\u043d\u043e \u043b\u043e\u0436\u0438\u0442\u0441\u044f \u043d\u0430 \u0433\u0443\u0431\u044b;<\/li>\n<li>\u043a\u0440\u0435\u043c\u043e\u0432\u044b\u0439, \u043c\u044f\u0433\u043a\u0438\u0439 \u0438 \u0443\u0441\u043f\u043e\u043a\u0430\u0438\u0432\u0430\u044e\u0449\u0438\u0439 \u0431\u043b\u0435\u0441\u043a \u0441\u043a\u043e\u043b\u044c\u0437\u0438\u0442 \u043f\u043e \u0433\u0443\u0431\u0430\u043c, \u043f\u043e\u043a\u0440\u044b\u0432\u0430\u044f \u0438\u0445 \u0447\u0438\u0441\u0442\u044b\u043c \u0441\u0438\u044f\u043d\u0438\u0435\u043c \u0438 \u043f\u0440\u0438\u0434\u0430\u0432\u0430\u044f \u0438\u043c \u043d\u0435\u043e\u0442\u0440\u0430\u0437\u0438\u043c\u044b\u0439 \u0433\u043b\u044f\u043d\u0446\u0435\u0432\u044b\u0439 \u0444\u0438\u043d\u0438\u0448.<\/li>\n<\/ul>\n<p>\ud83c\uddfa\ud83c\uddf8 KIKO Milano Unlimited Double Touch &#8211; Limited Edition<\/p>\n<p>Long-lasting two-step liquid lipstick<\/p>\n<ul>\n<li>boasts both intense colour for up to 16 hours and extraordinary mirror shine;<\/li>\n<li>designed to be resistant, the rich and comfortable base colour is enriched with a special mix of film-forming polymers and adheres flawlessly;<\/li>\n<li>the creamy, soft and soothing lip gloss glides across the lips, covering them with pure light and leaving them with an irresistible glossy finish.<\/li>\n<\/ul>\n<\/div>\n","protected":false},"featured_media":18564,"template":"","meta":{"jetpack_publicize_message":"","jetpack_publicize_feature_enabled":true,"jetpack_social_post_already_shared":false,"jetpack_social_options":{"image_generator_settings":{"template":"highway","default_image_id":0,"font":"","enabled":false},"version":2}},"product_brand":[],"product_cat":[911,988,987,986,973,340],"product_tag":[],"class_list":{"0":"post-19145","1":"product","2":"type-product","3":"status-publish","4":"has-post-thumbnail","6":"product_cat-huuled","7":"product_cat-lip-gloss","8":"product_cat-lipstick","9":"product_cat-kiko-lips","10":"product_cat-makeup","11":"product_cat-kiko-milano","12":"pa_varv-153-movemauve","13":"pa_varv-154-alluring-game","14":"pa_varv-155-night-vibes","16":"first","17":"outofstock","18":"shipping-taxable","19":"product-type-variable"},"jetpack_publicize_connections":[],"jetpack_sharing_enabled":true,"jetpack_likes_enabled":true,"_links":{"self":[{"href":"https:\/\/superstore.ee\/index.php\/wp-json\/wp\/v2\/product\/19145","targetHints":{"allow":["GET"]}}],"collection":[{"href":"https:\/\/superstore.ee\/index.php\/wp-json\/wp\/v2\/product"}],"about":[{"href":"https:\/\/superstore.ee\/index.php\/wp-json\/wp\/v2\/types\/product"}],"wp:featuredmedia":[{"embeddable":true,"href":"https:\/\/superstore.ee\/index.php\/wp-json\/wp\/v2\/media\/18564"}],"wp:attachment":[{"href":"https:\/\/superstore.ee\/index.php\/wp-json\/wp\/v2\/media?parent=19145"}],"wp:term":[{"taxonomy":"product_brand","embeddable":true,"href":"https:\/\/superstore.ee\/index.php\/wp-json\/wp\/v2\/product_brand?post=19145"},{"taxonomy":"product_cat","embeddable":true,"href":"https:\/\/superstore.ee\/index.php\/wp-json\/wp\/v2\/product_cat?post=19145"},{"taxonomy":"product_tag","embeddable":true,"href":"https:\/\/superstore.ee\/index.php\/wp-json\/wp\/v2\/product_tag?post=19145"}],"curies":[{"name":"wp","href":"https:\/\/api.w.org\/{rel}","templated":true}]}}