{"id":1917,"date":"2022-02-25T20:45:58","date_gmt":"2022-02-25T18:45:58","guid":{"rendered":"https:\/\/superstore.ee\/?post_type=product&#038;p=1917"},"modified":"2022-05-13T15:42:41","modified_gmt":"2022-05-13T13:42:41","slug":"naiste-dressikostuum-calvin-klein-puksid-pusa-fliisvooder","status":"publish","type":"product","link":"https:\/\/superstore.ee\/index.php\/toode\/naiste-dressikostuum-calvin-klein-puksid-pusa-fliisvooder\/","title":{"rendered":"Naiste dressikost\u00fc\u00fcm Calvin Klein p\u00fcksid + pusa (fliisvooder)"},"content":{"rendered":"","protected":false},"excerpt":{"rendered":"<p><span style=\"font-weight: 400;\">\ud83c\uddea\ud83c\uddeaUus Naiste dressikost\u00fc\u00fcm Calvin Klein p\u00fcksid + pusa (fliisvooder)<\/span><br \/>\n<span style=\"font-weight: 400;\">Suurus : 16a, <strong>sobib tavalisele XS-S suurus<\/strong>ele<\/span><br \/>\n<span style=\"font-weight: 400;\">Materjal: 45% orgaaniline puuvill 27% puuvill 28% pol\u00fcester (fliisvooder)<\/span><br \/>\n<span style=\"font-weight: 400;\">Pusa: rind 99cm, \u00fcldpikkus \u00f5last 59cm, varruka pikkus \u00f5last 57cm, \u00f5lg 14cm<\/span><br \/>\n<span style=\"font-weight: 400;\">\ud83c\udf81Tasuta tarne!<\/span><\/p>\n<p><span style=\"font-weight: 400;\">\ud83c\uddf7\ud83c\uddfa \u041d\u043e\u0432\u044b\u0439 \u0436\u0435\u043d\u0441\u043a\u0438\u0439 \u043e\u0440\u0438\u0433\u0438\u043d\u0430\u043b\u044c\u043d\u044b\u0439 Calvin Klein \u043a\u043e\u0441\u0442\u044e\u043c \u0448\u0442\u0430\u043d\u044b + \u043a\u043e\u0444\u0442\u0430<\/span><br \/>\n<span style=\"font-weight: 400;\">\u0420\u0430\u0437\u043c\u0435\u0440: 16\u043b\u0435\u0442, <strong>\u043f\u043e\u0434\u043e\u0439\u0434\u0435\u0442 \u043d\u0430 \u043e\u0431\u044b\u0447\u043d\u044b\u0439 XS-S \u0440\u0430\u0437\u043c<\/strong>\u0435\u0440<\/span><br \/>\n<span style=\"font-weight: 400;\">\u041c\u0430\u0442\u0435\u0440\u0438\u0430\u043b: 45% \u043e\u0440\u0433\u0430\u043d\u0438\u0447\u0435\u0441\u043a\u0438\u0439 \u0445\u043b\u043e\u043f\u043e\u043a 27% \u0445\u043b\u043e\u043f\u043e\u043a 28% \u043f\u043e\u043b\u0438\u044d\u0441\u0442\u0435\u0440 (\u0444\u043b\u0438\u0441\u043e\u0432\u0430\u044f \u043f\u043e\u0434\u043a\u043b\u0430\u0434\u043a\u0430)<\/span><br \/>\n<span style=\"font-weight: 400;\">\u041a\u043e\u0444\u0442\u0430: \u0433\u0440\u0443\u0434\u044c 99\u0441\u043c, \u043e\u0431\u0449\u0430\u044f \u0434\u043b\u0438\u043d\u0430 \u043e\u0442 \u043f\u043b\u0435\u0447\u0430 59\u0441\u043c, \u0434\u043b\u0438\u043d\u0430 \u0440\u0443\u043a\u0430\u0432\u0430 \u043e\u0442 \u043f\u043b\u0435\u0447\u0430 57\u0441\u043c, \u043f\u043b\u0435\u0447\u043e 14\u0441\u043c<\/span><br \/>\n<span style=\"font-weight: 400;\">\ud83c\udf81 \u0411\u0435\u0441\u043f\u043b\u0430\u0442\u043d\u0430\u044f \u0434\u043e\u0441\u0442\u0430\u0432\u043a\u0430!<\/span><\/p>\n<p><span style=\"font-weight: 400;\">\ud83c\uddfa\ud83c\uddf8 New original Calvin Klein women\u2019s set joggers + hoodie<\/span><br \/>\n<span style=\"font-weight: 400;\">Size: 16y, <strong>fits XS-S si<\/strong>ze<\/span><br \/>\n<span style=\"font-weight: 400;\">Material: 45% organic cotton 27% cotton 28% polyester (fleece lining)<\/span><br \/>\n<span style=\"font-weight: 400;\">Hoodie: chest 99cm, total length from shoulder 59cm, sleeve length from shoulder 57cm, shoulder 14cm<\/span><br \/>\n<span style=\"font-weight: 400;\">\ud83c\udf81 Free shipping!<\/span><\/p>\n","protected":false},"featured_media":1906,"template":"","meta":{"jetpack_publicize_message":"","jetpack_publicize_feature_enabled":true,"jetpack_social_post_already_shared":false,"jetpack_social_options":{"image_generator_settings":{"template":"highway","default_image_id":0,"font":"","enabled":false},"version":2}},"product_brand":[],"product_cat":[15],"product_tag":[],"class_list":{"0":"post-1917","1":"product","2":"type-product","3":"status-publish","4":"has-post-thumbnail","6":"product_cat-maaramata","8":"first","9":"outofstock","10":"sale","11":"shipping-taxable","12":"purchasable","13":"product-type-simple"},"jetpack_publicize_connections":[],"jetpack_sharing_enabled":true,"jetpack_likes_enabled":true,"_links":{"self":[{"href":"https:\/\/superstore.ee\/index.php\/wp-json\/wp\/v2\/product\/1917","targetHints":{"allow":["GET"]}}],"collection":[{"href":"https:\/\/superstore.ee\/index.php\/wp-json\/wp\/v2\/product"}],"about":[{"href":"https:\/\/superstore.ee\/index.php\/wp-json\/wp\/v2\/types\/product"}],"wp:featuredmedia":[{"embeddable":true,"href":"https:\/\/superstore.ee\/index.php\/wp-json\/wp\/v2\/media\/1906"}],"wp:attachment":[{"href":"https:\/\/superstore.ee\/index.php\/wp-json\/wp\/v2\/media?parent=1917"}],"wp:term":[{"taxonomy":"product_brand","embeddable":true,"href":"https:\/\/superstore.ee\/index.php\/wp-json\/wp\/v2\/product_brand?post=1917"},{"taxonomy":"product_cat","embeddable":true,"href":"https:\/\/superstore.ee\/index.php\/wp-json\/wp\/v2\/product_cat?post=1917"},{"taxonomy":"product_tag","embeddable":true,"href":"https:\/\/superstore.ee\/index.php\/wp-json\/wp\/v2\/product_tag?post=1917"}],"curies":[{"name":"wp","href":"https:\/\/api.w.org\/{rel}","templated":true}]}}