{"id":19362,"date":"2024-10-09T17:47:41","date_gmt":"2024-10-09T14:47:41","guid":{"rendered":"https:\/\/superstore.ee\/?post_type=product&#038;p=19362"},"modified":"2024-10-13T21:37:02","modified_gmt":"2024-10-13T18:37:02","slug":"nao-palett-kiko-milano-charming-escape-perfect-look-02-deep-allure","status":"publish","type":"product","link":"https:\/\/superstore.ee\/index.php\/toode\/nao-palett-kiko-milano-charming-escape-perfect-look-02-deep-allure\/","title":{"rendered":"N\u00e4o palett KIKO Milano Charming Escape Perfect Look (02 Deep Allure)"},"content":{"rendered":"","protected":false},"excerpt":{"rendered":"<div class=\"ProductDetails__Name visible-md\">\n<div role=\"heading\" data-size=\"medium\">\n<div class=\"woocommerce-product-details__short-description\">\n<p>\ud83c\uddea\ud83c\uddea N\u00e4opalett KIKO Milano Charming Escape Perfect Look (P\u00e4ikesepuuder, highlighter, matistav fikseeriv puuder). Toon <span style=\"font-weight: 400;\">02 Deep Allure<\/span><\/p>\n<ul>\n<li>Elustab n\u00e4o v\u00e4rvi, samal ajal \u00fcmbritsedes nahka ja n\u00e4ojooni peene s\u00e4raga. Sensoorsed ja kaalutud tekstuurid k\u00f5rge pigmentatsiooniga ja sametise puudutusega, sobivad ideaalselt nahale.<\/li>\n<li>Sisaldab puudrit n\u00e4ojoonte modelleerimiseks, valguspunktide esilet\u00f5stmiseks ja meigi kinnitamiseks.<\/li>\n<li>Seguneb kergesti ja sobib ideaalselt teie nahatooniga loomuliku tulemuse saavutamiseks, alates kergest kuni intensiivseni.<\/li>\n<li>Rikastatud meeldiva roosi l\u00f5hnaga.<\/li>\n<li>Varustatud sisseehitatud peegliga.<\/li>\n<li>Dermatoloogiliselt testitud.<\/li>\n<\/ul>\n<p><em><strong>KASUTUSN\u00d5UANDED<\/strong><\/em>:<\/p>\n<ol>\n<li>Highliter: kandke toodet p\u00f5sesarnadele, l\u00f5uale, nina sillale, kulmukaarele ja hajutage hoolikalt.<\/li>\n<li>Bronseerija: kandke toodet n\u00e4ole ja dekolteele, hajutades hoolikalt.<\/li>\n<li>Puuder: v\u00f5tke puuder p\u00f6\u00f6rleva liigutusega ja kandke \u00fchtlaselt kogu n\u00e4ole.<\/li>\n<\/ol>\n<p>\ud83c\uddf7\ud83c\uddfa \u041f\u0430\u043b\u0435\u0442\u043a\u0430 \u0434\u043b\u044f \u043b\u0438\u0446\u0430 KIKO Milano Charming Escape Perfect Look (\u0431\u0440\u043e\u043d\u0437\u0430\u0442\u043e\u0440, \u0445\u0430\u0439\u043b\u0430\u0439\u0442\u0435\u0440 \u0438 \u043c\u0430\u0442\u0438\u0440\u0443\u044e\u0449\u0430\u044f \u0444\u0438\u043a\u0441\u0438\u0440\u0443\u044e\u0449\u0430\u044f \u043f\u0443\u0434\u0440\u0430). \u0422\u043e\u043d <span style=\"font-weight: 400;\">02 Deep Allure<\/span><\/p>\n<div class=\"flex-1 overflow-hidden\">\n<div class=\"react-scroll-to-bottom--css-ceaju-79elbk h-full\">\n<div class=\"react-scroll-to-bottom--css-ceaju-1n7m0yu\">\n<div class=\"flex flex-col text-sm pb-9\">\n<div class=\"w-full text-token-text-primary\" data-testid=\"conversation-turn-5\">\n<div class=\"px-4 py-2 justify-center text-base md:gap-6 m-auto\">\n<div class=\"flex flex-1 text-base mx-auto gap-3 md:px-5 lg:px-1 xl:px-5 md:max-w-3xl lg:max-w-[40rem] xl:max-w-[48rem] group final-completion\">\n<div class=\"relative flex w-full flex-col agent-turn\">\n<div class=\"flex-col gap-1 md:gap-3\">\n<div class=\"flex flex-grow flex-col max-w-full\">\n<div class=\"min-h-[20px] text-message flex flex-col items-start gap-3 whitespace-pre-wrap break-words [.text-message+&amp;]:mt-5 overflow-x-auto\" data-message-author-role=\"assistant\" data-message-id=\"8ac28fef-70eb-4af4-adc4-88a1bf543277\">\n<div class=\"markdown prose w-full break-words dark:prose-invert light\">\n<ul>\n<li>\u041e\u0436\u0438\u0432\u043b\u044f\u0435\u0442 \u0446\u0432\u0435\u0442 \u043b\u0438\u0446\u0430, \u043e\u0434\u043d\u043e\u0432\u0440\u0435\u043c\u0435\u043d\u043d\u043e \u043e\u043a\u0443\u0442\u044b\u0432\u0430\u044f \u043a\u043e\u0436\u0443 \u0438 \u0447\u0435\u0440\u0442\u044b \u043b\u0438\u0446\u0430 \u0438\u0437\u044b\u0441\u043a\u0430\u043d\u043d\u044b\u043c \u0441\u0438\u044f\u043d\u0438\u0435\u043c. \u0421\u0435\u043d\u0441\u043e\u0440\u043d\u044b\u0435 \u0438 \u043d\u0435\u0432\u0435\u0441\u043e\u043c\u044b\u0435 \u0442\u0435\u043a\u0441\u0442\u0443\u0440\u044b \u0441 \u0432\u044b\u0441\u043e\u043a\u043e\u0439 \u043f\u0438\u0433\u043c\u0435\u043d\u0442\u0430\u0446\u0438\u0435\u0439 \u0438 \u0431\u0430\u0440\u0445\u0430\u0442\u0438\u0441\u0442\u044b\u043c \u043f\u0440\u0438\u043a\u043e\u0441\u043d\u043e\u0432\u0435\u043d\u0438\u0435\u043c, \u0438\u0434\u0435\u0430\u043b\u044c\u043d\u043e \u043f\u0440\u0438\u043b\u0435\u0433\u0430\u044e\u0442 \u043a \u043a\u043e\u0436\u0435.<\/li>\n<li>\u0421\u043e\u0434\u0435\u0440\u0436\u0438\u0442 \u043f\u0443\u0434\u0440\u0443 \u0434\u043b\u044f \u043c\u043e\u0434\u0435\u043b\u0438\u0440\u043e\u0432\u0430\u043d\u0438\u044f \u0432\u0430\u0448\u0438\u0445 \u0447\u0435\u0440\u0442 \u043b\u0438\u0446\u0430, \u0432\u044b\u0434\u0435\u043b\u0435\u043d\u0438\u044f \u0432\u0430\u0448\u0438\u0445 \u0441\u0432\u0435\u0442\u043e\u0432\u044b\u0445 \u0442\u043e\u0447\u0435\u043a \u0438 \u0444\u0438\u043a\u0441\u0430\u0446\u0438\u0438 \u043c\u0430\u043a\u0438\u044f\u0436\u0430.<\/li>\n<li>\u041b\u0435\u0433\u043a\u043e \u0441\u043c\u0435\u0448\u0438\u0432\u0430\u0435\u0442\u0441\u044f \u0438 \u0438\u0434\u0435\u0430\u043b\u044c\u043d\u043e \u043f\u043e\u0434\u0445\u043e\u0434\u0438\u0442 \u0432\u0430\u0448\u0435\u043c\u0443 \u0442\u043e\u043d\u0443 \u043a\u043e\u0436\u0438 \u0434\u043b\u044f \u0435\u0441\u0442\u0435\u0441\u0442\u0432\u0435\u043d\u043d\u043e\u0433\u043e \u0440\u0435\u0437\u0443\u043b\u044c\u0442\u0430\u0442\u0430, \u043e\u0442 \u043b\u0435\u0433\u043a\u043e\u0433\u043e \u0434\u043e \u0438\u043d\u0442\u0435\u043d\u0441\u0438\u0432\u043d\u043e\u0433\u043e.<\/li>\n<li>\u041e\u0431\u043e\u0433\u0430\u0449\u0435\u043d\u0430 \u043f\u0440\u0438\u044f\u0442\u043d\u044b\u043c \u0430\u0440\u043e\u043c\u0430\u0442\u043e\u043c \u0440\u043e\u0437\u044b.<\/li>\n<li>\u0418\u043c\u0435\u0435\u0442 \u0432\u0441\u0442\u0440\u043e\u0435\u043d\u043d\u043e\u0435 \u0437\u0435\u0440\u043a\u0430\u043b\u043e<\/li>\n<li>\u0414\u0435\u0440\u043c\u0430\u0442\u043e\u043b\u043e\u0433\u0438\u0447\u0435\u0441\u043a\u0438 \u043f\u0440\u043e\u0442\u0435\u0441\u0442\u0438\u0440\u043e\u0432\u0430\u043d\u043e<\/li>\n<\/ul>\n<p><strong><em>\u0421\u041e\u0412\u0415\u0422\u042b \u041f\u041e \u0418\u0421\u041f\u041e\u041b\u042c\u0417\u041e\u0412\u0410\u041d\u0418\u042e:<\/em><\/strong><\/p>\n<ol>\n<li>\u0425\u0430\u0439\u043b\u0430\u0439\u0442\u0435\u0440: \u043d\u0430\u043d\u0435\u0441\u0438\u0442\u0435 \u043f\u0440\u043e\u0434\u0443\u043a\u0442 \u043d\u0430 \u0441\u043a\u0443\u043b\u044b, \u043f\u043e\u0434\u0431\u043e\u0440\u043e\u0434\u043e\u043a, \u043f\u0435\u0440\u0435\u043d\u043e\u0441\u0438\u0446\u0443, \u0434\u0443\u0433\u0443 \u0431\u0440\u043e\u0432\u0435\u0439 \u0438 \u0430\u043a\u043a\u0443\u0440\u0430\u0442\u043d\u043e \u0440\u0430\u0441\u0442\u0443\u0448\u0443\u0439\u0442\u0435.<\/li>\n<li>\u0411\u0440\u043e\u043d\u0437\u0430\u0442\u043e\u0440: \u043d\u0430\u043d\u0435\u0441\u0438\u0442\u0435 \u043f\u0440\u043e\u0434\u0443\u043a\u0442 \u043d\u0430 \u043b\u0438\u0446\u043e \u0438 \u0434\u0435\u043a\u043e\u043b\u044c\u0442\u0435, \u0430\u043a\u043a\u0443\u0440\u0430\u0442\u043d\u043e \u0440\u0430\u0441\u0442\u0443\u0448\u0435\u0432\u044b\u0432\u0430\u044f.<\/li>\n<li>\u041f\u0443\u0434\u0440\u0430: \u0432\u043e\u0437\u044c\u043c\u0438\u0442\u0435 \u043f\u0443\u0434\u0440\u0443 \u0432\u0440\u0430\u0449\u0430\u044e\u0449\u0438\u043c \u0434\u0432\u0438\u0436\u0435\u043d\u0438\u0435\u043c \u0438 \u0440\u0430\u0432\u043d\u043e\u043c\u0435\u0440\u043d\u043e \u043d\u0430\u043d\u0435\u0441\u0438\u0442\u0435 \u043d\u0430 \u0432\u0441\u0451 \u043b\u0438\u0446\u043e.<\/li>\n<\/ol>\n<\/div>\n<\/div>\n<\/div>\n<div class=\"mt-1 flex justify-start gap-3 empty:hidden\"><\/div>\n<\/div>\n<\/div>\n<\/div>\n<\/div>\n<\/div>\n<\/div>\n<\/div>\n<\/div>\n<\/div>\n<\/div>\n<div class=\"woocommerce-product-details__short-description\">\n<p>\ud83c\uddfa\ud83c\uddf8 KIKO Milano Charming Escape Perfect Look Face Palette (bronzer, highlighter and matte-effect fixing powder). Tone <span style=\"font-weight: 400;\">02 Deep Allure<\/span><\/p>\n<ul>\n<li>Revitalize the complexion while enveloping the skin &amp; features in a sophisticated veil of radiance. Sensorial &amp; weightless textures with a highly pigmented and velvety touch, &amp; it adheres perfectly to the skin.<\/li>\n<li>Contains powder to sculpt your features, enhance your points of light and fix your make-up without ruining it<\/li>\n<li>Easy to blend &amp; perfectly matches your complexion for a natural, buildable result, from light to intense.<\/li>\n<li>Inhanced with a pleasantly scented enveloping rose notes.<\/li>\n<li>Perfect for on-the-go touch-ups thanks to the handy integrated mirror.<\/li>\n<li>Dermatologically Tested<\/li>\n<\/ul>\n<p><strong><em>TIPS FOR USE:<\/em><\/strong><\/p>\n<ol>\n<li><em>Highlighter: apply the product to your cheekbones, chin, bridge of your nose, eyebrow arch and gently blend it.<\/em><\/li>\n<li><em>Bronzer: apply the product to the face and d\u00e9colletage, gently blending outwards.<\/em><\/li>\n<li><em>Powder: pick up the powder with a swirling movement and apply it evenly over your whole face.<\/em><\/li>\n<\/ol>\n<\/div>\n<\/div>\n<\/div>\n","protected":false},"featured_media":17396,"template":"","meta":{"jetpack_publicize_message":"","jetpack_publicize_feature_enabled":true,"jetpack_social_post_already_shared":false,"jetpack_social_options":{"image_generator_settings":{"template":"highway","default_image_id":0,"font":"","enabled":false},"version":2}},"product_brand":[],"product_cat":[340,631],"product_tag":[],"class_list":{"0":"post-19362","1":"product","2":"type-product","3":"status-publish","4":"has-post-thumbnail","6":"product_cat-kiko-milano","7":"product_cat-sale","9":"first","10":"outofstock","11":"sale","12":"shipping-taxable","13":"purchasable","14":"product-type-simple"},"jetpack_publicize_connections":[],"jetpack_sharing_enabled":true,"jetpack_likes_enabled":true,"_links":{"self":[{"href":"https:\/\/superstore.ee\/index.php\/wp-json\/wp\/v2\/product\/19362","targetHints":{"allow":["GET"]}}],"collection":[{"href":"https:\/\/superstore.ee\/index.php\/wp-json\/wp\/v2\/product"}],"about":[{"href":"https:\/\/superstore.ee\/index.php\/wp-json\/wp\/v2\/types\/product"}],"wp:featuredmedia":[{"embeddable":true,"href":"https:\/\/superstore.ee\/index.php\/wp-json\/wp\/v2\/media\/17396"}],"wp:attachment":[{"href":"https:\/\/superstore.ee\/index.php\/wp-json\/wp\/v2\/media?parent=19362"}],"wp:term":[{"taxonomy":"product_brand","embeddable":true,"href":"https:\/\/superstore.ee\/index.php\/wp-json\/wp\/v2\/product_brand?post=19362"},{"taxonomy":"product_cat","embeddable":true,"href":"https:\/\/superstore.ee\/index.php\/wp-json\/wp\/v2\/product_cat?post=19362"},{"taxonomy":"product_tag","embeddable":true,"href":"https:\/\/superstore.ee\/index.php\/wp-json\/wp\/v2\/product_tag?post=19362"}],"curies":[{"name":"wp","href":"https:\/\/api.w.org\/{rel}","templated":true}]}}