{"id":19393,"date":"2024-10-11T18:08:42","date_gmt":"2024-10-11T15:08:42","guid":{"rendered":"https:\/\/superstore.ee\/?post_type=product&#038;p=19393"},"modified":"2026-02-01T13:44:38","modified_gmt":"2026-02-01T11:44:38","slug":"kiko-milano-komplekt-huulepulk-lauvarv-silmapliiats","status":"publish","type":"product","link":"https:\/\/superstore.ee\/index.php\/toode\/kiko-milano-komplekt-huulepulk-lauvarv-silmapliiats\/","title":{"rendered":"KIKO Milano Komplekt Huulepulk + Lauv\u00e4rv + Silmapliiats"},"content":{"rendered":"","protected":false},"excerpt":{"rendered":"<div class=\"ProductDetails__Sub hidden-md\">\n<p>\ud83c\uddea\ud83c\uddea Meigikomplekt KIKO Milano Huulepulk + Lauv\u00e4rv + Silmapliiats<\/p>\n<p><strong>Komplekt<\/strong> <strong>sisaldab<\/strong>:<\/p>\n<ol>\n<li>Huulepulk <strong>Smart Fusion Lipstick &#8211; 405<\/strong><br \/>\nRikkalik, toitev huulepulk s\u00e4rava viimistluse ja kreemja \u00fcmbritseva tekstuuriga. Muudab huuled erakordselt pehmeks.<\/li>\n<li>Lauv\u00e4rv <strong>Smart Color Eyeshadow 02<\/strong><br \/>\nKergesti segatav intensiivse v\u00e4rvi ja siidise tekstuuriga lauv\u00e4rv. Lihtne peale kanda, kerge ja vedela koostisega ning k\u00f5rge pigmentatsiooniga.<\/li>\n<li>Silmapliiats <strong>Smart Color Eyepencil 04<\/strong><br \/>\nV\u00e4rviline silmapliiats, kombineerituna komplekti kuuluvate varjudega, silma v\u00e4liskontuurile kandmiseks. Sujuva ja pehme koostisega ning intensiivse v\u00e4rviga.<\/li>\n<\/ol>\n<p>\ud83c\uddf7\ud83c\uddfa \u041d\u0430\u0431\u043e\u0440 \u0434\u043b\u044f \u043c\u0430\u043a\u0438\u044f\u0436\u0430 KIKO Milano, \u0432\u043a\u043b\u044e\u0447\u0430\u044e\u0449\u0438\u0439 1 \u043f\u043e\u043c\u0430\u0434\u0443, 1 \u0442\u0435\u043d\u0438 \u0434\u043b\u044f \u0433\u043b\u0430\u0437 \u0438 1 \u043a\u0430\u0440\u0430\u043d\u0434\u0430\u0448 \u0434\u043b\u044f \u0433\u043b\u0430\u0437.<\/p>\n<p><strong>\u0412 \u043d\u0430\u0431\u043e\u0440 \u0432\u0445\u043e\u0434\u0438\u0442:<\/strong><\/p>\n<ol>\n<li>\u041f\u043e\u043c\u0430\u0434\u0430<strong> Smart Fusion Lipstick &#8211; 405<\/strong><br \/>\n\u041d\u0430\u0441\u044b\u0449\u0435\u043d\u043d\u0430\u044f, \u043f\u0438\u0442\u0430\u0442\u0435\u043b\u044c\u043d\u0430\u044f \u043f\u043e\u043c\u0430\u0434\u0430 \u0441 \u0441\u0438\u044f\u044e\u0449\u0438\u043c \u0444\u0438\u043d\u0438\u0448\u0435\u043c \u0438 \u043a\u0440\u0435\u043c\u043e\u0432\u043e\u0439, \u043e\u0431\u0432\u043e\u043b\u0430\u043a\u0438\u0432\u0430\u044e\u0449\u0435\u0439 \u0442\u0435\u043a\u0441\u0442\u0443\u0440\u043e\u0439. \u0414\u0435\u043b\u0430\u0435\u0442 \u0433\u0443\u0431\u044b \u0447\u0440\u0435\u0437\u0432\u044b\u0447\u0430\u0439\u043d\u043e \u043c\u044f\u0433\u043a\u0438\u043c\u0438.<\/li>\n<li>\u0422\u0435\u043d\u0438 \u0434\u043b\u044f \u0433\u043b\u0430\u0437<strong> Smart Color Eyeshadow 02<\/strong><br \/>\n\u041b\u0435\u0433\u043a\u043e \u0440\u0430\u0441\u0442\u0443\u0448\u0451\u0432\u044b\u0432\u0430\u044e\u0449\u0438\u0435\u0441\u044f \u0442\u0435\u043d\u0438 \u0441 \u0438\u043d\u0442\u0435\u043d\u0441\u0438\u0432\u043d\u044b\u043c \u0446\u0432\u0435\u0442\u043e\u043c \u0438 \u0448\u0435\u043b\u043a\u043e\u0432\u0438\u0441\u0442\u043e\u0439 \u0442\u0435\u043a\u0441\u0442\u0443\u0440\u043e\u0439. \u041b\u0435\u0433\u043a\u043e \u043d\u0430\u043d\u043e\u0441\u044f\u0442\u0441\u044f, \u043e\u0431\u043b\u0430\u0434\u0430\u044e\u0442 \u043b\u0435\u0433\u043a\u043e\u0439 \u0438 \u0436\u0438\u0434\u043a\u043e\u0439 \u0444\u043e\u0440\u043c\u0443\u043b\u043e\u0439 \u0438 \u0432\u044b\u0441\u043e\u043a\u043e\u0439 \u043f\u0438\u0433\u043c\u0435\u043d\u0442\u0430\u0446\u0438\u0435\u0439.<\/li>\n<li>\u041a\u0430\u0440\u0430\u043d\u0434\u0430\u0448 \u0434\u043b\u044f \u0433\u043b\u0430\u0437 <strong>Smart Color Eyepencil 04<\/strong><br \/>\n\u0426\u0432\u0435\u0442\u043d\u043e\u0439 \u043a\u0430\u0440\u0430\u043d\u0434\u0430\u0448 \u0434\u043b\u044f \u0433\u043b\u0430\u0437, \u0441\u043e\u0447\u0435\u0442\u0430\u044e\u0449\u0438\u0439\u0441\u044f \u0441 \u0442\u0435\u043d\u044f\u043c\u0438 \u0432 \u043d\u0430\u0431\u043e\u0440\u0435, \u0434\u043b\u044f \u043d\u0430\u043d\u0435\u0441\u0435\u043d\u0438\u044f \u043d\u0430 \u0432\u043d\u0435\u0448\u043d\u0438\u0439 \u043a\u043e\u043d\u0442\u0443\u0440 \u0433\u043b\u0430\u0437\u0430. \u0418\u043c\u0435\u0435\u0442 \u043c\u044f\u0433\u043a\u0443\u044e, \u043f\u043b\u0430\u0432\u043d\u0443\u044e \u0444\u043e\u0440\u043c\u0443\u043b\u0443 \u0438 \u043d\u0430\u0441\u044b\u0449\u0435\u043d\u043d\u044b\u0439 \u0446\u0432\u0435\u0442.<\/li>\n<\/ol>\n<p>\ud83c\uddfa\ud83c\uddf8 KIKO Milano All You Need Make Up Set. Make-up set containing 1 lipstick, 1 eyeshadow and 1 eye pencil.<\/p>\n<div class=\"accordion-body\" data-v-d0e570d8=\"\">\n<div class=\"accordion-content\" data-v-d0e570d8=\"\">\n<div data-v-d0e570d8=\"\">\n<div class=\"Tab__Body__Content__Text\">\n<p><strong>The kit contains:<\/strong><\/p>\n<ol>\n<li><strong> Smart Fusion Lipstick &#8211; 405<\/strong><br \/>\nRich, nourishing lipstick with a luminous finish and a creamy, enveloping texture. It leaves the lips extremely soft.<\/li>\n<li><strong>Smart Color Eyeshadow 02<\/strong><br \/>\nAn extremely blendable eyeshadow with an intense colour and silky texture. Easy to apply, with a light and fluid formula and high pigmentation.<\/li>\n<li><strong>Smart Color Eyepencil 04<\/strong><br \/>\nColoured eye pencil, matching the eyeshadow in the kit, for application on the outside of the eye. With a smooth, gliding formula and intense colour.<\/li>\n<\/ol>\n<\/div>\n<\/div>\n<\/div>\n<\/div>\n<\/div>\n","protected":false},"featured_media":19392,"template":"","meta":{"jetpack_publicize_message":"","jetpack_publicize_feature_enabled":true,"jetpack_social_post_already_shared":false,"jetpack_social_options":{"image_generator_settings":{"template":"highway","default_image_id":0,"font":"","enabled":false},"version":2}},"product_brand":[],"product_cat":[911,987,986,973,340,830,971,984,631,912,982,985],"product_tag":[],"class_list":{"0":"post-19393","1":"product","2":"type-product","3":"status-publish","4":"has-post-thumbnail","6":"product_cat-huuled","7":"product_cat-lipstick","8":"product_cat-kiko-lips","9":"product_cat-makeup","10":"product_cat-kiko-milano","11":"product_cat-kingitused","12":"product_cat-sets","13":"product_cat-eyeshadow","14":"product_cat-sale","15":"product_cat-nahahooldus","16":"product_cat-eyes","17":"product_cat-eyeliner-and-pencil","18":"pa_varv-01-blonde","19":"pa_varv-02-chestnut","21":"first","22":"outofstock","23":"shipping-taxable","24":"purchasable","25":"product-type-simple"},"jetpack_publicize_connections":[],"jetpack_sharing_enabled":true,"jetpack_likes_enabled":true,"_links":{"self":[{"href":"https:\/\/superstore.ee\/index.php\/wp-json\/wp\/v2\/product\/19393","targetHints":{"allow":["GET"]}}],"collection":[{"href":"https:\/\/superstore.ee\/index.php\/wp-json\/wp\/v2\/product"}],"about":[{"href":"https:\/\/superstore.ee\/index.php\/wp-json\/wp\/v2\/types\/product"}],"wp:featuredmedia":[{"embeddable":true,"href":"https:\/\/superstore.ee\/index.php\/wp-json\/wp\/v2\/media\/19392"}],"wp:attachment":[{"href":"https:\/\/superstore.ee\/index.php\/wp-json\/wp\/v2\/media?parent=19393"}],"wp:term":[{"taxonomy":"product_brand","embeddable":true,"href":"https:\/\/superstore.ee\/index.php\/wp-json\/wp\/v2\/product_brand?post=19393"},{"taxonomy":"product_cat","embeddable":true,"href":"https:\/\/superstore.ee\/index.php\/wp-json\/wp\/v2\/product_cat?post=19393"},{"taxonomy":"product_tag","embeddable":true,"href":"https:\/\/superstore.ee\/index.php\/wp-json\/wp\/v2\/product_tag?post=19393"}],"curies":[{"name":"wp","href":"https:\/\/api.w.org\/{rel}","templated":true}]}}