{"id":19406,"date":"2024-10-12T09:21:48","date_gmt":"2024-10-12T06:21:48","guid":{"rendered":"https:\/\/superstore.ee\/?post_type=product&#038;p=19406"},"modified":"2026-02-02T21:33:55","modified_gmt":"2026-02-02T19:33:55","slug":"niisutuspulk-naole-ja-silmadele-kiko-milano-hydrashot-stick-for-face-and-eyes","status":"publish","type":"product","link":"https:\/\/superstore.ee\/index.php\/toode\/niisutuspulk-naole-ja-silmadele-kiko-milano-hydrashot-stick-for-face-and-eyes\/","title":{"rendered":"Niisutuspulk n\u00e4ole ja silmadele KIKO Milano Hydrashot Stick For Face And Eyes"},"content":{"rendered":"","protected":false},"excerpt":{"rendered":"<div class=\"ProductDetails__Name visible-md\">\n<div role=\"heading\" data-size=\"medium\">\n<div class=\"woocommerce-product-details__short-description\">\n<p>\ud83c\uddea\ud83c\uddea Niisutuspulk n\u00e4ole ja silmadele KIKO Milano<\/p>\n<p>Praktilises pulgavormingus vedelik n\u00e4ole ja silmakontuurile niisutab nahka ja k\u00f5rvaldab v\u00e4simuse m\u00e4rgid, pakkudes kohest v\u00e4rskendavat efekti. Liustikuveel p\u00f5hinev valem annab kohese jaheduse ja v\u00e4rskuse tunde.<\/p>\n<p>Kandke pulk ringjate liigutustega silmade ja n\u00e4o \u00fcmber.<\/p>\n<\/div>\n<div class=\"woocommerce-product-details__short-description\">\n<p>\ud83c\uddf7\ud83c\uddfa \u0423\u0432\u043b\u0430\u0436\u043d\u044f\u044e\u0449\u0438\u0439 \u0441\u0442\u0438\u043a KIKO Milano \u0434\u043b\u044f \u043b\u0438\u0446\u0430 \u0438 \u0433\u043b\u0430\u0437<\/p>\n<div>\n<p>\u0424\u043b\u044e\u0438\u0434 \u0434\u043b\u044f \u043b\u0438\u0446\u0430 \u0438 \u043a\u043e\u043d\u0442\u0443\u0440\u0430 \u0433\u043b\u0430\u0437 \u0432 \u043f\u0440\u0430\u043a\u0442\u0438\u0447\u043d\u043e\u043c \u0444\u043e\u0440\u043c\u0430\u0442\u0435 \u0441\u0442\u0438\u043a\u0430 \u0443\u0432\u043b\u0430\u0436\u043d\u044f\u0435\u0442 \u043a\u043e\u0436\u0443 \u0438 \u0443\u0441\u0442\u0440\u0430\u043d\u044f\u0435\u0442 \u043f\u0440\u0438\u0437\u043d\u0430\u043a\u0438 \u0443\u0441\u0442\u0430\u043b\u043e\u0441\u0442\u0438, \u043e\u0431\u0435\u0441\u043f\u0435\u0447\u0438\u0432\u0430\u044f \u043c\u0433\u043d\u043e\u0432\u0435\u043d\u043d\u044b\u0439 \u043e\u0441\u0432\u0435\u0436\u0430\u044e\u0449\u0438\u0439 \u044d\u0444\u0444\u0435\u043a\u0442. \u0424\u043e\u0440\u043c\u0443\u043b\u0430 \u043d\u0430 \u043e\u0441\u043d\u043e\u0432\u0435 \u043b\u0435\u0434\u043d\u0438\u043a\u043e\u0432\u043e\u0439 \u0432\u043e\u0434\u044b \u0434\u0430\u0440\u0438\u0442 \u043c\u043e\u043c\u0435\u043d\u0442\u0430\u043b\u044c\u043d\u043e\u0435 \u043e\u0449\u0443\u0449\u0435\u043d\u0438\u0435 \u043f\u0440\u043e\u0445\u043b\u0430\u0434\u044b \u0438 \u0441\u0432\u0435\u0436\u0435\u0441\u0442\u0438.<\/p>\n<p>\u041d\u0430\u043d\u043e\u0441\u0438\u0442\u0435 \u0441\u0442\u0438\u043a \u043a\u0440\u0443\u0433\u043e\u0432\u044b\u043c\u0438 \u0434\u0432\u0438\u0436\u0435\u043d\u0438\u044f\u043c\u0438 \u0432\u043e\u043a\u0440\u0443\u0433 \u0433\u043b\u0430\u0437 \u0438 \u043b\u0438\u0446\u0430.<\/p>\n<\/div>\n<p>\ud83c\uddfa\ud83c\uddf8 KIKO Milano Smart Hydrashot Stick For Face And Eyes<\/p>\n<p>Moisturising and energising for the eyes and face, immediate fresh effect, in practical stick packaging. Refreshing formula, with a glacial water base, for a fast-acting feeling of freshness.<\/p>\n<p>Apply the stick in circular motions around the eyes and face.<\/p>\n<\/div>\n<\/div>\n<\/div>\n","protected":false},"featured_media":19407,"template":"","meta":{"jetpack_publicize_message":"","jetpack_publicize_feature_enabled":true,"jetpack_social_post_already_shared":false,"jetpack_social_options":{"image_generator_settings":{"template":"highway","default_image_id":0,"font":"","enabled":false},"version":2}},"product_brand":[],"product_cat":[340,967,912,964],"product_tag":[],"class_list":{"0":"post-19406","1":"product","2":"type-product","3":"status-publish","4":"has-post-thumbnail","6":"product_cat-kiko-milano","7":"product_cat-creams-and-serums","8":"product_cat-nahahooldus","9":"product_cat-face-care","11":"first","12":"outofstock","13":"shipping-taxable","14":"purchasable","15":"product-type-simple"},"jetpack_publicize_connections":[],"jetpack_sharing_enabled":true,"jetpack_likes_enabled":true,"_links":{"self":[{"href":"https:\/\/superstore.ee\/index.php\/wp-json\/wp\/v2\/product\/19406","targetHints":{"allow":["GET"]}}],"collection":[{"href":"https:\/\/superstore.ee\/index.php\/wp-json\/wp\/v2\/product"}],"about":[{"href":"https:\/\/superstore.ee\/index.php\/wp-json\/wp\/v2\/types\/product"}],"wp:featuredmedia":[{"embeddable":true,"href":"https:\/\/superstore.ee\/index.php\/wp-json\/wp\/v2\/media\/19407"}],"wp:attachment":[{"href":"https:\/\/superstore.ee\/index.php\/wp-json\/wp\/v2\/media?parent=19406"}],"wp:term":[{"taxonomy":"product_brand","embeddable":true,"href":"https:\/\/superstore.ee\/index.php\/wp-json\/wp\/v2\/product_brand?post=19406"},{"taxonomy":"product_cat","embeddable":true,"href":"https:\/\/superstore.ee\/index.php\/wp-json\/wp\/v2\/product_cat?post=19406"},{"taxonomy":"product_tag","embeddable":true,"href":"https:\/\/superstore.ee\/index.php\/wp-json\/wp\/v2\/product_tag?post=19406"}],"curies":[{"name":"wp","href":"https:\/\/api.w.org\/{rel}","templated":true}]}}