{"id":19430,"date":"2024-10-14T16:22:10","date_gmt":"2024-10-14T13:22:10","guid":{"rendered":"https:\/\/superstore.ee\/?post_type=product&#038;p=19430"},"modified":"2025-12-10T12:32:36","modified_gmt":"2025-12-10T10:32:36","slug":"toitev-naomask-mee-ja-kollase-saviga-kiko-milano-yellow-clay-mask","status":"publish","type":"product","link":"https:\/\/superstore.ee\/index.php\/toode\/toitev-naomask-mee-ja-kollase-saviga-kiko-milano-yellow-clay-mask\/","title":{"rendered":"Toitev n\u00e4omask mee ja kollase saviga KIKO Milano Yellow Clay Mask"},"content":{"rendered":"","protected":false},"excerpt":{"rendered":"<p>\ud83c\uddea\ud83c\uddea Toitev ja valgustav n\u00e4omask KIKO Milano mee ja kollase saviga.<\/p>\n<ul>\n<li>Koostis on rikastatud kaitsva ja toitva mee, stevia ja sheav\u00f5iga, samuti rasu imava kollase saviga.<\/li>\n<li>Selle kreemjas tekstuur muudab naha pehmeks ja s\u00e4ravaks, ilma seda raskeks muutmata.<\/li>\n<li>Lihtne peale kanda ja ei libise maha, mis v\u00f5imaldab j\u00e4tkata igap\u00e4evaseid tegemisi.<\/li>\n<\/ul>\n<p><em>Soovitatav normaalsele ja kombineeritud nahale.<\/em><\/p>\n<p><strong>Tulemus<\/strong>: Nahk on hoolitsetud, niisutatud ja s\u00e4rav.<\/p>\n<p><em><strong>Kasutamine<\/strong>:<\/em><\/p>\n<p><em>1. Kandke v\u00e4ike kogus maski puhtale ja kuivale nahale, v\u00e4ltides silma\u00fcmbruse ja huulte piirkonda.<\/em><br \/>\n<em>2. Laske m\u00f5juda 5-10 minutit ja loputage hoolikalt.<\/em><br \/>\n<em>3. Kasutage 1-2 korda n\u00e4dalas.<\/em><\/p>\n<p><em>Dermatoloogiliselt testitud. Mittekomedogeenne.<\/em><\/p>\n<p>\ud83c\uddf7\ud83c\uddfa \u041f\u0438\u0442\u0430\u0442\u0435\u043b\u044c\u043d\u0430\u044f \u0438 \u043e\u0441\u0432\u0435\u0442\u043b\u044f\u044e\u0449\u0430\u044f \u043c\u0430\u0441\u043a\u0430 KIKO Milano \u0434\u043b\u044f \u043b\u0438\u0446\u0430 \u0441 <strong>\u043c\u0435\u0434\u043e\u043c<\/strong> \u0438 <strong>\u0436\u0435\u043b\u0442\u043e\u0439 \u0433\u043b\u0438\u043d\u043e\u0439<\/strong>.<\/p>\n<ul>\n<li>\u0424\u043e\u0440\u043c\u0443\u043b\u0430 \u043e\u0431\u043e\u0433\u0430\u0449\u0435\u043d\u0430 \u0437\u0430\u0449\u0438\u0442\u043d\u044b\u043c \u0438 \u043f\u0438\u0442\u0430\u0442\u0435\u043b\u044c\u043d\u044b\u043c \u043c\u0435\u0434\u043e\u043c, \u0441\u0442\u0435\u0432\u0438\u0435\u0439 \u0438 \u043c\u0430\u0441\u043b\u043e\u043c \u0448\u0438, \u0430 \u0442\u0430\u043a\u0436\u0435 \u0436\u0435\u043b\u0442\u043e\u0439 \u0433\u043b\u0438\u043d\u043e\u0439, \u043a\u043e\u0442\u043e\u0440\u0430\u044f \u0432\u043f\u0438\u0442\u044b\u0432\u0430\u0435\u0442 \u043a\u043e\u0436\u043d\u044b\u0439 \u0436\u0438\u0440.<\/li>\n<li>\u0415\u0435 \u043a\u0440\u0435\u043c\u043e\u0432\u0430\u044f \u0442\u0435\u043a\u0441\u0442\u0443\u0440\u0430 \u0434\u0435\u043b\u0430\u0435\u0442 \u043a\u043e\u0436\u0443 \u043c\u044f\u0433\u043a\u043e\u0439 \u0438 \u0441\u0438\u044f\u044e\u0449\u0435\u0439, \u043d\u0435 \u0443\u0442\u044f\u0436\u0435\u043b\u044f\u044f \u0435\u0451.<\/li>\n<li>\u041b\u0435\u0433\u043a\u043e \u043d\u0430\u043d\u043e\u0441\u0438\u0442\u0441\u044f \u0438 \u043d\u0435 \u0441\u0442\u0435\u043a\u0430\u0435\u0442, \u0447\u0442\u043e \u043f\u043e\u0437\u0432\u043e\u043b\u044f\u0435\u0442 \u0437\u0430\u043d\u0438\u043c\u0430\u0442\u044c\u0441\u044f \u0441\u0432\u043e\u0438\u043c\u0438 \u0434\u0435\u043b\u0430\u043c\u0438.<\/li>\n<\/ul>\n<div class=\"flex max-w-full flex-col flex-grow\">\n<div class=\"min-h-8 text-message flex w-full flex-col items-end gap-2 whitespace-normal break-words [.text-message+&amp;]:mt-5\" dir=\"auto\" data-message-author-role=\"assistant\" data-message-id=\"379d60db-557c-4765-a15b-bd4551878330\" data-message-model-slug=\"gpt-4o\">\n<div class=\"flex w-full flex-col gap-1 empty:hidden first:pt-[3px]\">\n<div class=\"markdown prose w-full break-words dark:prose-invert light\">\n<p><em>\u0420\u0435\u043a\u043e\u043c\u0435\u043d\u0434\u0443\u0435\u0442\u0441\u044f \u0434\u043b\u044f \u043d\u043e\u0440\u043c\u0430\u043b\u044c\u043d\u043e\u0439 \u0438 \u043a\u043e\u043c\u0431\u0438\u043d\u0438\u0440\u043e\u0432\u0430\u043d\u043d\u043e\u0439 \u043a\u043e\u0436\u0438.<\/em><\/p>\n<\/div>\n<\/div>\n<\/div>\n<\/div>\n<p><strong>\u0420\u0435\u0437\u0443\u043b\u044c\u0442\u0430\u0442<\/strong>: \u041a\u043e\u0436\u0430 \u0443\u0445\u043e\u0436\u0435\u043d\u043d\u0430\u044f, \u0443\u0432\u043b\u0430\u0436\u043d\u0435\u043d\u043d\u0430\u044f \u0438 \u0441\u0438\u044f\u044e\u0449\u0430\u044f.<\/p>\n<p><em><strong>\u041a\u0430\u043a \u0438\u0441\u043f\u043e\u043b\u044c\u0437\u043e\u0432\u0430\u0442\u044c:<\/strong><\/em><\/p>\n<p><em>1. \u041d\u0430\u043d\u0435\u0441\u0438\u0442\u0435 \u043d\u0435\u0431\u043e\u043b\u044c\u0448\u043e\u0435 \u043a\u043e\u043b\u0438\u0447\u0435\u0441\u0442\u0432\u043e \u043c\u0430\u0441\u043a\u0438 \u043d\u0430 \u0447\u0438\u0441\u0442\u0443\u044e \u0441\u0443\u0445\u0443\u044e \u043a\u043e\u0436\u0443, \u0438\u0437\u0431\u0435\u0433\u0430\u044f \u043e\u0431\u043b\u0430\u0441\u0442\u0438 \u0432\u043e\u043a\u0440\u0443\u0433 \u0433\u043b\u0430\u0437 \u0438 \u0433\u0443\u0431.<\/em><br \/>\n<em>2. \u041e\u0441\u0442\u0430\u0432\u044c\u0442\u0435 \u043d\u0430 5-10 \u043c\u0438\u043d\u0443\u0442, \u0437\u0430\u0442\u0435\u043c \u0442\u0449\u0430\u0442\u0435\u043b\u044c\u043d\u043e \u0441\u043c\u043e\u0439\u0442\u0435.<\/em><br \/>\n<em>3. \u0418\u0441\u043f\u043e\u043b\u044c\u0437\u0443\u0439\u0442\u0435 1-2 \u0440\u0430\u0437\u0430 \u0432 \u043d\u0435\u0434\u0435\u043b\u044e.<\/em><\/p>\n<p><em>\u0414\u0435\u0440\u043c\u0430\u0442\u043e\u043b\u043e\u0433\u0438\u0447\u0435\u0441\u043a\u0438 \u043f\u0440\u043e\u0442\u0435\u0441\u0442\u0438\u0440\u043e\u0432\u0430\u043d\u0430. \u041d\u0435\u043a\u043e\u043c\u0435\u0434\u043e\u0433\u0435\u043d\u043d\u0430.<\/em><\/p>\n<p>\ud83c\uddfa\ud83c\uddf8 KIKO Milano yellow clay mask. Nourishing and illuminating face mask with honey and yellow clay.<\/p>\n<ul>\n<li>its formula is enriched with protective and nourishing honey, stevia and shea, and sebum-absorbing yellow clay;<\/li>\n<li>its creamy texture leaves skin soft and radiant, without weighing it down;<\/li>\n<li>it\u2019s easy to apply and keep in place, it doesn&#8217;t slip off and allows you to go about your daily life while it works;<\/li>\n<li>it can be used on its own or combined with other clay masks to simultaneously obtain more results on different areas of the face.<\/li>\n<\/ul>\n<div class=\"ProductInfo__Tab Tab\" data-scrollable=\"true\" data-component=\"Tabs\" data-boilerplate-active=\"true\">\n<div class=\"Tab__Body Tab__Body--Classic\">\n<div id=\"tabinfo-1\" class=\"Tab__Body__Content fade active\" data-tab-panel=\"true\" aria-hidden=\"false\">\n<div class=\"Tab__Body__Content__Text\">\n<p><em>Recommended for: normal to combination skin.<\/em><\/p>\n<p><strong>Result<\/strong>: Skin is pampered, nourished and radiant.<\/p>\n<div class=\"ProductInfo__Images\"><picture class=\"ProductInfo__Images__Item\" data-type=\"image\"><source class=\"js-lightweight-src\" srcset=\"\/\/images.kikocosmetics.com\/mediaObject\/2020\/prod\/pdp_tris\/1\/YellowClayMask\/webp-resolutions\/res-1200x1200\/YellowClayMask.webp\" type=\"image\/webp\" data-srcset=\"\/\/images.kikocosmetics.com\/mediaObject\/2020\/prod\/pdp_tris\/1\/YellowClayMask\/webp-resolutions\/res-1200x1200\/YellowClayMask.webp\" \/><source class=\"js-src\" srcset=\"\/\/images.kikocosmetics.com\/mediaObject\/2020\/prod\/pdp_tris\/1\/YellowClayMask\/original\/YellowClayMask.jpg\" type=\"image\/jpeg\" data-srcset=\"\/\/images.kikocosmetics.com\/mediaObject\/2020\/prod\/pdp_tris\/1\/YellowClayMask\/original\/YellowClayMask.jpg\" \/><\/picture><\/div>\n<p><strong>How to use:<\/strong><\/p>\n<div class=\"ProductInfo__Tab Tab\" data-scrollable=\"true\" data-component=\"Tabs\" data-boilerplate-active=\"true\">\n<div class=\"Tab__Body Tab__Body--Classic\">\n<div id=\"tabinfo-2\" class=\"Tab__Body__Content fade active\" data-tab-panel=\"true\" aria-hidden=\"false\">\n<div class=\"Tab__Body__Content__Text\">\n<p><em><strong>1.\u00a0<\/strong>Apply a small amount onto clean, dry skin, avoiding the eye contour area and the lips.<\/em><br \/>\n<em><strong>2.<\/strong>\u00a0Let it sit for 5-10 minutes and carefully rinse.<\/em><br \/>\n<em><strong>3.<\/strong> Use once or twice a week.<\/em><\/p>\n<\/div>\n<\/div>\n<\/div>\n<\/div>\n<\/div>\n<\/div>\n<\/div>\n<\/div>\n<p><em>Dermatologically tested. Non-comedogenic<\/em><\/p>\n","protected":false},"featured_media":19440,"template":"","meta":{"jetpack_publicize_message":"","jetpack_publicize_feature_enabled":true,"jetpack_social_post_already_shared":false,"jetpack_social_options":{"image_generator_settings":{"template":"highway","default_image_id":0,"font":"","enabled":false},"version":2}},"product_brand":[],"product_cat":[340,631,966,912,964],"product_tag":[],"class_list":{"0":"post-19430","1":"product","2":"type-product","3":"status-publish","4":"has-post-thumbnail","6":"product_cat-kiko-milano","7":"product_cat-sale","8":"product_cat-masks","9":"product_cat-nahahooldus","10":"product_cat-face-care","12":"first","13":"outofstock","14":"sale","15":"shipping-taxable","16":"purchasable","17":"product-type-simple"},"jetpack_publicize_connections":[],"jetpack_sharing_enabled":true,"jetpack_likes_enabled":true,"_links":{"self":[{"href":"https:\/\/superstore.ee\/index.php\/wp-json\/wp\/v2\/product\/19430","targetHints":{"allow":["GET"]}}],"collection":[{"href":"https:\/\/superstore.ee\/index.php\/wp-json\/wp\/v2\/product"}],"about":[{"href":"https:\/\/superstore.ee\/index.php\/wp-json\/wp\/v2\/types\/product"}],"wp:featuredmedia":[{"embeddable":true,"href":"https:\/\/superstore.ee\/index.php\/wp-json\/wp\/v2\/media\/19440"}],"wp:attachment":[{"href":"https:\/\/superstore.ee\/index.php\/wp-json\/wp\/v2\/media?parent=19430"}],"wp:term":[{"taxonomy":"product_brand","embeddable":true,"href":"https:\/\/superstore.ee\/index.php\/wp-json\/wp\/v2\/product_brand?post=19430"},{"taxonomy":"product_cat","embeddable":true,"href":"https:\/\/superstore.ee\/index.php\/wp-json\/wp\/v2\/product_cat?post=19430"},{"taxonomy":"product_tag","embeddable":true,"href":"https:\/\/superstore.ee\/index.php\/wp-json\/wp\/v2\/product_tag?post=19430"}],"curies":[{"name":"wp","href":"https:\/\/api.w.org\/{rel}","templated":true}]}}