{"id":19521,"date":"2024-10-19T00:23:06","date_gmt":"2024-10-18T21:23:06","guid":{"rendered":"https:\/\/superstore.ee\/?post_type=product&#038;p=19521"},"modified":"2026-02-01T18:42:52","modified_gmt":"2026-02-01T16:42:52","slug":"victorias-secret-niisutav-kehalosjoon-shea-ja-kookosevoiga-236ml-pineapple-shea","status":"publish","type":"product","link":"https:\/\/superstore.ee\/index.php\/toode\/victorias-secret-niisutav-kehalosjoon-shea-ja-kookosevoiga-236ml-pineapple-shea\/","title":{"rendered":"Victoria\u2019s Secret niisutav kehalosjoon shea- ja kookosev\u00f5iga (236ml) Pineapple &#038; Shea"},"content":{"rendered":"","protected":false},"excerpt":{"rendered":"<p><span style=\"font-weight: 400;\">\ud83c\uddea\ud83c\uddea Kehalosjoon\u00a0Victoria\u2019s Secret Natural Beauty Body Lotion Pineapple &amp; Shea (236ml)<\/span><\/p>\n<p>Kehakreem sheav\u00f5iga niisutab s\u00fcgavuti nahka 24h tunni jooksul. Tekstuur on pehme ja j\u00e4tab naha magusalt l\u00f5hnama.<\/p>\n<ul>\n<li><em><strong>Rikastatud E-vitamiiniga<\/strong><\/em> \u2013 toetab teie naha tervist ja elastsust<\/li>\n<li><em><strong>Ananassi ekstrakt<\/strong><\/em> annab nahale s\u00e4ra ja v\u00e4rskuse<\/li>\n<li><em><strong>Sheav\u00f5i<\/strong><\/em> toidab ja niisutab intensiivselt, j\u00e4ttes naha pehmeks ja siledaks<\/li>\n<li><em><strong>Kookos\u00f5li<\/strong><\/em> pehmendab ja niisutab t\u00e4iendavalt, luues kogu p\u00e4evaks v\u00e4rskuse ja mugavuse tunde<\/li>\n<li><em><strong>Aloe vera<\/strong><\/em> \u2013 rahustab ja niisutab<\/li>\n<\/ul>\n<p><strong>Pineapple &amp; Shea<\/strong> \u2013 T\u00fc\u00fcp: puuviljane soe. S\u00e4rage ananassi ja sheav\u00f5i l\u00f5hnaga. See on t\u00e4ielik \u00f5nn.<\/p>\n<p><em>Kombineerige sobiva Natural Beauty parf\u00fcmeeritud kehasprei, kehakoorija ja niisutava k<span style=\"font-weight: 400;\">ehapesukreemi<\/span>ga.<\/em><\/p>\n<p><span style=\"font-weight: 400;\">\ud83c\uddf7\ud83c\uddfa Victoria\u2019s Secret Natural Beauty \u041b\u043e\u0441\u044c\u043e\u043d \u0434\u043b\u044f \u0442\u0435\u043b\u0430 \u0441 \u0430\u043d\u0430\u043d\u0430\u0441\u043e\u043c \u0438 \u043c\u0430\u0441\u043b\u043e\u043c \u0448\u0438 (236ml).\u00a0<\/span><\/p>\n<p>\u041a\u0440\u0435\u043c \u0434\u043b\u044f \u0442\u0435\u043b\u0430 \u0441 \u043c\u0430\u0441\u043b\u043e\u043c \u0448\u0438 \u0433\u043b\u0443\u0431\u043e\u043a\u043e \u0443\u0432\u043b\u0430\u0436\u043d\u044f\u0435\u0442 \u043a\u043e\u0436\u0443 \u043d\u0430 24 \u0447\u0430\u0441\u0430. \u0422\u0435\u043a\u0441\u0442\u0443\u0440\u0430 \u043c\u044f\u0433\u043a\u0430\u044f, \u043e\u0441\u0442\u0430\u0432\u043b\u044f\u0435\u0442 \u043d\u0430 \u043a\u043e\u0436\u0435 \u043f\u0440\u0438\u044f\u0442\u043d\u044b\u0439 \u0430\u0440\u043e\u043c\u0430\u0442.<\/p>\n<ul>\n<li>\u041e\u0431\u043e\u0433\u0430\u0449\u0451\u043d <em><strong>\u0432\u0438\u0442\u0430\u043c\u0438\u043d\u043e\u043c \u0415<\/strong><\/em> &#8211; \u043f\u043e\u0434\u0434\u0435\u0440\u0436\u0438\u0432\u0430\u0435\u0442 \u0437\u0434\u043e\u0440\u043e\u0432\u044c\u0435 \u0438 \u0443\u043f\u0440\u0443\u0433\u043e\u0441\u0442\u044c \u0432\u0430\u0448\u0435\u0439 \u043a\u043e\u0436\u0438<\/li>\n<li><em><strong>\u042d\u043a\u0441\u0442\u0440\u0430\u043a\u0442 \u0430\u043d\u0430\u043d\u0430\u0441\u0430<\/strong> <\/em>\u043f\u0440\u0438\u0434\u0430\u0451\u0442 \u043a\u043e\u0436\u0435 \u0441\u0438\u044f\u043d\u0438\u0435 \u0438 \u0441\u0432\u0435\u0436\u0435\u0441\u0442\u044c<\/li>\n<li><em><strong>\u041c\u0430\u0441\u043b\u043e \u0448\u0438<\/strong><\/em> \u0438\u043d\u0442\u0435\u043d\u0441\u0438\u0432\u043d\u043e \u043f\u0438\u0442\u0430\u0435\u0442 \u0438 \u0443\u0432\u043b\u0430\u0436\u043d\u044f\u0435\u0442, \u043e\u0441\u0442\u0430\u0432\u043b\u044f\u044f \u043a\u043e\u0436\u0443 \u043c\u044f\u0433\u043a\u043e\u0439 \u0438 \u0433\u043b\u0430\u0434\u043a\u043e\u0439<\/li>\n<li><em><strong>\u041a\u043e\u043a\u043e\u0441\u043e\u0432\u043e\u0435 \u043c\u0430\u0441\u043b\u043e<\/strong><\/em> \u0434\u043e\u043f\u043e\u043b\u043d\u0438\u0442\u0435\u043b\u044c\u043d\u043e \u0441\u043c\u044f\u0433\u0447\u0430\u0435\u0442 \u0438 \u0443\u0432\u043b\u0430\u0436\u043d\u044f\u0435\u0442, \u0441\u043e\u0437\u0434\u0430\u0432\u0430\u044f \u043e\u0449\u0443\u0449\u0435\u043d\u0438\u0435 \u0441\u0432\u0435\u0436\u0435\u0441\u0442\u0438 \u0438 \u043a\u043e\u043c\u0444\u043e\u0440\u0442\u0430 \u043d\u0430 \u0432\u0435\u0441\u044c \u0434\u0435\u043d\u044c<\/li>\n<li><em><strong>\u0410\u043b\u043e\u044d \u0432\u0435\u0440\u0430<\/strong><\/em> \u2013 \u0443\u0441\u043f\u043e\u043a\u0430\u0438\u0432\u0430\u0435\u0442 \u0438 \u0443\u0432\u043b\u0430\u0436\u043d\u044f\u0435\u0442<\/li>\n<\/ul>\n<p><strong>Pineapple &amp; Shea<\/strong> \u2013 \u0422\u0438\u043f: \u0444\u0440\u0443\u043a\u0442\u043e\u0432\u044b\u0439 \u0442\u0435\u043f\u043b\u044b\u0439. \u0421\u0438\u044f\u0439\u0442\u0435 \u0441 \u0430\u0440\u043e\u043c\u0430\u0442\u043e\u043c \u0430\u043d\u0430\u043d\u0430\u0441\u0430 \u0438 \u043c\u0430\u0441\u043b\u0430 \u0448\u0438. \u042d\u0442\u043e \u0430\u0431\u0441\u043e\u043b\u044e\u0442\u043d\u043e\u0435 \u0441\u0447\u0430\u0441\u0442\u044c\u0435.<\/p>\n<p><em>\u0421\u043e\u0447\u0435\u0442\u0430\u0439\u0442\u0435 \u0441\u043f\u0440\u0435\u0439 \u0441 \u0441\u043e\u043e\u0442\u0432\u0435\u0442\u0441\u0442\u0432\u0443\u044e\u0449\u0438\u043c \u043f\u0430\u0440\u0444\u044e\u043c\u0438\u0440\u043e\u0432\u0430\u043d\u043d\u044b\u043c \u0441\u043f\u0440\u0435\u0435\u043c Natural Beauty, \u043e\u0442\u0448\u0435\u043b\u0443\u0448\u0438\u0432\u0430\u044e\u0449\u0438\u043c \u0441\u043a\u0440\u0430\u0431\u043e\u043c \u0434\u043b\u044f \u0442\u0435\u043b\u0430 \u0438 \u0443\u0432\u043b\u0430\u0436\u043d\u044f\u044e\u0449\u0438\u043c \u043a\u0440\u0435\u043c\u043e\u043c <span style=\"font-weight: 400;\">\u0434\u043b\u044f \u043c\u044b\u0442\u044c\u044f \u0442\u0435\u043b\u0430<\/span>.<\/em><\/p>\n<p><span style=\"font-weight: 400;\">\ud83c\uddfa\ud83c\uddf8 Victoria\u2019s Secret Natural Beauty Body Lotion Pineapple &amp; Shea (236ml)<\/span><\/p>\n<p><strong>Pineapple &amp; Shea<\/strong> \u2013 Type: Fruity Warm. Glow with the scent of Pineapple &amp; Shea. It&#8217;s complete happiness.<\/p>\n<p><em>Pair it with matching Natural Beauty Fragrance Mist, Exfoliating Body Scrub and Moisturizing Cream Body Wash.<\/em><\/p>\n","protected":false},"featured_media":23960,"template":"","meta":{"jetpack_publicize_message":"","jetpack_publicize_feature_enabled":true,"jetpack_social_post_already_shared":false,"jetpack_social_options":{"image_generator_settings":{"template":"highway","default_image_id":0,"font":"","enabled":false},"version":2}},"product_brand":[],"product_cat":[926,912,341],"product_tag":[],"class_list":{"0":"post-19521","1":"product","2":"type-product","3":"status-publish","4":"has-post-thumbnail","6":"product_cat-victorias-secret-body-lotions","7":"product_cat-nahahooldus","8":"product_cat-victorias-secret","9":"pa_lohn-aqua-kiss","10":"pa_lohn-bare-vanilla","11":"pa_lohn-love-spell","12":"pa_lohn-pure-seduction","13":"pa_lohn-velvet-petals","15":"first","16":"outofstock","17":"sale","18":"shipping-taxable","19":"purchasable","20":"product-type-simple"},"jetpack_publicize_connections":[],"jetpack_sharing_enabled":true,"jetpack_likes_enabled":true,"_links":{"self":[{"href":"https:\/\/superstore.ee\/index.php\/wp-json\/wp\/v2\/product\/19521","targetHints":{"allow":["GET"]}}],"collection":[{"href":"https:\/\/superstore.ee\/index.php\/wp-json\/wp\/v2\/product"}],"about":[{"href":"https:\/\/superstore.ee\/index.php\/wp-json\/wp\/v2\/types\/product"}],"wp:featuredmedia":[{"embeddable":true,"href":"https:\/\/superstore.ee\/index.php\/wp-json\/wp\/v2\/media\/23960"}],"wp:attachment":[{"href":"https:\/\/superstore.ee\/index.php\/wp-json\/wp\/v2\/media?parent=19521"}],"wp:term":[{"taxonomy":"product_brand","embeddable":true,"href":"https:\/\/superstore.ee\/index.php\/wp-json\/wp\/v2\/product_brand?post=19521"},{"taxonomy":"product_cat","embeddable":true,"href":"https:\/\/superstore.ee\/index.php\/wp-json\/wp\/v2\/product_cat?post=19521"},{"taxonomy":"product_tag","embeddable":true,"href":"https:\/\/superstore.ee\/index.php\/wp-json\/wp\/v2\/product_tag?post=19521"}],"curies":[{"name":"wp","href":"https:\/\/api.w.org\/{rel}","templated":true}]}}