{"id":19588,"date":"2024-10-20T21:10:06","date_gmt":"2024-10-20T18:10:06","guid":{"rendered":"https:\/\/superstore.ee\/?post_type=product&#038;p=19588"},"modified":"2025-03-13T00:05:39","modified_gmt":"2025-03-12T22:05:39","slug":"victorias-secret-velvet-petals-parfumeeritud-dusigeel-300-ml-3","status":"publish","type":"product","link":"https:\/\/superstore.ee\/index.php\/toode\/victorias-secret-velvet-petals-parfumeeritud-dusigeel-300-ml-3\/","title":{"rendered":"Victoria&#8217;s Secret Velvet Petals parf\u00fcmeeritud du\u0161igeel (300 ml)"},"content":{"rendered":"","protected":false},"excerpt":{"rendered":"<p><span style=\"font-weight: 400;\">\ud83c\uddea\ud83c\uddea <\/span><span style=\"font-weight: 400;\">Victoria\u2019s Secret Velvet Petals parf\u00fcmeeritud du\u0161igeel(300 ml).<\/span><br \/>\n<span style=\"font-weight: 400;\">V\u00e4rskendav du\u0161igeel aaloega, mis niisutab nahka ja annab uskumatult meeldiva aroomi.<\/span><br \/>\n<span style=\"font-weight: 400;\"><strong>L\u00f5hnastiil<\/strong>: h\u00f5rkjalt puuviljane, magus, puuvilja-lilleline, kreemjas l\u00f5hn \u00f5itseva gardeenia ja mandliglasuuri nootidega.<\/span><\/p>\n<p><span style=\"font-weight: 400;\">K\u00f5ige kauem kestva l\u00f5hna saavutamiseks kasutage sobivat losjooni ja kehaspreit.<\/span><\/p>\n<p><span style=\"font-weight: 400;\">\ud83c\uddf7\ud83c\uddfa <\/span>\u041f\u0430\u0440\u0444\u044e\u043c\u0438\u0440\u043e\u0432\u0430\u043d\u043d\u044b\u0439 <span style=\"font-weight: 400;\">\u0433\u0435\u043b\u044c \u0434\u043b\u044f \u0434\u0443\u0448\u0430 \u043e\u0442 Victoria\u2019s Secret Velvet Petals (300\u043c\u043b)\u00a0<\/span><br \/>\n<span style=\"font-weight: 400;\">\u041e\u0441\u0432\u0435\u0436\u0430\u044e\u0449\u0430\u044f \u0444\u043e\u0440\u043c\u0443\u043b\u0430 \u0441 \u0430\u043b\u043e\u044d, \u043a\u043e\u0442\u043e\u0440\u0430\u044f \u0443\u0432\u043b\u0430\u0436\u043d\u044f\u0435\u0442 \u043a\u043e\u0436\u0443 \u0438 \u043f\u0440\u0438\u0434\u0430\u0435\u0442 \u043d\u0435\u0432\u0435\u0440\u043e\u044f\u0442\u043d\u043e \u043f\u0440\u0438\u044f\u0442\u043d\u044b\u0439 \u0430\u0440\u043e\u043c\u0430\u0442.\u00a0<\/span><br \/>\n<span style=\"font-weight: 400;\"><strong>\u0421\u0442\u0438\u043b\u044c \u0430\u0440\u043e\u043c\u0430\u0442\u0430<\/strong>: \u0444\u0440\u0443\u043a\u0442\u043e\u0432\u044b\u0439 \u0433\u0443\u0440\u043c\u0430\u043d\u0441\u043a\u0438\u0439, \u0441\u043b\u0430\u0434\u043a\u0438\u0439, \u0444\u0440\u0443\u043a\u0442\u043e\u0432\u043e-\u0446\u0432\u0435\u0442\u043e\u0447\u043d\u044b\u0439, \u043a\u0440\u0435\u043c\u043e\u0432\u044b\u0439 \u0430\u0440\u043e\u043c\u0430\u0442 \u0441 \u043d\u043e\u0442\u043a\u0430\u043c\u0438 \u0446\u0432\u0435\u0442\u0443\u0449\u0435\u0439 \u0433\u0430\u0440\u0434\u0435\u043d\u0438\u0438 \u0438 \u043c\u0438\u043d\u0434\u0430\u043b\u044c\u043d\u043e\u0439 \u0433\u043b\u0430\u0437\u0443\u0440\u0438.<\/span><\/p>\n<p><span style=\"font-weight: 400;\">\u0414\u043b\u044f \u043d\u0430\u0438\u0431\u043e\u043b\u0435\u0435 \u0441\u0442\u043e\u0439\u043a\u043e\u0433\u043e \u0430\u0440\u043e\u043c\u0430\u0442\u0430 \u0438\u0441\u043f\u043e\u043b\u044c\u0437\u0443\u0439\u0442\u0435 \u0441\u043e\u043e\u0442\u0432\u0435\u0442\u0441\u0442\u0432\u0443\u044e\u0449\u0438\u0439 \u043b\u043e\u0441\u044c\u043e\u043d \u0438 \u0441\u043f\u0440\u0435\u0439.<\/span><\/p>\n<p><span style=\"font-weight: 400;\">\ud83c\uddfa\ud83c\uddf8 Victoria\u2019s Secret <\/span><span style=\"font-weight: 400;\">Refreshing Gel Body Wash Velvet Petals (300ml). Very long lasting and pleasant scent!<\/span><br \/>\n<span style=\"font-weight: 400;\"><strong>Fragrance Style<\/strong>: Fruity Gourmand &#8211; <\/span>Lush blooms. Almond glaze. Made you blush.<\/p>\n<p><span style=\"font-weight: 400;\">Refreshing gel formula with skin-loving Aloe. For the most lasting fragrance experience, follow with matching lotion and mist.<\/span><\/p>\n","protected":false},"featured_media":16542,"template":"","meta":{"jetpack_publicize_message":"","jetpack_publicize_feature_enabled":true,"jetpack_social_post_already_shared":false,"jetpack_social_options":{"image_generator_settings":{"template":"highway","default_image_id":0,"font":"","enabled":false},"version":2}},"product_brand":[],"product_cat":[930,912,341],"product_tag":[],"class_list":{"0":"post-19588","1":"product","2":"type-product","3":"status-publish","4":"has-post-thumbnail","6":"product_cat-victorias-secret-body-washes","7":"product_cat-nahahooldus","8":"product_cat-victorias-secret","10":"first","11":"outofstock","12":"sale","13":"shipping-taxable","14":"purchasable","15":"product-type-simple"},"jetpack_publicize_connections":[],"jetpack_sharing_enabled":true,"jetpack_likes_enabled":true,"_links":{"self":[{"href":"https:\/\/superstore.ee\/index.php\/wp-json\/wp\/v2\/product\/19588","targetHints":{"allow":["GET"]}}],"collection":[{"href":"https:\/\/superstore.ee\/index.php\/wp-json\/wp\/v2\/product"}],"about":[{"href":"https:\/\/superstore.ee\/index.php\/wp-json\/wp\/v2\/types\/product"}],"wp:featuredmedia":[{"embeddable":true,"href":"https:\/\/superstore.ee\/index.php\/wp-json\/wp\/v2\/media\/16542"}],"wp:attachment":[{"href":"https:\/\/superstore.ee\/index.php\/wp-json\/wp\/v2\/media?parent=19588"}],"wp:term":[{"taxonomy":"product_brand","embeddable":true,"href":"https:\/\/superstore.ee\/index.php\/wp-json\/wp\/v2\/product_brand?post=19588"},{"taxonomy":"product_cat","embeddable":true,"href":"https:\/\/superstore.ee\/index.php\/wp-json\/wp\/v2\/product_cat?post=19588"},{"taxonomy":"product_tag","embeddable":true,"href":"https:\/\/superstore.ee\/index.php\/wp-json\/wp\/v2\/product_tag?post=19588"}],"curies":[{"name":"wp","href":"https:\/\/api.w.org\/{rel}","templated":true}]}}