{"id":19693,"date":"2024-10-24T18:14:28","date_gmt":"2024-10-24T15:14:28","guid":{"rendered":"https:\/\/superstore.ee\/?post_type=product&#038;p=19693"},"modified":"2026-02-02T11:54:40","modified_gmt":"2026-02-02T09:54:40","slug":"parfumeeritud-kehalosjoon-victorias-secret-cafe-victoria-body-lotion-236ml","status":"publish","type":"product","link":"https:\/\/superstore.ee\/index.php\/toode\/parfumeeritud-kehalosjoon-victorias-secret-cafe-victoria-body-lotion-236ml\/","title":{"rendered":"L\u00f5hnastatud kehalosjoon Victoria\u2019s Secret Caf\u00e9 Victoria Body Lotion (236ml)"},"content":{"rendered":"","protected":false},"excerpt":{"rendered":"<p><span style=\"font-weight: 400;\">\ud83c\uddea\ud83c\uddea L\u00f5hnastatud Kehalosjoon Victoria\u2019s Secret Caf\u00e9 Victoria Body Mist (236ml) <\/span><\/p>\n<ul>\n<li><span style=\"font-weight: 400;\"><em><strong>Berry Brulee <\/strong><\/em>\u2014 Noodid: riivitud \u0161okolaad, jasmiini kroonlehed. Kreemine maiustus ja punased puuviljad. <em>Hellitage ennast<\/em><\/span><\/li>\n<li><strong><em>Pistachio Cr\u00e8me<\/em><\/strong> \u2014 Noodid: vanilje glasuur, p\u00e4ikeseline muskus. Rikkalik pistaatsia ja suhkrustatud mandel. <em>Olge r\u00f5\u00f5mus<\/em><\/li>\n<li><span style=\"font-weight: 400;\"><strong><em>Sugared Petals<\/em><\/strong> \u2014 Noodid: magus makroon, puidused noodid. \u00d5rnad valged \u00f5ied kaunistavad kuldseid makroone. <em>Nautige<\/em><\/span><\/li>\n<li><span style=\"font-weight: 400;\"><strong><em>Amber Aperitif<\/em><\/strong> \u2014 Noodid: agaavinektar, magnoolia muskus. Meeldiv suitsune lik\u00f6\u00f6r ja kihisev prosecco. <em>Terviseks<\/em><\/span><\/li>\n<\/ul>\n<p><em>Kombineerige sobiva kehakreemiga.<\/em><br \/>\n<span style=\"font-weight: 400;\">\ud83c\uddf7\ud83c\uddfa Victoria\u2019s Secret Caf\u00e9 Victoria \u041b\u043e\u0441\u044c\u043e\u043d \u0434\u043b\u044f \u0442\u0435\u043b\u0430 (236ml)<\/span><\/p>\n<ul>\n<li><span style=\"font-weight: 400;\"><em><strong>Berry Brulee <\/strong><\/em>\u2014 \u041d\u043e\u0442\u044b: \u0442\u0435\u0440\u0442\u044b\u0439 \u0448\u043e\u043a\u043e\u043b\u0430\u0434, \u043b\u0435\u043f\u0435\u0441\u0442\u043a\u0438 \u0436\u0430\u0441\u043c\u0438\u043d\u0430. \u0421\u043e\u0447\u043d\u044b\u0435 \u043a\u0440\u0430\u0441\u043d\u044b\u0435 \u044f\u0433\u043e\u0434\u044b \u043a\u0440\u0443\u0436\u0430\u0442 \u0432\u043e\u043a\u0440\u0443\u0433 \u0441\u043b\u0438\u0432\u043e\u0447\u043d\u044b\u0445 \u043b\u0430\u043a\u043e\u043c\u0441\u0442\u0432. <em>\u041f\u043e\u0431\u0430\u043b\u0443\u0439\u0442\u0435 \u0441\u0435\u0431\u044f<\/em><\/span><\/li>\n<li><strong><em>Pistachio Cr\u00e8me<\/em><\/strong> \u2014 \u041d\u043e\u0442\u044b: \u0432\u0430\u043d\u0438\u043b\u044c\u043d\u0430\u044f \u0433\u043b\u0430\u0437\u0443\u0440\u044c, \u0441\u043e\u043b\u043d\u0435\u0447\u043d\u044b\u0439 \u043c\u0443\u0441\u043a\u0443\u0441. \u041d\u0430\u0441\u044b\u0449\u0435\u043d\u043d\u044b\u0439 \u0444\u0438\u0441\u0442\u0430\u0448\u043a\u043e\u0432\u044b\u0439 \u0430\u0440\u043e\u043c\u0430\u0442 \u0441\u043e\u0447\u0435\u0442\u0430\u0435\u0442\u0441\u044f \u0441 \u0434\u0435\u043a\u0430\u0434\u0435\u043d\u0442\u0441\u043a\u0438\u043c\u0438 \u0437\u0430\u0441\u0430\u0445\u0430\u0440\u0435\u043d\u043d\u044b\u043c\u0438 \u043c\u0438\u043d\u0434\u0430\u043b\u044f\u043c\u0438. <em>\u041f\u0440\u0438\u0434\u0438\u0442\u0435 \u0432 \u0432\u043e\u0441\u0442\u043e\u0440\u0433<\/em><\/li>\n<li><span style=\"font-weight: 400;\"><strong><em>Sugared Petals<\/em><\/strong> \u2014 \u041d\u043e\u0442\u044b: \u0441\u043b\u0430\u0434\u043a\u0438\u0439 \u043c\u0430\u043a\u0430\u0440\u043e\u043d, \u0434\u0440\u0435\u0432\u0435\u0441\u043d\u044b\u0435 \u043d\u043e\u0442\u044b. \u041d\u0435\u0436\u043d\u044b\u0435 \u0431\u0435\u043b\u044b\u0435 \u0446\u0432\u0435\u0442\u044b \u0443\u043a\u0440\u0430\u0448\u0430\u044e\u0442 \u0437\u043e\u043b\u043e\u0442\u0438\u0441\u0442\u044b\u0435 \u043c\u0430\u043a\u0430\u0440\u043e\u043d\u044b. <em>\u041d\u0430\u0441\u043b\u0430\u0436\u0434\u0430\u0439\u0442\u0435\u0441\u044c<\/em><\/span><\/li>\n<li><span style=\"font-weight: 400;\"><strong><em>Amber Aperitif<\/em><\/strong> \u2014 \u041d\u043e\u0442\u044b: \u043d\u0435\u043a\u0442\u0430\u0440 \u0430\u0433\u0430\u0432\u044b, \u043c\u0430\u0433\u043d\u043e\u043b\u0438\u0435\u0432\u044b\u0439 \u043c\u0443\u0441\u043a\u0443\u0441. \u041f\u044c\u044f\u043d\u044f\u0449\u0438\u0439 \u0434\u044b\u043c\u043d\u044b\u0439 \u043b\u0438\u043a\u0435\u0440 \u043f\u043b\u0430\u0432\u043d\u043e \u0441\u043e\u0447\u0435\u0442\u0430\u0435\u0442\u0441\u044f \u0441 \u0438\u0433\u0440\u0438\u0441\u0442\u044b\u043c \u043f\u0440\u043e\u0441\u0435\u043a\u043a\u043e. <em>\u0417\u0430 \u0432\u0430\u0448\u0435 \u0437\u0434\u043e\u0440\u043e\u0432\u044c\u0435<\/em><\/span><\/li>\n<\/ul>\n<p><em>\u0421\u043e\u0447\u0435\u0442\u0430\u0439\u0442\u0435 \u0441\u043f\u0440\u0435\u0439 \u0441 \u0441\u043e\u043e\u0442\u0432\u0435\u0442\u0441\u0442\u0432\u0443\u044e\u0449\u0438\u043c \u043b\u043e\u0441\u044c\u043e\u043d\u043e\u043c \u0434\u043b\u044f \u0442\u0435\u043b\u0430.<\/em><br \/>\n<span style=\"font-weight: 400;\">\ud83c\uddfa\ud83c\uddf8 Victoria\u2019s Secret Caf\u00e9 Victoria Body Lotion (236ml)<\/span><\/p>\n<ul>\n<li><span style=\"font-weight: 400;\"><em><strong>Berry Brulee <\/strong><\/em>\u2014 Notes: Shaved Chocolate, Jasmine Petals. Juicy red fruit dances around creamy confections. <em>Indulge<\/em><\/span><\/li>\n<li><strong><em>Pistachio Cr\u00e8me<\/em><\/strong> \u2014 Notes: Vanilla Glaze, Solar Musk. Rich pistachio kisses decadent candied almonds. <em>Delight<\/em><\/li>\n<li><span style=\"font-weight: 400;\"><strong><em>Sugared Petals<\/em><\/strong> \u2014 Notes: Sweet Macaron, Shimmering Woods. Delicate white flowers adorn golden macarons. <em>Enjoy<\/em><\/span><\/li>\n<li><span style=\"font-weight: 400;\"><strong><em>Amber Aperitif<\/em><\/strong> \u2014 Notes: Agave Nectar, Magnolia Musk. Heady smoked liqueur flats on sparkling prosecco. <em>Cheers<\/em><\/span><\/li>\n<\/ul>\n<p><em>Pair it with matching Body Lotion.<\/em><\/p>\n","protected":false},"featured_media":17876,"template":"","meta":{"jetpack_publicize_message":"","jetpack_publicize_feature_enabled":true,"jetpack_social_post_already_shared":false,"jetpack_social_options":{"image_generator_settings":{"template":"highway","default_image_id":0,"font":"","enabled":false},"version":2}},"product_brand":[],"product_cat":[926,912,341],"product_tag":[],"class_list":{"0":"post-19693","1":"product","2":"type-product","3":"status-publish","4":"has-post-thumbnail","6":"product_cat-victorias-secret-body-lotions","7":"product_cat-nahahooldus","8":"product_cat-victorias-secret","9":"pa_lohn-amber-aperitif","10":"pa_lohn-berry-brulee","11":"pa_lohn-pistachio-creme","12":"pa_lohn-sugared-petals","14":"first","15":"instock","16":"sale","17":"shipping-taxable","18":"purchasable","19":"product-type-variable"},"jetpack_publicize_connections":[],"jetpack_sharing_enabled":true,"jetpack_likes_enabled":true,"_links":{"self":[{"href":"https:\/\/superstore.ee\/index.php\/wp-json\/wp\/v2\/product\/19693","targetHints":{"allow":["GET"]}}],"collection":[{"href":"https:\/\/superstore.ee\/index.php\/wp-json\/wp\/v2\/product"}],"about":[{"href":"https:\/\/superstore.ee\/index.php\/wp-json\/wp\/v2\/types\/product"}],"wp:featuredmedia":[{"embeddable":true,"href":"https:\/\/superstore.ee\/index.php\/wp-json\/wp\/v2\/media\/17876"}],"wp:attachment":[{"href":"https:\/\/superstore.ee\/index.php\/wp-json\/wp\/v2\/media?parent=19693"}],"wp:term":[{"taxonomy":"product_brand","embeddable":true,"href":"https:\/\/superstore.ee\/index.php\/wp-json\/wp\/v2\/product_brand?post=19693"},{"taxonomy":"product_cat","embeddable":true,"href":"https:\/\/superstore.ee\/index.php\/wp-json\/wp\/v2\/product_cat?post=19693"},{"taxonomy":"product_tag","embeddable":true,"href":"https:\/\/superstore.ee\/index.php\/wp-json\/wp\/v2\/product_tag?post=19693"}],"curies":[{"name":"wp","href":"https:\/\/api.w.org\/{rel}","templated":true}]}}