{"id":19704,"date":"2024-10-24T18:20:46","date_gmt":"2024-10-24T15:20:46","guid":{"rendered":"https:\/\/superstore.ee\/?post_type=product&#038;p=19704"},"modified":"2025-03-12T23:52:38","modified_gmt":"2025-03-12T21:52:38","slug":"victorias-secret-pistachio-creme-cafe-victoria-komplekt-kehasprei-kehalosjoon","status":"publish","type":"product","link":"https:\/\/superstore.ee\/index.php\/toode\/victorias-secret-pistachio-creme-cafe-victoria-komplekt-kehasprei-kehalosjoon\/","title":{"rendered":"Victoria\u2019s Secret Pistachio Cr\u00e8me Caf\u00e9 Victoria Komplekt (Kehasprei + Kehalosjoon)"},"content":{"rendered":"","protected":false},"excerpt":{"rendered":"<p><span style=\"font-weight: 400;\">\ud83c\uddea\ud83c\uddea Victoria\u2019s Secret <strong><em>Pistachio Cr\u00e8me<\/em><\/strong> Caf\u00e9 Victoria komplekt (Kehasprei 250ml + Kehalosjoon 236ml)<\/span><\/p>\n<p>Noodid: vanilje glasuur, p\u00e4ikeseline muskus. Rikkalik pistaatsia ja suhkrustatud mandel. Olge r\u00f5\u00f5mus.<br \/>\n<span style=\"font-weight: 400;\">\ud83c\uddf7\ud83c\uddfa Victoria\u2019s Secret <strong><em>Pistachio Cr\u00e8me<\/em><\/strong> Caf\u00e9 Victoria <\/span>\u043a\u043e\u043c\u043f\u043b\u0435\u043a\u0442 (\u0421\u043f\u0440\u0435\u0439 \u0434\u043b\u044f \u0442\u0435\u043b\u0430 250ml + \u041b\u043e\u0441\u044c\u043e\u043d \u0434\u043b\u044f \u0442\u0435\u043b\u0430 236ml)<\/p>\n<p>\u041d\u043e\u0442\u044b: \u0432\u0430\u043d\u0438\u043b\u044c\u043d\u0430\u044f \u0433\u043b\u0430\u0437\u0443\u0440\u044c, \u0441\u043e\u043b\u043d\u0435\u0447\u043d\u044b\u0439 \u043c\u0443\u0441\u043a\u0443\u0441. \u041d\u0430\u0441\u044b\u0449\u0435\u043d\u043d\u044b\u0439 \u0444\u0438\u0441\u0442\u0430\u0448\u043a\u043e\u0432\u044b\u0439 \u0430\u0440\u043e\u043c\u0430\u0442 \u0441\u043e\u0447\u0435\u0442\u0430\u0435\u0442\u0441\u044f \u0441 \u0434\u0435\u043a\u0430\u0434\u0435\u043d\u0442\u0441\u043a\u0438\u043c\u0438 \u0437\u0430\u0441\u0430\u0445\u0430\u0440\u0435\u043d\u043d\u044b\u043c\u0438 \u043c\u0438\u043d\u0434\u0430\u043b\u044f\u043c\u0438. <em>\u041f\u0440\u0438\u0434\u0438\u0442\u0435 \u0432 \u0432\u043e\u0441\u0442\u043e\u0440\u0433<\/em><br \/>\n<span style=\"font-weight: 400;\">\ud83c\uddfa\ud83c\uddf8 Victoria\u2019s Secret <strong><em>Pistachio Cr\u00e8me<\/em><\/strong> Caf\u00e9 Victoria set (Body Mist 250ml + Body Lotion 236ml)<\/span><\/p>\n<p>Notes: Vanilla Glaze, Solar Musk. Rich pistachio kisses decadent candied almonds. <em>Delight<\/em><\/p>\n","protected":false},"featured_media":19753,"template":"","meta":{"jetpack_publicize_message":"","jetpack_publicize_feature_enabled":true,"jetpack_social_post_already_shared":false,"jetpack_social_options":{"image_generator_settings":{"template":"highway","default_image_id":0,"font":"","enabled":false},"version":2}},"product_brand":[],"product_cat":[926,927,910,342,912,341],"product_tag":[],"class_list":{"0":"post-19704","1":"product","2":"type-product","3":"status-publish","4":"has-post-thumbnail","6":"product_cat-victorias-secret-body-lotions","7":"product_cat-victorias-secret-body-mists","8":"product_cat-kehaspreid","9":"product_cat-komplektid-victorias-secret","10":"product_cat-nahahooldus","11":"product_cat-victorias-secret","12":"pa_lohn-gift-box","13":"pa_lohn-komplekt","15":"first","16":"outofstock","17":"sale","18":"shipping-taxable","19":"purchasable","20":"product-type-simple"},"jetpack_publicize_connections":[],"jetpack_sharing_enabled":true,"jetpack_likes_enabled":true,"_links":{"self":[{"href":"https:\/\/superstore.ee\/index.php\/wp-json\/wp\/v2\/product\/19704","targetHints":{"allow":["GET"]}}],"collection":[{"href":"https:\/\/superstore.ee\/index.php\/wp-json\/wp\/v2\/product"}],"about":[{"href":"https:\/\/superstore.ee\/index.php\/wp-json\/wp\/v2\/types\/product"}],"wp:featuredmedia":[{"embeddable":true,"href":"https:\/\/superstore.ee\/index.php\/wp-json\/wp\/v2\/media\/19753"}],"wp:attachment":[{"href":"https:\/\/superstore.ee\/index.php\/wp-json\/wp\/v2\/media?parent=19704"}],"wp:term":[{"taxonomy":"product_brand","embeddable":true,"href":"https:\/\/superstore.ee\/index.php\/wp-json\/wp\/v2\/product_brand?post=19704"},{"taxonomy":"product_cat","embeddable":true,"href":"https:\/\/superstore.ee\/index.php\/wp-json\/wp\/v2\/product_cat?post=19704"},{"taxonomy":"product_tag","embeddable":true,"href":"https:\/\/superstore.ee\/index.php\/wp-json\/wp\/v2\/product_tag?post=19704"}],"curies":[{"name":"wp","href":"https:\/\/api.w.org\/{rel}","templated":true}]}}