{"id":19720,"date":"2024-10-25T21:28:02","date_gmt":"2024-10-25T18:28:02","guid":{"rendered":"https:\/\/superstore.ee\/?post_type=product&#038;p=19720"},"modified":"2025-03-12T23:53:21","modified_gmt":"2025-03-12T21:53:21","slug":"victorias-secret-pink-light-happy-komplekt-eeterlike-olidega-kehasprei-kehakreem","status":"publish","type":"product","link":"https:\/\/superstore.ee\/index.php\/toode\/victorias-secret-pink-light-happy-komplekt-eeterlike-olidega-kehasprei-kehakreem\/","title":{"rendered":"Victoria\u2019s Secret PINK Kinkekomplekt Light &amp; Happy (Kehasprei + Kehakreem)"},"content":{"rendered":"","protected":false},"excerpt":{"rendered":"<p>\ud83c\uddea\ud83c\uddea Victoria\u2019s Secret PINK Kinkekomplekt Light &amp; Happy (Kehasprei 75ml + Kehakreem 75ml)<\/p>\n<p style=\"text-align: left;\">P\u00e4ikeseline klementiin, metsik kuslapuu, p\u00e4ikesepaistelised metsad, eeterlikud \u00f5lid.<\/p>\n<p>Dermatoloogide poolt heaks kiidetud kreem tagab 24-tunnise niisutuse ja on v\u00e4lja t\u00f6\u00f6tatud ilma ftalaatide, sulfaatide, parabeenide v\u00f5i kunstlike v\u00e4rvaineteta.<\/p>\n<p>\ud83c\uddf7\ud83c\uddfa Victoria\u2019s Secret PINK \u041f\u043e\u0434\u0430\u0440\u043e\u0447\u043d\u044b\u0439 \u043a\u043e\u043c\u043f\u043b\u0435\u043a\u0442 Light &amp; Happy (\u0421\u043f\u0440\u0435\u0439 \u0434\u043b\u044f \u0442\u0435\u043b\u0430 75ml + \u043a\u0440\u0435\u043c \u0434\u043b\u044f \u0442\u0435\u043b\u0430 75ml)<\/p>\n<p>\u0421\u043e\u043b\u043d\u0435\u0447\u043d\u044b\u0439 \u043a\u043b\u0435\u043c\u0435\u043d\u0442\u0438\u043d, \u0434\u0438\u043a\u0430\u044f \u0436\u0438\u043c\u043e\u043b\u043e\u0441\u0442\u044c, \u0437\u0430\u043b\u0438\u0442\u044b\u0439 \u0441\u043e\u043b\u043d\u0446\u0435\u043c \u043b\u0435\u0441, \u044d\u0444\u0438\u0440\u043d\u044b\u0435 \u043c\u0430\u0441\u043b\u0430.<\/p>\n<p>\u041a\u0440\u0435\u043c, \u043e\u0434\u043e\u0431\u0440\u0435\u043d\u043d\u044b\u0439 \u0434\u0435\u0440\u043c\u0430\u0442\u043e\u043b\u043e\u0433\u0430\u043c\u0438, \u043e\u0431\u0435\u0441\u043f\u0435\u0447\u0438\u0432\u0430\u0435\u0442 24-\u0447\u0430\u0441\u043e\u0432\u043e\u0435 \u0443\u0432\u043b\u0430\u0436\u043d\u0435\u043d\u0438\u0435 \u0438 \u0440\u0430\u0437\u0440\u0430\u0431\u043e\u0442\u0430\u043d \u0431\u0435\u0437 \u0444\u0442\u0430\u043b\u0430\u0442\u043e\u0432, \u0441\u0443\u043b\u044c\u0444\u0430\u0442\u043e\u0432, \u043f\u0430\u0440\u0430\u0444\u0438\u043d\u043e\u0432 \u0438\u043b\u0438 \u0438\u0441\u043a\u0443\u0441\u0441\u0442\u0432\u0435\u043d\u043d\u044b\u0445 \u043a\u0440\u0430\u0441\u0438\u0442\u0435\u043b\u0435\u0439.<\/p>\n<p>\ud83c\uddfa\ud83c\uddf8 Victoria\u2019s Secret PINK Gift Set Light &amp; Happy with essential oils (Fragrance Mist 75ml + Lotion 75ml)<\/p>\n<p>Sunshine clementine, wild honeysuckle, sundrenched woods, essential oils.<\/p>\n<p>The dermatologist-approved cream provides 24-hour hydration and is formulated without phthalates, sulfates, parabens or artificial dyes.<\/p>\n","protected":false},"featured_media":19722,"template":"","meta":{"jetpack_publicize_message":"","jetpack_publicize_feature_enabled":true,"jetpack_social_post_already_shared":false,"jetpack_social_options":{"image_generator_settings":{"template":"highway","default_image_id":0,"font":"","enabled":false},"version":2}},"product_brand":[],"product_cat":[926,927,910,830,342,912,341],"product_tag":[],"class_list":{"0":"post-19720","1":"product","2":"type-product","3":"status-publish","4":"has-post-thumbnail","6":"product_cat-victorias-secret-body-lotions","7":"product_cat-victorias-secret-body-mists","8":"product_cat-kehaspreid","9":"product_cat-kingitused","10":"product_cat-komplektid-victorias-secret","11":"product_cat-nahahooldus","12":"product_cat-victorias-secret","13":"pa_lohn-ginger-apple-jewel","14":"pa_lohn-sugar-plum-fig","15":"pa_lohn-vanilla-amber-bourbon","17":"first","18":"outofstock","19":"sale","20":"shipping-taxable","21":"purchasable","22":"product-type-simple"},"jetpack_publicize_connections":[],"jetpack_sharing_enabled":true,"jetpack_likes_enabled":true,"_links":{"self":[{"href":"https:\/\/superstore.ee\/index.php\/wp-json\/wp\/v2\/product\/19720","targetHints":{"allow":["GET"]}}],"collection":[{"href":"https:\/\/superstore.ee\/index.php\/wp-json\/wp\/v2\/product"}],"about":[{"href":"https:\/\/superstore.ee\/index.php\/wp-json\/wp\/v2\/types\/product"}],"wp:featuredmedia":[{"embeddable":true,"href":"https:\/\/superstore.ee\/index.php\/wp-json\/wp\/v2\/media\/19722"}],"wp:attachment":[{"href":"https:\/\/superstore.ee\/index.php\/wp-json\/wp\/v2\/media?parent=19720"}],"wp:term":[{"taxonomy":"product_brand","embeddable":true,"href":"https:\/\/superstore.ee\/index.php\/wp-json\/wp\/v2\/product_brand?post=19720"},{"taxonomy":"product_cat","embeddable":true,"href":"https:\/\/superstore.ee\/index.php\/wp-json\/wp\/v2\/product_cat?post=19720"},{"taxonomy":"product_tag","embeddable":true,"href":"https:\/\/superstore.ee\/index.php\/wp-json\/wp\/v2\/product_tag?post=19720"}],"curies":[{"name":"wp","href":"https:\/\/api.w.org\/{rel}","templated":true}]}}