{"id":1973,"date":"2022-02-25T21:29:47","date_gmt":"2022-02-25T19:29:47","guid":{"rendered":"https:\/\/superstore.ee\/?post_type=product&#038;p=1973"},"modified":"2022-04-12T02:50:03","modified_gmt":"2022-04-12T00:50:03","slug":"naiste-dressikostuum-calvin-klein-puksid-pusa","status":"publish","type":"product","link":"https:\/\/superstore.ee\/index.php\/toode\/naiste-dressikostuum-calvin-klein-puksid-pusa\/","title":{"rendered":"Naiste dressikost\u00fc\u00fcm Calvin Klein p\u00fcksid + pusa"},"content":{"rendered":"","protected":false},"excerpt":{"rendered":"<p><span style=\"font-weight: 400;\">\ud83c\uddea\ud83c\uddeaUus Naiste dressikost\u00fc\u00fcm Calvin Klein p\u00fcksid + pusa<\/span><\/p>\n<p><span style=\"font-weight: 400;\">Suurus: 16a, sobib tavalisele S suurusele<\/span><\/p>\n<p><span style=\"font-weight: 400;\">Materjal: 100% puuvill<\/span><\/p>\n<p><span style=\"font-weight: 400;\">\ud83c\udf81Tasuta tarne!<\/span><\/p>\n<p>&nbsp;<\/p>\n<p><span style=\"font-weight: 400;\">\ud83c\uddf7\ud83c\uddfa \u041d\u043e\u0432\u044b\u0439 \u0436\u0435\u043d\u0441\u043a\u0438\u0439 \u043e\u0440\u0438\u0433\u0438\u043d\u0430\u043b\u044c\u043d\u044b\u0439 Calvin Klein \u043a\u043e\u0441\u0442\u044e\u043c \u0448\u0442\u0430\u043d\u044b + \u0445\u0443\u0434\u0438<\/span><\/p>\n<p><span style=\"font-weight: 400;\">\u0420\u0430\u0437\u043c\u0435\u0440: 16\u043b\u0435\u0442, \u043f\u043e\u0434\u043e\u0439\u0434\u0435\u0442 \u043d\u0430 \u043e\u0431\u044b\u0447\u043d\u044b\u0439 S \u0440\u0430\u0437\u043c\u0435\u0440<\/span><\/p>\n<p><span style=\"font-weight: 400;\">\u041c\u0430\u0442\u0435\u0440\u0438\u0430\u043b: 100% \u0445\u043b\u043e\u043f\u043e\u043a<\/span><\/p>\n<p><span style=\"font-weight: 400;\">\ud83c\udf81 \u0411\u0435\u0441\u043f\u043b\u0430\u0442\u043d\u0430\u044f \u0434\u043e\u0441\u0442\u0430\u0432\u043a\u0430!<\/span><\/p>\n<p>&nbsp;<\/p>\n<p><span style=\"font-weight: 400;\">\ud83c\uddfa\ud83c\uddf8 New original Calvin Klein women&#8217;s set joggers + hoodie<\/span><\/p>\n<p><span style=\"font-weight: 400;\">Size: 16y, fits S size<\/span><\/p>\n<p><span style=\"font-weight: 400;\">Material: 100% cotton<\/span><\/p>\n<p><span style=\"font-weight: 400;\">\ud83c\udf81 Free shipping!<\/span><\/p>\n","protected":false},"featured_media":1963,"template":"","meta":{"jetpack_publicize_message":"","jetpack_publicize_feature_enabled":true,"jetpack_social_post_already_shared":false,"jetpack_social_options":{"image_generator_settings":{"template":"highway","default_image_id":0,"font":"","enabled":false},"version":2}},"product_brand":[],"product_cat":[15],"product_tag":[],"class_list":{"0":"post-1973","1":"product","2":"type-product","3":"status-publish","4":"has-post-thumbnail","6":"product_cat-maaramata","8":"first","9":"outofstock","10":"sale","11":"shipping-taxable","12":"purchasable","13":"product-type-simple"},"jetpack_publicize_connections":[],"jetpack_sharing_enabled":true,"jetpack_likes_enabled":true,"_links":{"self":[{"href":"https:\/\/superstore.ee\/index.php\/wp-json\/wp\/v2\/product\/1973","targetHints":{"allow":["GET"]}}],"collection":[{"href":"https:\/\/superstore.ee\/index.php\/wp-json\/wp\/v2\/product"}],"about":[{"href":"https:\/\/superstore.ee\/index.php\/wp-json\/wp\/v2\/types\/product"}],"wp:featuredmedia":[{"embeddable":true,"href":"https:\/\/superstore.ee\/index.php\/wp-json\/wp\/v2\/media\/1963"}],"wp:attachment":[{"href":"https:\/\/superstore.ee\/index.php\/wp-json\/wp\/v2\/media?parent=1973"}],"wp:term":[{"taxonomy":"product_brand","embeddable":true,"href":"https:\/\/superstore.ee\/index.php\/wp-json\/wp\/v2\/product_brand?post=1973"},{"taxonomy":"product_cat","embeddable":true,"href":"https:\/\/superstore.ee\/index.php\/wp-json\/wp\/v2\/product_cat?post=1973"},{"taxonomy":"product_tag","embeddable":true,"href":"https:\/\/superstore.ee\/index.php\/wp-json\/wp\/v2\/product_tag?post=1973"}],"curies":[{"name":"wp","href":"https:\/\/api.w.org\/{rel}","templated":true}]}}