{"id":19741,"date":"2024-10-27T19:36:06","date_gmt":"2024-10-27T16:36:06","guid":{"rendered":"https:\/\/superstore.ee\/?post_type=product&#038;p=19741"},"modified":"2026-03-08T14:27:43","modified_gmt":"2026-03-08T12:27:43","slug":"kinkekarp-vs","status":"publish","type":"product","link":"https:\/\/superstore.ee\/index.php\/toode\/kinkekarp-vs\/","title":{"rendered":"Kinkekarp &#8211; VS"},"content":{"rendered":"<ul>\n<li><\/li>\n<\/ul>\n","protected":false},"excerpt":{"rendered":"<p>\ud83c\uddea\ud83c\uddea Kas soovite teha ideaalse kingituse? Kasutage meie kaunite pakketeenust! Victoria\u2019s Secreti originaalkarpidesse saab paigutada \u00fche misti v\u00f5i \u00fche kehakreemi\/\u00f5li Victoria\u2019s Secretilt v\u00f5i PINKilt. Valige soovitud tooted ja vastav kogus kinkekarpe. Kui teie tellimuses on mitu toodet ja ainult \u00fcks neist tuleb pakkida kinkekarpi, m\u00e4rkige tellimuse vormistamisel kommentaarides, milline neist on m\u00f5eldud kingituseks ja mida saata eraldi.<\/p>\n<p>Kui soovite saata kingituse otse saajale, m\u00e4rkige tema kontaktandmed (telefoninumber ja Itella Smartpost pakiautomaat).<\/p>\n<p><strong>NB! Kui soovite lisada kaardile l\u00fchikese soovi, kirjutage sellest tellimuse m\u00e4rkustes.<\/strong><\/p>\n<p>\ud83c\uddf7\ud83c\uddfa \u0425\u043e\u0442\u0438\u0442\u0435 \u0441\u0434\u0435\u043b\u0430\u0442\u044c \u0438\u0434\u0435\u0430\u043b\u044c\u043d\u044b\u0439 \u043f\u043e\u0434\u0430\u0440\u043e\u043a? \u0412\u043e\u0441\u043f\u043e\u043b\u044c\u0437\u0443\u0439\u0442\u0435\u0441\u044c \u043d\u0430\u0448\u0435\u0439 \u0443\u0441\u043b\u0443\u0433\u043e\u0439 \u043a\u0440\u0430\u0441\u0438\u0432\u043e\u0439 \u0443\u043f\u0430\u043a\u043e\u0432\u043a\u0438! \u0412 \u043e\u0440\u0438\u0433\u0438\u043d\u0430\u043b\u044c\u043d\u044b\u0435 \u043a\u043e\u0440\u043e\u0431\u043a\u0438 \u043e\u0442 Victoria\u2019s Secret \u043c\u043e\u0436\u043d\u043e \u043f\u043e\u043c\u0435\u0441\u0442\u0438\u0442\u044c \u043e\u0434\u0438\u043d \u0441\u043f\u0440\u0435\u0439 \u0434\u043b\u044f \u0442\u0435\u043b\u0430\/\u043c\u0438\u0441\u0442 \u0438\u043b\u0438 \u043e\u0434\u0438\u043d \u043a\u0440\u0435\u043c\/\u043c\u0430\u0441\u043b\u043e \u0434\u043b\u044f \u0442\u0435\u043b\u0430 \u043e\u0442 Victoria\u2019s Secret\/PINK. \u0412\u044b\u0431\u0435\u0440\u0438\u0442\u0435 \u0436\u0435\u043b\u0430\u0435\u043c\u044b\u0435 \u0442\u043e\u0432\u0430\u0440\u044b \u0438 \u0441\u043e\u043e\u0442\u0432\u0435\u0442\u0441\u0442\u0432\u0443\u044e\u0449\u0435\u0435 \u043a\u043e\u043b\u0438\u0447\u0435\u0441\u0442\u0432\u043e \u043f\u043e\u0434\u0430\u0440\u043e\u0447\u043d\u044b\u0445 \u043a\u043e\u0440\u043e\u0431\u043e\u043a. \u0415\u0441\u043b\u0438 \u0432 \u0432\u0430\u0448\u0435\u043c \u0437\u0430\u043a\u0430\u0437\u0435 \u043d\u0435\u0441\u043a\u043e\u043b\u044c\u043a\u043e \u0442\u043e\u0432\u0430\u0440\u043e\u0432, \u0438 \u0442\u043e\u043b\u044c\u043a\u043e \u043e\u0434\u0438\u043d \u0438\u0437 \u043d\u0438\u0445 \u043d\u0443\u0436\u043d\u043e \u0443\u043f\u0430\u043a\u043e\u0432\u0430\u0442\u044c \u0432 \u043f\u043e\u0434\u0430\u0440\u043e\u0447\u043d\u0443\u044e \u043a\u043e\u0440\u043e\u0431\u043a\u0443, \u0443\u043a\u0430\u0436\u0438\u0442\u0435 \u0432 \u043a\u043e\u043c\u043c\u0435\u043d\u0442\u0430\u0440\u0438\u044f\u0445 \u043f\u0440\u0438 \u043e\u0444\u043e\u0440\u043c\u043b\u0435\u043d\u0438\u0438 \u0437\u0430\u043a\u0430\u0437\u0430, \u043a\u0430\u043a\u043e\u0439 \u0438\u0437 \u043d\u0438\u0445 \u043f\u0440\u0435\u0434\u043d\u0430\u0437\u043d\u0430\u0447\u0435\u043d \u0434\u043b\u044f \u043f\u043e\u0434\u0430\u0440\u043a\u0430, \u0430 \u0447\u0442\u043e \u043e\u0442\u043f\u0440\u0430\u0432\u0438\u0442\u044c \u043e\u0442\u0434\u0435\u043b\u044c\u043d\u043e.<\/p>\n<p>\u0415\u0441\u043b\u0438 \u0432\u044b \u0445\u043e\u0442\u0438\u0442\u0435 \u043e\u0442\u043f\u0440\u0430\u0432\u0438\u0442\u044c \u043f\u043e\u0434\u0430\u0440\u043e\u043a \u043d\u0430\u043f\u0440\u044f\u043c\u0443\u044e \u043f\u043e\u043b\u0443\u0447\u0430\u0442\u0435\u043b\u044e, \u0443\u043a\u0430\u0436\u0438\u0442\u0435 \u0435\u0433\u043e \u043a\u043e\u043d\u0442\u0430\u043a\u0442\u043d\u044b\u0435 \u0434\u0430\u043d\u043d\u044b\u0435 (\u043d\u043e\u043c\u0435\u0440 \u0442\u0435\u043b\u0435\u0444\u043e\u043d\u0430 \u0438 \u043f\u0443\u043d\u043a\u0442 Itella Smartpost).<\/p>\n<p><strong>NB! \u0415\u0441\u043b\u0438 \u0445\u043e\u0442\u0438\u0442\u0435 \u0434\u043e\u0431\u0430\u0432\u0438\u0442\u044c \u043a\u043e\u0440\u043e\u0442\u043a\u043e\u0435 \u043f\u043e\u0436\u0435\u043b\u0430\u043d\u0438\u0435 \u0432 \u043e\u0442\u043a\u0440\u044b\u0442\u043a\u0443, \u043f\u043e\u0436\u0430\u043b\u0443\u0439\u0441\u0442\u0430 \u043d\u0430\u043f\u0438\u0448\u0438\u0442\u0435 \u043e\u0431 \u044d\u0442\u043e\u043c \u0432 \u0437\u0430\u043c\u0435\u0442\u043a\u0430\u0445 \u043f\u0440\u0438 \u043e\u0444\u043e\u0440\u043c\u043b\u0435\u043d\u0438\u0438 \u0437\u0430\u043a\u0430\u0437\u0430.<\/strong><\/p>\n<p>\ud83c\uddfa\ud83c\uddf8 Want to make the perfect gift? Take advantage of our beautiful packaging service! In original Victoria\u2019s Secret boxes, you can place one Victoria\u2019s Secret\/PINK mist or body cream\/oil. Choose the desired products and the appropriate number of gift boxes. If your order contains multiple items and only one needs to be packed in a gift box, please indicate in the comments when placing the order which one is intended as a gift and which should be sent separately.<\/p>\n<p>If you want to send the gift directly to the recipient, provide their contact details (phone number and Itella Smartpost pickup point). Also, if you want to add a short message to a card, write about it in the order notes.<\/p>\n","protected":false},"featured_media":16483,"template":"","meta":{"jetpack_publicize_message":"","jetpack_publicize_feature_enabled":true,"jetpack_social_post_already_shared":false,"jetpack_social_options":{"image_generator_settings":{"template":"highway","default_image_id":0,"font":"","enabled":false},"version":2}},"product_brand":[],"product_cat":[830,342,912,341],"product_tag":[],"class_list":{"0":"post-19741","1":"product","2":"type-product","3":"status-publish","4":"has-post-thumbnail","6":"product_cat-kingitused","7":"product_cat-komplektid-victorias-secret","8":"product_cat-nahahooldus","9":"product_cat-victorias-secret","11":"first","12":"outofstock","13":"shipping-taxable","14":"purchasable","15":"product-type-simple"},"jetpack_publicize_connections":[],"jetpack_sharing_enabled":true,"jetpack_likes_enabled":true,"_links":{"self":[{"href":"https:\/\/superstore.ee\/index.php\/wp-json\/wp\/v2\/product\/19741","targetHints":{"allow":["GET"]}}],"collection":[{"href":"https:\/\/superstore.ee\/index.php\/wp-json\/wp\/v2\/product"}],"about":[{"href":"https:\/\/superstore.ee\/index.php\/wp-json\/wp\/v2\/types\/product"}],"wp:featuredmedia":[{"embeddable":true,"href":"https:\/\/superstore.ee\/index.php\/wp-json\/wp\/v2\/media\/16483"}],"wp:attachment":[{"href":"https:\/\/superstore.ee\/index.php\/wp-json\/wp\/v2\/media?parent=19741"}],"wp:term":[{"taxonomy":"product_brand","embeddable":true,"href":"https:\/\/superstore.ee\/index.php\/wp-json\/wp\/v2\/product_brand?post=19741"},{"taxonomy":"product_cat","embeddable":true,"href":"https:\/\/superstore.ee\/index.php\/wp-json\/wp\/v2\/product_cat?post=19741"},{"taxonomy":"product_tag","embeddable":true,"href":"https:\/\/superstore.ee\/index.php\/wp-json\/wp\/v2\/product_tag?post=19741"}],"curies":[{"name":"wp","href":"https:\/\/api.w.org\/{rel}","templated":true}]}}