{"id":19817,"date":"2024-11-02T16:35:15","date_gmt":"2024-11-02T13:35:15","guid":{"rendered":"https:\/\/superstore.ee\/?post_type=product&#038;p=19817"},"modified":"2025-08-11T11:25:08","modified_gmt":"2025-08-11T08:25:08","slug":"victorias-secret-parfumeeritud-kehalosjoon-kookos-ja-sheavoiga-almond-blossom-oat-milk-236ml","status":"publish","type":"product","link":"https:\/\/superstore.ee\/index.php\/toode\/victorias-secret-parfumeeritud-kehalosjoon-kookos-ja-sheavoiga-almond-blossom-oat-milk-236ml\/","title":{"rendered":"Victoria\u2019s Secret parf\u00fcmeeritud kehalosjoon kookos- ja sheav\u00f5iga Almond Blossom &#038; Oat Milk (236ml)"},"content":{"rendered":"","protected":false},"excerpt":{"rendered":"<p><span style=\"font-weight: 400;\">\ud83c\uddea\ud83c\uddea<\/span>Victoria\u2019s Secret parf\u00fcmeeritud kehalosjoon shea- ja kookosev\u00f5iga (236ml). <span style=\"font-weight: 400;\">Natural Beauty Hydrating Body Lotion\u00a0<\/span><\/p>\n<p>Kehakreem sheav\u00f5iga niisutab s\u00fcgavuti nahka 24h tunni jooksul. Tekstuur on pehme ja j\u00e4tab naha magusalt l\u00f5hnama.<\/p>\n<ul>\n<li>Rikastatud <em><strong>E-vitamiiniga<\/strong><\/em>\u00a0\u2013 toetab teie naha tervist ja elastsust<\/li>\n<li><em><strong>Sheav\u00f5i<\/strong><\/em>\u00a0toidab ja niisutab intensiivselt, j\u00e4ttes naha pehmeks ja siledaks<\/li>\n<li><em><strong>Kookos\u00f5li<\/strong><\/em>\u00a0pehmendab ja niisutab t\u00e4iendavalt, luues kogu p\u00e4evaks v\u00e4rskuse ja mugavuse tunde<\/li>\n<li><em><strong>Aloe vera<\/strong><\/em>\u00a0\u2013 rahustab ja niisutab<\/li>\n<\/ul>\n<p><strong>Almond Blossom &amp; Oat Milk<\/strong>\u00a0\u2013\u00a0<strong>L\u00f5hnastiil<\/strong>: Soe lilleline \u2022 Mandli\u00f5is. Kaerapiim. Sheav\u00f5i.<\/p>\n<p><span style=\"font-weight: 400;\">Kombineerige sobiva kehasprei, kehakreemi, kehakoorija ja niisutava keha\u00f5liga.<\/span><\/p>\n<p><span style=\"font-weight: 400;\">\ud83c\uddf7\ud83c\uddfa\u00a0Victoria\u2019s Secret \u043f\u0430\u0440\u0444\u044e\u043c\u0438\u0440\u043e\u0432\u0430\u043d\u043d\u044b\u0439 \u043b\u043e\u0441\u044c\u043e\u043d \u0441 \u043c\u0430\u0441\u043b\u043e\u043c \u0448\u0438 \u0438 \u043a\u043e\u043a\u043e\u0441\u0430 (236\u043c\u043bl). Natural Beauty Hydrating Body Lotion<\/span><\/p>\n<p>\u041a\u0440\u0435\u043c \u0434\u043b\u044f \u0442\u0435\u043b\u0430 \u0441 \u043c\u0430\u0441\u043b\u043e\u043c \u0448\u0438 \u0433\u043b\u0443\u0431\u043e\u043a\u043e \u0443\u0432\u043b\u0430\u0436\u043d\u044f\u0435\u0442 \u043a\u043e\u0436\u0443 \u043d\u0430 24 \u0447\u0430\u0441\u0430. \u0422\u0435\u043a\u0441\u0442\u0443\u0440\u0430 \u043c\u044f\u0433\u043a\u0430\u044f, \u043e\u0441\u0442\u0430\u0432\u043b\u044f\u0435\u0442 \u043d\u0430 \u043a\u043e\u0436\u0435 \u043f\u0440\u0438\u044f\u0442\u043d\u044b\u0439 \u0430\u0440\u043e\u043c\u0430\u0442.<\/p>\n<ul>\n<li>\u041e\u0431\u043e\u0433\u0430\u0449\u0451\u043d\u00a0<em><strong>\u0432\u0438\u0442\u0430\u043c\u0438\u043d\u043e\u043c \u0415<\/strong><\/em>\u00a0\u2013 \u043f\u043e\u0434\u0434\u0435\u0440\u0436\u0438\u0432\u0430\u0435\u0442 \u0437\u0434\u043e\u0440\u043e\u0432\u044c\u0435 \u0438 \u0443\u043f\u0440\u0443\u0433\u043e\u0441\u0442\u044c \u0432\u0430\u0448\u0435\u0439 \u043a\u043e\u0436\u0438<\/li>\n<li><em><strong>\u041c\u0430\u0441\u043b\u043e \u0448\u0438<\/strong><\/em>\u00a0\u0438\u043d\u0442\u0435\u043d\u0441\u0438\u0432\u043d\u043e \u043f\u0438\u0442\u0430\u0435\u0442 \u0438 \u0443\u0432\u043b\u0430\u0436\u043d\u044f\u0435\u0442, \u043e\u0441\u0442\u0430\u0432\u043b\u044f\u044f \u043a\u043e\u0436\u0443 \u043c\u044f\u0433\u043a\u043e\u0439 \u0438 \u0433\u043b\u0430\u0434\u043a\u043e\u0439<\/li>\n<li><em><strong>\u041a\u043e\u043a\u043e\u0441\u043e\u0432\u043e\u0435 \u043c\u0430\u0441\u043b\u043e<\/strong><\/em>\u00a0\u0434\u043e\u043f\u043e\u043b\u043d\u0438\u0442\u0435\u043b\u044c\u043d\u043e \u0441\u043c\u044f\u0433\u0447\u0430\u0435\u0442 \u0438 \u0443\u0432\u043b\u0430\u0436\u043d\u044f\u0435\u0442, \u0441\u043e\u0437\u0434\u0430\u0432\u0430\u044f \u043e\u0449\u0443\u0449\u0435\u043d\u0438\u0435 \u0441\u0432\u0435\u0436\u0435\u0441\u0442\u0438 \u0438 \u043a\u043e\u043c\u0444\u043e\u0440\u0442\u0430 \u043d\u0430 \u0432\u0435\u0441\u044c \u0434\u0435\u043d\u044c<\/li>\n<li><em><strong>\u0410\u043b\u043e\u044d \u0432\u0435\u0440\u0430<\/strong><\/em>\u00a0\u2013 \u0443\u0441\u043f\u043e\u043a\u0430\u0438\u0432\u0430\u0435\u0442 \u0438 \u0443\u0432\u043b\u0430\u0436\u043d\u044f\u0435\u0442<\/li>\n<\/ul>\n<p><span class=\"sc-1916wqc-0 jKKLdk prism-typography\" data-testid=\"SelectedChoiceLabel\"><strong>Almond Blossom &amp; Oat Milk<\/strong>\u00a0\u2013\u00a0<\/span><strong>\u0421\u0442\u0438\u043b\u044c \u0430\u0440\u043e\u043c\u0430\u0442\u0430<\/strong>: \u0422\u0435\u043f\u043b\u044b\u0439 \u0446\u0432\u0435\u0442\u043e\u0447\u043d\u044b\u0439 \u2022 \u0426\u0432\u0435\u0442\u043e\u043a \u043c\u0438\u043d\u0434\u0430\u043b\u044f. \u041e\u0432\u0441\u044f\u043d\u043e\u0435 \u043c\u043e\u043b\u043e\u043a\u043e, \u043c\u0430\u0441\u043b\u043e \u0448\u0438.<\/p>\n<p><span style=\"font-weight: 400;\">\u0421\u043e\u0447\u0435\u0442\u0430\u0439\u0442\u0435 \u0441 \u043f\u043e\u0434\u0445\u043e\u0434\u044f\u0449\u0438\u043c \u0441\u043f\u0440\u0435\u0435\u043c \u0434\u043b\u044f \u0442\u0435\u043b\u0430, \u043b\u043e\u0441\u044c\u043e\u043d\u043e\u043c, \u0441\u043a\u0440\u0430\u0431\u043e\u043c \u0438 \u0443\u0432\u043b\u0430\u0436\u043d\u044f\u044e\u0449\u0438\u043c \u043c\u0430\u0441\u043b\u043e\u043c \u0434\u043b\u044f \u0442\u0435\u043b\u0430.<\/span><\/p>\n<p><span style=\"font-weight: 400;\">\ud83c\uddfa\ud83c\uddf8Victoria\u2019s Secret Natural Beauty Hydrating Body Lotion\u00a0with shea and coconut butter (236ml)<\/span><\/p>\n<p><strong><span class=\"sc-1916wqc-0 jKKLdk prism-typography\" data-testid=\"SelectedChoiceLabel\">Almond Blossom &amp; Oat Milk\u00a0<\/span><\/strong>\u2013 Fragrance Style: Warm Floral \u2022 Almond Blossom. Oat Milk. Shea butter.<\/p>\n<p><span style=\"font-weight: 400;\">To maximize your scent benefit, pair with matching Fragrance Mist, Body Lotion, Exfoliating Body Scrub, and Hydrating Body Butter.<\/span><\/p>\n","protected":false},"featured_media":23962,"template":"","meta":{"jetpack_publicize_message":"","jetpack_publicize_feature_enabled":true,"jetpack_social_post_already_shared":false,"jetpack_social_options":{"image_generator_settings":{"template":"highway","default_image_id":0,"font":"","enabled":false},"version":2}},"product_brand":[],"product_cat":[926,912,341],"product_tag":[],"class_list":{"0":"post-19817","1":"product","2":"type-product","3":"status-publish","4":"has-post-thumbnail","6":"product_cat-victorias-secret-body-lotions","7":"product_cat-nahahooldus","8":"product_cat-victorias-secret","9":"pa_lohn-almond-blossom-oat-milk","10":"pa_lohn-aloe-water-hibiscus","11":"pa_lohn-coconut-milk-rose","13":"first","14":"outofstock","15":"sale","16":"shipping-taxable","17":"purchasable","18":"product-type-simple"},"jetpack_publicize_connections":[],"jetpack_sharing_enabled":true,"jetpack_likes_enabled":true,"_links":{"self":[{"href":"https:\/\/superstore.ee\/index.php\/wp-json\/wp\/v2\/product\/19817","targetHints":{"allow":["GET"]}}],"collection":[{"href":"https:\/\/superstore.ee\/index.php\/wp-json\/wp\/v2\/product"}],"about":[{"href":"https:\/\/superstore.ee\/index.php\/wp-json\/wp\/v2\/types\/product"}],"wp:featuredmedia":[{"embeddable":true,"href":"https:\/\/superstore.ee\/index.php\/wp-json\/wp\/v2\/media\/23962"}],"wp:attachment":[{"href":"https:\/\/superstore.ee\/index.php\/wp-json\/wp\/v2\/media?parent=19817"}],"wp:term":[{"taxonomy":"product_brand","embeddable":true,"href":"https:\/\/superstore.ee\/index.php\/wp-json\/wp\/v2\/product_brand?post=19817"},{"taxonomy":"product_cat","embeddable":true,"href":"https:\/\/superstore.ee\/index.php\/wp-json\/wp\/v2\/product_cat?post=19817"},{"taxonomy":"product_tag","embeddable":true,"href":"https:\/\/superstore.ee\/index.php\/wp-json\/wp\/v2\/product_tag?post=19817"}],"curies":[{"name":"wp","href":"https:\/\/api.w.org\/{rel}","templated":true}]}}