{"id":19832,"date":"2024-11-02T17:52:27","date_gmt":"2024-11-02T14:52:27","guid":{"rendered":"https:\/\/superstore.ee\/?post_type=product&#038;p=19832"},"modified":"2026-04-04T10:28:42","modified_gmt":"2026-04-04T07:28:42","slug":"victorias-secret-parfumeeritud-kehalosjoon-amaretto-fizz-236ml-limited-edition-highly-spirited","status":"publish","type":"product","link":"https:\/\/superstore.ee\/index.php\/toode\/victorias-secret-parfumeeritud-kehalosjoon-amaretto-fizz-236ml-limited-edition-highly-spirited\/","title":{"rendered":"Victoria\u2019s Secret Amaretto Fizz\u00a0Fragrance Lotion (236ml) Limited Edition Highly Spirited"},"content":{"rendered":"","protected":false},"excerpt":{"rendered":"<p><span style=\"font-weight: 400;\">Victoria\u2019s Secret parf\u00fcmeeritud kehalosjoon <em><b>Amaretto Fizz<\/b><\/em>\u00a0(236ml) <\/span><span style=\"font-weight: 400;\">Limited Edition Highly Spirited Fragrance Lotion<\/span><\/p>\n<p><span style=\"font-weight: 400;\">T\u00fc\u00fcp: V\u00e4rske soe, Noodid: mandlikohv, apelsini\u00f5is, karamell<\/span><\/p>\n<p>Pakume ka selle toote testereid, mis sobivad ideaalselt nii aroomiga tutvumiseks kui ka mugavaks reisimiseks.<\/p>\n","protected":false},"featured_media":19839,"template":"","meta":{"jetpack_publicize_message":"","jetpack_publicize_feature_enabled":true,"jetpack_social_post_already_shared":false,"jetpack_social_options":{"image_generator_settings":{"template":"highway","default_image_id":0,"font":"","enabled":false},"version":2}},"product_brand":[],"product_cat":[926,912,993,341],"product_tag":[],"class_list":{"0":"post-19832","1":"product","2":"type-product","3":"status-publish","4":"has-post-thumbnail","6":"product_cat-victorias-secret-body-lotions","7":"product_cat-nahahooldus","8":"product_cat-samples","9":"product_cat-victorias-secret","10":"pa_lohn-15-ml-tester","11":"pa_lohn-236-ml-full-size","12":"pa_lohn-30-ml-tester","14":"first","15":"instock","16":"sale","17":"shipping-taxable","18":"purchasable","19":"product-type-variable"},"jetpack_publicize_connections":[],"jetpack_sharing_enabled":true,"jetpack_likes_enabled":true,"_links":{"self":[{"href":"https:\/\/superstore.ee\/index.php\/wp-json\/wp\/v2\/product\/19832","targetHints":{"allow":["GET"]}}],"collection":[{"href":"https:\/\/superstore.ee\/index.php\/wp-json\/wp\/v2\/product"}],"about":[{"href":"https:\/\/superstore.ee\/index.php\/wp-json\/wp\/v2\/types\/product"}],"wp:featuredmedia":[{"embeddable":true,"href":"https:\/\/superstore.ee\/index.php\/wp-json\/wp\/v2\/media\/19839"}],"wp:attachment":[{"href":"https:\/\/superstore.ee\/index.php\/wp-json\/wp\/v2\/media?parent=19832"}],"wp:term":[{"taxonomy":"product_brand","embeddable":true,"href":"https:\/\/superstore.ee\/index.php\/wp-json\/wp\/v2\/product_brand?post=19832"},{"taxonomy":"product_cat","embeddable":true,"href":"https:\/\/superstore.ee\/index.php\/wp-json\/wp\/v2\/product_cat?post=19832"},{"taxonomy":"product_tag","embeddable":true,"href":"https:\/\/superstore.ee\/index.php\/wp-json\/wp\/v2\/product_tag?post=19832"}],"curies":[{"name":"wp","href":"https:\/\/api.w.org\/{rel}","templated":true}]}}