{"id":19863,"date":"2024-11-06T19:36:08","date_gmt":"2024-11-06T16:36:08","guid":{"rendered":"https:\/\/superstore.ee\/?post_type=product&#038;p=19863"},"modified":"2026-02-01T18:19:16","modified_gmt":"2026-02-01T16:19:16","slug":"victorias-secret-pink-looduslik-kehakoorija-maasikaekstraktiga-283g","status":"publish","type":"product","link":"https:\/\/superstore.ee\/index.php\/toode\/victorias-secret-pink-looduslik-kehakoorija-maasikaekstraktiga-283g\/","title":{"rendered":"Victoria\u2019s Secret PINK\u00a0looduslik kehakoorija maasikaekstraktiga (283g)"},"content":{"rendered":"","protected":false},"excerpt":{"rendered":"<p>\ud83c\uddea\ud83c\uddea Victoria\u2019s Secret PINK looduslik kehakoorija maasikaekstraktiga(283g)<\/p>\n<p>Koorija peamised koostisosad:<\/p>\n<ul>\n<li style=\"list-style-type: none;\">\n<ul>\n<li>Maasikaekstrakt: Sisaldab C-vitamiini, mis v\u00e4rskendab ja annab nahale s\u00e4ra ning tervisliku jume.<\/li>\n<li>Suhkrukristallid: \u00d5rnalt koorivad, siluvad nahka ja muudavad selle siledaks.<\/li>\n<li>Marjade ekstraktid (mustikas, j\u00f5hvikas, granaat\u00f5un): T\u00e4iendavad naha antioks\u00fcdantidega, toetavad naha toonust ja taastavad seda.<\/li>\n<li>Vitamiin E: Toidab ja niisutab nahka, kaitseb seda v\u00e4liskeskkonna kahjulike m\u00f5jude eest.<\/li>\n<li>Tsitrusekstraktid (sidrun, apelsin): Toniseerivad ja v\u00e4rskendavad, andes nahale kerguse ja meeldiva l\u00f5hna.<\/li>\n<li>Ilma v\u00e4rvaineteta: Looduslik koostis, ilma kunstlike lisanditeta.<\/li>\n<li>Sobib k\u00f5igile nahat\u00fc\u00fcpidele, sealhulgas tundlikule nahale.<\/li>\n<li>Koorija puhastab \u00f5rnalt nahka, ilma seda kuivatamata, j\u00e4ttes v\u00e4rskuse ja siledustunde.<\/li>\n<\/ul>\n<\/li>\n<\/ul>\n<p>\ud83c\uddf7\ud83c\uddfa Victoria\u2019s Secret PINK \u043d\u0430\u0442\u0443\u0440\u0430\u043b\u044c\u043d\u044b\u0439 \u0441\u0440\u043a\u0430\u0431 \u0434\u043b\u044f \u0442\u0435\u043b\u0430 \u0441 \u044d\u043a\u0441\u0442\u0440\u0430\u043a\u0442\u043e\u043c \u043a\u043b\u0443\u0431\u043d\u0438\u043a\u0438 (283\u0433)<\/p>\n<p>\u041e\u0441\u043d\u043e\u0432\u043d\u044b\u0435 \u043a\u043e\u043c\u043f\u043e\u043d\u0435\u043d\u0442\u044b \u0441\u043a\u0440\u0430\u0431\u0430:<\/p>\n<ul>\n<li>\u042d\u043a\u0441\u0442\u0440\u0430\u043a\u0442 \u043a\u043b\u0443\u0431\u043d\u0438\u043a\u0438: \u0421\u043e\u0434\u0435\u0440\u0436\u0438\u0442 \u0432\u0438\u0442\u0430\u043c\u0438\u043d C, \u043a\u043e\u0442\u043e\u0440\u044b\u0439 \u043e\u0441\u0432\u0435\u0436\u0430\u0435\u0442 \u0438 \u043f\u0440\u0438\u0434\u0430\u0451\u0442 \u043a\u043e\u0436\u0435 \u044f\u0440\u043a\u043e\u0441\u0442\u044c \u0438 \u0437\u0434\u043e\u0440\u043e\u0432\u043e\u0435 \u0441\u0438\u044f\u043d\u0438\u0435.<\/li>\n<li>\u041a\u0440\u0438\u0441\u0442\u0430\u043b\u043b\u044b \u0441\u0430\u0445\u0430\u0440\u0430: \u041c\u044f\u0433\u043a\u043e \u043e\u0442\u0448\u0435\u043b\u0443\u0448\u0438\u0432\u0430\u044e\u0442, \u0432\u044b\u0440\u0430\u0432\u043d\u0438\u0432\u0430\u044f \u0442\u0435\u043a\u0441\u0442\u0443\u0440\u0443 \u043a\u043e\u0436\u0438 \u0438 \u0434\u0435\u043b\u0430\u044f \u0435\u0451 \u0433\u043b\u0430\u0434\u043a\u043e\u0439.<\/li>\n<li>\u042d\u043a\u0441\u0442\u0440\u0430\u043a\u0442\u044b \u044f\u0433\u043e\u0434 (\u0447\u0435\u0440\u043d\u0438\u043a\u0438, \u043a\u043b\u044e\u043a\u0432\u044b, \u0433\u0440\u0430\u043d\u0430\u0442\u0430): \u041d\u0430\u043f\u043e\u043b\u043d\u044f\u044e\u0442 \u043a\u043e\u0436\u0443 \u0430\u043d\u0442\u0438\u043e\u043a\u0441\u0438\u0434\u0430\u043d\u0442\u0430\u043c\u0438, \u043f\u043e\u0434\u0434\u0435\u0440\u0436\u0438\u0432\u0430\u044e\u0442 \u0435\u0451 \u0442\u043e\u043d\u0443\u0441 \u0438 \u0432\u043e\u0441\u0441\u0442\u0430\u043d\u0430\u0432\u043b\u0438\u0432\u0430\u044e\u0442.<\/li>\n<li>\u0412\u0438\u0442\u0430\u043c\u0438\u043d \u0415: \u041f\u0438\u0442\u0430\u0435\u0442 \u0438 \u0443\u0432\u043b\u0430\u0436\u043d\u044f\u0435\u0442 \u043a\u043e\u0436\u0443, \u0437\u0430\u0449\u0438\u0449\u0430\u0435\u0442 \u043e\u0442 \u0432\u043d\u0435\u0448\u043d\u0438\u0445 \u0432\u043e\u0437\u0434\u0435\u0439\u0441\u0442\u0432\u0438\u0439.<\/li>\n<li>\u0426\u0438\u0442\u0440\u0443\u0441\u043e\u0432\u044b\u0435 \u044d\u043a\u0441\u0442\u0440\u0430\u043a\u0442\u044b (\u043b\u0438\u043c\u043e\u043d, \u0430\u043f\u0435\u043b\u044c\u0441\u0438\u043d): \u0422\u043e\u043d\u0438\u0437\u0438\u0440\u0443\u044e\u0442 \u0438 \u043e\u0441\u0432\u0435\u0436\u0430\u044e\u0442, \u043f\u0440\u0438\u0434\u0430\u0432\u0430\u044f \u043a\u043e\u0436\u0435 \u043b\u0451\u0433\u043a\u043e\u0441\u0442\u044c \u0438 \u043f\u0440\u0438\u044f\u0442\u043d\u044b\u0439 \u0430\u0440\u043e\u043c\u0430\u0442.<\/li>\n<li>\u0411\u0435\u0437 \u043a\u0440\u0430\u0441\u0438\u0442\u0435\u043b\u0435\u0439: \u041d\u0430\u0442\u0443\u0440\u0430\u043b\u044c\u043d\u0430\u044f \u0444\u043e\u0440\u043c\u0443\u043b\u0430 \u0431\u0435\u0437 \u0438\u0441\u043a\u0443\u0441\u0441\u0442\u0432\u0435\u043d\u043d\u044b\u0445 \u0434\u043e\u0431\u0430\u0432\u043e\u043a.<\/li>\n<li>\u041f\u043e\u0434\u0445\u043e\u0434\u0438\u0442 \u0434\u043b\u044f \u0432\u0441\u0435\u0445 \u0442\u0438\u043f\u043e\u0432 \u043a\u043e\u0436\u0438, \u0432\u043a\u043b\u044e\u0447\u0430\u044f \u0447\u0443\u0432\u0441\u0442\u0432\u0438\u0442\u0435\u043b\u044c\u043d\u0443\u044e.<\/li>\n<li>\u0421\u043a\u0440\u0430\u0431 \u0434\u0435\u043b\u0438\u043a\u0430\u0442\u043d\u043e \u043e\u0447\u0438\u0449\u0430\u0435\u0442 \u043a\u043e\u0436\u0443, \u043d\u0435 \u043f\u0435\u0440\u0435\u0441\u0443\u0448\u0438\u0432\u0430\u044f \u0435\u0451, \u0438 \u043e\u0441\u0442\u0430\u0432\u043b\u044f\u0435\u0442 \u043e\u0449\u0443\u0449\u0435\u043d\u0438\u0435 \u0441\u0432\u0435\u0436\u0435\u0441\u0442\u0438 \u0438 \u0433\u043b\u0430\u0434\u043a\u043e\u0441\u0442\u0438.<\/li>\n<\/ul>\n<p>\ud83c\uddfa\ud83c\uddf8 Victoria\u2019s Secret PINK Berry Superfruit Body Scrubs (283g).<\/p>\n<p>Key Ingredients:<\/p>\n<ul>\n<li>Strawberry Extract: with Vitamin C, it refreshes and gives the skin a bright, healthy glow.<\/li>\n<li>Sugar Crystals: Gently exfoliate, smoothing the skin&#8217;s texture and leaving it soft.<\/li>\n<li>Berry Extracts (Blueberry, Cranberry, Pomegranate): Fill the skin with antioxidants, support skin tone, and restore vitality.<\/li>\n<li>Vitamin E: Nourishes and hydrates the skin, protecting it from external stressors.<\/li>\n<li>Citrus Extracts (Lemon, Orange): Tone and refresh, giving the skin a light, pleasant fragrance.<\/li>\n<li>Dye-free: A natural formula without artificial additives.<\/li>\n<li>Suitable for all skin types, including sensitive skin.<\/li>\n<li>The scrub gently cleanses without drying out the skin, leaving it feeling fresh and smooth.<\/li>\n<\/ul>\n","protected":false},"featured_media":19870,"template":"","meta":{"jetpack_publicize_message":"","jetpack_publicize_feature_enabled":true,"jetpack_social_post_already_shared":false,"jetpack_social_options":{"image_generator_settings":{"template":"highway","default_image_id":0,"font":"","enabled":false},"version":2}},"product_brand":[],"product_cat":[929,912,341],"product_tag":[],"class_list":{"0":"post-19863","1":"product","2":"type-product","3":"status-publish","4":"has-post-thumbnail","6":"product_cat-victorias-secret-body-scrubs","7":"product_cat-nahahooldus","8":"product_cat-victorias-secret","10":"first","11":"outofstock","12":"sale","13":"shipping-taxable","14":"purchasable","15":"product-type-simple"},"jetpack_publicize_connections":[],"jetpack_sharing_enabled":true,"jetpack_likes_enabled":true,"_links":{"self":[{"href":"https:\/\/superstore.ee\/index.php\/wp-json\/wp\/v2\/product\/19863","targetHints":{"allow":["GET"]}}],"collection":[{"href":"https:\/\/superstore.ee\/index.php\/wp-json\/wp\/v2\/product"}],"about":[{"href":"https:\/\/superstore.ee\/index.php\/wp-json\/wp\/v2\/types\/product"}],"wp:featuredmedia":[{"embeddable":true,"href":"https:\/\/superstore.ee\/index.php\/wp-json\/wp\/v2\/media\/19870"}],"wp:attachment":[{"href":"https:\/\/superstore.ee\/index.php\/wp-json\/wp\/v2\/media?parent=19863"}],"wp:term":[{"taxonomy":"product_brand","embeddable":true,"href":"https:\/\/superstore.ee\/index.php\/wp-json\/wp\/v2\/product_brand?post=19863"},{"taxonomy":"product_cat","embeddable":true,"href":"https:\/\/superstore.ee\/index.php\/wp-json\/wp\/v2\/product_cat?post=19863"},{"taxonomy":"product_tag","embeddable":true,"href":"https:\/\/superstore.ee\/index.php\/wp-json\/wp\/v2\/product_tag?post=19863"}],"curies":[{"name":"wp","href":"https:\/\/api.w.org\/{rel}","templated":true}]}}