{"id":19965,"date":"2024-11-19T00:08:41","date_gmt":"2024-11-18T21:08:41","guid":{"rendered":"https:\/\/superstore.ee\/?post_type=product&#038;p=19965"},"modified":"2024-11-29T17:52:33","modified_gmt":"2024-11-29T14:52:33","slug":"matt-huulepulk-ja-pliiats-kiko-milano-matte-lipstick-pencil-05-2","status":"publish","type":"product","link":"https:\/\/superstore.ee\/index.php\/toode\/matt-huulepulk-ja-pliiats-kiko-milano-matte-lipstick-pencil-05-2\/","title":{"rendered":"Kauap\u00fcsiv 2-in-1 huulepulk ja pliiats KIKO Milano Matte Lipstick &amp; Pencil (01)"},"content":{"rendered":"","protected":false},"excerpt":{"rendered":"<div class=\"woocommerce-product-details__short-description\">\n<p>\ud83c\uddea\ud83c\uddea Kauap\u00fcsiv matt huulepulk ja pliiats 2-in-1 KIKO Milano<\/p>\n<p>Huulepulk ja pliiats on rikastatud jojoba\u00f5liga ning neil on \u00f5rn kirsil\u00f5hn.<\/p>\n<p><strong>Huulepulk<\/strong><\/p>\n<ul>\n<li>Selle pehme ja kreemjas tekstuur libiseb huultele ja seda on lihtne peale kanda t\u00e4nu oma pliiatsiformaadile;<\/li>\n<li>Tagab pikaajalise 8-tunnise p\u00fcsivuse;<\/li>\n<li>Sellel on \u00fcli-pigmenteeritud tekstuur elegantse mati viimistlusega.<\/li>\n<\/ul>\n<p><strong>Pliiats<\/strong><\/p>\n<ul>\n<li>Selle k\u00f5rge katvusega v\u00e4rv ja kreemjas konsistents libisevad suurep\u00e4raselt \u00fcle huulte;<\/li>\n<li>Suurendab huulepulga p\u00fcsivust;<\/li>\n<li>T\u00e4nu automaatsele mehhanismile on selle kasutamine v\u00e4ga lihtne.<\/li>\n<\/ul>\n<\/div>\n<div class=\"woocommerce-product-details__short-description\">\n<p>\ud83c\uddf7\ud83c\uddfa \u0421\u0442\u043e\u0439\u043a\u0430\u044f \u043c\u0430\u0442\u043e\u0432\u0430\u044f \u043f\u043e\u043c\u0430\u0434\u0430 \u0438 \u041a\u0430\u0440\u0430\u043d\u0434\u0430\u0448 \u0434\u043b\u044f \u0433\u0443\u0431 KIKO Milano 2-\u0432-1<\/p>\n<p>\u041f\u043e\u043c\u0430\u0434\u0430 \u0438 \u043a\u0430\u0440\u0430\u043d\u0434\u0430\u0448 \u043e\u0431\u043e\u0433\u0430\u0449\u0435\u043d\u044b \u0444\u043e\u0440\u043c\u0443\u043b\u043e\u0439 \u0441 \u043c\u0430\u0441\u043b\u043e\u043c \u0436\u043e\u0436\u043e\u0431\u0430 \u0438 \u0434\u0435\u043b\u0438\u043a\u0430\u0442\u043d\u044b\u043c \u0430\u0440\u043e\u043c\u0430\u0442\u043e\u043c \u0432\u0438\u0448\u043d\u0438.<\/p>\n<p><strong>\u041f\u043e\u043c\u0430\u0434\u0430<\/strong><\/p>\n<ul>\n<li>\u041c\u044f\u0433\u043a\u0430\u044f \u043a\u0440\u0435\u043c\u043e\u0432\u0430\u044f \u0442\u0435\u043a\u0441\u0442\u0443\u0440\u0430 \u0441\u043a\u043e\u043b\u044c\u0437\u0438\u0442 \u043f\u043e \u0433\u0443\u0431\u0430\u043c \u0438 \u043b\u0435\u0433\u043a\u043e \u043d\u0430\u043d\u043e\u0441\u0438\u0442\u0441\u044f \u0432 \u0444\u043e\u0440\u043c\u0430\u0442\u0435 \u043a\u0430\u0440\u0430\u043d\u0434\u0430\u0448\u0430;<\/li>\n<li>\u041e\u0431\u0435\u0441\u043f\u0435\u0447\u0438\u0432\u0430\u0435\u0442 \u0434\u043b\u0438\u0442\u0435\u043b\u044c\u043d\u0443\u044e \u0441\u0442\u043e\u0439\u043a\u043e\u0441\u0442\u044c \u0434\u043e 8 \u0447\u0430\u0441\u043e\u0432;<\/li>\n<li>\u0418\u043c\u0435\u0435\u0442 \u0432\u044b\u0441\u043e\u043a\u043e\u043f\u0438\u0433\u043c\u0435\u043d\u0442\u0438\u0440\u043e\u0432\u0430\u043d\u043d\u0443\u044e \u0442\u0435\u043a\u0441\u0442\u0443\u0440\u0443 \u0441 \u044d\u043b\u0435\u0433\u0430\u043d\u0442\u043d\u044b\u043c \u043c\u0430\u0442\u043e\u0432\u044b\u043c \u0444\u0438\u043d\u0438\u0448\u0435\u043c.<\/li>\n<\/ul>\n<p><strong>\u041a\u0430\u0440\u0430\u043d\u0434\u0430\u0448<\/strong><\/p>\n<ul>\n<li>\u0415\u0433\u043e \u043d\u0430\u0441\u044b\u0449\u0435\u043d\u043d\u044b\u0439 \u0446\u0432\u0435\u0442 \u0438 \u043a\u0440\u0435\u043c\u043e\u0432\u0430\u044f \u043a\u043e\u043d\u0441\u0438\u0441\u0442\u0435\u043d\u0446\u0438\u044f \u043f\u0440\u0435\u043a\u0440\u0430\u0441\u043d\u043e \u0441\u043a\u043e\u043b\u044c\u0437\u044f\u0442 \u043f\u043e \u0433\u0443\u0431\u0430\u043c;<\/li>\n<li>\u041f\u043e\u0432\u044b\u0448\u0430\u0435\u0442 \u0441\u0442\u043e\u0439\u043a\u043e\u0441\u0442\u044c \u043f\u043e\u043c\u0430\u0434\u044b;<\/li>\n<li>\u0411\u043b\u0430\u0433\u043e\u0434\u0430\u0440\u044f \u0430\u0432\u0442\u043e\u043c\u0430\u0442\u0438\u0447\u0435\u0441\u043a\u043e\u043c\u0443 \u043c\u0435\u0445\u0430\u043d\u0438\u0437\u043c\u0443, \u0438\u043c \u043e\u0447\u0435\u043d\u044c \u043b\u0435\u0433\u043a\u043e \u043f\u043e\u043b\u044c\u0437\u043e\u0432\u0430\u0442\u044c\u0441\u044f.<\/li>\n<\/ul>\n<p>\ud83c\uddfa\ud83c\uddf8 KIKO Milano Beauty Essentials 2-In-1 Long Lasting 8-hour hold Matte Lipstick &amp; Pencil<\/p>\n<p>The Lipstick and the Pencil have a formula enriched with jojoba oil and is delicately fragranced with notes of cherry.<\/p>\n<p><strong>Lipstick<\/strong><\/p>\n<ul>\n<li>Its soft and creamy texture glides pleasantly onto the lips and is applied easily with its pen format;<\/li>\n<li>It has a long-lasting 8-hour flawless hold;<\/li>\n<li>It has a super-pigmented texture with an elegant matte finish.<\/li>\n<\/ul>\n<p><strong>Pencil<\/strong><\/p>\n<ul>\n<li>Its high-coverage colour and creamy consistency glides beautifully over the lips;<\/li>\n<li>It improves the hold of lipstick;<\/li>\n<li>Thanks to the automatic mechanism, it is very easy to use.<\/li>\n<\/ul>\n<\/div>\n","protected":false},"featured_media":14064,"template":"","meta":{"jetpack_publicize_message":"","jetpack_publicize_feature_enabled":true,"jetpack_social_post_already_shared":false,"jetpack_social_options":{"image_generator_settings":{"template":"highway","default_image_id":0,"font":"","enabled":false},"version":2}},"product_brand":[],"product_cat":[340,631],"product_tag":[],"class_list":{"0":"post-19965","1":"product","2":"type-product","3":"status-publish","4":"has-post-thumbnail","6":"product_cat-kiko-milano","7":"product_cat-sale","8":"pa_varv-01-delicate-rose","10":"first","11":"outofstock","12":"sale","13":"shipping-taxable","14":"product-type-variable"},"jetpack_publicize_connections":[],"jetpack_sharing_enabled":true,"jetpack_likes_enabled":true,"_links":{"self":[{"href":"https:\/\/superstore.ee\/index.php\/wp-json\/wp\/v2\/product\/19965","targetHints":{"allow":["GET"]}}],"collection":[{"href":"https:\/\/superstore.ee\/index.php\/wp-json\/wp\/v2\/product"}],"about":[{"href":"https:\/\/superstore.ee\/index.php\/wp-json\/wp\/v2\/types\/product"}],"wp:featuredmedia":[{"embeddable":true,"href":"https:\/\/superstore.ee\/index.php\/wp-json\/wp\/v2\/media\/14064"}],"wp:attachment":[{"href":"https:\/\/superstore.ee\/index.php\/wp-json\/wp\/v2\/media?parent=19965"}],"wp:term":[{"taxonomy":"product_brand","embeddable":true,"href":"https:\/\/superstore.ee\/index.php\/wp-json\/wp\/v2\/product_brand?post=19965"},{"taxonomy":"product_cat","embeddable":true,"href":"https:\/\/superstore.ee\/index.php\/wp-json\/wp\/v2\/product_cat?post=19965"},{"taxonomy":"product_tag","embeddable":true,"href":"https:\/\/superstore.ee\/index.php\/wp-json\/wp\/v2\/product_tag?post=19965"}],"curies":[{"name":"wp","href":"https:\/\/api.w.org\/{rel}","templated":true}]}}