{"id":19990,"date":"2024-11-19T14:15:48","date_gmt":"2024-11-19T11:15:48","guid":{"rendered":"https:\/\/superstore.ee\/?post_type=product&#038;p=19990"},"modified":"2025-04-12T16:09:16","modified_gmt":"2025-04-12T13:09:16","slug":"metallik-vedelikhuulepulk-kiko-milano-metal-liquid-lip-colour-02","status":"publish","type":"product","link":"https:\/\/superstore.ee\/index.php\/toode\/metallik-vedelikhuulepulk-kiko-milano-metal-liquid-lip-colour-02\/","title":{"rendered":"Metallik vedelikhuulepulk KIKO Milano Metal Liquid Lip Colour (02)"},"content":{"rendered":"","protected":false},"excerpt":{"rendered":"<p>\ud83c\uddea\ud83c\uddea Metallik vedelikhuulepulk KIKO Milano<\/p>\n<ul>\n<li>Optilise valguse peegelduse efekti t\u00f5ttu v\u00e4hendab metallik vedelikhuulepulk kortsude n\u00e4htavust huultel;<\/li>\n<li>See sobib ideaalselt huulte esilet\u00f5stmiseks p\u00e4rlendava ereda s\u00e4raga;<\/li>\n<li>Kreemjas tekstuur \u00fcmbritseb huuled, luues vedelast metallist katte;<\/li>\n<li>Seda on lihtne peale kanda t\u00e4nu mugavale pehme karvaga aplikaatorile.<\/li>\n<\/ul>\n<p>\ud83c\uddf7\ud83c\uddfa KIKO Milano \u041c\u0435\u0442\u0430\u043b\u043b\u0438\u0447\u0435\u0441\u043a\u0430\u044f \u0436\u0438\u0434\u043a\u0430\u044f \u043f\u043e\u043c\u0430\u0434\u0430<\/p>\n<ul>\n<li>\u0411\u043b\u0430\u0433\u043e\u0434\u0430\u0440\u044f \u043e\u043f\u0442\u0438\u0447\u0435\u0441\u043a\u043e\u043c\u0443 \u044d\u0444\u0444\u0435\u043a\u0442\u0443 \u043e\u0442\u0440\u0430\u0436\u0435\u043d\u0438\u044f \u0441\u0432\u0435\u0442\u0430, \u043c\u0435\u0442\u0430\u043b\u043b\u0438\u0447\u0435\u0441\u043a\u0430\u044f \u0436\u0438\u0434\u043a\u0430\u044f \u043f\u043e\u043c\u0430\u0434\u0430 \u0441\u043d\u0438\u0436\u0430\u0435\u0442 \u0432\u0438\u0434\u0438\u043c\u043e\u0441\u0442\u044c \u043c\u043e\u0440\u0449\u0438\u043d \u043d\u0430 \u0433\u0443\u0431\u0430\u0445;<\/li>\n<li>\u0418\u0434\u0435\u0430\u043b\u044c\u043d\u043e \u043f\u043e\u0434\u0445\u043e\u0434\u0438\u0442 \u0434\u043b\u044f \u0432\u044b\u0434\u0435\u043b\u0435\u043d\u0438\u044f \u0433\u0443\u0431 \u0441 \u0436\u0435\u043c\u0447\u0443\u0436\u043d\u044b\u043c \u044f\u0440\u043a\u0438\u043c \u0431\u043b\u0435\u0441\u043a\u043e\u043c;<\/li>\n<li>\u041a\u0440\u0435\u043c\u043e\u0432\u0430\u044f \u0442\u0435\u043a\u0441\u0442\u0443\u0440\u0430 \u043e\u0431\u0432\u043e\u043b\u0430\u043a\u0438\u0432\u0430\u0435\u0442 \u0433\u0443\u0431\u044b, \u0441\u043e\u0437\u0434\u0430\u0432\u0430\u044f \u043f\u043e\u043a\u0440\u044b\u0442\u0438\u0435 \u0438\u0437 \u0436\u0438\u0434\u043a\u043e\u0433\u043e \u043c\u0435\u0442\u0430\u043b\u043b\u0430;<\/li>\n<li>\u0415\u0451 \u043b\u0435\u0433\u043a\u043e \u043d\u0430\u043d\u043e\u0441\u0438\u0442\u044c \u0431\u043b\u0430\u0433\u043e\u0434\u0430\u0440\u044f \u0443\u0434\u043e\u0431\u043d\u043e\u043c\u0443 \u0430\u043f\u043f\u043b\u0438\u043a\u0430\u0442\u043e\u0440\u0443 \u0441 \u043c\u044f\u0433\u043a\u0438\u043c \u0432\u043e\u0440\u0441\u043e\u043c.<\/li>\n<\/ul>\n<p>\ud83c\uddfa\ud83c\uddf8 KIKO Milano Metal Liquid Lip Colour. Metallic high-coverage liquid lipstick<\/p>\n<ul>\n<li>Thanks to the optical light-reflecting effect, Metal Liquid Lip Colour minimises the visibility of lip lines;<\/li>\n<li>Perfect for lip definition with a pearlescent, bright shine;<\/li>\n<li>The creamy texture hugs the lips, providing a veil of liquid metal colour;<\/li>\n<li>It\u2019s easy to apply thanks to the handy flocked applicator.<\/li>\n<\/ul>\n","protected":false},"featured_media":12381,"template":"","meta":{"jetpack_publicize_message":"","jetpack_publicize_feature_enabled":true,"jetpack_social_post_already_shared":false,"jetpack_social_options":{"image_generator_settings":{"template":"highway","default_image_id":0,"font":"","enabled":false},"version":2}},"product_brand":[],"product_cat":[988,987,986,973,340],"product_tag":[],"class_list":{"0":"post-19990","1":"product","2":"type-product","3":"status-publish","4":"has-post-thumbnail","6":"product_cat-lip-gloss","7":"product_cat-lipstick","8":"product_cat-kiko-lips","9":"product_cat-makeup","10":"product_cat-kiko-milano","11":"pa_varv-01-rosy-nude","12":"pa_varv-02-vintage-rose","13":"pa_varv-03-copper","14":"pa_varv-04-bronze","15":"pa_varv-04-saadaval-04-10","16":"pa_varv-05-classic-red","17":"pa_varv-05-saadaval-04-10","18":"pa_varv-06-bordeaux","20":"first","21":"outofstock","22":"sale","23":"shipping-taxable","24":"product-type-variable"},"jetpack_publicize_connections":[],"jetpack_sharing_enabled":true,"jetpack_likes_enabled":true,"_links":{"self":[{"href":"https:\/\/superstore.ee\/index.php\/wp-json\/wp\/v2\/product\/19990","targetHints":{"allow":["GET"]}}],"collection":[{"href":"https:\/\/superstore.ee\/index.php\/wp-json\/wp\/v2\/product"}],"about":[{"href":"https:\/\/superstore.ee\/index.php\/wp-json\/wp\/v2\/types\/product"}],"wp:featuredmedia":[{"embeddable":true,"href":"https:\/\/superstore.ee\/index.php\/wp-json\/wp\/v2\/media\/12381"}],"wp:attachment":[{"href":"https:\/\/superstore.ee\/index.php\/wp-json\/wp\/v2\/media?parent=19990"}],"wp:term":[{"taxonomy":"product_brand","embeddable":true,"href":"https:\/\/superstore.ee\/index.php\/wp-json\/wp\/v2\/product_brand?post=19990"},{"taxonomy":"product_cat","embeddable":true,"href":"https:\/\/superstore.ee\/index.php\/wp-json\/wp\/v2\/product_cat?post=19990"},{"taxonomy":"product_tag","embeddable":true,"href":"https:\/\/superstore.ee\/index.php\/wp-json\/wp\/v2\/product_tag?post=19990"}],"curies":[{"name":"wp","href":"https:\/\/api.w.org\/{rel}","templated":true}]}}