{"id":20014,"date":"2024-11-20T11:40:34","date_gmt":"2024-11-20T09:40:34","guid":{"rendered":"https:\/\/superstore.ee\/?post_type=product&#038;p=20014"},"modified":"2025-04-12T16:08:22","modified_gmt":"2025-04-12T13:08:22","slug":"kiko-milano-huulehoolduskomplekt","status":"publish","type":"product","link":"https:\/\/superstore.ee\/index.php\/toode\/kiko-milano-huulehoolduskomplekt\/","title":{"rendered":"KIKO Milano huulehoolduskomplekt"},"content":{"rendered":"","protected":false},"excerpt":{"rendered":"<p>\ud83c\uddea\ud83c\uddea Pakume teile huultehoolduse komplekti, mis sisaldab parimaid tooteid KIKO Milano valikust.<\/p>\n<p>Komplekt sisaldab:<\/p>\n<p>\ud83d\udc8b KIKO Milano huulekoorija, mis \u00f5rnalt koorib ja pehmendab huuli.<\/p>\n<p>\ud83d\udc84 Huulel\u00e4ige Lip Volume (01 Tutu Rose), mis suurendab huulte vol\u00fc\u00fcmi. Rikastatud seesami\u00f5li ja h\u00fcaluroonhappega, see huulel\u00e4ige toidab ja niisutab huuli, andes neile ka t\u00e4idluse. Rohkem infot leiate <a href=\"https:\/\/superstore.ee\/index.php\/toode\/kiko-milano-lip-volume\/\">siit<\/a>. Kui eelistate piimjat tooni roosa asemel, m\u00e4rkige see palun tellimuse esitamise kommentaaridesse.<\/p>\n<p>\ud83d\udca7 Niisutav huulepalsam meeldiva vanilli aroomiga ja \u00f5rna tooniga (02). Teisi toone saate vaadata <a href=\"https:\/\/superstore.ee\/index.php\/toode\/kiko-milano-varviline-palsam-sheavoiga-rikastatud-a-e-ja-c-vitamiinidega\/\">siit<\/a> ja soovi korral valida ka teise tooni.<\/p>\n<p>\u2728 Kaunist kingikarpi, mis on kaunistatud paela ja dekoratsiooniga, luues erilise meeleolu.<\/p>\n<p>\ud83c\udf6c Kommid, et lisada magusat meeleolu.<\/p>\n<p>\ud83c\uddf7\ud83c\uddfa \u041f\u0440\u0435\u0434\u043b\u0430\u0433\u0430\u0435\u043c \u043a\u043e\u043c\u043f\u043b\u0435\u043a\u0442 \u0434\u043b\u044f \u0443\u0445\u043e\u0434\u0430 \u0437\u0430 \u0433\u0443\u0431\u0430\u043c\u0438, \u0432 \u043a\u043e\u0442\u043e\u0440\u043e\u043c \u0441\u043e\u0431\u0440\u0430\u043d\u044b \u043b\u0443\u0447\u0448\u0438\u0435 \u043f\u0440\u043e\u0434\u0443\u043a\u0442\u044b \u043e\u0442 KIKO Milano.<\/p>\n<p>\u0427\u0442\u043e \u0432\u043a\u043b\u044e\u0447\u0430\u0435\u0442 \u0432 \u0441\u0435\u0431\u044f \u044d\u0442\u043e\u0442 \u043d\u0430\u0431\u043e\u0440:<\/p>\n<p>\ud83d\udc8b \u0421\u043a\u0440\u0430\u0431 \u0434\u043b\u044f \u0433\u0443\u0431 KIKO Milano, \u043a\u043e\u0442\u043e\u0440\u044b\u0439 \u043c\u044f\u0433\u043a\u043e \u043e\u0442\u0448\u0435\u043b\u0443\u0448\u0438\u0432\u0430\u0435\u0442 \u0438 \u0441\u043c\u044f\u0433\u0447\u0430\u0435\u0442 \u0433\u0443\u0431\u044b.<\/p>\n<p>\ud83d\udc84 \u041a\u0440\u0435\u043c-\u0431\u043b\u0435\u0441\u043a \u0434\u043b\u044f \u0443\u0432\u0435\u043b\u0438\u0447\u0435\u043d\u0438\u044f \u043e\u0431\u044a\u0435\u043c\u0430 \u0433\u0443\u0431 (01 Tutu Rose). \u041e\u0431\u043e\u0433\u0430\u0449\u0435\u043d\u043d\u044b\u0439 \u043a\u0443\u043d\u0436\u0443\u0442\u043d\u044b\u043c \u043c\u0430\u0441\u043b\u043e\u043c \u0438 \u0433\u0438\u0430\u043b\u0443\u0440\u043e\u043d\u043e\u0432\u043e\u0439 \u043a\u0438\u0441\u043b\u043e\u0442\u043e\u0439, \u043e\u043d \u0443\u0432\u043b\u0430\u0436\u043d\u044f\u0435\u0442 \u0438 \u043f\u0438\u0442\u0430\u0435\u0442 \u0433\u0443\u0431\u044b, \u043f\u0440\u0438\u0434\u0430\u0432\u0430\u044f \u0438\u043c \u043e\u0431\u044a\u0435\u043c. \u041f\u043e\u0434\u0440\u043e\u0431\u043d\u0435\u0435 \u043c\u043e\u0436\u043d\u043e \u0443\u0437\u043d\u0430\u0442\u044c <strong><a href=\"https:\/\/superstore.ee\/index.php\/toode\/kiko-milano-lip-volume\/\">\u0437\u0434\u0435\u0441\u044c<\/a><\/strong>. \u0415\u0441\u043b\u0438 \u0432\u044b \u0445\u043e\u0442\u0438\u0442\u0435 \u043c\u043e\u043b\u043e\u0447\u043d\u044b\u0439 \u043e\u0442\u0442\u0435\u043d\u043e\u043a \u0431\u043b\u0435\u0441\u043a\u0430 \u0432\u043c\u0435\u0441\u0442\u043e \u0440\u043e\u0437\u043e\u0432\u043e\u0433\u043e, \u043f\u043e\u0436\u0430\u043b\u0443\u0439\u0441\u0442\u0430, \u0443\u043a\u0430\u0436\u0438\u0442\u0435 \u044d\u0442\u043e \u0432 \u043a\u043e\u043c\u043c\u0435\u043d\u0442\u0430\u0440\u0438\u0438 \u043f\u0440\u0438 \u043e\u0444\u043e\u0440\u043c\u043b\u0435\u043d\u0438\u0438 \u0437\u0430\u043a\u0430\u0437\u0430.<\/p>\n<p>\ud83d\udca7 \u041d\u0435\u0436\u043d\u044b\u0439 \u0443\u0432\u043b\u0430\u0436\u043d\u044f\u044e\u0449\u0438\u0439 \u0431\u0430\u043b\u044c\u0437\u0430\u043c \u0434\u043b\u044f \u0433\u0443\u0431 \u0441 \u043b\u0435\u0433\u043a\u0438\u043c \u043e\u0442\u0442\u0435\u043d\u043a\u043e\u043c \u0438 \u043f\u0440\u0438\u044f\u0442\u043d\u044b\u043c \u0432\u0430\u043d\u0438\u043b\u044c\u043d\u044b\u043c \u0430\u0440\u043e\u043c\u0430\u0442\u043e\u043c (02). \u0414\u0440\u0443\u0433\u0438\u0435 \u043e\u0442\u0442\u0435\u043d\u043a\u0438 \u043c\u043e\u0436\u043d\u043e \u043d\u0430\u0439\u0442\u0438 <strong><a href=\"https:\/\/superstore.ee\/index.php\/toode\/kiko-milano-varviline-palsam-sheavoiga-rikastatud-a-e-ja-c-vitamiinidega\/\">\u0437\u0434\u0435\u0441\u044c<\/a><\/strong>, \u043f\u0440\u0438 \u0436\u0435\u043b\u0430\u043d\u0438\u0438 \u0432\u044b \u0442\u0430\u043a\u0436\u0435 \u043c\u043e\u0436\u0435\u0442\u0435 \u0432\u044b\u0431\u0440\u0430\u0442\u044c \u0434\u0440\u0443\u0433\u043e\u0439 \u043e\u0442\u0442\u0435\u043d\u043e\u043a.<\/p>\n<p>\u2728 \u041f\u0440\u0435\u043a\u0440\u0430\u0441\u043d\u0443\u044e \u043f\u043e\u0434\u0430\u0440\u043e\u0447\u043d\u0443\u044e \u043a\u043e\u0440\u043e\u0431\u043a\u0443, \u0443\u043a\u0440\u0430\u0448\u0435\u043d\u043d\u0443\u044e \u043b\u0435\u043d\u0442\u043e\u0439 \u0438 \u0434\u0435\u043a\u043e\u0440\u043e\u043c, \u0447\u0442\u043e\u0431\u044b \u0441\u043e\u0437\u0434\u0430\u0442\u044c \u043e\u0441\u043e\u0431\u0443\u044e \u0430\u0442\u043c\u043e\u0441\u0444\u0435\u0440\u0443.<\/p>\n<p>\ud83c\udf6c\u041a\u043e\u043d\u0444\u0435\u0442\u043a\u0438\u00a0 \u0434\u043b\u044f \u0434\u043e\u0431\u0430\u0432\u043b\u0435\u043d\u0438\u044f \u0441\u043b\u0430\u0434\u043a\u043e\u0433\u043e \u043d\u0430\u0441\u0442\u0440\u043e\u0435\u043d\u0438\u044f.<\/p>\n","protected":false},"featured_media":15087,"template":"","meta":{"jetpack_publicize_message":"","jetpack_publicize_feature_enabled":true,"jetpack_social_post_already_shared":false,"jetpack_social_options":{"image_generator_settings":{"template":"highway","default_image_id":0,"font":"","enabled":false},"version":2}},"product_brand":[],"product_cat":[969,988,987,986,973,340,830,971,964],"product_tag":[],"class_list":{"0":"post-20014","1":"product","2":"type-product","3":"status-publish","4":"has-post-thumbnail","6":"product_cat-lip-care","7":"product_cat-lip-gloss","8":"product_cat-lipstick","9":"product_cat-kiko-lips","10":"product_cat-makeup","11":"product_cat-kiko-milano","12":"product_cat-kingitused","13":"product_cat-sets","14":"product_cat-face-care","16":"first","17":"outofstock","18":"sale","19":"shipping-taxable","20":"purchasable","21":"product-type-simple"},"jetpack_publicize_connections":[],"jetpack_sharing_enabled":true,"jetpack_likes_enabled":true,"_links":{"self":[{"href":"https:\/\/superstore.ee\/index.php\/wp-json\/wp\/v2\/product\/20014","targetHints":{"allow":["GET"]}}],"collection":[{"href":"https:\/\/superstore.ee\/index.php\/wp-json\/wp\/v2\/product"}],"about":[{"href":"https:\/\/superstore.ee\/index.php\/wp-json\/wp\/v2\/types\/product"}],"wp:featuredmedia":[{"embeddable":true,"href":"https:\/\/superstore.ee\/index.php\/wp-json\/wp\/v2\/media\/15087"}],"wp:attachment":[{"href":"https:\/\/superstore.ee\/index.php\/wp-json\/wp\/v2\/media?parent=20014"}],"wp:term":[{"taxonomy":"product_brand","embeddable":true,"href":"https:\/\/superstore.ee\/index.php\/wp-json\/wp\/v2\/product_brand?post=20014"},{"taxonomy":"product_cat","embeddable":true,"href":"https:\/\/superstore.ee\/index.php\/wp-json\/wp\/v2\/product_cat?post=20014"},{"taxonomy":"product_tag","embeddable":true,"href":"https:\/\/superstore.ee\/index.php\/wp-json\/wp\/v2\/product_tag?post=20014"}],"curies":[{"name":"wp","href":"https:\/\/api.w.org\/{rel}","templated":true}]}}