{"id":20021,"date":"2024-11-21T23:10:29","date_gmt":"2024-11-21T20:10:29","guid":{"rendered":"https:\/\/superstore.ee\/?post_type=product&#038;p=20021"},"modified":"2025-04-12T16:07:52","modified_gmt":"2025-04-12T13:07:52","slug":"kiko-milano-niisutav-huulelaige-3d-hydra-lipgloss-40","status":"publish","type":"product","link":"https:\/\/superstore.ee\/index.php\/toode\/kiko-milano-niisutav-huulelaige-3d-hydra-lipgloss-40\/","title":{"rendered":"KIKO Milano Niisutav huulel\u00e4ige 3D Hydra Lipgloss 40"},"content":{"rendered":"","protected":false},"excerpt":{"rendered":"<p>\ud83c\uddea\ud83c\uddea KIKO Milano 3D-efektiga pehmendav ja niisutav huulel\u00e4ige. Muudab huuled s\u00e4ravamaks ja t\u00e4idlasemaks.<\/p>\n<p>Mittekleepuv kauap\u00fcsiv tekstuur.<\/p>\n<p>\ud83c\uddf7\ud83c\uddfa KIKO Milano \u0443\u0432\u043b\u0430\u0436\u043d\u044f\u044e\u0449\u0438\u0439 \u0431\u043b\u0435\u0441\u043a \u0434\u043b\u044f \u0433\u0443\u0431 \u0441 \u044d\u0444\u0444\u0435\u043a\u0442\u043e\u043c 3D. \u0414\u0435\u043b\u0430\u0435\u0442 \u0433\u0443\u0431\u044b \u0441\u0438\u044f\u044e\u0449\u0438\u043c\u0438 \u0438 \u0431\u043e\u043b\u0435\u0435 \u043f\u0443\u0445\u043b\u044b\u043c\u0438.<\/p>\n<p>\u041d\u0435\u043b\u0438\u043f\u043a\u0430\u044f \u0441\u0442\u043e\u0439\u043a\u0430\u044f \u0442\u0435\u043a\u0441\u0442\u0443\u0440\u0430.<\/p>\n<p>\ud83c\uddfa\ud83c\uddf8 KIKO Milano Softening lip gloss for a 3D look. The non-sticky texture is long lasting.<\/p>\n","protected":false},"featured_media":20036,"template":"","meta":{"jetpack_publicize_message":"","jetpack_publicize_feature_enabled":true,"jetpack_social_post_already_shared":false,"jetpack_social_options":{"image_generator_settings":{"template":"highway","default_image_id":0,"font":"","enabled":false},"version":2}},"product_brand":[],"product_cat":[911,988,986,973,340,631],"product_tag":[],"class_list":{"0":"post-20021","1":"product","2":"type-product","3":"status-publish","4":"has-post-thumbnail","6":"product_cat-huuled","7":"product_cat-lip-gloss","8":"product_cat-kiko-lips","9":"product_cat-makeup","10":"product_cat-kiko-milano","11":"product_cat-sale","13":"first","14":"outofstock","15":"sale","16":"shipping-taxable","17":"purchasable","18":"product-type-simple"},"jetpack_publicize_connections":[],"jetpack_sharing_enabled":true,"jetpack_likes_enabled":true,"_links":{"self":[{"href":"https:\/\/superstore.ee\/index.php\/wp-json\/wp\/v2\/product\/20021","targetHints":{"allow":["GET"]}}],"collection":[{"href":"https:\/\/superstore.ee\/index.php\/wp-json\/wp\/v2\/product"}],"about":[{"href":"https:\/\/superstore.ee\/index.php\/wp-json\/wp\/v2\/types\/product"}],"wp:featuredmedia":[{"embeddable":true,"href":"https:\/\/superstore.ee\/index.php\/wp-json\/wp\/v2\/media\/20036"}],"wp:attachment":[{"href":"https:\/\/superstore.ee\/index.php\/wp-json\/wp\/v2\/media?parent=20021"}],"wp:term":[{"taxonomy":"product_brand","embeddable":true,"href":"https:\/\/superstore.ee\/index.php\/wp-json\/wp\/v2\/product_brand?post=20021"},{"taxonomy":"product_cat","embeddable":true,"href":"https:\/\/superstore.ee\/index.php\/wp-json\/wp\/v2\/product_cat?post=20021"},{"taxonomy":"product_tag","embeddable":true,"href":"https:\/\/superstore.ee\/index.php\/wp-json\/wp\/v2\/product_tag?post=20021"}],"curies":[{"name":"wp","href":"https:\/\/api.w.org\/{rel}","templated":true}]}}