{"id":20080,"date":"2024-11-30T01:52:57","date_gmt":"2024-11-29T22:52:57","guid":{"rendered":"https:\/\/superstore.ee\/?post_type=product&#038;p=20080"},"modified":"2025-03-12T23:44:16","modified_gmt":"2025-03-12T21:44:16","slug":"victorias-secret-pure-seduction-komplekt-kehasprei-kehalosjoon","status":"publish","type":"product","link":"https:\/\/superstore.ee\/index.php\/toode\/victorias-secret-pure-seduction-komplekt-kehasprei-kehalosjoon\/","title":{"rendered":"Victoria\u2019s Secret Pure Seduction Komplekt (Kehasprei + Kehalosjoon)"},"content":{"rendered":"","protected":false},"excerpt":{"rendered":"<p><span style=\"font-weight: 400;\">\ud83c\uddea\ud83c\uddea Victoria\u2019s Secret <strong><em>Pure Seduction<\/em><\/strong>\u00a0komplekt (Kehasprei 250ml + Parf\u00fcmeeritud Kehalosjoon 236ml)<\/span><\/p>\n<p>T\u00fc\u00fcp: Puuviljane\u00a0 \u2022 Mahlane ploom. \u00d5rn freesia. S\u00e4ra kogu \u00f6\u00f6.<\/p>\n<p><span style=\"font-weight: 400;\">\ud83c\uddf7\ud83c\uddfa Victoria\u2019s Secret <strong><em>Pure Seduction<\/em><\/strong><em><strong>\u00a0<\/strong><\/em><\/span>\u043a\u043e\u043c\u043f\u043b\u0435\u043a\u0442 (\u0421\u043f\u0440\u0435\u0439 \u0434\u043b\u044f \u0442\u0435\u043b\u0430 250ml + \u041f\u0430\u0440\u0444\u044e\u043c\u0438\u0440\u043e\u0432\u0430\u043d\u043d\u044b\u0439 \u043b\u043e\u0441\u044c\u043e\u043d 236ml)<\/p>\n<p>\u0422\u0438\u043f: \u0424\u0440\u0443\u043a\u0442\u043e\u0432\u044b\u0439 \u2022 \u0421\u043e\u0447\u043d\u0430\u044f \u0441\u043b\u0438\u0432\u0430. \u041d\u0435\u0436\u043d\u0430\u044f \u0444\u0440\u0435\u0437\u0438\u044f. \u0421\u0438\u044f\u0439 \u0432\u0441\u044e \u043d\u043e\u0447\u044c.<\/p>\n<p><span style=\"font-weight: 400;\">\ud83c\uddfa\ud83c\uddf8 Victoria\u2019s Secret <strong><em>Pure Seduction<\/em><\/strong> set (Fragrance Mist 250ml + Fragrance Lotion 236ml)<\/span><\/p>\n<p>Type: Fruity \u2022 Juiced plum. Crushed freesia. All night long.<\/p>\n","protected":false},"featured_media":16850,"template":"","meta":{"jetpack_publicize_message":"","jetpack_publicize_feature_enabled":true,"jetpack_social_post_already_shared":false,"jetpack_social_options":{"image_generator_settings":{"template":"highway","default_image_id":0,"font":"","enabled":false},"version":2}},"product_brand":[],"product_cat":[926,927,910,342,912,341],"product_tag":[],"class_list":{"0":"post-20080","1":"product","2":"type-product","3":"status-publish","4":"has-post-thumbnail","6":"product_cat-victorias-secret-body-lotions","7":"product_cat-victorias-secret-body-mists","8":"product_cat-kehaspreid","9":"product_cat-komplektid-victorias-secret","10":"product_cat-nahahooldus","11":"product_cat-victorias-secret","12":"pa_lohn-gift-box","13":"pa_lohn-komplekt","15":"first","16":"outofstock","17":"sale","18":"shipping-taxable","19":"purchasable","20":"product-type-simple"},"jetpack_publicize_connections":[],"jetpack_sharing_enabled":true,"jetpack_likes_enabled":true,"_links":{"self":[{"href":"https:\/\/superstore.ee\/index.php\/wp-json\/wp\/v2\/product\/20080","targetHints":{"allow":["GET"]}}],"collection":[{"href":"https:\/\/superstore.ee\/index.php\/wp-json\/wp\/v2\/product"}],"about":[{"href":"https:\/\/superstore.ee\/index.php\/wp-json\/wp\/v2\/types\/product"}],"wp:featuredmedia":[{"embeddable":true,"href":"https:\/\/superstore.ee\/index.php\/wp-json\/wp\/v2\/media\/16850"}],"wp:attachment":[{"href":"https:\/\/superstore.ee\/index.php\/wp-json\/wp\/v2\/media?parent=20080"}],"wp:term":[{"taxonomy":"product_brand","embeddable":true,"href":"https:\/\/superstore.ee\/index.php\/wp-json\/wp\/v2\/product_brand?post=20080"},{"taxonomy":"product_cat","embeddable":true,"href":"https:\/\/superstore.ee\/index.php\/wp-json\/wp\/v2\/product_cat?post=20080"},{"taxonomy":"product_tag","embeddable":true,"href":"https:\/\/superstore.ee\/index.php\/wp-json\/wp\/v2\/product_tag?post=20080"}],"curies":[{"name":"wp","href":"https:\/\/api.w.org\/{rel}","templated":true}]}}