{"id":20091,"date":"2024-11-30T23:05:02","date_gmt":"2024-11-30T21:05:02","guid":{"rendered":"https:\/\/superstore.ee\/?post_type=product&#038;p=20091"},"modified":"2025-03-12T23:44:26","modified_gmt":"2025-03-12T21:44:26","slug":"victorias-secret-pink-vanilla-hair-body-mist-juuste-ja-kehasprei-236ml","status":"publish","type":"product","link":"https:\/\/superstore.ee\/index.php\/toode\/victorias-secret-pink-vanilla-hair-body-mist-juuste-ja-kehasprei-236ml\/","title":{"rendered":"Victoria\u2019s Secret PINK Vanilla Hair &#038; Body Mist juuste ja kehasprei (236ml)"},"content":{"rendered":"","protected":false},"excerpt":{"rendered":"<p>Victoria\u2019s Secret PINK Vanilje juuste- ja kehasprei (236 ml)<\/p>\n<div class=\"flex flex-grow flex-col max-w-full\">\n<div class=\"min-h-[20px] text-message flex flex-col items-start whitespace-pre-wrap break-words [.text-message+&amp;]:mt-5 juice:w-full juice:items-end overflow-x-auto gap-2\" dir=\"auto\" data-message-author-role=\"assistant\" data-message-id=\"b35bf967-d379-4a9b-8889-825ed480b625\">\n<div class=\"flex w-full flex-col gap-1 juice:empty:hidden juice:first:pt-[3px]\">\n<div class=\"markdown prose w-full break-words dark:prose-invert light\">\n<p>See sprei pole lihtsalt l\u00f5hn \u2013 see on hooldus sinu naha ja juuste eest. Kui vajad v\u00e4rskendust ja soovid \u00fcmbritseda end pehme vaniljel\u00f5hnaga, saab sellest rahustavast juuste- ja kehaspreist sinu ideaalne kaaslane. Sisaldab h\u00fcaluroonhapet ja B5-vitamiini, ei sisalda alkoholi \u2013 tagab v\u00e4rskuse ilma liigse l\u00f5hnata.<\/p>\n<p><strong><em>Kasutamine<\/em>:<\/strong> Pihusta juustele ja kehale igal ajal, kui vajad kiiret niisutust ja magusat l\u00f5hna. P\u00fcsivama l\u00f5hna saavutamiseks kasuta koos Vanilje kehakreemi, du\u0161igeeli v\u00f5i koorijaga.<\/p>\n<ul>\n<li>Sobib tundlikule nahale: ei sisalda sulfaate, parabeene ega ftalaate.<\/li>\n<li>Sobib nii juustele kui ka kehale.<\/li>\n<li>Alkoholivaba \u2013 ei kuivata ega \u00e4rrita nahka.<\/li>\n<li>Dermatoloogide poolt heaks kiidetud<\/li>\n<li>Loomkatsete vastu<\/li>\n<li>Sobib veganitele<\/li>\n<\/ul>\n<\/div>\n<\/div>\n<\/div>\n<\/div>\n<details>\n<summary>Details<\/summary>\n<div translate=\"no\">Victoria\u2019s Secret PINK Comforting Vanilla Hair &amp; Body Mist (236ml)When you want a hit of refreshment and hint of feather-light vanilla fragrance, reach for this soothing, all-over mist.<\/p>\n<p>Made with hyaluronic acid and vitamin B5 \u2014 and zero alcohol \u2014 it always delivers, never overpowers.<\/p>\n<p><em><strong>How To Use: <\/strong><\/em>Spritz all over hair and body anytime you need it. Layer over or under our Vanilla Body Lotion or Body Milk for longer-lasting scent.<\/p>\n<ul>\n<li>FORMULATED WITHOUT SULFATES, PARABENS, PHTHALATES OR ARTIFICIAL DYES<\/li>\n<li>DERMATOLOGIST APPROVED<\/li>\n<li>AGAINST ANIMAL TESTING<\/li>\n<li>VEGAN<\/li>\n<\/ul>\n<p>INGREDIENTS:<br \/>\nWater (Aqua, Eau), Propanediol, Pentylene Glycol, PPG-1-PEG-9 Lauryl Glycol Ether, Coceth-7, Fragrance (Parfum), Chlorphenesin, PEG-40 Hydrogenated Castor Oil, Betaine, Sodium Benzoate, PEG-8 Dimethicone, Disodium EDTA, Cocamidopropyl PG-Dimonium Chloride Phosphate, Citric Acid, Sodium Hyaluronate, Panthenol, Tetramethyl acetyloctahydronaphthalenes, Benzyl Salicylate, Hexamethylindanopyran, Vanillin, Coumarin, Linalool, Acetyl Cedrene<br \/>\nIngredients are subject to change. For an accurate list of ingredients, please refer to the product packaging.<\/p>\n<\/div>\n<p>Victoria\u2019s Secret PINK \u0412\u0430\u043d\u0438\u043b\u044c\u043d\u044b\u0439 \u0441\u043f\u0440\u0435\u0439 \u0434\u043b\u044f \u0432\u043e\u043b\u043e\u0441 \u0438 \u0442\u0435\u043b\u0430 (236\u043c\u043b)<\/p>\n<p>\u042d\u0442\u043e\u0442 \u043c\u0438\u0441\u0442 \u043d\u0435 \u043f\u0440\u043e\u0441\u0442\u043e \u0430\u0440\u043e\u043c\u0430\u0442 \u2013 \u044d\u0442\u043e \u0443\u0445\u043e\u0434 \u0437\u0430 \u043a\u043e\u0436\u0435\u0439 \u0438 \u0432\u043e\u043b\u043e\u0441\u0430\u043c\u0438. \u041a\u043e\u0433\u0434\u0430 \u0445\u043e\u0447\u0435\u0442\u0441\u044f \u043e\u0441\u0432\u0435\u0436\u0438\u0442\u044c\u0441\u044f \u0438 \u043e\u043a\u0443\u043d\u0443\u0442\u044c\u0441\u044f \u0432 \u043d\u0435\u0436\u043d\u044b\u0439 \u0432\u0430\u043d\u0438\u043b\u044c\u043d\u044b\u0439 \u0430\u0440\u043e\u043c\u0430\u0442, \u044d\u0442\u043e\u0442 \u0443\u0441\u043f\u043e\u043a\u0430\u0438\u0432\u0430\u044e\u0449\u0438\u0439 \u043c\u0438\u0441\u0442 \u0434\u043b\u044f \u0442\u0435\u043b\u0430 \u0438 \u0432\u043e\u043b\u043e\u0441 \u0441\u0442\u0430\u043d\u0435\u0442 \u0432\u0430\u0448\u0438\u043c \u0438\u0434\u0435\u0430\u043b\u044c\u043d\u044b\u043c \u0441\u043f\u0443\u0442\u043d\u0438\u043a\u043e\u043c.\u00a0\u0421\u043e\u0434\u0435\u0440\u0436\u0438\u0442 \u0433\u0438\u0430\u043b\u0443\u0440\u043e\u043d\u043e\u0432\u0443\u044e \u043a\u0438\u0441\u043b\u043e\u0442\u0443 \u0438 \u0432\u0438\u0442\u0430\u043c\u0438\u043d B5, \u043d\u0435 \u0441\u043e\u0434\u0435\u0440\u0436\u0438\u0442 \u0441\u043f\u0438\u0440\u0442\u0430 \u2014 \u0434\u0430\u0440\u0438\u0442 \u0441\u0432\u0435\u0436\u0435\u0441\u0442\u044c \u0431\u0435\u0437 \u0447\u0440\u0435\u0437\u043c\u0435\u0440\u043d\u043e\u0433\u043e \u0430\u0440\u043e\u043c\u0430\u0442\u0430.<\/p>\n<\/details>\n","protected":false},"featured_media":20128,"template":"","meta":{"jetpack_publicize_message":"","jetpack_publicize_feature_enabled":true,"jetpack_social_post_already_shared":false,"jetpack_social_options":{"image_generator_settings":{"template":"highway","default_image_id":0,"font":"","enabled":false},"version":2}},"product_brand":[],"product_cat":[910,927,341],"product_tag":[],"class_list":{"0":"post-20091","1":"product","2":"type-product","3":"status-publish","4":"has-post-thumbnail","6":"product_cat-kehaspreid","7":"product_cat-victorias-secret-body-mists","8":"product_cat-victorias-secret","9":"pa_lohn-basic-apple","10":"pa_lohn-orange-meadow","12":"first","13":"outofstock","14":"sale","15":"shipping-taxable","16":"purchasable","17":"product-type-simple"},"jetpack_publicize_connections":[],"jetpack_sharing_enabled":true,"jetpack_likes_enabled":true,"_links":{"self":[{"href":"https:\/\/superstore.ee\/index.php\/wp-json\/wp\/v2\/product\/20091","targetHints":{"allow":["GET"]}}],"collection":[{"href":"https:\/\/superstore.ee\/index.php\/wp-json\/wp\/v2\/product"}],"about":[{"href":"https:\/\/superstore.ee\/index.php\/wp-json\/wp\/v2\/types\/product"}],"wp:featuredmedia":[{"embeddable":true,"href":"https:\/\/superstore.ee\/index.php\/wp-json\/wp\/v2\/media\/20128"}],"wp:attachment":[{"href":"https:\/\/superstore.ee\/index.php\/wp-json\/wp\/v2\/media?parent=20091"}],"wp:term":[{"taxonomy":"product_brand","embeddable":true,"href":"https:\/\/superstore.ee\/index.php\/wp-json\/wp\/v2\/product_brand?post=20091"},{"taxonomy":"product_cat","embeddable":true,"href":"https:\/\/superstore.ee\/index.php\/wp-json\/wp\/v2\/product_cat?post=20091"},{"taxonomy":"product_tag","embeddable":true,"href":"https:\/\/superstore.ee\/index.php\/wp-json\/wp\/v2\/product_tag?post=20091"}],"curies":[{"name":"wp","href":"https:\/\/api.w.org\/{rel}","templated":true}]}}