{"id":20104,"date":"2024-11-30T23:24:51","date_gmt":"2024-11-30T21:24:51","guid":{"rendered":"https:\/\/superstore.ee\/?post_type=product&#038;p=20104"},"modified":"2025-03-12T23:44:54","modified_gmt":"2025-03-12T21:44:54","slug":"victorias-secret-pink-comforting-vanilla-body-wash","status":"publish","type":"product","link":"https:\/\/superstore.ee\/index.php\/toode\/victorias-secret-pink-comforting-vanilla-body-wash\/","title":{"rendered":"Victoria&#8217;s Secret PINK Comforting Vanilla Body Wash vanilje du\u0161igeel (355ml)"},"content":{"rendered":"","protected":false},"excerpt":{"rendered":"<p><span style=\"font-weight: 400;\">\ud83c\uddea\ud83c\uddea Victoria&#8217;s Secret PINK Vanilje du\u0161igeel<\/span><span style=\"font-weight: 400;\">\u00a0(355 ml)<\/span><\/p>\n<p>Otsite midagi magusat ja hubast? See du\u0161igeel pakub teie kehale \u00f5rna hoolitsust ja v\u00e4rskendavat puhastust.<\/p>\n<p>See puhastab nahka \u00f5rnalt, toidab ja niisutab, j\u00e4ttes selle pehmeks ja siledaks. Kerge kreemja vanilje l\u00f5hn \u00fcmbritseb teid, kinkides meeldivaid emotsioone kogu p\u00e4evaks.<\/p>\n<p><strong>Peamised eelised:<\/strong><\/p>\n<ul>\n<li>Puhastab ja toidab nahka \u00f5rnalt, hoides selle pehme ja niisutatuna.<\/li>\n<li>\u00d5rn vaniljel\u00f5hn loob hubase ja v\u00e4rske tunde.<\/li>\n<li>Parabeenide, sulfaatide ja ftalaatideta koostis \u2014 ainult ohutud koostisosad.<\/li>\n<li>Dermatoloogide poolt heaks kiidetud, ei testita loomadel, t\u00e4iesti vegan.<\/li>\n<li>Keskkonnas\u00f5bralik pakend: 75% pudelist on valmistatud taaskasutatud plastist.<\/li>\n<\/ul>\n<p>Parimate tulemuste saavutamiseks kasutage koos vaniljel\u00f5hnalise kehakreemi ja kehaspreiga samast sarjast.<\/p>\n<p><span style=\"font-weight: 400;\">\ud83c\uddf7\ud83c\uddfa \u0412\u0430\u043d\u0438\u043b\u044c\u043d\u044b\u0439<\/span>\u00a0<span style=\"font-weight: 400;\">\u0433\u0435\u043b\u044c \u0434\u043b\u044f \u0434\u0443\u0448\u0430 \u043e\u0442 Victoria\u2019s Secret PINK (355 ml)<\/span><\/p>\n<p>\u0418\u0449\u0435\u0442\u0435 \u0447\u0442\u043e-\u0442\u043e \u0441\u043b\u0430\u0434\u043a\u043e\u0435 \u0438 \u0443\u044e\u0442\u043d\u043e\u0435? \u042d\u0442\u043e\u0442 \u0433\u0435\u043b\u044c \u0434\u043b\u044f \u0434\u0443\u0448\u0430 \u043f\u043e\u0434\u0430\u0440\u0438\u0442 \u0432\u0430\u0448\u0435\u043c\u0443 \u0442\u0435\u043b\u0443 \u043d\u0435\u0436\u043d\u0443\u044e \u0437\u0430\u0431\u043e\u0442\u0443 \u0438 \u043e\u0441\u0432\u0435\u0436\u0430\u044e\u0449\u0438\u0439 \u0443\u0445\u043e\u0434.<\/p>\n<p>\u041e\u043d \u043c\u044f\u0433\u043a\u043e \u043e\u0447\u0438\u0449\u0430\u0435\u0442 \u043a\u043e\u0436\u0443, \u043f\u0438\u0442\u0430\u0435\u0442 \u0438 \u0443\u0432\u043b\u0430\u0436\u043d\u044f\u0435\u0442 \u0435\u0451, \u043e\u0441\u0442\u0430\u0432\u043b\u044f\u044f \u043e\u0449\u0443\u0449\u0435\u043d\u0438\u0435 \u0433\u043b\u0430\u0434\u043a\u043e\u0441\u0442\u0438 \u0438 \u0441\u0432\u0435\u0436\u0435\u0441\u0442\u0438. \u041b\u0451\u0433\u043a\u0438\u0439 \u0430\u0440\u043e\u043c\u0430\u0442 \u043a\u0440\u0435\u043c\u043e\u0432\u043e\u0439 \u0432\u0430\u043d\u0438\u043b\u0438 \u043e\u043a\u0443\u0442\u044b\u0432\u0430\u0435\u0442 \u0432\u0430\u0441, \u0434\u0430\u0440\u044f \u043f\u0440\u0438\u044f\u0442\u043d\u044b\u0435 \u044d\u043c\u043e\u0446\u0438\u0438 \u043d\u0430 \u0432\u0435\u0441\u044c \u0434\u0435\u043d\u044c.<\/p>\n<p><strong>\u041e\u0441\u043d\u043e\u0432\u043d\u044b\u0435 \u043f\u0440\u0435\u0438\u043c\u0443\u0449\u0435\u0441\u0442\u0432\u0430:<\/strong><\/p>\n<ul>\n<li>\u041d\u0435\u0436\u043d\u043e \u043e\u0447\u0438\u0449\u0430\u0435\u0442 \u0438 \u043f\u0438\u0442\u0430\u0435\u0442 \u043a\u043e\u0436\u0443, \u0441\u043e\u0445\u0440\u0430\u043d\u044f\u044f \u0435\u0451 \u043c\u044f\u0433\u043a\u043e\u0439 \u0438 \u0443\u0432\u043b\u0430\u0436\u043d\u0451\u043d\u043d\u043e\u0439.<\/li>\n<li>\u0422\u043e\u043d\u043a\u0438\u0439 \u0430\u0440\u043e\u043c\u0430\u0442 \u0432\u0430\u043d\u0438\u043b\u0438 \u0441\u043e\u0437\u0434\u0430\u0451\u0442 \u0430\u0442\u043c\u043e\u0441\u0444\u0435\u0440\u0443 \u0443\u044e\u0442\u0430 \u0438 \u0441\u0432\u0435\u0436\u0435\u0441\u0442\u0438.<\/li>\n<li>\u0424\u043e\u0440\u043c\u0443\u043b\u0430 \u0431\u0435\u0437 \u0441\u0443\u043b\u044c\u0444\u0430\u0442\u043e\u0432, \u043f\u0430\u0440\u0430\u0431\u0435\u043d\u043e\u0432 \u0438 \u0444\u0442\u0430\u043b\u0430\u0442\u043e\u0432 \u2014 \u0442\u043e\u043b\u044c\u043a\u043e \u0431\u0435\u0437\u043e\u043f\u0430\u0441\u043d\u044b\u0435 \u043a\u043e\u043c\u043f\u043e\u043d\u0435\u043d\u0442\u044b.<\/li>\n<li>\u041e\u0434\u043e\u0431\u0440\u0435\u043d \u0434\u0435\u0440\u043c\u0430\u0442\u043e\u043b\u043e\u0433\u0430\u043c\u0438, \u043d\u0435 \u0442\u0435\u0441\u0442\u0438\u0440\u0443\u0435\u0442\u0441\u044f \u043d\u0430 \u0436\u0438\u0432\u043e\u0442\u043d\u044b\u0445, \u043f\u043e\u043b\u043d\u043e\u0441\u0442\u044c\u044e \u0432\u0435\u0433\u0430\u043d\u0441\u043a\u0438\u0439.<\/li>\n<li>\u042d\u043a\u043e\u043b\u043e\u0433\u0438\u0447\u043d\u0430\u044f \u0443\u043f\u0430\u043a\u043e\u0432\u043a\u0430: 75% \u0431\u0443\u0442\u044b\u043b\u043a\u0438 \u0441\u0434\u0435\u043b\u0430\u043d\u043e \u0438\u0437 \u043f\u0435\u0440\u0435\u0440\u0430\u0431\u043e\u0442\u0430\u043d\u043d\u043e\u0433\u043e \u043f\u043b\u0430\u0441\u0442\u0438\u043a\u0430.<\/li>\n<\/ul>\n<p>\u0414\u043b\u044f \u043d\u0430\u0438\u043b\u0443\u0447\u0448\u0435\u0433\u043e \u0440\u0435\u0437\u0443\u043b\u044c\u0442\u0430\u0442\u0430 \u0438\u0441\u043f\u043e\u043b\u044c\u0437\u0443\u0439\u0442\u0435 \u0432\u043c\u0435\u0441\u0442\u0435 \u0441 \u0432\u0430\u043d\u0438\u043b\u044c\u043d\u044b\u043c \u043b\u043e\u0441\u044c\u043e\u043d\u043e\u043c \u0438 \u0441\u043f\u0440\u0435\u0435\u043c \u0434\u043b\u044f \u0442\u0435\u043b\u0430 \u0438\u0437 \u044d\u0442\u043e\u0439 \u0441\u0435\u0440\u0438\u0438.<\/p>\n<p><span style=\"font-weight: 400;\">\ud83c\uddfa\ud83c\uddf8 Victoria\u2019s Secret PINK Victoria\u2019s Secret PINK Vanilla Body Wash <\/span><span style=\"font-weight: 400;\">(355 ml)<\/span><\/p>\n<p>Love vanilla? This is a sweet, comforting hug for your body.<\/p>\n<p>Kick start your day with this gentle, cleansing body wash. It leaves skin feeling clean, nourished, and conditioned, and smells like pure, creamy vanilla. What more could you ask for?<\/p>\n<p>For maximum benefits, layer with Vanilla Body Lotion and Vanilla Body Mist.<\/p>\n<ul>\n<li>FORMULATED WITHOUT SULFATES, PARABENS, PHTHALATES OR ARTIFICIAL DYES<\/li>\n<li>DERMATOLOGIST APPROVED<\/li>\n<li>AGAINST ANIMAL TESTING<\/li>\n<li>VEGAN<\/li>\n<li>75% RECYCLED PLASTIC BOTTLE; 100% RECYCLED PLASTIC CAP<\/li>\n<\/ul>\n","protected":false},"featured_media":20108,"template":"","meta":{"jetpack_publicize_message":"","jetpack_publicize_feature_enabled":true,"jetpack_social_post_already_shared":false,"jetpack_social_options":{"image_generator_settings":{"template":"highway","default_image_id":0,"font":"","enabled":false},"version":2}},"product_brand":[],"product_cat":[930,912,341],"product_tag":[],"class_list":{"0":"post-20104","1":"product","2":"type-product","3":"status-publish","4":"has-post-thumbnail","6":"product_cat-victorias-secret-body-washes","7":"product_cat-nahahooldus","8":"product_cat-victorias-secret","10":"first","11":"outofstock","12":"sale","13":"shipping-taxable","14":"purchasable","15":"product-type-simple"},"jetpack_publicize_connections":[],"jetpack_sharing_enabled":true,"jetpack_likes_enabled":true,"_links":{"self":[{"href":"https:\/\/superstore.ee\/index.php\/wp-json\/wp\/v2\/product\/20104","targetHints":{"allow":["GET"]}}],"collection":[{"href":"https:\/\/superstore.ee\/index.php\/wp-json\/wp\/v2\/product"}],"about":[{"href":"https:\/\/superstore.ee\/index.php\/wp-json\/wp\/v2\/types\/product"}],"wp:featuredmedia":[{"embeddable":true,"href":"https:\/\/superstore.ee\/index.php\/wp-json\/wp\/v2\/media\/20108"}],"wp:attachment":[{"href":"https:\/\/superstore.ee\/index.php\/wp-json\/wp\/v2\/media?parent=20104"}],"wp:term":[{"taxonomy":"product_brand","embeddable":true,"href":"https:\/\/superstore.ee\/index.php\/wp-json\/wp\/v2\/product_brand?post=20104"},{"taxonomy":"product_cat","embeddable":true,"href":"https:\/\/superstore.ee\/index.php\/wp-json\/wp\/v2\/product_cat?post=20104"},{"taxonomy":"product_tag","embeddable":true,"href":"https:\/\/superstore.ee\/index.php\/wp-json\/wp\/v2\/product_tag?post=20104"}],"curies":[{"name":"wp","href":"https:\/\/api.w.org\/{rel}","templated":true}]}}