{"id":20110,"date":"2024-11-30T23:43:15","date_gmt":"2024-11-30T21:43:15","guid":{"rendered":"https:\/\/superstore.ee\/?post_type=product&#038;p=20110"},"modified":"2025-03-12T23:45:22","modified_gmt":"2025-03-12T21:45:22","slug":"victorias-secret-pink-kookose-juuste-ja-kehasprei-236ml-coconut-hair-body-mist","status":"publish","type":"product","link":"https:\/\/superstore.ee\/index.php\/toode\/victorias-secret-pink-kookose-juuste-ja-kehasprei-236ml-coconut-hair-body-mist\/","title":{"rendered":"Victoria\u2019s Secret PINK Coconut Hair &#038; Body Mist Kookose juuste ja kehasprei (236ml)"},"content":{"rendered":"","protected":false},"excerpt":{"rendered":"<p><span style=\"font-weight: 400;\">\ud83c\uddea\ud83c\uddea Victoria\u2019s Secret PINK kookose juuste ja kehasprei (236ml) Coconut Hair &amp; Body Mist<\/span><\/p>\n<div class=\"flex flex-grow flex-col max-w-full\">\n<div class=\"min-h-[20px] text-message flex flex-col items-start whitespace-pre-wrap break-words [.text-message+&amp;]:mt-5 juice:w-full juice:items-end overflow-x-auto gap-2\" dir=\"auto\" data-message-author-role=\"assistant\" data-message-id=\"b35bf967-d379-4a9b-8889-825ed480b625\">\n<div class=\"flex w-full flex-col gap-1 juice:empty:hidden juice:first:pt-[3px]\">\n<div class=\"markdown prose w-full break-words dark:prose-invert light\">\n<p>\u00dcks osa v\u00e4rskendav pihusti, \u00fcks osa \u00f5rn sulgl\u00f5hn.<br \/>\nSee jahe, \u00fcle keha kasutatav sprei sisaldab h\u00fcaluroonhapet ja vitamiin B5 \u2014 ja mitte tilkagi alkoholi. Alati toimib, kunagi ei ole liiga tugev.<\/p>\n<p><em><strong>Kuidas Kasutada<\/strong><\/em><\/p>\n<p>Pihusta kogu juustele ja kehale igal ajal, kui vajad kiiret jaheda niisutuse ja magusa l\u00f5hna annust. VS PINK kehahooldustooted on loodud koos kasutamiseks maksimaalse efekti saavutamiseks \u2014 kasuta koos v\u00f5i eraldi VS kehakreemiga v\u00f5i vastavalt vajadusele kogu p\u00e4eva jooksul.<\/p>\n<\/div>\n<\/div>\n<\/div>\n<\/div>\n<p>\ud83c\uddf7\ud83c\uddfa Victoria\u2019s Secret PINK \u041a\u043e\u043a\u043e\u0441\u043e\u0432\u044b\u0439 \u0441\u043f\u0440\u0435\u0439 \u0434\u043b\u044f \u0432\u043e\u043b\u043e\u0441 \u0438 \u0442\u0435\u043b\u0430 (236 \u043c\u043b) <span style=\"font-weight: 400;\">Coconut Hair &amp; Body Mist<\/span><\/p>\n<p>\u041e\u0441\u0432\u0435\u0436\u0430\u044e\u0449\u0438\u0439 \u0441\u043f\u0440\u0435\u0439 \u0438 \u043d\u0435\u0432\u0435\u0441\u043e\u043c\u044b\u0439 \u0430\u0440\u043e\u043c\u0430\u0442 \u0432 \u043e\u0434\u043d\u043e\u043c \u0444\u043b\u0430\u043a\u043e\u043d\u0435. \u042d\u0442\u043e\u0442 \u043e\u0441\u0432\u0435\u0436\u0430\u044e\u0449\u0438\u0439 \u0441\u043f\u0440\u0435\u0439 \u0434\u043b\u044f \u0432\u0441\u0435\u0433\u043e \u0442\u0435\u043b\u0430 \u0438\u0437\u0433\u043e\u0442\u043e\u0432\u043b\u0435\u043d \u0441 \u0433\u0438\u0430\u043b\u0443\u0440\u043e\u043d\u043e\u0432\u043e\u0439 \u043a\u0438\u0441\u043b\u043e\u0442\u043e\u0439 \u0438 \u0432\u0438\u0442\u0430\u043c\u0438\u043d\u043e\u043c B5 \u2014 \u0438 \u0431\u0435\u0437 \u043a\u0430\u043f\u043b\u0438 \u0430\u043b\u043a\u043e\u0433\u043e\u043b\u044f. \u0412\u0441\u0435\u0433\u0434\u0430 \u0440\u0430\u0431\u043e\u0442\u0430\u0435\u0442, \u043d\u0438\u043a\u043e\u0433\u0434\u0430 \u043d\u0435 \u0431\u044b\u0432\u0430\u0435\u0442 \u0441\u043b\u0438\u0448\u043a\u043e\u043c \u0441\u0438\u043b\u044c\u043d\u044b\u043c.<\/p>\n<p><em><strong>\u041a\u0430\u043a \u0418\u0441\u043f\u043e\u043b\u044c\u0437\u043e\u0432\u0430\u0442\u044c<\/strong><\/em><br \/>\n\u0420\u0430\u0441\u043f\u044b\u043b\u0438\u0442\u0435 \u043d\u0430 \u0432\u043e\u043b\u043e\u0441\u044b \u0438 \u0442\u0435\u043b\u043e \u0432 \u043b\u044e\u0431\u043e\u0435 \u0432\u0440\u0435\u043c\u044f, \u043a\u043e\u0433\u0434\u0430 \u0432\u0430\u043c \u043d\u0443\u0436\u043d\u043e \u0431\u044b\u0441\u0442\u0440\u043e\u0435 \u0443\u0432\u043b\u0430\u0436\u043d\u0435\u043d\u0438\u0435 \u0438 \u0441\u043b\u0430\u0434\u043a\u0438\u0439 \u0430\u0440\u043e\u043c\u0430\u0442. VS PINK \u0441\u0440\u0435\u0434\u0441\u0442\u0432\u0430 \u0434\u043b\u044f \u0443\u0445\u043e\u0434\u0430 \u0437\u0430 \u0442\u0435\u043b\u043e\u043c \u0440\u0430\u0437\u0440\u0430\u0431\u043e\u0442\u0430\u043d\u044b \u0434\u043b\u044f \u0441\u043e\u0432\u043c\u0435\u0441\u0442\u043d\u043e\u0433\u043e \u0438\u0441\u043f\u043e\u043b\u044c\u0437\u043e\u0432\u0430\u043d\u0438\u044f \u0434\u043b\u044f \u0434\u043e\u0441\u0442\u0438\u0436\u0435\u043d\u0438\u044f \u043c\u0430\u043a\u0441\u0438\u043c\u0430\u043b\u044c\u043d\u043e\u0433\u043e \u044d\u0444\u0444\u0435\u043a\u0442\u0430 \u2014 \u043d\u0430\u043d\u043e\u0441\u0438\u0442\u0435 \u043f\u043e\u0432\u0435\u0440\u0445 \u0438\u043b\u0438 \u043f\u043e\u0434 \u043b\u043e\u0441\u044c\u043e\u043d \u0434\u043b\u044f \u0442\u0435\u043b\u0430\u00a0 \u043e\u0442 VS \u0438\u043b\u0438 \u0438\u0441\u043f\u043e\u043b\u044c\u0437\u0443\u0439\u0442\u0435 \u043f\u043e \u043c\u0435\u0440\u0435 \u043d\u0435\u043e\u0431\u0445\u043e\u0434\u0438\u043c\u043e\u0441\u0442\u0438 \u0432 \u0442\u0435\u0447\u0435\u043d\u0438\u0435 \u0434\u043d\u044f.<\/p>\n<p><span style=\"font-weight: 400;\">\ud83c\uddfa\ud83c\uddf8 Victoria\u2019s Secret PINK Coconut Hair &amp; Body Mist (236ml)<\/span><\/p>\n<p>One part spray-on refreshment, one part feather-light fragrance. This cool, all-over mist is made with hyaluronic acid and vitamin B5 \u2014 and zero alcohol. Always delivers, never overpowers.<\/p>\n<p><em><strong>How To Use<\/strong><\/em><\/p>\n<p>Spritz all over hair and body anytime you need an easy hit of cool hydration and sweet scent. Our Body Care is designed to wear together for the ultimate payoff&#8211;layer over or under VS Body Lotion or use as desired all day long.<\/p>\n","protected":false},"featured_media":16597,"template":"","meta":{"jetpack_publicize_message":"","jetpack_publicize_feature_enabled":true,"jetpack_social_post_already_shared":false,"jetpack_social_options":{"image_generator_settings":{"template":"highway","default_image_id":0,"font":"","enabled":false},"version":2}},"product_brand":[],"product_cat":[910,927,341],"product_tag":[],"class_list":{"0":"post-20110","1":"product","2":"type-product","3":"status-publish","4":"has-post-thumbnail","6":"product_cat-kehaspreid","7":"product_cat-victorias-secret-body-mists","8":"product_cat-victorias-secret","9":"pa_lohn-basic-apple","10":"pa_lohn-orange-meadow","12":"first","13":"outofstock","14":"sale","15":"shipping-taxable","16":"purchasable","17":"product-type-simple"},"jetpack_publicize_connections":[],"jetpack_sharing_enabled":true,"jetpack_likes_enabled":true,"_links":{"self":[{"href":"https:\/\/superstore.ee\/index.php\/wp-json\/wp\/v2\/product\/20110","targetHints":{"allow":["GET"]}}],"collection":[{"href":"https:\/\/superstore.ee\/index.php\/wp-json\/wp\/v2\/product"}],"about":[{"href":"https:\/\/superstore.ee\/index.php\/wp-json\/wp\/v2\/types\/product"}],"wp:featuredmedia":[{"embeddable":true,"href":"https:\/\/superstore.ee\/index.php\/wp-json\/wp\/v2\/media\/16597"}],"wp:attachment":[{"href":"https:\/\/superstore.ee\/index.php\/wp-json\/wp\/v2\/media?parent=20110"}],"wp:term":[{"taxonomy":"product_brand","embeddable":true,"href":"https:\/\/superstore.ee\/index.php\/wp-json\/wp\/v2\/product_brand?post=20110"},{"taxonomy":"product_cat","embeddable":true,"href":"https:\/\/superstore.ee\/index.php\/wp-json\/wp\/v2\/product_cat?post=20110"},{"taxonomy":"product_tag","embeddable":true,"href":"https:\/\/superstore.ee\/index.php\/wp-json\/wp\/v2\/product_tag?post=20110"}],"curies":[{"name":"wp","href":"https:\/\/api.w.org\/{rel}","templated":true}]}}