{"id":20111,"date":"2024-11-30T23:44:56","date_gmt":"2024-11-30T21:44:56","guid":{"rendered":"https:\/\/superstore.ee\/?post_type=product&#038;p=20111"},"modified":"2025-03-12T23:45:38","modified_gmt":"2025-03-12T21:45:38","slug":"victorias-secret-pink-coconut-body-lotion","status":"publish","type":"product","link":"https:\/\/superstore.ee\/index.php\/toode\/victorias-secret-pink-coconut-body-lotion\/","title":{"rendered":"Victoria\u2019s Secret PINK Coconut Body Lotion Kookose kehalosjoon (355ml)"},"content":{"rendered":"","protected":false},"excerpt":{"rendered":"<p><span style=\"font-weight: 400;\">\ud83c\uddea\ud83c\uddeaVictoria\u2019s Secret PINK Kookose kehakreem Coconut Body Lotion (355ml)<\/span><\/p>\n<p>Armastate kookost? See kehakreem on ideaalne niisutus ja nahahooldus \u00fches pudelis.<\/p>\n<p>Kerge igap\u00e4evane kehakreem, mis p\u00f5hineb looduslikul kookos\u00f5lil, niisutab koheselt nahka, muutes selle uskumatult siledaks ja pehmeks. Kreem imendub kiiresti, j\u00e4ttes maha vaid kerge ja meeldiva kookose aroomi, mis p\u00fcsib nahal ja annab v\u00e4rskustunde kogu p\u00e4eva.<\/p>\n<p><strong>Peamised eelised:<\/strong><\/p>\n<ul>\n<li>Looduslik kookos\u00f5li toidab ja pehmendab nahka, andes sellele siidisuse.<\/li>\n<li>Kerge tekstuur imendub kiiresti ja niisutab koheselt, j\u00e4ttes naha rasvavabaks.<\/li>\n<li>Ei sisalda sulfaate, parabeene, ftalaate ega kunstlikke v\u00e4rvaineid \u2014 ainult \u00f5rn hoolitsus teie naha eest.<\/li>\n<li>Dermatoloogide poolt heaks kiidetud, loomkatseteta ja t\u00e4iesti vegan.<\/li>\n<li>Keskkonnas\u00f5bralik valik: 50% pumbast ja 25% pudelist on valmistatud \u00fcmbert\u00f6\u00f6deldud plastikust.<\/li>\n<\/ul>\n<p>Maksimaalse efekti saavutamiseks kasutage koos kookose kehasprei, kehakoorija v\u00f5i du\u0161igeeliga samast sarjast.<\/p>\n<p><span style=\"font-weight: 400;\">\ud83c\uddf7\ud83c\uddfa Victoria\u2019s Secret PINK \u041a\u043e\u043a\u043e\u0441\u043e\u0432\u044b\u0439 \u043b\u043e\u0441\u044c\u043e\u043d \u0434\u043b\u044f \u0442\u0435\u043b\u0430.<\/span><\/p>\n<p>\u041b\u044e\u0431\u0438\u0442\u0435 \u043a\u043e\u043a\u043e\u0441? \u042d\u0442\u043e\u0442 \u043b\u043e\u0441\u044c\u043e\u043d \u2014 \u0438\u0434\u0435\u0430\u043b\u044c\u043d\u043e\u0435 \u0443\u0432\u043b\u0430\u0436\u043d\u0435\u043d\u0438\u0435 \u0438 \u0443\u0445\u043e\u0434 \u0437\u0430 \u043a\u043e\u0436\u0435\u0439 \u0432 \u043e\u0434\u043d\u043e\u043c \u0444\u043b\u0430\u043a\u043e\u043d\u0435.<\/p>\n<p>\u041b\u0451\u0433\u043a\u0438\u0439 \u0435\u0436\u0435\u0434\u043d\u0435\u0432\u043d\u044b\u0439 \u043b\u043e\u0441\u044c\u043e\u043d \u0434\u043b\u044f \u0442\u0435\u043b\u0430 \u043d\u0430 \u043e\u0441\u043d\u043e\u0432\u0435 \u043d\u0430\u0442\u0443\u0440\u0430\u043b\u044c\u043d\u043e\u0433\u043e \u043a\u043e\u043a\u043e\u0441\u043e\u0432\u043e\u0433\u043e \u043c\u0430\u0441\u043b\u0430 \u043c\u0433\u043d\u043e\u0432\u0435\u043d\u043d\u043e \u0443\u0432\u043b\u0430\u0436\u043d\u044f\u0435\u0442 \u043a\u043e\u0436\u0443, \u0434\u0435\u043b\u0430\u044f \u0435\u0451 \u043d\u0435\u0432\u0435\u0440\u043e\u044f\u0442\u043d\u043e \u0433\u043b\u0430\u0434\u043a\u043e\u0439 \u0438 \u0448\u0435\u043b\u043a\u043e\u0432\u0438\u0441\u0442\u043e\u0439. \u0424\u043e\u0440\u043c\u0443\u043b\u0430 \u0431\u044b\u0441\u0442\u0440\u043e \u0432\u043f\u0438\u0442\u044b\u0432\u0430\u0435\u0442\u0441\u044f, \u043d\u0435 \u043e\u0441\u0442\u0430\u0432\u043b\u044f\u044f \u043b\u0438\u043f\u043a\u043e\u0441\u0442\u0438, \u0430 \u043b\u0438\u0448\u044c \u043b\u0451\u0433\u043a\u0438\u0439, \u043f\u0440\u0438\u044f\u0442\u043d\u044b\u0439 \u0430\u0440\u043e\u043c\u0430\u0442 \u043a\u043e\u043a\u043e\u0441\u0430, \u043a\u043e\u0442\u043e\u0440\u044b\u0439 \u043e\u0441\u0442\u0430\u043d\u0435\u0442\u0441\u044f \u043d\u0430 \u043a\u043e\u0436\u0435 \u0438 \u0431\u0443\u0434\u0435\u0442 \u0434\u0430\u0440\u0438\u0442\u044c \u0432\u0430\u043c \u043e\u0449\u0443\u0449\u0435\u043d\u0438\u0435 \u0441\u0432\u0435\u0436\u0435\u0441\u0442\u0438 \u0432\u0435\u0441\u044c \u0434\u0435\u043d\u044c.<\/p>\n<p><strong>\u041e\u0441\u043d\u043e\u0432\u043d\u044b\u0435 \u043f\u0440\u0435\u0438\u043c\u0443\u0449\u0435\u0441\u0442\u0432\u0430:<\/strong><\/p>\n<ul>\n<li>\u041d\u0430\u0442\u0443\u0440\u0430\u043b\u044c\u043d\u043e\u0435 \u043a\u043e\u043a\u043e\u0441\u043e\u0432\u043e\u0435 \u043c\u0430\u0441\u043b\u043e \u0433\u043b\u0443\u0431\u043e\u043a\u043e \u043f\u0438\u0442\u0430\u0435\u0442 \u0438 \u0441\u043c\u044f\u0433\u0447\u0430\u0435\u0442 \u043a\u043e\u0436\u0443, \u043f\u0440\u0438\u0434\u0430\u0432\u0430\u044f \u0435\u0439 \u0448\u0435\u043b\u043a\u043e\u0432\u0438\u0441\u0442\u043e\u0441\u0442\u044c.<\/li>\n<li>\u041b\u0451\u0433\u043a\u0430\u044f \u0442\u0435\u043a\u0441\u0442\u0443\u0440\u0430 \u0431\u044b\u0441\u0442\u0440\u043e \u0432\u043f\u0438\u0442\u044b\u0432\u0430\u0435\u0442\u0441\u044f \u0438 \u043c\u043e\u043c\u0435\u043d\u0442\u0430\u043b\u044c\u043d\u043e \u0443\u0432\u043b\u0430\u0436\u043d\u044f\u0435\u0442 \u043a\u043e\u0436\u0443, \u043d\u0435 \u043e\u0441\u0442\u0430\u0432\u043b\u044f\u044f \u043e\u0449\u0443\u0449\u0435\u043d\u0438\u044f \u0436\u0438\u0440\u043d\u043e\u0441\u0442\u0438.<\/li>\n<li>\u041d\u0435 \u0441\u043e\u0434\u0435\u0440\u0436\u0438\u0442 \u0441\u0443\u043b\u044c\u0444\u0430\u0442\u043e\u0432, \u043f\u0430\u0440\u0430\u0431\u0435\u043d\u043e\u0432, \u0444\u0442\u0430\u043b\u0430\u0442\u043e\u0432 \u0438 \u0438\u0441\u043a\u0443\u0441\u0441\u0442\u0432\u0435\u043d\u043d\u044b\u0445 \u043a\u0440\u0430\u0441\u0438\u0442\u0435\u043b\u0435\u0439 \u2014 \u0442\u043e\u043b\u044c\u043a\u043e \u043d\u0435\u0436\u043d\u0430\u044f \u0437\u0430\u0431\u043e\u0442\u0430 \u043e \u0432\u0430\u0448\u0435\u0439 \u043a\u043e\u0436\u0435.<\/li>\n<li>\u041b\u043e\u0441\u044c\u043e\u043d \u043e\u0434\u043e\u0431\u0440\u0435\u043d \u0434\u0435\u0440\u043c\u0430\u0442\u043e\u043b\u043e\u0433\u0430\u043c\u0438, \u043d\u0435 \u0442\u0435\u0441\u0442\u0438\u0440\u0443\u0435\u0442\u0441\u044f \u043d\u0430 \u0436\u0438\u0432\u043e\u0442\u043d\u044b\u0445 \u0438 \u043f\u043e\u043b\u043d\u043e\u0441\u0442\u044c\u044e \u0432\u0435\u0433\u0430\u043d\u0441\u043a\u0438\u0439.<\/li>\n<li>\u042d\u043a\u043e\u043b\u043e\u0433\u0438\u0447\u043d\u044b\u0439 \u0432\u044b\u0431\u043e\u0440: 50% \u043d\u0430\u0441\u043e\u0441\u0430 \u0438 25% \u0431\u0443\u0442\u044b\u043b\u043a\u0438 \u0441\u0434\u0435\u043b\u0430\u043d\u044b \u0438\u0437 \u043f\u0435\u0440\u0435\u0440\u0430\u0431\u043e\u0442\u0430\u043d\u043d\u043e\u0433\u043e \u043f\u043b\u0430\u0441\u0442\u0438\u043a\u0430.<\/li>\n<\/ul>\n<p>\u0414\u043b\u044f \u043c\u0430\u043a\u0441\u0438\u043c\u0430\u043b\u044c\u043d\u043e\u0433\u043e \u044d\u0444\u0444\u0435\u043a\u0442\u0430 \u0441\u043e\u0447\u0435\u0442\u0430\u0439\u0442\u0435 \u0441 \u043a\u043e\u043a\u043e\u0441\u043e\u0432\u044b\u043c \u0441\u043f\u0440\u0435\u0435\u043c \u0434\u043b\u044f \u0442\u0435\u043b\u0430 \u0438 \u0441\u043a\u0440\u0430\u0431\u043e\u043c \u0438\u043b\u0438 \u0433\u0435\u043b\u0435\u043c \u0434\u043b\u044f \u0434\u0443\u0448\u0430 \u0438\u0437 \u044d\u0442\u043e\u0439 \u0441\u0435\u0440\u0438\u0438.<\/p>\n<p><span style=\"font-weight: 400;\">\ud83c\uddfa\ud83c\uddf8 Victoria\u2019s Secret PINK Coconut Body Lotion (355ml)<\/span><\/p>\n<p>Full-body hydration \u2014 with skin-conditioning benefits.<\/p>\n<p>This is the perfect light-yet-effective, derm-approved formula for smooth and conditioned skin. Made with mega-softening coconut oil, it absorbs quickly and hydrates immediately. All that\u2019s left behind is a light, beachy scent.<\/p>\n<p>Featured Ingredients<\/p>\n<ul>\n<li>Coconut Oil<\/li>\n<li>Made up of mega-softening fatty acids this is one of nature\u2019s most powerful ingredients.<\/li>\n<li>Quick Absorption<\/li>\n<li>Lightweight and dries in a flash.<\/li>\n<li>Instant Moisture<\/li>\n<li>Immediately makes skin softer and more supple.<\/li>\n<\/ul>\n<p>Dermatologist Approved<\/p>\n<p>A thoroughly tested and trusted formula.<\/p>\n<p>DERMATOLOGIST APPROVED<br \/>\nAGAINST ANIMAL TESTING<br \/>\nVEGAN<br \/>\n50% RECYCLED PLASTIC PUMP; 25% RECYCLED PLASTIC BOTTLE<\/p>\n","protected":false},"featured_media":20116,"template":"","meta":{"jetpack_publicize_message":"","jetpack_publicize_feature_enabled":true,"jetpack_social_post_already_shared":false,"jetpack_social_options":{"image_generator_settings":{"template":"highway","default_image_id":0,"font":"","enabled":false},"version":2}},"product_brand":[],"product_cat":[926,912,341],"product_tag":[],"class_list":{"0":"post-20111","1":"product","2":"type-product","3":"status-publish","4":"has-post-thumbnail","6":"product_cat-victorias-secret-body-lotions","7":"product_cat-nahahooldus","8":"product_cat-victorias-secret","10":"first","11":"outofstock","12":"sale","13":"shipping-taxable","14":"purchasable","15":"product-type-simple"},"jetpack_publicize_connections":[],"jetpack_sharing_enabled":true,"jetpack_likes_enabled":true,"_links":{"self":[{"href":"https:\/\/superstore.ee\/index.php\/wp-json\/wp\/v2\/product\/20111","targetHints":{"allow":["GET"]}}],"collection":[{"href":"https:\/\/superstore.ee\/index.php\/wp-json\/wp\/v2\/product"}],"about":[{"href":"https:\/\/superstore.ee\/index.php\/wp-json\/wp\/v2\/types\/product"}],"wp:featuredmedia":[{"embeddable":true,"href":"https:\/\/superstore.ee\/index.php\/wp-json\/wp\/v2\/media\/20116"}],"wp:attachment":[{"href":"https:\/\/superstore.ee\/index.php\/wp-json\/wp\/v2\/media?parent=20111"}],"wp:term":[{"taxonomy":"product_brand","embeddable":true,"href":"https:\/\/superstore.ee\/index.php\/wp-json\/wp\/v2\/product_brand?post=20111"},{"taxonomy":"product_cat","embeddable":true,"href":"https:\/\/superstore.ee\/index.php\/wp-json\/wp\/v2\/product_cat?post=20111"},{"taxonomy":"product_tag","embeddable":true,"href":"https:\/\/superstore.ee\/index.php\/wp-json\/wp\/v2\/product_tag?post=20111"}],"curies":[{"name":"wp","href":"https:\/\/api.w.org\/{rel}","templated":true}]}}