{"id":20117,"date":"2024-11-30T23:52:22","date_gmt":"2024-11-30T21:52:22","guid":{"rendered":"https:\/\/superstore.ee\/?post_type=product&#038;p=20117"},"modified":"2025-03-12T23:46:40","modified_gmt":"2025-03-12T21:46:40","slug":"victorias-secret-pink-coconut-set","status":"publish","type":"product","link":"https:\/\/superstore.ee\/index.php\/toode\/victorias-secret-pink-coconut-set\/","title":{"rendered":"Victoria\u2019s Secret PINK Coconut Set (Kookose Komplekt)"},"content":{"rendered":"","protected":false},"excerpt":{"rendered":"<p>\ud83c\uddea\ud83c\uddea Victoria\u2019s Secret PINK Kookose komplekt: deodorant, kehakreem ja juukse- ja kehasprei<\/p>\n<p>Kui armastad kookose l\u00f5hna, on see komplekt just sinu jaoks! Kookos\u00f5li ja niisutavate koostisosadega tooted hoiavad sind v\u00e4rskena ja pehmendavad nahka terve p\u00e4eva v\u00e4ltel. Komplektil on kolm toodet, mis hoolitsevad sinu naha eest, j\u00e4ttes sellele magusa kookose aroomi.<\/p>\n<p><strong>Komplektis:<\/strong><\/p>\n<ol>\n<li>Looduslik kookose deodorant Victoria\u2019s Secret PINK Conditioning Coconut Roll-On Deodorant (50ml) \u2013 Tagab 24-tunnise kaitse ja v\u00e4rskuse, sisaldab AHA-happeid ja prebiootikume, hooldades \u00f5rnalt nahka.<\/li>\n<li>Kookose kehakreem Victoria\u2019s Secret PINK Coconut Body Lotion (355ml) \u2013 Niisutab ja pehmendab nahka, sisaldab looduslikku kookos\u00f5li, j\u00e4ttes sellele kerge kookose l\u00f5hna.<\/li>\n<li>Kookose sprei kehale ja juustele Victoria\u2019s Secret PINK Coconut Hair &amp; Body Mist (236ml) \u2013 Niisutab ja v\u00e4rskendab koheselt, sisaldab h\u00fcaluroonhapet ja B5-vitamiini, sobib nii kehale kui ka juustele.<\/li>\n<\/ol>\n<p><strong>P\u00f5hieelised:<\/strong><\/p>\n<ul>\n<li>Looduslik kookos\u00f5li toidab nahka ja juukseid, andes neile pehmuse ja siidise sileduse.<\/li>\n<li>Tooted imenduvad kiiresti<\/li>\n<li>Dermatoloogiliselt testitud, vegan ja loomkatseteta.<\/li>\n<li>Keskkonnas\u00f5bralik pakend.<\/li>\n<\/ul>\n<p>\ud83c\udf81 <strong>Komplekt on pakitud kaunisse kinkepakendisse.<\/strong><\/p>\n<p>\ud83c\uddf7\ud83c\uddfa Victoria\u2019s Secret PINK \u041a\u043e\u043a\u043e\u0441\u043e\u0432\u044b\u0439 \u043a\u043e\u043c\u043f\u043b\u0435\u043a\u0442: \u0434\u0435\u0437\u043e\u0434\u043e\u0440\u0430\u043d\u0442, \u043a\u0440\u0435\u043c \u0434\u043b\u044f \u0442\u0435\u043b\u0430 \u0438 \u0441\u043f\u0440\u0435\u0439 \u0434\u043b\u044f \u0432\u043e\u043b\u043e\u0441 \u0438 \u0442\u0435\u043b\u0430<\/p>\n<p>\u0415\u0441\u043b\u0438 \u0432\u044b \u043b\u044e\u0431\u0438\u0442\u0435 \u0430\u0440\u043e\u043c\u0430\u0442 \u043a\u043e\u043a\u043e\u0441\u0430, \u044d\u0442\u043e\u0442 \u043a\u043e\u043c\u043f\u043b\u0435\u043a\u0442 \u0441\u043e\u0437\u0434\u0430\u043d \u0434\u043b\u044f \u0432\u0430\u0441! \u041f\u0440\u043e\u0434\u0443\u043a\u0442\u044b \u0441 \u043a\u043e\u043a\u043e\u0441\u043e\u0432\u044b\u043c \u043c\u0430\u0441\u043b\u043e\u043c \u0438 \u0443\u0432\u043b\u0430\u0436\u043d\u044f\u044e\u0449\u0438\u043c\u0438 \u0438\u043d\u0433\u0440\u0435\u0434\u0438\u0435\u043d\u0442\u0430\u043c\u0438 \u043e\u0431\u0435\u0441\u043f\u0435\u0447\u0430\u0442 \u0441\u0432\u0435\u0436\u0435\u0441\u0442\u044c \u0438 \u043c\u044f\u0433\u043a\u043e\u0441\u0442\u044c \u043d\u0430 \u0432\u0435\u0441\u044c \u0434\u0435\u043d\u044c. \u0412 \u043a\u043e\u043c\u043f\u043b\u0435\u043a\u0442 \u0432\u0445\u043e\u0434\u044f\u0442 \u0442\u0440\u0438 \u043f\u0440\u043e\u0434\u0443\u043a\u0442\u0430, \u043a\u043e\u0442\u043e\u0440\u044b\u0435 \u043f\u043e\u0437\u0430\u0431\u043e\u0442\u044f\u0442\u0441\u044f \u043e \u0432\u0430\u0448\u0435\u0439 \u043a\u043e\u0436\u0435, \u043e\u0441\u0442\u0430\u0432\u043b\u044f\u044f \u0441\u043b\u0430\u0434\u043a\u0438\u0439 \u043a\u043e\u043a\u043e\u0441\u043e\u0432\u044b\u0439 \u0430\u0440\u043e\u043c\u0430\u0442.<\/p>\n<p><strong>\u0421\u043e\u0441\u0442\u0430\u0432 \u043a\u043e\u043c\u043f\u043b\u0435\u043a\u0442\u0430:<\/strong><\/p>\n<ol>\n<li>\u041d\u0430\u0442\u0443\u0440\u0430\u043b\u044c\u043d\u044b\u0439 \u043a\u043e\u043a\u043e\u0441\u043e\u0432\u044b\u0439 \u0434\u0435\u0437\u043e\u0434\u043e\u0440\u0430\u043d\u0442 Victoria\u2019s Secret PINK Conditioning Coconut Roll-On Deodorant (50ml) &#8211; \u041e\u0431\u0435\u0441\u043f\u0435\u0447\u0438\u0432\u0430\u0435\u0442 24-\u0447\u0430\u0441\u043e\u0432\u0443\u044e \u0437\u0430\u0449\u0438\u0442\u0443 \u0438 \u0441\u0432\u0435\u0436\u0435\u0441\u0442\u044c, \u0441\u043e\u0434\u0435\u0440\u0436\u0438\u0442 AHA-\u043a\u0438\u0441\u043b\u043e\u0442\u044b \u0438 \u043f\u0440\u0435\u0431\u0438\u043e\u0442\u0438\u043a\u0438, \u0431\u0435\u0440\u0435\u0436\u043d\u043e \u0443\u0445\u0430\u0436\u0438\u0432\u0430\u0435\u0442 \u0437\u0430 \u043a\u043e\u0436\u0435\u0439<\/li>\n<li>\u041a\u043e\u043a\u043e\u0441\u043e\u0432\u044b\u0439 \u043a\u0440\u0435\u043c \u0434\u043b\u044f \u0442\u0435\u043b\u0430 Victoria\u2019s Secret PINK Coconut Body Lotion (355ml) &#8211; \u0418\u043d\u0442\u0435\u043d\u0441\u0438\u0432\u043d\u043e \u0443\u0432\u043b\u0430\u0436\u043d\u044f\u0435\u0442 \u0438 \u0441\u043c\u044f\u0433\u0447\u0430\u0435\u0442 \u043a\u043e\u0436\u0443, \u0441\u043e\u0434\u0435\u0440\u0436\u0438\u0442 \u043d\u0430\u0442\u0443\u0440\u0430\u043b\u044c\u043d\u043e\u0435 \u043a\u043e\u043a\u043e\u0441\u043e\u0432\u043e\u0435 \u043c\u0430\u0441\u043b\u043e, \u043e\u0441\u0442\u0430\u0432\u043b\u044f\u044f \u043b\u0435\u0433\u043a\u0438\u0439 \u0430\u0440\u043e\u043c\u0430\u0442 \u043a\u043e\u043a\u043e\u0441\u0430.<\/li>\n<li>\u041a\u043e\u043a\u043e\u0441\u043e\u0432\u044b\u0439 \u0441\u043f\u0440\u0435\u0439 \u0434\u043b\u044f \u0432\u043e\u043b\u043e\u0441 \u0438 \u0442\u0435\u043b\u0430 Victoria\u2019s Secret PINK Coconut Hair &amp; Body Mist (236ml) &#8211; \u041c\u0433\u043d\u043e\u0432\u0435\u043d\u043d\u043e \u0443\u0432\u043b\u0430\u0436\u043d\u044f\u0435\u0442 \u0438 \u043e\u0441\u0432\u0435\u0436\u0430\u0435\u0442, \u0441\u043e\u0434\u0435\u0440\u0436\u0438\u0442 \u0433\u0438\u0430\u043b\u0443\u0440\u043e\u043d\u043e\u0432\u0443\u044e \u043a\u0438\u0441\u043b\u043e\u0442\u0443 \u0438 \u0432\u0438\u0442\u0430\u043c\u0438\u043d B5, \u043f\u043e\u0434\u0445\u043e\u0434\u0438\u0442 \u0434\u043b\u044f \u0438\u0441\u043f\u043e\u043b\u044c\u0437\u043e\u0432\u0430\u043d\u0438\u044f \u043a\u0430\u043a \u043d\u0430 \u043a\u043e\u0436\u0435, \u0442\u0430\u043a \u0438 \u043d\u0430 \u0432\u043e\u043b\u043e\u0441\u0430\u0445.<\/li>\n<\/ol>\n<p><strong>\u041e\u0441\u043d\u043e\u0432\u043d\u044b\u0435 \u043f\u0440\u0435\u0438\u043c\u0443\u0449\u0435\u0441\u0442\u0432\u0430:<\/strong><\/p>\n<ul>\n<li>\u041d\u0430\u0442\u0443\u0440\u0430\u043b\u044c\u043d\u043e\u0435 \u043a\u043e\u043a\u043e\u0441\u043e\u0432\u043e\u0435 \u043c\u0430\u0441\u043b\u043e \u043f\u0438\u0442\u0430\u0435\u0442 \u043a\u043e\u0436\u0443 \u0438 \u0432\u043e\u043b\u043e\u0441\u044b, \u043f\u0440\u0438\u0434\u0430\u0432\u0430\u044f \u0438\u043c \u043c\u044f\u0433\u043a\u043e\u0441\u0442\u044c \u0438 \u0448\u0435\u043b\u043a\u043e\u0432\u0438\u0441\u0442\u043e\u0441\u0442\u044c.<\/li>\n<li>\u041f\u0440\u043e\u0434\u0443\u043a\u0442\u044b \u0431\u044b\u0441\u0442\u0440\u043e \u0432\u043f\u0438\u0442\u044b\u0432\u0430\u044e\u0442\u0441\u044f, \u043d\u0435 \u043e\u0441\u0442\u0430\u0432\u043b\u044f\u044f \u0436\u0438\u0440\u043d\u044b\u0445 \u0441\u043b\u0435\u0434\u043e\u0432.<\/li>\n<li>\u0414\u0435\u0440\u043c\u0430\u0442\u043e\u043b\u043e\u0433\u0438\u0447\u0435\u0441\u043a\u0438 \u043f\u0440\u043e\u0442\u0435\u0441\u0442\u0438\u0440\u043e\u0432\u0430\u043d\u043d\u044b\u0435, \u0432\u0435\u0433\u0430\u043d\u0441\u043a\u0438\u0435 \u0438 \u043d\u0435 \u0442\u0435\u0441\u0442\u0438\u0440\u0443\u044e\u0442\u0441\u044f \u043d\u0430 \u0436\u0438\u0432\u043e\u0442\u043d\u044b\u0445.<\/li>\n<li>\u042d\u043a\u043e\u043b\u043e\u0433\u0438\u0447\u043d\u0430\u044f \u0443\u043f\u0430\u043a\u043e\u0432\u043a\u0430.<\/li>\n<\/ul>\n<p>\ud83c\udf81 \u041f\u043e\u0434\u0430\u0440\u043e\u0447\u043d\u0430\u044f \u0443\u043f\u0430\u043a\u043e\u0432\u043a\u0430 \u0432 \u0446\u0435\u043d\u0435<\/p>\n<p>\ud83c\uddfa\ud83c\uddf8 Victoria\u2019s Secret PINK Coconut Set: Deodorant, Body Lotion, and Hair &amp; Body Mist<\/p>\n<p>If you love the scent of coconut, this set is perfect for you! Made with coconut oil and hydrating ingredients, these products will keep you fresh and soft all day. The set includes three products to care for your skin and hair, leaving them silky smooth and smelling of sweet coconut.<\/p>\n<p><strong>Set Includes:<\/strong><\/p>\n<ol>\n<li>Coconut Deodorant (50ml) \u2014 Provides 24-hour protection and freshness, enriched with AHA\u2019s and prebiotics to gently care for your skin.<\/li>\n<li>Coconut Body Lotion (355ml) \u2014 Deeply hydrates and softens skin, made with natural coconut oil, leaving a light coconut scent.<\/li>\n<li>Coconut Hair &amp; Body Mist (236ml) \u2014 Instantly hydrates and refreshes, made with hyaluronic acid and vitamin B5, suitable for both skin and hair.<\/li>\n<\/ol>\n<p><strong>Key Benefits:<\/strong><\/p>\n<ul>\n<li>Natural coconut oil nourishes skin and hair, leaving them soft and silky.<\/li>\n<li>Products absorb quickly without leaving greasy residue.<\/li>\n<li>Dermatologist-approved, vegan, and cruelty-free.<\/li>\n<li>Eco-friendly packaging.<\/li>\n<\/ul>\n<p>\ud83c\udf81 Gift wrap included<\/p>\n","protected":false},"featured_media":20339,"template":"","meta":{"jetpack_publicize_message":"","jetpack_publicize_feature_enabled":true,"jetpack_social_post_already_shared":false,"jetpack_social_options":{"image_generator_settings":{"template":"highway","default_image_id":0,"font":"","enabled":false},"version":2}},"product_brand":[],"product_cat":[931,926,927,910,830,342,912,341],"product_tag":[],"class_list":{"0":"post-20117","1":"product","2":"type-product","3":"status-publish","4":"has-post-thumbnail","6":"product_cat-victorias-secret-deodorants","7":"product_cat-victorias-secret-body-lotions","8":"product_cat-victorias-secret-body-mists","9":"product_cat-kehaspreid","10":"product_cat-kingitused","11":"product_cat-komplektid-victorias-secret","12":"product_cat-nahahooldus","13":"product_cat-victorias-secret","15":"first","16":"outofstock","17":"sale","18":"shipping-taxable","19":"purchasable","20":"product-type-simple"},"jetpack_publicize_connections":[],"jetpack_sharing_enabled":true,"jetpack_likes_enabled":true,"_links":{"self":[{"href":"https:\/\/superstore.ee\/index.php\/wp-json\/wp\/v2\/product\/20117","targetHints":{"allow":["GET"]}}],"collection":[{"href":"https:\/\/superstore.ee\/index.php\/wp-json\/wp\/v2\/product"}],"about":[{"href":"https:\/\/superstore.ee\/index.php\/wp-json\/wp\/v2\/types\/product"}],"wp:featuredmedia":[{"embeddable":true,"href":"https:\/\/superstore.ee\/index.php\/wp-json\/wp\/v2\/media\/20339"}],"wp:attachment":[{"href":"https:\/\/superstore.ee\/index.php\/wp-json\/wp\/v2\/media?parent=20117"}],"wp:term":[{"taxonomy":"product_brand","embeddable":true,"href":"https:\/\/superstore.ee\/index.php\/wp-json\/wp\/v2\/product_brand?post=20117"},{"taxonomy":"product_cat","embeddable":true,"href":"https:\/\/superstore.ee\/index.php\/wp-json\/wp\/v2\/product_cat?post=20117"},{"taxonomy":"product_tag","embeddable":true,"href":"https:\/\/superstore.ee\/index.php\/wp-json\/wp\/v2\/product_tag?post=20117"}],"curies":[{"name":"wp","href":"https:\/\/api.w.org\/{rel}","templated":true}]}}