{"id":20118,"date":"2024-11-30T23:54:55","date_gmt":"2024-11-30T21:54:55","guid":{"rendered":"https:\/\/superstore.ee\/?post_type=product&#038;p=20118"},"modified":"2025-07-09T20:51:31","modified_gmt":"2025-07-09T17:51:31","slug":"victorias-secret-pink-kehalosjoon-hualuroonhappega-water-lotion","status":"publish","type":"product","link":"https:\/\/superstore.ee\/index.php\/toode\/victorias-secret-pink-kehalosjoon-hualuroonhappega-water-lotion\/","title":{"rendered":"Victoria\u2019s Secret PINK Water Lotion niisutav kehakreem h\u00fcaluroonhappega (414ml)"},"content":{"rendered":"","protected":false},"excerpt":{"rendered":"<p><span style=\"font-weight: 400;\">\ud83c\uddea\ud83c\uddea <\/span>Victoria\u2019s Secret PINK Water Lotion \u2014 niisutav kehakreem h\u00fcaluroonhappega (414 ml)<\/p>\n<p>See kehakreem taastab naha, pakkudes sellele niiskust t\u00e4nu h\u00fcaluroonhappele ja ookeani j\u00f5ulisele niisutusele. Kerge ja v\u00e4rskendav geeli tekstuur muutub nahale kandes niiskusrikasteks tilkadeks, mis koheselt toidavad ja niisutavad nahka.<\/p>\n<p><strong>Peamised eelised:<\/strong><\/p>\n<ul>\n<li>Intensiivne niisutus h\u00fcaluroonhappega s\u00fcgavaks niisutamiseks.<\/li>\n<li>Kerge tekstuur imendub kiiresti, j\u00e4tmata nahale kleepuvust.<\/li>\n<li>Dermatoloogide poolt testitud, vegan ja loomkatseteta koostis.<\/li>\n<li>Keskkonnas\u00f5bralik pakend: 25% plastist on valmistatud taaskasutatud materjalist.<\/li>\n<\/ul>\n<p>T\u00e4iuslik kehakreem igap\u00e4evaseks niisutuseks ja hoolduseks!<\/p>\n<p><span style=\"font-weight: 400;\">\ud83c\uddf7\ud83c\uddfa Victoria\u2019s Secret PINK Water Lotion \u2014 \u0443\u0432\u043b\u0430\u0436\u043d\u044f\u044e\u0449\u0438\u0439 \u043b\u043e\u0441\u044c\u043e\u043d \u0434\u043b\u044f \u0442\u0435\u043b\u0430 \u0441 \u0433\u0438\u0430\u043b\u0443\u0440\u043e\u043d\u043e\u0432\u043e\u0439 \u043a\u0438\u0441\u043b\u043e\u0442\u043e\u0439 (414 \u043c\u043b)<\/span><\/p>\n<p>\u042d\u0442\u043e\u0442 \u043b\u043e\u0441\u044c\u043e\u043d \u0434\u043b\u044f \u0442\u0435\u043b\u0430 \u0432\u043e\u0441\u0441\u0442\u0430\u043d\u0430\u0432\u043b\u0438\u0432\u0430\u0435\u0442 \u043a\u043e\u0436\u0443, \u043d\u0430\u0441\u044b\u0449\u0430\u044f \u0435\u0451 \u0432\u043b\u0430\u0433\u043e\u0439 \u0431\u043b\u0430\u0433\u043e\u0434\u0430\u0440\u044f \u0433\u0438\u0430\u043b\u0443\u0440\u043e\u043d\u043e\u0432\u043e\u0439 \u043a\u0438\u0441\u043b\u043e\u0442\u0435 \u0438 \u00ab\u043c\u043e\u0440\u0441\u043a\u043e\u0439\u00bb \u0441\u0438\u043b\u0435 \u0443\u0432\u043b\u0430\u0436\u043d\u0435\u043d\u0438\u044f. \u041b\u0451\u0433\u043a\u0430\u044f, \u043e\u0441\u0432\u0435\u0436\u0430\u044e\u0449\u0430\u044f \u0442\u0435\u043a\u0441\u0442\u0443\u0440\u0430 \u0433\u0435\u043b\u044f \u043f\u0440\u0438 \u043d\u0430\u043d\u0435\u0441\u0435\u043d\u0438\u0438 \u0442\u0440\u0430\u043d\u0441\u0444\u043e\u0440\u043c\u0438\u0440\u0443\u0435\u0442\u0441\u044f \u0432 \u0443\u0432\u043b\u0430\u0436\u043d\u044f\u044e\u0449\u0438\u0435 \u043a\u0430\u043f\u043b\u0438, \u043a\u043e\u0442\u043e\u0440\u044b\u0435 \u043c\u0433\u043d\u043e\u0432\u0435\u043d\u043d\u043e \u043f\u0438\u0442\u0430\u044e\u0442 \u0438 \u043e\u0441\u0432\u0435\u0436\u0430\u044e\u0442 \u043a\u043e\u0436\u0443.<\/p>\n<p><strong>\u041e\u0441\u043d\u043e\u0432\u043d\u044b\u0435 \u043f\u0440\u0435\u0438\u043c\u0443\u0449\u0435\u0441\u0442\u0432\u0430:<\/strong><\/p>\n<ul>\n<li>\u0418\u043d\u0442\u0435\u043d\u0441\u0438\u0432\u043d\u043e\u0435 \u0443\u0432\u043b\u0430\u0436\u043d\u0435\u043d\u0438\u0435 \u0441 \u0433\u0438\u0430\u043b\u0443\u0440\u043e\u043d\u043e\u0432\u043e\u0439 \u043a\u0438\u0441\u043b\u043e\u0442\u043e\u0439 \u0434\u043b\u044f \u0433\u043b\u0443\u0431\u043e\u043a\u043e\u0439 \u0433\u0438\u0434\u0440\u0430\u0442\u0430\u0446\u0438\u0438.<\/li>\n<li>\u041b\u0451\u0433\u043a\u0430\u044f \u0442\u0435\u043a\u0441\u0442\u0443\u0440\u0430, \u043a\u043e\u0442\u043e\u0440\u0430\u044f \u0431\u044b\u0441\u0442\u0440\u043e \u0432\u043f\u0438\u0442\u044b\u0432\u0430\u0435\u0442\u0441\u044f, \u043d\u0435 \u043e\u0441\u0442\u0430\u0432\u043b\u044f\u044f \u043b\u0438\u043f\u043a\u043e\u0441\u0442\u0438.<\/li>\n<li>\u0424\u043e\u0440\u043c\u0443\u043b\u0430 \u043f\u0440\u043e\u0442\u0435\u0441\u0442\u0438\u0440\u043e\u0432\u0430\u043d\u0430 \u0434\u0435\u0440\u043c\u0430\u0442\u043e\u043b\u043e\u0433\u0430\u043c\u0438, \u0432\u0435\u0433\u0430\u043d\u0441\u043a\u0430\u044f \u0438 \u043d\u0435 \u0442\u0435\u0441\u0442\u0438\u0440\u0443\u0435\u0442\u0441\u044f \u043d\u0430 \u0436\u0438\u0432\u043e\u0442\u043d\u044b\u0445.<\/li>\n<li>\u042d\u043a\u043e\u043b\u043e\u0433\u0438\u0447\u043d\u0430\u044f \u0443\u043f\u0430\u043a\u043e\u0432\u043a\u0430: 25% \u043f\u043b\u0430\u0441\u0442\u0438\u043a\u0430 \u043f\u0435\u0440\u0435\u0440\u0430\u0431\u043e\u0442\u0430\u043d\u044b \u0438\u0437 \u0438\u0441\u043f\u043e\u043b\u044c\u0437\u043e\u0432\u0430\u043d\u043d\u043e\u0433\u043e \u0441\u044b\u0440\u044c\u044f.<\/li>\n<\/ul>\n<p>\u0418\u0434\u0435\u0430\u043b\u044c\u043d\u044b\u0439 \u043b\u043e\u0441\u044c\u043e\u043d \u0434\u043b\u044f \u0435\u0436\u0435\u0434\u043d\u0435\u0432\u043d\u043e\u0433\u043e \u0443\u0432\u043b\u0430\u0436\u043d\u0435\u043d\u0438\u044f \u0438 \u0443\u0445\u043e\u0434\u0430!<\/p>\n<p><span style=\"font-weight: 400;\">\ud83c\uddfa\ud83c\uddf8 Victoria\u2019s Secret PINK Water Lotion Replenishing Body Lotion with Hyaluronic Acid (414ml)<\/span><\/p>\n<p>Replenish skin with ocean-powered hydration and Hyaluronic Acid.<br \/>\nThis dewy and super light formula transforms from gel to moisture-rich droplets that refresh and hydrate skin in a flash.<\/p>\n<p>A thoroughly tested and trusted formula.<\/p>\n<p>DERMATOLOGIST APPROVED<br \/>\nAGAINST ANIMAL TESTING<br \/>\nVEGAN<br \/>\n25% Post Consumer Recycled Plastic Bottle<\/p>\n","protected":false},"featured_media":20126,"template":"","meta":{"jetpack_publicize_message":"","jetpack_publicize_feature_enabled":true,"jetpack_social_post_already_shared":false,"jetpack_social_options":{"image_generator_settings":{"template":"highway","default_image_id":0,"font":"","enabled":false},"version":2}},"product_brand":[],"product_cat":[926,912,341],"product_tag":[],"class_list":{"0":"post-20118","1":"product","2":"type-product","3":"status-publish","4":"has-post-thumbnail","6":"product_cat-victorias-secret-body-lotions","7":"product_cat-nahahooldus","8":"product_cat-victorias-secret","10":"first","11":"outofstock","12":"sale","13":"shipping-taxable","14":"purchasable","15":"product-type-simple"},"jetpack_publicize_connections":[],"jetpack_sharing_enabled":true,"jetpack_likes_enabled":true,"_links":{"self":[{"href":"https:\/\/superstore.ee\/index.php\/wp-json\/wp\/v2\/product\/20118","targetHints":{"allow":["GET"]}}],"collection":[{"href":"https:\/\/superstore.ee\/index.php\/wp-json\/wp\/v2\/product"}],"about":[{"href":"https:\/\/superstore.ee\/index.php\/wp-json\/wp\/v2\/types\/product"}],"wp:featuredmedia":[{"embeddable":true,"href":"https:\/\/superstore.ee\/index.php\/wp-json\/wp\/v2\/media\/20126"}],"wp:attachment":[{"href":"https:\/\/superstore.ee\/index.php\/wp-json\/wp\/v2\/media?parent=20118"}],"wp:term":[{"taxonomy":"product_brand","embeddable":true,"href":"https:\/\/superstore.ee\/index.php\/wp-json\/wp\/v2\/product_brand?post=20118"},{"taxonomy":"product_cat","embeddable":true,"href":"https:\/\/superstore.ee\/index.php\/wp-json\/wp\/v2\/product_cat?post=20118"},{"taxonomy":"product_tag","embeddable":true,"href":"https:\/\/superstore.ee\/index.php\/wp-json\/wp\/v2\/product_tag?post=20118"}],"curies":[{"name":"wp","href":"https:\/\/api.w.org\/{rel}","templated":true}]}}