{"id":20119,"date":"2024-11-30T23:55:11","date_gmt":"2024-11-30T21:55:11","guid":{"rendered":"https:\/\/superstore.ee\/?post_type=product&#038;p=20119"},"modified":"2026-02-01T15:07:34","modified_gmt":"2026-02-01T13:07:34","slug":"victorias-secret-pink-varskendav-dusigeel-water-wash-meresoolaga473-ml","status":"publish","type":"product","link":"https:\/\/superstore.ee\/index.php\/toode\/victorias-secret-pink-varskendav-dusigeel-water-wash-meresoolaga473-ml\/","title":{"rendered":"Victoria&#8217;s Secret PINK v\u00e4rskendav du\u0161igeel Water Wash meresoolaga(473ml)"},"content":{"rendered":"","protected":false},"excerpt":{"rendered":"<p><span style=\"font-weight: 400;\">\ud83c\uddea\ud83c\uddea Victoria&#8217;s Secret PINK v\u00e4rskendav du\u0161igeel Water Wash meresoolaga<\/span><span style=\"font-weight: 400;\">\u00a0(473 ml)<\/span><\/p>\n<p>Meresoola geel peene mikroosakestega tagab \u00f5rna koorimise, eemaldades mustuse ja taastades naha loomuliku s\u00e4ra.<\/p>\n<p>PEAMINE KOOSTISOSA: MERESOOL Bali s\u00fcgavatest vetest, mis rikastab nahka mineraalidega ja pakub \u00f5rna koorimist, j\u00e4ttes naha siledaks ja v\u00e4rskeks.<\/p>\n<p>&#8211; Lisatud kastoor\u00f5li, et anda nahale pehmust ja elastsust<\/p>\n<p>&#8211; Eeterlikud \u00f5lid ja looduslikud aroomid: annavad geelile \u00f5rna merearoomi, luues v\u00e4rskuse ja kerguse tunde<\/p>\n<p>&#8211; Ilma v\u00e4rvaineteta<\/p>\n<p>&#8211; Sobib igap\u00e4evaseks kasutamiseks<\/p>\n<p>&#8211; Suur 473 ml pudel.<\/p>\n<p><span style=\"font-weight: 400;\">\ud83c\uddf7\ud83c\uddfa \u041e\u0441\u0432\u0435\u0436\u0430\u044e\u0449\u0438\u0439<\/span>\u00a0<span style=\"font-weight: 400;\">\u0433\u0435\u043b\u044c \u0434\u043b\u044f \u0434\u0443\u0448\u0430 \u043e\u0442 Victoria\u2019s Secret PINK \u0441 \u043c\u043e\u0440\u0441\u043a\u043e\u0439 \u0441\u043e\u043b\u044c\u044e (473 ml)<\/span><\/p>\n<p>\u0413\u0435\u043b\u044c \u0441 \u043c\u043e\u0440\u0441\u043a\u043e\u0439 \u0441\u043e\u043b\u044c\u044e \u0438 \u043c\u0435\u043b\u043a\u0438\u043c\u0438 \u043c\u0438\u043a\u0440\u043e\u0447\u0430\u0441\u0442\u0438\u0446\u0430\u043c\u0438 \u043e\u0431\u0435\u0441\u043f\u0435\u0447\u0438\u0432\u0430\u0435\u0442 \u043c\u044f\u0433\u043a\u043e\u0435 \u043e\u0442\u0448\u0435\u043b\u0443\u0448\u0438\u0432\u0430\u043d\u0438\u0435, \u0443\u0434\u0430\u043b\u044f\u044f \u0437\u0430\u0433\u0440\u044f\u0437\u043d\u0435\u043d\u0438\u044f \u0438 \u0432\u043e\u0441\u0441\u0442\u0430\u043d\u0430\u0432\u043b\u0438\u0432\u0430\u044f \u0435\u0441\u0442\u0435\u0441\u0442\u0432\u0435\u043d\u043d\u044b\u0439 \u0431\u043b\u0435\u0441\u043a \u043a\u043e\u0436\u0438.<\/p>\n<p>\u041e\u0421\u041d\u041e\u0412\u041d\u041e\u0419 \u0418\u041d\u0413\u0420\u0415\u0414\u0418\u0415\u041d\u0422: \u041c\u041e\u0420\u0421\u041a\u0410\u042f \u0421\u041e\u041b\u042c \u0438\u0437 \u0433\u043b\u0443\u0431\u043e\u043a\u0438\u0445 \u0432\u043e\u0434 \u0411\u0430\u043b\u0438, \u043a\u043e\u0442\u043e\u0440\u0430\u044f \u043d\u0430\u0441\u044b\u0449\u0430\u0435\u0442 \u043a\u043e\u0436\u0443 \u043c\u0438\u043d\u0435\u0440\u0430\u043b\u0430\u043c\u0438 \u0438 \u043e\u0431\u0435\u0441\u043f\u0435\u0447\u0438\u0432\u0430\u0435\u0442 \u043b\u0451\u0433\u043a\u043e\u0435 \u043e\u0442\u0448\u0435\u043b\u0443\u0448\u0438\u0432\u0430\u043d\u0438\u0435, \u043f\u0440\u0438\u0434\u0430\u0432\u0430\u044f \u0435\u0439 \u0433\u043b\u0430\u0434\u043a\u043e\u0441\u0442\u044c \u0438 \u0441\u0432\u0435\u0436\u0435\u0441\u0442\u044c.<\/p>\n<p>&#8211; \u0421 \u0434\u043e\u0431\u0430\u0432\u043b\u0435\u043d\u0438\u0435\u043c \u043a\u0430\u0441\u0442\u043e\u0440\u043e\u0432\u043e\u0433\u043e \u043c\u0430\u0441\u043b\u0430 \u0434\u043b\u044f \u043f\u0440\u0438\u0434\u0430\u043d\u0438\u044f \u043c\u044f\u0433\u043a\u043e\u0441\u0442\u0438 \u0438 \u044d\u043b\u0430\u0441\u0442\u0438\u0447\u043d\u043e\u0441\u0442\u0438 \u043a\u043e\u0436\u0435<\/p>\n<p>&#8211; \u042d\u0444\u0438\u0440\u043d\u044b\u0435 \u043c\u0430\u0441\u043b\u0430 \u0438 \u043d\u0430\u0442\u0443\u0440\u0430\u043b\u044c\u043d\u044b\u0435 \u0430\u0440\u043e\u043c\u0430\u0442\u044b: \u0434\u0430\u044e\u0442 \u0433\u0435\u043b\u044e \u043d\u0435\u0436\u043d\u044b\u0439 \u043c\u043e\u0440\u0441\u043a\u043e\u0439 \u0430\u0440\u043e\u043c\u0430\u0442, \u0441\u043e\u0437\u0434\u0430\u0432\u0430\u044f \u043e\u0449\u0443\u0449\u0435\u043d\u0438\u0435 \u0441\u0432\u0435\u0436\u0435\u0441\u0442\u0438 \u0438 \u043b\u0451\u0433\u043a\u043e\u0441\u0442\u0438<\/p>\n<p>&#8211; \u0411\u0435\u0437 \u043a\u0440\u0430\u0441\u0438\u0442\u0435\u043b\u0435\u0439<\/p>\n<p>&#8211; \u041f\u043e\u0434\u043e\u0439\u0434\u0435\u0442 \u043d\u0430 \u043a\u0430\u0436\u0434\u044b\u0439 \u0434\u0435\u043d\u044c<\/p>\n<p>&#8211; \u0411\u043e\u043b\u044c\u0448\u0430\u044f \u0431\u0443\u0442\u044b\u043b\u043a\u0430 473 \u043c\u043b<\/p>\n<p><span style=\"font-weight: 400;\">\ud83c\uddfa\ud83c\uddf8 Victoria\u2019s Secret PINK Water Wash Refreshing Body Wash with Sea Salt <\/span><span style=\"font-weight: 400;\">(473 ml)<\/span><\/p>\n<p>The sea salt gel with fine micro-particles provides gentle exfoliation, removing impurities and restoring the skin&#8217;s natural radiance.<\/p>\n<p>MAIN INGREDIENT: SEA SALT from the deep waters of Bali, which enriches the skin with minerals and offers gentle exfoliation, leaving it smooth and refreshed.<\/p>\n<p>&#8211; With added castor oil for softness and elasticity of the skin.<\/p>\n<p>&#8211; Essential oils and natural fragrances: give the gel a delicate marine scent, creating a feeling of freshness and lightness.<\/p>\n<p>&#8211; Dye-free<\/p>\n<p>&#8211; Suitable for daily use<\/p>\n<p>&#8211; Large 473 ml bottle<\/p>\n","protected":false},"featured_media":19849,"template":"","meta":{"jetpack_publicize_message":"","jetpack_publicize_feature_enabled":true,"jetpack_social_post_already_shared":false,"jetpack_social_options":{"image_generator_settings":{"template":"highway","default_image_id":0,"font":"","enabled":false},"version":2}},"product_brand":[],"product_cat":[930,929,912,341],"product_tag":[],"class_list":{"0":"post-20119","1":"product","2":"type-product","3":"status-publish","4":"has-post-thumbnail","6":"product_cat-victorias-secret-body-washes","7":"product_cat-victorias-secret-body-scrubs","8":"product_cat-nahahooldus","9":"product_cat-victorias-secret","11":"first","12":"outofstock","13":"sale","14":"shipping-taxable","15":"purchasable","16":"product-type-simple"},"jetpack_publicize_connections":[],"jetpack_sharing_enabled":true,"jetpack_likes_enabled":true,"_links":{"self":[{"href":"https:\/\/superstore.ee\/index.php\/wp-json\/wp\/v2\/product\/20119","targetHints":{"allow":["GET"]}}],"collection":[{"href":"https:\/\/superstore.ee\/index.php\/wp-json\/wp\/v2\/product"}],"about":[{"href":"https:\/\/superstore.ee\/index.php\/wp-json\/wp\/v2\/types\/product"}],"wp:featuredmedia":[{"embeddable":true,"href":"https:\/\/superstore.ee\/index.php\/wp-json\/wp\/v2\/media\/19849"}],"wp:attachment":[{"href":"https:\/\/superstore.ee\/index.php\/wp-json\/wp\/v2\/media?parent=20119"}],"wp:term":[{"taxonomy":"product_brand","embeddable":true,"href":"https:\/\/superstore.ee\/index.php\/wp-json\/wp\/v2\/product_brand?post=20119"},{"taxonomy":"product_cat","embeddable":true,"href":"https:\/\/superstore.ee\/index.php\/wp-json\/wp\/v2\/product_cat?post=20119"},{"taxonomy":"product_tag","embeddable":true,"href":"https:\/\/superstore.ee\/index.php\/wp-json\/wp\/v2\/product_tag?post=20119"}],"curies":[{"name":"wp","href":"https:\/\/api.w.org\/{rel}","templated":true}]}}